{"id":23819,"date":"2023-11-19T12:24:51","date_gmt":"2023-11-19T17:24:51","guid":{"rendered":"https:\/\/cap.ca\/?page_id=23819"},"modified":"2024-10-02T17:55:49","modified_gmt":"2024-10-02T21:55:49","slug":"contributions-carriere-physique","status":"publish","type":"page","link":"https:\/\/cap.ca\/fr\/activites\/programme-de-distinctions\/post-graduate-physicists\/contributions-carriere-physique\/","title":{"rendered":"M\u00e9daille de l&#8217;ACP pour les r\u00e9alisations de toute la carri\u00e8re en physique"},"content":{"rendered":"<div class=\"wpb-content-wrapper\"><p>Cette m\u00e9daille est d\u00e9cern\u00e9e sur la base de contributions significatives \u00e0 la physique sur une longue p\u00e9riode de temps, et\/ou de r\u00e9alisations exceptionnelles r\u00e9centes. La m\u00e9daille ACP pour l&#8217;ensemble des r\u00e9alisations en physique a \u00e9t\u00e9 cr\u00e9\u00e9e en 1956 et est d\u00e9cern\u00e9e chaque ann\u00e9e.<\/p>\n<p><a href=\"#Eval\">Crit\u00e8res d&#8217;\u00e9valuation<\/a><\/p>\n<p><a href=\"https:\/\/cap.ca\/fr\/activites\/programme-de-distinctions\/post-graduate-physicists\/procedures-de-nomination-medailles\/\">Proc\u00e9dures de candidature \u00e0 la m\u00e9daille ACP<\/a> (lien dans un nouvel onglet)<\/p>\n<table style=\"border-collapse: collapse; width: 100%;\">\n<tbody>\n<tr>\n<td style=\"width: 50%;\"><strong>Vous connaissez un candidat digne de ce prix ?<\/strong><\/p>\n<p style=\"text-align: center;\"><a class=\"green-btn\" href=\"https:\/\/services.cap.ca\/medal\/login.php\" target=\"_blank\" rel=\"noopener\">Visitez le syst\u00e8me de candidature pour la distinction des ACP<\/a><\/p>\n<p style=\"text-align: center;\">Toute question concernant la proc\u00e9dure de candidature doit \u00eatre adress\u00e9e \u00e0 l&#8217;ACP, \u00e0 l&#8217;adresse suivante <a href=\"mailto:programs@cap.ca\">: programs@cap.ca.<\/a><\/p>\n<\/td>\n<td style=\"width: 50%;\"><img loading=\"lazy\" decoding=\"async\" class=\"aligncenter size-50% wp-image-12249\" src=\"https:\/\/cap.ca\/wp-content\/uploads\/2019\/02\/capaward.jpg\" alt=\"\" width=\"125\" height=\"125\" \/><\/p>\n<h3 style=\"text-align: center;\">2024 Laur\u00e9at<\/h3>\n<p style=\"text-align: center;\"><strong> Xiaoyi Bao | <\/strong>University of Ottawa<\/p>\n<p style=\"text-align: center;\"><a href=\"https:\/\/cap.ca\/programs\/recognitions\/post-graduate-physicists\/lifetime-achievement\/previous-winners-la\/\"><em>Voir les laur\u00e9ats pr\u00e9c\u00e9dents<\/em><\/a><\/p>\n<\/td>\n<\/tr>\n<\/tbody>\n<\/table>\n<h2><\/h2>\n<h2 id=\"eval\">Crit\u00e8res d&#8217;\u00e9valuation<\/h2>\n<p>Les candidats seront \u00e9valu\u00e9s en fonction de leurs contributions scientifiques et techniques \u00e0 la recherche et au d\u00e9veloppement dans le domaine de la physique, qui les distinguent de leurs pairs. L&#8217;\u00e9valuation portera notamment sur les \u00e9l\u00e9ments suivants :<\/p>\n<ul class=\"content-list\">\n<li>Des lettres d&#8217;experts qui connaissent bien les travaux du candidat. Ces lettres doivent d\u00e9crire les r\u00e9alisations du candidat, ses contributions techniques et l&#8217;impact qu&#8217;il a sur le domaine de la physique et qui le distingue de ses pairs.<\/li>\n<li>L&#8217;\u00e9nonc\u00e9 des contributions importantes du candidat.<\/li>\n<li>Les contributions \u00e0 l&#8217;ACP et \u00e0 la communaut\u00e9 des physiciens.<\/li>\n<li>La valeur et l&#8217;impact de tous les r\u00e9sultats de la recherche (y compris les ensembles de donn\u00e9es et les logiciels) en plus des publications de recherche ; il sera tenu compte d&#8217;un large \u00e9ventail de mesures d&#8217;impact, y compris des indicateurs qualitatifs de l&#8217;impact de la recherche, tels que l&#8217;influence sur la politique et la pratique.<\/li>\n<li>Pr\u00e9sentations \u00e0 des conf\u00e9rences, colloques et s\u00e9minaires sur invitation.<\/li>\n<li>Honneurs, citations, certificats, prix et autres distinctions pour leurs recherches.<\/li>\n<li>Les contributions \u00e0 la formation de personnel hautement qualifi\u00e9, en particulier les r\u00e9alisations et les r\u00e9sultats du PHQ.<\/li>\n<\/ul>\n<p>&nbsp;<\/p>\n<p>[vc_row][vc_column][vc_single_image image=&#8221;21572&#8243; img_size=&#8221;full&#8221; onclick=&#8221;custom_link&#8221; img_link_target=&#8221;_blank&#8221; link=&#8221;http:\/\/https:\/\/cap.ca\/fr\/edi\/&#8221;][\/vc_column][\/vc_row]<\/p>\n<\/div>","protected":false},"excerpt":{"rendered":"<p>Cette m\u00e9daille est d\u00e9cern\u00e9e sur la base de contributions significatives \u00e0 la physique sur une longue p\u00e9riode de temps, et\/ou de r\u00e9alisations exceptionnelles r\u00e9centes. La m\u00e9daille ACP pour l&#8217;ensemble des r\u00e9alisations en physique a \u00e9t\u00e9 cr\u00e9\u00e9e en 1956 et est d\u00e9cern\u00e9e chaque ann\u00e9e. Crit\u00e8res d&#8217;\u00e9valuation Proc\u00e9dures de candidature \u00e0 la m\u00e9daille ACP (lien dans un&#8230;  <a class=\"excerpt-read-more\" href=\"https:\/\/cap.ca\/fr\/activites\/programme-de-distinctions\/post-graduate-physicists\/contributions-carriere-physique\/\" title=\"LireM\u00e9daille de l&#8217;ACP pour les r\u00e9alisations de toute la carri\u00e8re en physique\">Lire la suite &raquo;<\/a><\/p>\n","protected":false},"author":7,"featured_media":0,"parent":23649,"menu_order":5,"comment_status":"closed","ping_status":"closed","template":"","meta":{"footnotes":""},"class_list":["post-23819","page","type-page","status-publish","hentry"],"_links":{"self":[{"href":"https:\/\/cap.ca\/fr\/wp-json\/wp\/v2\/pages\/23819","targetHints":{"allow":["GET"]}}],"collection":[{"href":"https:\/\/cap.ca\/fr\/wp-json\/wp\/v2\/pages"}],"about":[{"href":"https:\/\/cap.ca\/fr\/wp-json\/wp\/v2\/types\/page"}],"author":[{"embeddable":true,"href":"https:\/\/cap.ca\/fr\/wp-json\/wp\/v2\/users\/7"}],"replies":[{"embeddable":true,"href":"https:\/\/cap.ca\/fr\/wp-json\/wp\/v2\/comments?post=23819"}],"version-history":[{"count":6,"href":"https:\/\/cap.ca\/fr\/wp-json\/wp\/v2\/pages\/23819\/revisions"}],"predecessor-version":[{"id":25823,"href":"https:\/\/cap.ca\/fr\/wp-json\/wp\/v2\/pages\/23819\/revisions\/25823"}],"up":[{"embeddable":true,"href":"https:\/\/cap.ca\/fr\/wp-json\/wp\/v2\/pages\/23649"}],"wp:attachment":[{"href":"https:\/\/cap.ca\/fr\/wp-json\/wp\/v2\/media?parent=23819"}],"curies":[{"name":"wp","href":"https:\/\/api.w.org\/{rel}","templated":true}]}}