{"id":23649,"date":"2023-10-03T11:47:22","date_gmt":"2023-10-03T15:47:22","guid":{"rendered":"https:\/\/cap.ca\/activites\/programme-de-distinctions\/post-graduate-physicists\/"},"modified":"2024-10-02T16:05:22","modified_gmt":"2024-10-02T20:05:22","slug":"post-graduate-physicists","status":"publish","type":"page","link":"https:\/\/cap.ca\/fr\/activites\/programme-de-distinctions\/post-graduate-physicists\/","title":{"rendered":"Fellow et autres reconnaissances pour les physiciens et physiciennes dipl\u00f4m\u00e9s"},"content":{"rendered":"<div class=\"wpb-content-wrapper\"><p>[vc_row][vc_column][vc_column_text css=&#8221;&#8221;]Chaque ann\u00e9e, l&#8217;ACP r\u00e9compense l&#8217;excellence en mati\u00e8re de recherche, d&#8217;enseignement et de service dans le domaine de la physique au Canada, comme indiqu\u00e9 ci-dessous.<\/p>\n<p><strong>(Note : les dates sont approximatives, les dates exactes peuvent varier d&#8217;une ann\u00e9e \u00e0 l&#8217;autre)<\/strong><\/p>\n<table style=\"border-collapse: collapse; width: 100%;\">\n<tbody>\n<tr>\n<td style=\"width: 63.1555%;\">\n<h5><strong>Distinctions<\/strong><\/h5>\n<\/td>\n<td style=\"width: 18.4222%;\">\n<h5><strong>Ouverture des candidatures<\/strong><\/h5>\n<\/td>\n<td style=\"width: 18.4222%;\">\n<h5><strong>Cl\u00f4ture des candidatures<\/strong><\/h5>\n<\/td>\n<\/tr>\n<tr>\n<td style=\"width: 63.1555%;\"><a href=\"https:\/\/cap.ca\/programs\/recognitions\/fellows-program\/\">Programme de Fellow<\/a><\/p>\n<p>Ce prix r\u00e9compense les membres actifs de l&#8217;ACP qui ont apport\u00e9 des contributions significatives qui les distinguent de leurs pairs dans deux des quatre cat\u00e9gories d&#8217;\u00e9ligibilit\u00e9, avec un minimum de 10 ans d&#8217;exp\u00e9rience dans le domaine de la physique.<\/td>\n<td style=\"width: 18.4222%;\">1er octobre<\/td>\n<td style=\"width: 18.4222%;\">1er d\u00e9cembre<\/td>\n<\/tr>\n<tr>\n<td style=\"width: 63.1555%;\"><a href=\"https:\/\/cap.ca\/fr\/activites\/programme-de-distinctions\/post-graduate-physicists\/contributions-carriere-physique\/\">M\u00e9daille de l&#8217;ACP pour l&#8217;ensemble des r\u00e9alisations en physique<\/a><\/p>\n<p>D\u00e9cern\u00e9 sur la base de contributions significatives \u00e0 la physique sur une longue p\u00e9riode de temps, et\/ou de r\u00e9alisations exceptionnelles r\u00e9centes.<\/td>\n<td style=\"width: 18.4222%;\">1er octobre<\/td>\n<td style=\"width: 18.4222%;\">1er d\u00e9cembre<\/td>\n<\/tr>\n<tr>\n<td style=\"width: 63.1555%;\"><a href=\"https:\/\/cap.ca\/fr\/activites\/programme-de-distinctions\/post-graduate-physicists\/medaille-herzberg\/\">M\u00e9daille Herzberg de l&#8217;ACP<\/a><\/p>\n<p>Reconna\u00eet les contributions significatives dans n&#8217;importe quel domaine de recherche d&#8217;un physicien canadien qui a soutenu avec succ\u00e8s sa th\u00e8se de doctorat au cours des 12 derni\u00e8res ann\u00e9es et qui a pass\u00e9 la majeure partie de sa carri\u00e8re professionnelle au Canada.<\/td>\n<td style=\"width: 18.4222%;\">1er octobre<\/td>\n<td style=\"width: 18.4222%;\">1er d\u00e9cembre<\/td>\n<\/tr>\n<tr>\n<td style=\"width: 63.1555%;\"><a href=\"https:\/\/cap.ca\/fr\/activites\/programme-de-distinctions\/post-graduate-physicists\/theorique-mathematique\/\">Prix ACP-CRM de physique th\u00e9orique et math\u00e9matique<\/a><\/p>\n<p>Reconna\u00eet l&#8217;excellence de la recherche dans les domaines de la physique th\u00e9orique et math\u00e9matique.<\/td>\n<td style=\"width: 18.4222%;\">1er octobre<\/td>\n<td style=\"width: 18.4222%;\">1er d\u00e9cembre<\/td>\n<\/tr>\n<tr>\n<td style=\"width: 63.1555%;\"><a href=\"https:\/\/cap.ca\/fr\/activites\/programme-de-distinctions\/post-graduate-physicists\/medaille-brockhouse\/\"><span style=\"font-weight: 400;\">M\u00e9daille Brockhouse ACP\/DPMCM<\/span><\/a><\/p>\n<p>L&#8217;objectif de ce prix est de reconna\u00eetre et d&#8217;encourager les contributions exp\u00e9rimentales ou th\u00e9oriques significatives \u00e0 la mati\u00e8re condens\u00e9e et \u00e0 la physique des mat\u00e9riaux.<\/td>\n<td style=\"width: 18.4222%;\">1er octobre<\/td>\n<td style=\"width: 18.4222%;\">1er d\u00e9cembre<\/td>\n<\/tr>\n<tr>\n<td style=\"width: 63.1555%;\"><a href=\"https:\/\/cap.ca\/fr\/activites\/programme-de-distinctions\/post-graduate-physicists\/vogt-physique-subatomique\/\">M\u00e9daille Vogt de l\u2019ACP-TRIUMF<\/a><\/p>\n<p>Le but de ce prix est de reconna\u00eetre et d&#8217;encourager des contributions exp\u00e9rimentales ou th\u00e9oriques exceptionnelles \u00e0 la physique subatomique.<\/td>\n<td style=\"width: 18.4222%;\">1er octobre<\/td>\n<td style=\"width: 18.4222%;\">1er d\u00e9cembre<\/td>\n<\/tr>\n<tr>\n<td style=\"width: 63.1555%;\"><a href=\"https:\/\/cap.ca\/fr\/activites\/programme-de-distinctions\/post-graduate-physicists\/excellence-enseignement-premier-cycle\/\"><span style=\"font-weight: 400;\">La M\u00e9daille de l\u2019ACP pour l\u2019excellence en enseignement de la physique au premier cycle<\/span><\/a><\/p>\n<p><span style=\"font-weight: 400;\">Honorer les membres du corps enseignant qui poss\u00e8dent la capacit\u00e9 de communiquer leurs connaissances et leur compr\u00e9hension de mani\u00e8re \u00e0 amener leurs \u00e9tudiants \u00e0 obtenir de bons r\u00e9sultats en physique.<\/span><\/td>\n<td style=\"width: 18.4222%;\">1er octobre<\/td>\n<td style=\"width: 18.4222%;\">1er d\u00e9cembre<\/td>\n<\/tr>\n<tr>\n<td style=\"width: 63.1555%;\"><a href=\"https:\/\/cap.ca\/fr\/activites\/programme-de-distinctions\/post-graduate-physicists\/physique-industrielle-appliquee\/\">M\u00e9daille de l\u2019ACP pour des r\u00e9alisations significatives en physique industrielle et appliqu\u00e9e<\/a><\/p>\n<p>Ce prix vise \u00e0 reconna\u00eetre et \u00e0 promouvoir la cr\u00e9ativit\u00e9 des scientifiques travaillant au Canada dans le domaine de la physique industrielle et appliqu\u00e9e, et \u00e0 reconna\u00eetre en particulier l&#8217;application r\u00e9ussie de principes physiques \u00e0 la cr\u00e9ation d&#8217;innovations pratiques, comme le d\u00e9montrent (par exemple) des produits ou des processus nouveaux\/commercialisables, et\/ou des brevets.<\/p>\n<p><strong>Attribu\u00e9 les ann\u00e9es impaires.<\/strong><\/td>\n<td style=\"width: 18.4222%;\">1er octobre<\/p>\n<p>(Les candidatures sont accept\u00e9es les ann\u00e9es paires)<\/td>\n<td style=\"width: 18.4222%;\">1er d\u00e9cembre<\/td>\n<\/tr>\n<tr>\n<td style=\"width: 63.1555%;\"><a href=\"https:\/\/cap.ca\/fr\/activites\/programme-de-distinctions\/post-graduate-physicists\/services-significative\/\"><span style=\"font-weight: 400;\">La m\u00e9daille comm\u00e9morative Peter Kirkby pour services significatifs \u00e0 la physique au Canada<\/span><\/a><\/p>\n<p>Ce prix r\u00e9compense les services rendus \u00e0 la communaut\u00e9 des physiciens en renfor\u00e7ant la communaut\u00e9 canadienne des physiciens, en valorisant la profession de physicien, en communiquant efficacement la physique \u00e0 la communaut\u00e9 non scientifique ou en rendant la physique plus attrayante en tant que carri\u00e8re.<\/p>\n<p><strong>Attribu\u00e9 les ann\u00e9es impaires.<\/strong><\/p>\n<p><span style=\"font-weight: 400;\">\u00a0<\/span><\/td>\n<td style=\"width: 18.4222%;\">1er octobre<\/p>\n<p>(Les candidatures sont accept\u00e9es les ann\u00e9es paires)<\/td>\n<td style=\"width: 18.4222%;\">1er d\u00e9cembre<\/td>\n<\/tr>\n<\/tbody>\n<\/table>\n<p><a href=\"https:\/\/cap.ca\/fr\/activites\/programme-de-distinctions\/recipiendaires-des-medailles-par-annee\/\">Cliquez ici<\/a> pour voir les anciens laur\u00e9ats par ann\u00e9e.<\/p>\n<p><a href=\"https:\/\/services.cap.ca\/medal\/login.php\">Cliquez ici<\/a> pour acc\u00e9der au syst\u00e8me de candidature aux distinctions.<\/p>\n<p>Les questions et commentaires peuvent \u00eatre adress\u00e9s \u00e0 l&#8217;ACP \u00e0 l&#8217;adresse suivante : programs@cap.ca.[vc_row][vc_column][vc_single_image image=&#8221;21572&#8243; img_size=&#8221;full&#8221; onclick=&#8221;custom_link&#8221; img_link_target=&#8221;_blank&#8221; link=&#8221;http:\/\/https:\/\/cap.ca\/fr\/edi\/&#8221;][\/vc_column][\/vc_row]<\/p>\n<\/div>","protected":false},"excerpt":{"rendered":"<p>[vc_row][vc_column][vc_column_text css=&#8221;&#8221;]Chaque ann\u00e9e, l&#8217;ACP r\u00e9compense l&#8217;excellence en mati\u00e8re de recherche, d&#8217;enseignement et de service dans le domaine de la physique au Canada, comme indiqu\u00e9 ci-dessous. (Note : les dates sont approximatives, les dates exactes peuvent varier d&#8217;une ann\u00e9e \u00e0 l&#8217;autre) Distinctions Ouverture des candidatures Cl\u00f4ture des candidatures Programme de Fellow Ce prix r\u00e9compense les membres&#8230;  <a class=\"excerpt-read-more\" href=\"https:\/\/cap.ca\/fr\/activites\/programme-de-distinctions\/post-graduate-physicists\/\" title=\"LireFellow et autres reconnaissances pour les physiciens et physiciennes dipl\u00f4m\u00e9s\">Lire la suite &raquo;<\/a><\/p>\n","protected":false},"author":5,"featured_media":0,"parent":3308,"menu_order":6,"comment_status":"closed","ping_status":"closed","template":"","meta":{"footnotes":""},"class_list":["post-23649","page","type-page","status-publish","hentry"],"_links":{"self":[{"href":"https:\/\/cap.ca\/fr\/wp-json\/wp\/v2\/pages\/23649","targetHints":{"allow":["GET"]}}],"collection":[{"href":"https:\/\/cap.ca\/fr\/wp-json\/wp\/v2\/pages"}],"about":[{"href":"https:\/\/cap.ca\/fr\/wp-json\/wp\/v2\/types\/page"}],"author":[{"embeddable":true,"href":"https:\/\/cap.ca\/fr\/wp-json\/wp\/v2\/users\/5"}],"replies":[{"embeddable":true,"href":"https:\/\/cap.ca\/fr\/wp-json\/wp\/v2\/comments?post=23649"}],"version-history":[{"count":7,"href":"https:\/\/cap.ca\/fr\/wp-json\/wp\/v2\/pages\/23649\/revisions"}],"predecessor-version":[{"id":25822,"href":"https:\/\/cap.ca\/fr\/wp-json\/wp\/v2\/pages\/23649\/revisions\/25822"}],"up":[{"embeddable":true,"href":"https:\/\/cap.ca\/fr\/wp-json\/wp\/v2\/pages\/3308"}],"wp:attachment":[{"href":"https:\/\/cap.ca\/fr\/wp-json\/wp\/v2\/media?parent=23649"}],"curies":[{"name":"wp","href":"https:\/\/api.w.org\/{rel}","templated":true}]}}