{"id":23613,"date":"2023-10-19T12:08:15","date_gmt":"2023-10-19T16:08:15","guid":{"rendered":"https:\/\/cap.ca\/?page_id=23613"},"modified":"2024-04-25T21:30:26","modified_gmt":"2024-04-26T01:30:26","slug":"comite-organisateur-local-2024","status":"publish","type":"page","link":"https:\/\/cap.ca\/fr\/congres-de-lacp\/congres-anterieurs\/congres-2024\/comite-organisateur-local-2024\/","title":{"rendered":"Comit\u00e9 organisateur local 2024"},"content":{"rendered":"<table style=\"border-collapse: collapse; width: 100%;\">\n<tbody>\n<tr>\n<td style=\"width: 50%;\"><strong>Pr\u00e9sident(e)s conjoints<\/strong><\/p>\n<p><a href=\"mailto:gfanchin@uwo.ca\">Giovanni Fanchini<\/a><br \/>\n<a href=\"mailto:lgonchar@uwo.ca\">Lyudmila Goncharova<\/a><\/td>\n<td style=\"width: 50%;\"><strong>Coordonnateur de l\u2019h\u00e9bergement<\/strong><\/p>\n<p><a href=\"mailto:aouriado@uwo.ca\">Alexei Ouriadov<\/a><br \/>\n<a href=\"mailto:cfielder@housing.uwo.ca\">Cliff Fielder<\/a><\/td>\n<\/tr>\n<tr>\n<td style=\"width: 50%;\"><strong>Coordinateurs local du congress<\/strong><\/p>\n<p><a href=\"mailto:cfielder@housing.uwo.ca\">Cliff Fielder<\/a><\/td>\n<td style=\"width: 50%;\"><strong>Coordonnateur pour traiteur et l\u2019h\u00e9bergement<\/strong><\/p>\n<p><a href=\"mailto:aouriado@uwo.ca\">Alexei Ouriadov (Residence)<\/a><br \/>\n<a href=\"mailto:cfielder@housing.uwo.ca\">Cliff Fielder (Residence and Catering)<\/a><br \/>\n<a href=\"mailto:lgonchar@uwo.ca\">Lyudmila Goncharova <\/a>(Catering)<\/td>\n<\/tr>\n<tr>\n<td style=\"width: 50%;\"><strong>Coordonnateurs du tr\u00e9sorier et du budget<\/strong><\/p>\n<p><a href=\"mailto:gfanchin@uwo.ca\">Giovanni Fanchini<\/a><br \/>\n<a href=\"mailto:lgonchar@uwo.ca\">Lyudmila Goncharova<\/a><\/td>\n<td style=\"width: 50%;\"><strong>Coordonnateurs des visites de laboratoires<\/strong><\/p>\n<p><a href=\"mailto:mamadou.diop@schulich.uwo.ca\">Mamadou Diop<\/a><br \/>\n<a href=\"mailto:lgonchar@uwo.ca\">Lyudmila Goncharova<\/a><\/td>\n<\/tr>\n<tr>\n<td style=\"width: 50%;\"><strong>Coordonnateur de r\u00e9union des pr\u00e9sidents des d\u00e9partements<\/strong><\/p>\n<p><a href=\"mailto:pbarmby@uwo.ca\">Pauline Barmby<\/a><br \/>\n<a href=\"mailto:rangan@uwindsor.ca\">Chitra Rangan<\/a><\/td>\n<td style=\"width: 50%;\"><strong>Info. locale du programme et web<\/strong><\/p>\n<p><a href=\"mailto:jcami@uwo.ca\">Jan Cami<\/a><br \/>\n<a href=\"mailto:dhambly6@uwo.c\">Dana Hambly <\/a><\/td>\n<\/tr>\n<tr>\n<td style=\"width: 50%;\"><strong>Coordonnateur de la session d\u2019affiches<\/strong><\/p>\n<p><a href=\"mailto:gfanchin@uwo.ca\">Giovanni Fanchini<\/a><br \/>\n<a href=\"mailto:cfielder@housing.uwo.ca\">Cliff Fielder<\/a><\/td>\n<td style=\"width: 50%;\"><strong>Coordonnateurs des commandites locales<\/strong><\/p>\n<p><a href=\"mailto:sgalla4@uwo.ca\">Sarah Gallagher<\/a><\/td>\n<\/tr>\n<tr>\n<td style=\"width: 50%;\"><strong>Coordonnateur de BBQ<\/strong><\/p>\n<p><a href=\"mailto:lgonchar@uwo.ca\">Lyudmila Goncharova<\/a><br \/>\n<a href=\"mailto:cfielder@housing.uwo.ca\">Cliff Fielder<\/a><\/td>\n<td style=\"width: 50%;\"><strong>Coordonnateur de la conf\u00e9rence Herzberg<\/strong><\/p>\n<p><a href=\"mailto:pwiegert@uwo.ca\">Paul Wiegert<\/a><\/td>\n<\/tr>\n<tr>\n<td style=\"width: 50%;\"><strong>Coordonnateur de salle de conf\u00e9rence et de l\u2019audiovisuel et de l\u2019informatique<\/strong><\/p>\n<p><a href=\"mailto:gfanchin@uwo.ca\">Giovanni Fanchini<\/a> (with AV services liaison)<\/td>\n<td style=\"width: 50%;\"><strong>Coordonnateurs des b\u00e9n\u00e9voles<\/strong><\/p>\n<p><a href=\"ewong4@uwo.ca\">Eugene Wong<\/a><br \/>\n<a href=\"otrichtc@uwo.ca\">Olga Trichtchenko<\/a><\/p>\n<p><strong>Coordinateurs \u00e9tudiants<\/strong><\/p>\n<p><a href=\"asteve83@uwo.ca\">Andrew Stevenson<\/a><br \/>\n<a href=\"nafrasia@uwo.ca\">Navid Afrasiabian<\/a><br \/>\n<a href=\"lsikstro@uwo.ca\">Lee Sikstrom<\/a><\/td>\n<\/tr>\n<tr>\n<td style=\"width: 50%;\"><strong>Coordonnatrice du Banquet<\/strong><\/p>\n<p><a href=\"mailto:lgonchar@uwo.ca\">Lyudmila Goncharova<\/a><\/td>\n<td style=\"width: 50%;\"><strong>Coordonateur d\u2019\u00e9v\u00e8nement en industrie pour \u00e9tudiants<\/strong><\/p>\n<p><a href=\"mailto:sgalla4@uwo.ca\">Sarah Gallagher<\/a><\/td>\n<\/tr>\n<tr>\n<td style=\"width: 50%;\"><strong>Coordonnatrice d\u2019exposants<\/strong><\/p>\n<p><a href=\"mailto:poepping@uwo.ca\">Tamie Poepping<\/a><\/td>\n<td style=\"width: 50%;\"><strong>Coordonnateurs de l\u2019atelier des enseignants<\/strong><\/p>\n<p><a href=\"mailto:gerdemci@uwo.ca\">Gonca Erdemci Tandogan<\/a><br \/>\n<a href=\"mailto:jhutter@uwo.ca\">Jeff Hutter<\/a><\/td>\n<\/tr>\n<tr>\n<td style=\"width: 50%;\"><strong>Agent de s\u00e9curit\u00e9<\/strong><\/p>\n<p><a href=\"mailto:gfanchin@uwo.ca\">Giovanni Fanchini<\/a><\/td>\n<td style=\"width: 50%;\"><strong>Affichage<\/strong><\/p>\n<p><a href=\"mailto:nafrasia@uwo.ca\">Navid Afrasiabian<\/a><br \/>\n<a href=\"mailto:rsteve33@uwo.ca\">Andrew Stevenson<\/a><\/td>\n<\/tr>\n<\/tbody>\n<\/table>\n","protected":false},"excerpt":{"rendered":"<p>Pr\u00e9sident(e)s conjoints Giovanni Fanchini Lyudmila Goncharova Coordonnateur de l\u2019h\u00e9bergement Alexei Ouriadov Cliff Fielder Coordinateurs local du congress Cliff Fielder Coordonnateur pour traiteur et l\u2019h\u00e9bergement Alexei Ouriadov (Residence) Cliff Fielder (Residence and Catering) Lyudmila Goncharova (Catering) Coordonnateurs du tr\u00e9sorier et du budget Giovanni Fanchini Lyudmila Goncharova Coordonnateurs des visites de laboratoires Mamadou Diop Lyudmila Goncharova Coordonnateur&#8230;  <a class=\"excerpt-read-more\" href=\"https:\/\/cap.ca\/fr\/congres-de-lacp\/congres-anterieurs\/congres-2024\/comite-organisateur-local-2024\/\" title=\"LireComit\u00e9 organisateur local 2024\">Lire la suite &raquo;<\/a><\/p>\n","protected":false},"author":5,"featured_media":0,"parent":23576,"menu_order":18,"comment_status":"closed","ping_status":"closed","template":"","meta":{"footnotes":""},"class_list":["post-23613","page","type-page","status-publish","hentry"],"_links":{"self":[{"href":"https:\/\/cap.ca\/fr\/wp-json\/wp\/v2\/pages\/23613","targetHints":{"allow":["GET"]}}],"collection":[{"href":"https:\/\/cap.ca\/fr\/wp-json\/wp\/v2\/pages"}],"about":[{"href":"https:\/\/cap.ca\/fr\/wp-json\/wp\/v2\/types\/page"}],"author":[{"embeddable":true,"href":"https:\/\/cap.ca\/fr\/wp-json\/wp\/v2\/users\/5"}],"replies":[{"embeddable":true,"href":"https:\/\/cap.ca\/fr\/wp-json\/wp\/v2\/comments?post=23613"}],"version-history":[{"count":5,"href":"https:\/\/cap.ca\/fr\/wp-json\/wp\/v2\/pages\/23613\/revisions"}],"predecessor-version":[{"id":24526,"href":"https:\/\/cap.ca\/fr\/wp-json\/wp\/v2\/pages\/23613\/revisions\/24526"}],"up":[{"embeddable":true,"href":"https:\/\/cap.ca\/fr\/wp-json\/wp\/v2\/pages\/23576"}],"wp:attachment":[{"href":"https:\/\/cap.ca\/fr\/wp-json\/wp\/v2\/media?parent=23613"}],"curies":[{"name":"wp","href":"https:\/\/api.w.org\/{rel}","templated":true}]}}