{"id":23576,"date":"2023-10-12T11:53:24","date_gmt":"2023-10-12T15:53:24","guid":{"rendered":"https:\/\/cap.ca\/?page_id=23576"},"modified":"2024-07-08T11:10:42","modified_gmt":"2024-07-08T15:10:42","slug":"congres-2024","status":"publish","type":"page","link":"https:\/\/cap.ca\/fr\/congres-de-lacp\/congres-anterieurs\/congres-2024\/","title":{"rendered":"Congr\u00e8s de l&#8217;ACP 2024 &#8211; 26-31 mai 2024"},"content":{"rendered":"<div class=\"wpb-content-wrapper\"><p>[vc_row][vc_column][vc_column_text css=&#8221;&#8221;]<\/p>\n<h3><strong><img loading=\"lazy\" decoding=\"async\" class=\"wp-image-23571 size-medium alignleft\" src=\"https:\/\/cap.ca\/wp-content\/uploads\/2023\/10\/2024-Congress-Poster-300x232.jpg\" alt=\"\" width=\"300\" height=\"232\" srcset=\"https:\/\/cap.ca\/wp-content\/uploads\/2023\/10\/2024-Congress-Poster-300x232.jpg 300w, https:\/\/cap.ca\/wp-content\/uploads\/2023\/10\/2024-Congress-Poster-768x593.jpg 768w, https:\/\/cap.ca\/wp-content\/uploads\/2023\/10\/2024-Congress-Poster.jpg 803w\" sizes=\"auto, (max-width: 300px) 100vw, 300px\" \/>Merci \u00e0 tous les d\u00e9l\u00e9gu\u00e9s, conf\u00e9renciers et organisateurs pour ce congr\u00e8s tr\u00e8s r\u00e9ussi &#8212; Congr\u00e8s de l&#8217;ACP 2024<br \/>\n<\/strong><\/h3>\n<p><strong><br \/>\nD\u00c9TAILS :<\/strong><\/p>\n<ul class=\"content-list\">\n<li><strong>D\u00e9l\u00e9gu\u00e9s enregistr\u00e9s :<\/strong> 585<\/li>\n<li><strong>Dates :<\/strong> 27-31 mai 2024<br \/>\n(avec quelques activit\u00e9s pr\u00e9-congr\u00e8s dimanche 26 mai)<\/li>\n<\/ul>\n<p><strong>Lieu :<\/strong> Universit\u00e9 Western, London, ON<\/p>\n<p><strong>Format :<\/strong> En personne uniquement (pas de retransmission virtuelle en direct, sauf pour la conf\u00e9rence publique Herzberg)<\/p>\n<h3><a href=\"https:\/\/indico.cern.ch\/event\/1316311\/timetable\/\" target=\"_blank\" rel=\"noopener\">Cliquez ici pour le programme d\u00e9taill\u00e9 du congr\u00e8s (Indico)<\/a><\/h3>\n<p>Veuillez utiliser les liens du menu de gauche pour acc\u00e9der \u00e0 toutes les informations relatives au Congr\u00e8s. Les questions peuvent \u00eatre adress\u00e9es \u00e0 <a href=\"mailto:programs@cap.ca\">programs@cap.ca<\/a>.<\/p>\n<h3>Nous esp\u00e9rons vous voir tous \u00e0 Saskatoon pour <a href=\"https:\/\/cap.ca\/fr\/congres-de-lacp\/congres-de-lacp-2025\/\" target=\"_blank\" rel=\"noopener\">notre Congr\u00e8s de l&#8217;ACP 2025<\/a> \u00e0 University of Saskatchewan, du 9 au 13 juin !<\/h3>\n<p>&nbsp;<\/p>\n<hr \/>\n<p>[\/vc_column_text][\/vc_column][\/vc_row][vc_row][vc_column][vc_column_text]<\/p>\n<h3>Th\u00e9orie Canada 16<\/h3>\n<p>(organis\u00e9 par la Division de physique th\u00e9orique)<\/p>\n<ul class=\"content-list\">\n<li><strong>Dates :<\/strong> 24-25 mai, 2024<br \/>\n<strong>Lieu :<\/strong> University of Waterloo, Waterloo, ON<br \/>\n<strong>Inscription (gratuite) : <\/strong><a href=\"https:\/\/indico.cern.ch\/event\/1396918\/\">https:\/\/indico.cern.ch\/event\/1396918\/<br \/>\n<\/a><strong>R\u00e9sum\u00e9s<\/strong> : peuvent \u00eatre soumis jusqu&#8217;au 3 mai.<\/li>\n<\/ul>\n<p>Pour plus d&#8217;informations, veuillez consulter <a href=\"https:\/\/cap.ca\/fr\/congres-de-lacp\/theory-canada\/\" target=\"_blank\" rel=\"noopener\">le site web du TC16<\/a>[\/vc_column_text][\/vc_column][\/vc_row][vc_row][vc_column][\/vc_column][\/vc_row]<\/p>\n<\/div>","protected":false},"excerpt":{"rendered":"<p>[vc_row][vc_column][vc_column_text css=&#8221;&#8221;] Merci \u00e0 tous les d\u00e9l\u00e9gu\u00e9s, conf\u00e9renciers et organisateurs pour ce congr\u00e8s tr\u00e8s r\u00e9ussi &#8212; Congr\u00e8s de l&#8217;ACP 2024 D\u00c9TAILS : D\u00e9l\u00e9gu\u00e9s enregistr\u00e9s : 585 Dates : 27-31 mai 2024 (avec quelques activit\u00e9s pr\u00e9-congr\u00e8s dimanche 26 mai) Lieu : Universit\u00e9 Western, London, ON Format : En personne uniquement (pas de retransmission virtuelle en direct,&#8230;  <a class=\"excerpt-read-more\" href=\"https:\/\/cap.ca\/fr\/congres-de-lacp\/congres-anterieurs\/congres-2024\/\" title=\"LireCongr\u00e8s de l&#8217;ACP 2024 &#8211; 26-31 mai 2024\">Lire la suite &raquo;<\/a><\/p>\n","protected":false},"author":5,"featured_media":0,"parent":3253,"menu_order":12,"comment_status":"closed","ping_status":"closed","template":"","meta":{"footnotes":""},"class_list":["post-23576","page","type-page","status-publish","hentry"],"_links":{"self":[{"href":"https:\/\/cap.ca\/fr\/wp-json\/wp\/v2\/pages\/23576","targetHints":{"allow":["GET"]}}],"collection":[{"href":"https:\/\/cap.ca\/fr\/wp-json\/wp\/v2\/pages"}],"about":[{"href":"https:\/\/cap.ca\/fr\/wp-json\/wp\/v2\/types\/page"}],"author":[{"embeddable":true,"href":"https:\/\/cap.ca\/fr\/wp-json\/wp\/v2\/users\/5"}],"replies":[{"embeddable":true,"href":"https:\/\/cap.ca\/fr\/wp-json\/wp\/v2\/comments?post=23576"}],"version-history":[{"count":12,"href":"https:\/\/cap.ca\/fr\/wp-json\/wp\/v2\/pages\/23576\/revisions"}],"predecessor-version":[{"id":25005,"href":"https:\/\/cap.ca\/fr\/wp-json\/wp\/v2\/pages\/23576\/revisions\/25005"}],"up":[{"embeddable":true,"href":"https:\/\/cap.ca\/fr\/wp-json\/wp\/v2\/pages\/3253"}],"wp:attachment":[{"href":"https:\/\/cap.ca\/fr\/wp-json\/wp\/v2\/media?parent=23576"}],"curies":[{"name":"wp","href":"https:\/\/api.w.org\/{rel}","templated":true}]}}