{"id":23319,"date":"2023-07-13T12:11:25","date_gmt":"2023-07-13T16:11:25","guid":{"rendered":"https:\/\/cap.ca\/activites\/art-of-physics\/"},"modified":"2023-07-13T12:19:56","modified_gmt":"2023-07-13T16:19:56","slug":"art-of-physics","status":"publish","type":"page","link":"https:\/\/cap.ca\/fr\/activites\/art-of-physics\/","title":{"rendered":"L\u2019Art de la physique"},"content":{"rendered":"<p>L\u2019Association canadienne des physiciens et physiciennes a lanc\u00e9 son premier concours, l\u2019Art de la physique, lors de leur congr\u00e8s annuel de 1992, \u00e0 Windsor, Ontario. Ce concours cherche \u00e0 int\u00e9resser les gens, sp\u00e9cialement les profanes, \u00e0 la fascinante imagerie de la physique.<\/p>\n<blockquote><p><strong>\u00c0 partir d&#8217;avril 2023, ce concours a \u00e9t\u00e9 interrompu jusqu&#8217;\u00e0 nouvel ordre. Si vous souhaitez vous porter volontaire pour g\u00e9rer ce programme, veuillez contacter programs[at]cap[dot]ca.\u00a0<\/strong><\/p><\/blockquote>\n<p>Pour voir les laur\u00e9ats des ann\u00e9es pr\u00e9c\u00e9dentes, jusqu&#8217;en 2017, <a href=\"https:\/\/aop.cap.ca\/art-fr.html\">cliquez ici<\/a>. Les laur\u00e9ats de 2018 et 2019 seront bient\u00f4t mis \u00e0 jour.<\/p>\n","protected":false},"excerpt":{"rendered":"<p>L\u2019Association canadienne des physiciens et physiciennes a lanc\u00e9 son premier concours, l\u2019Art de la physique, lors de leur congr\u00e8s annuel de 1992, \u00e0 Windsor, Ontario. Ce concours cherche \u00e0 int\u00e9resser les gens, sp\u00e9cialement les profanes, \u00e0 la fascinante imagerie de la physique. \u00c0 partir d&#8217;avril 2023, ce concours a \u00e9t\u00e9 interrompu jusqu&#8217;\u00e0 nouvel ordre. Si&#8230;  <a class=\"excerpt-read-more\" href=\"https:\/\/cap.ca\/fr\/activites\/art-of-physics\/\" title=\"LireL\u2019Art de la physique\">Lire la suite &raquo;<\/a><\/p>\n","protected":false},"author":5,"featured_media":0,"parent":3277,"menu_order":7,"comment_status":"closed","ping_status":"closed","template":"","meta":{"footnotes":""},"class_list":["post-23319","page","type-page","status-publish","hentry"],"_links":{"self":[{"href":"https:\/\/cap.ca\/fr\/wp-json\/wp\/v2\/pages\/23319","targetHints":{"allow":["GET"]}}],"collection":[{"href":"https:\/\/cap.ca\/fr\/wp-json\/wp\/v2\/pages"}],"about":[{"href":"https:\/\/cap.ca\/fr\/wp-json\/wp\/v2\/types\/page"}],"author":[{"embeddable":true,"href":"https:\/\/cap.ca\/fr\/wp-json\/wp\/v2\/users\/5"}],"replies":[{"embeddable":true,"href":"https:\/\/cap.ca\/fr\/wp-json\/wp\/v2\/comments?post=23319"}],"version-history":[{"count":2,"href":"https:\/\/cap.ca\/fr\/wp-json\/wp\/v2\/pages\/23319\/revisions"}],"predecessor-version":[{"id":23321,"href":"https:\/\/cap.ca\/fr\/wp-json\/wp\/v2\/pages\/23319\/revisions\/23321"}],"up":[{"embeddable":true,"href":"https:\/\/cap.ca\/fr\/wp-json\/wp\/v2\/pages\/3277"}],"wp:attachment":[{"href":"https:\/\/cap.ca\/fr\/wp-json\/wp\/v2\/media?parent=23319"}],"curies":[{"name":"wp","href":"https:\/\/api.w.org\/{rel}","templated":true}]}}