{"id":23248,"date":"2023-06-28T15:52:01","date_gmt":"2023-06-28T19:52:01","guid":{"rendered":"https:\/\/cap.ca\/?page_id=23248"},"modified":"2023-06-28T16:04:43","modified_gmt":"2023-06-28T20:04:43","slug":"june-29-election-2023-24-slate-of-nominations","status":"publish","type":"page","link":"https:\/\/cap.ca\/fr\/2024-virtual-agm\/june-29-election-2023-24-slate-of-nominations\/","title":{"rendered":"\u00c9lection du 29 juin : liste des candidatures pour 2023\/24"},"content":{"rendered":"<div class=\"wpb-content-wrapper\"><p>[vc_row][vc_column][vc_column_text]<\/p>\n<blockquote><p>La liste des nominations re\u00e7ues pour le Conseil d&#8217;administration de l&#8217;ACP 2023-24 figure ci-dessous, avec des liens vers les biographies de chaque candidat lorsqu&#8217;elles sont disponibles. Aucune autre candidature n&#8217;a \u00e9t\u00e9 re\u00e7ue.<\/p><\/blockquote>\n<p>&nbsp;<\/p>\n<h2><strong>Quand voter :<\/strong><\/h2>\n<ul class=\"content-list\">\n<li>Les membres auront la chance\u00a0<strong>d\u2019inscrire leur vote<\/strong> pour les membres du conseil durant\u00a0 Assembl\u00e9e g\u00e9n\u00e9rale annuelle virtuelle (AGA) le 29 juin, de 12h00 \u00e0 14h00 HAE. <a href=\"https:\/\/us02web.zoom.us\/meeting\/register\/tZMocOmhpj8rHdQIrrEUXUaRUUN5du3O1vGU\" rel=\"noopener noreferrer\">Clicquez ici pour vous inscrire \u00e0 cette r\u00e9union.<\/a><\/li>\n<li><strong>Le syst\u00e8me de vote sera ouvert de 12h15 \u00e0 13h00 le 29 juin HAE.<\/strong><\/li>\n<\/ul>\n<h3><\/h3>\n<h2><strong>Comment voter :<\/strong><\/h2>\n<ul class=\"content-list\">\n<li>Vous pourrez\u00a0<strong>acc\u00e9der au syst\u00e8me de vote\u00a0<\/strong>en vous connectant \u00e0\u00a0<a href=\"https:\/\/crm.cap.ca\/\" rel=\"noopener noreferrer\">Services aux membres<\/a>\u00a0et puis en choisissant \u00ab\u00a0menu du syst\u00e8me de vote\u00a0\u00bb<\/li>\n<\/ul>\n<h3><\/h3>\n<h2><strong>Quorum n\u00e9cessaire :<\/strong><\/h2>\n<ul class=\"content-list\">\n<li><strong>Le quorum des membres pr\u00e9sents sera de 50 membres\u00a0<\/strong>\u00e0 l\u2019assembl\u00e9e g\u00e9n\u00e9rale annuelle pour que l\u2019\u00e9lection puisse se tenir.<\/li>\n<\/ul>\n<p>[\/vc_column_text][vc_separator][vc_column_text]<\/p>\n<h2>Liste de nominations : Conseil d&#8217;administration et Conseil consultatif de l&#8217;ACP 2023-2024<\/h2>\n<p>&nbsp;<\/p>\n<p><strong>REMARQUE :<\/strong> Barbara Frisken passera du poste de pr\u00e9sidente \u00e0 celui de pr\u00e9sidente sortante (aucun vote n&#8217;est requis).<\/p>\n<p>Cliquez sur le nom du candidat pour consulter sa biographie (le cas \u00e9ch\u00e9ant).<\/p>\n<table style=\"border-collapse: collapse; width: 100%; height: 515px;\">\n<tbody>\n<tr style=\"height: 39px;\">\n<td style=\"width: 33.3333%; height: 39px;\"><strong>Position<\/strong><\/td>\n<td style=\"width: 33.3333%; height: 39px;\"><strong>Mandat<\/strong><\/td>\n<td style=\"width: 33.2421%;\"><strong>Candidat(e)s<\/strong><\/td>\n<\/tr>\n<tr style=\"height: 87px;\">\n<td style=\"width: 33.3333%; height: 87px;\"><strong>Pr\u00e9sident<\/strong><br \/>\nLe candidat \u00e9tait vice-pr\u00e9sident en 2022-23<\/td>\n<td style=\"width: 33.3333%; height: 87px;\">Progression de 4 ans \u00e0 travers la ligne pr\u00e9sidentielle<br \/>\n(ce sera la troisi\u00e8me ann\u00e9e)<\/td>\n<td style=\"width: 33.2421%; height: 87px;\"><span style=\"color: #444444;\"><strong><a href=\"https:\/\/cap.ca\/wp-content\/uploads\/2023\/06\/B.-Whelan-Updated-Bio-2223.pdf\" target=\"_blank\" rel=\"noopener\">Bill Whelan<\/a><\/strong><br \/>\nUniversit\u00e9 de l\u2019I.P.E<br \/>\n<\/span><\/td>\n<\/tr>\n<tr style=\"height: 87px;\">\n<td style=\"width: 33.3333%; height: 87px;\"><strong>Vice-pr\u00e9sident<\/strong><br \/>\nLe candidat \u00e9tait vice-pr\u00e9sident \u00e9lu en 2022-23<\/td>\n<td style=\"width: 33.3333%; height: 87px;\">Progression de 4 ans \u00e0 travers la ligne pr\u00e9sidentielle<br \/>\n(ce sera la deuxi\u00e8me ann\u00e9e)<\/td>\n<td style=\"width: 33.2421%; height: 87px;\"><span style=\"color: #444444;\"><strong><a href=\"https:\/\/cap.ca\/wp-content\/uploads\/2023\/06\/M.-Williams-Updated-Bio-2223.pdf\" target=\"_blank\" rel=\"noopener\">Martin Williams<\/a><\/strong><br \/>\nUniversit\u00e9 du Guelph<br \/>\n<\/span><\/td>\n<\/tr>\n<tr style=\"height: 129px;\">\n<td style=\"width: 33.3333%; height: 129px;\"><strong>Vice-Pr\u00e9sident \u00e9lu<\/strong><\/td>\n<td style=\"width: 33.3333%; height: 129px;\">Progression de 4 ans \u00e0 travers la ligne pr\u00e9sidentielle<br \/>\n(ce sera la premi\u00e8re ann\u00e9e)<\/td>\n<td style=\"width: 33.2421%; height: 129px;\"><span style=\"color: #444444;\"><strong><a href=\"https:\/\/cap.ca\/wp-content\/uploads\/2023\/06\/Pierre-Benard-Bio-Bil.pdf\">Pierre B\u00e9nard<\/a><\/strong><br \/>\nUniversit\u00e9 du Qu\u00e9bec \u00e0 Trois Rivi\u00e8res<\/span><\/td>\n<\/tr>\n<tr style=\"height: 56px;\">\n<td style=\"width: 33.3333%; height: 56px;\"><strong>Directeur des services aux membres et aux affili\u00e9s<\/strong><\/td>\n<td style=\"width: 33.3333%; height: 56px;\">Mandat de 3ans<\/td>\n<td style=\"width: 33.2421%; height: 56px;\"><strong>Ahmad Hamdan<\/strong><br \/>\nUniversit\u00e9 de Montr\u00e9al<\/td>\n<\/tr>\n<tr style=\"height: 39px;\">\n<td style=\"width: 33.3333%; height: 39px;\"><strong>Directeur des affaires internationales<\/strong><\/td>\n<td style=\"width: 33.3333%; height: 39px;\">Mandat de 3ans<\/td>\n<td style=\"width: 33.2421%; height: 39px;\"><span style=\"color: #444444;\"><strong><a href=\"https:\/\/cap.ca\/wp-content\/uploads\/2023\/06\/Oliver-Stelzer-Chilton-Bio-Bil.pdf\">Oliver Stelzer-Chilton<\/a><\/strong><br \/>\nTRIUMF<\/span><\/td>\n<\/tr>\n<tr style=\"height: 39px;\">\n<td style=\"width: 33.3333%; height: 39px;\"><strong>Conseiller pour les membres titulaires<\/strong><\/td>\n<td style=\"width: 33.3333%; height: 39px;\">Mandat de 3ans<\/td>\n<td style=\"width: 33.2421%; height: 39px;\"><strong>David Tessier<\/strong><br \/>\nUniversit\u00e9 de l&#8217;Ouest<\/td>\n<\/tr>\n<\/tbody>\n<\/table>\n<p>[\/vc_column_text][\/vc_column][\/vc_row]<\/p>\n<\/div>","protected":false},"excerpt":{"rendered":"<p>[vc_row][vc_column][vc_column_text] La liste des nominations re\u00e7ues pour le Conseil d&#8217;administration de l&#8217;ACP 2023-24 figure ci-dessous, avec des liens vers les biographies de chaque candidat lorsqu&#8217;elles sont disponibles. Aucune autre candidature n&#8217;a \u00e9t\u00e9 re\u00e7ue. &nbsp; Quand voter : Les membres auront la chance\u00a0d\u2019inscrire leur vote pour les membres du conseil durant\u00a0 Assembl\u00e9e g\u00e9n\u00e9rale annuelle virtuelle (AGA)&#8230;  <a class=\"excerpt-read-more\" href=\"https:\/\/cap.ca\/fr\/2024-virtual-agm\/june-29-election-2023-24-slate-of-nominations\/\" title=\"Lire\u00c9lection du 29 juin : liste des candidatures pour 2023\/24\">Lire la suite &raquo;<\/a><\/p>\n","protected":false},"author":5,"featured_media":0,"parent":23237,"menu_order":7,"comment_status":"closed","ping_status":"closed","template":"","meta":{"footnotes":""},"class_list":["post-23248","page","type-page","status-publish","hentry"],"_links":{"self":[{"href":"https:\/\/cap.ca\/fr\/wp-json\/wp\/v2\/pages\/23248","targetHints":{"allow":["GET"]}}],"collection":[{"href":"https:\/\/cap.ca\/fr\/wp-json\/wp\/v2\/pages"}],"about":[{"href":"https:\/\/cap.ca\/fr\/wp-json\/wp\/v2\/types\/page"}],"author":[{"embeddable":true,"href":"https:\/\/cap.ca\/fr\/wp-json\/wp\/v2\/users\/5"}],"replies":[{"embeddable":true,"href":"https:\/\/cap.ca\/fr\/wp-json\/wp\/v2\/comments?post=23248"}],"version-history":[{"count":3,"href":"https:\/\/cap.ca\/fr\/wp-json\/wp\/v2\/pages\/23248\/revisions"}],"predecessor-version":[{"id":23252,"href":"https:\/\/cap.ca\/fr\/wp-json\/wp\/v2\/pages\/23248\/revisions\/23252"}],"up":[{"embeddable":true,"href":"https:\/\/cap.ca\/fr\/wp-json\/wp\/v2\/pages\/23237"}],"wp:attachment":[{"href":"https:\/\/cap.ca\/fr\/wp-json\/wp\/v2\/media?parent=23248"}],"curies":[{"name":"wp","href":"https:\/\/api.w.org\/{rel}","templated":true}]}}