{"id":23237,"date":"2023-06-28T10:10:29","date_gmt":"2023-06-28T14:10:29","guid":{"rendered":"https:\/\/cap.ca\/propos-lacp\/gouvernance\/2023-virtual-agm\/"},"modified":"2024-06-12T10:36:36","modified_gmt":"2024-06-12T14:36:36","slug":"2024-virtual-agm","status":"publish","type":"page","link":"https:\/\/cap.ca\/fr\/2024-virtual-agm\/","title":{"rendered":"2024 Virtual AGM"},"content":{"rendered":"<p>L&#8217;assembl\u00e9e g\u00e9n\u00e9rale de l&#8217;ACP de 2024 se tiendra sous la forme d&#8217;une r\u00e9union virtuelle le jeudi 13 juin de 12h00 \u00e0 14h00 HAE. Veuillez inscrire cette date importante sur vos calendriers et pr\u00e9voir d&#8217;y assister !<\/p>\n<p>Vous n&#8217;\u00eates pas encore inscrit ? <a href=\"https:\/\/us02web.zoom.us\/meeting\/register\/tZ0qd--hqjguGdd1ickQdRWRWRkk3Z6oRYaK\">Cliquez ici pour vous inscrire et recevoir le lien de la r\u00e9union par retour d&#8217;e-mail.<\/a><\/p>\n<hr \/>\n<p>&nbsp;<\/p>\n<p><a href=\"https:\/\/cap.ca\/wp-content\/uploads\/2024\/05\/DRAFT-CAP-AGM-Agenda-June13-2024.pdf\">Ordre du jour de l&#8217;AGA<\/a><\/p>\n<p><a href=\"https:\/\/cap.ca\/wp-content\/uploads\/2024\/05\/DRAFT-Minutes_AGM_June-29-2023-EM-BW.pdf\">Proc\u00e8s-verbal de l&#8217;AGA 2023<\/a><\/p>\n<p><a href=\"https:\/\/cap.ca\/fr\/propos-lacp\/acp-direction\/call-nominations-2024-2025\/\">Liste des candidats<\/a><\/p>\n","protected":false},"excerpt":{"rendered":"<p>L&#8217;assembl\u00e9e g\u00e9n\u00e9rale de l&#8217;ACP de 2024 se tiendra sous la forme d&#8217;une r\u00e9union virtuelle le jeudi 13 juin de 12h00 \u00e0 14h00 HAE. Veuillez inscrire cette date importante sur vos calendriers et pr\u00e9voir d&#8217;y assister ! Vous n&#8217;\u00eates pas encore inscrit ? Cliquez ici pour vous inscrire et recevoir le lien de la r\u00e9union par&#8230;  <a class=\"excerpt-read-more\" href=\"https:\/\/cap.ca\/fr\/2024-virtual-agm\/\" title=\"Lire2024 Virtual AGM\">Lire la suite &raquo;<\/a><\/p>\n","protected":false},"author":5,"featured_media":0,"parent":0,"menu_order":27,"comment_status":"closed","ping_status":"closed","template":"","meta":{"footnotes":""},"class_list":["post-23237","page","type-page","status-publish","hentry"],"_links":{"self":[{"href":"https:\/\/cap.ca\/fr\/wp-json\/wp\/v2\/pages\/23237","targetHints":{"allow":["GET"]}}],"collection":[{"href":"https:\/\/cap.ca\/fr\/wp-json\/wp\/v2\/pages"}],"about":[{"href":"https:\/\/cap.ca\/fr\/wp-json\/wp\/v2\/types\/page"}],"author":[{"embeddable":true,"href":"https:\/\/cap.ca\/fr\/wp-json\/wp\/v2\/users\/5"}],"replies":[{"embeddable":true,"href":"https:\/\/cap.ca\/fr\/wp-json\/wp\/v2\/comments?post=23237"}],"version-history":[{"count":7,"href":"https:\/\/cap.ca\/fr\/wp-json\/wp\/v2\/pages\/23237\/revisions"}],"predecessor-version":[{"id":25383,"href":"https:\/\/cap.ca\/fr\/wp-json\/wp\/v2\/pages\/23237\/revisions\/25383"}],"wp:attachment":[{"href":"https:\/\/cap.ca\/fr\/wp-json\/wp\/v2\/media?parent=23237"}],"curies":[{"name":"wp","href":"https:\/\/api.w.org\/{rel}","templated":true}]}}