{"id":23121,"date":"2023-05-15T12:47:49","date_gmt":"2023-05-15T16:47:49","guid":{"rendered":"https:\/\/cap.ca\/congres-de-lacp\/congres-2023\/meals-at-congress\/"},"modified":"2023-05-15T12:52:36","modified_gmt":"2023-05-15T16:52:36","slug":"meals-at-congress","status":"publish","type":"page","link":"https:\/\/cap.ca\/fr\/congres-de-lacp\/congres-anterieurs\/congres-2023\/meals-at-congress\/","title":{"rendered":"Repas au Congr\u00e8s"},"content":{"rendered":"<p>Veuillez noter qu&#8217;il n&#8217;y a pas d&#8217;autres possibilit\u00e9s de repas sur le campus pendant le Congr\u00e8s. Nous conseillons vivement aux d\u00e9l\u00e9gu\u00e9s de s&#8217;organiser \u00e0 l&#8217;avance pour leurs repas en les commandant \u00e0 l&#8217;avance aupr\u00e8s de nos services de restauration. Les d\u00e9jeuners des d\u00e9l\u00e9gu\u00e9s seront servis sous forme de buffet dans la salle pl\u00e9ni\u00e8re, et des bo\u00eetes \u00e0 lunch sont disponibles pour les exposants et les personnes participant \u00e0 des r\u00e9unions\/activit\u00e9s \u00e0 l&#8217;heure du d\u00e9jeuner.<\/p>\n<p>Si vous avez des exigences di\u00e9t\u00e9tiques particuli\u00e8res, veuillez nous en informer lors de votre inscription afin que nous puissions r\u00e9pondre \u00e0 vos besoins.<\/p>\n<p>Bien qu&#8217;il y ait des endroits au centre-ville pour le d\u00e9jeuner et le d\u00eener, il faut compter 20 \u00e0 30 minutes de marche \u00e0 l&#8217;aller et 20 \u00e0 30 minutes au retour \u00e0 l&#8217;universit\u00e9.<\/p>\n<p>&nbsp;<\/p>\n<h2>Menu du d\u00e9jeuner des d\u00e9l\u00e9gu\u00e9s (16,25 $ + taxe\/jour)<\/h2>\n<p><strong>Lundi :<\/strong>\u00a0Soupe aux carottes et au gingembre, wraps gourmands et g\u00e2teau au chocolat sans farine avec sauce au caramel<\/p>\n<p><strong>Mardi :<\/strong>\u00a0Salade de jeunes \u00e9pinards, Fajitas mexicaines et Tarte \u00e0 la rhubarbe et \u00e0 la fraise avec cr\u00e8me Chantilly<\/p>\n<p><strong>Mercredi :<\/strong> Salade grecque classique, plateau de sandwichs Famous Duo et g\u00e2teau au pudding au citron avec cr\u00e8me \u00e0 la vanille<\/p>\n<p><strong>Jeudi :<\/strong> Salade C\u00e9sar, pizza et carr\u00e9s d\u00e9cadents assortis<\/p>\n<p>&nbsp;<\/p>\n<h2>Menu des d\u00e9jeuners en bo\u00eete<\/h2>\n<p>Veuillez noter que les options restent les m\u00eames chaque jour et pour chaque \u00e9v\u00e9nement.<\/p>\n<p><strong>Club de poulet californien<\/strong> (17,50 $ + taxes)<br \/>\nPoitrine de poulet grill\u00e9e avec bacon, tomates, laitue et tartinade de tomates s\u00e9ch\u00e9es au soleil sur pain Ciabatta de campagne<br \/>\nSalade de jeunes \u00e9pinards avec tomates, mozzarella, mandarines et amandes grill\u00e9es<br \/>\nFruits entiers frais<br \/>\nBiscuit au sucre gourmet<br \/>\nEau en bouteille<\/p>\n<p><strong>Baguette de rosbif au cheddar<\/strong> (17,00 $ + taxes)<br \/>\nR\u00f4ti de b\u0153uf avec oignons caram\u00e9lis\u00e9s, cheddar, tomates, laitue et mayo au raifort sur une baguette fran\u00e7aise.<br \/>\nSalade de chou \u00e0 l&#8217;orange et au gingembre<br \/>\nFruits entiers frais<br \/>\nCarr\u00e9 aux dattes<br \/>\nEau en bouteille<\/p>\n<p><strong>Croissant au jambon et au fromage suisse<\/strong> (16,00 $ + taxes)<br \/>\nJambon avec fromage suisse, jeunes \u00e9pinards et moutarde au miel sur un croissant au beurre.<br \/>\nSalade de p\u00e2tes Penne avec l\u00e9gumes frais<br \/>\nFruits frais entiers<br \/>\nBrownie au triple chocolat<br \/>\nEau en bouteille<\/p>\n<p><strong>Club de l\u00e9gumes r\u00f4tis<\/strong> (15,50 $ + taxe)<br \/>\nAubergines, courgettes, poivrons, mozzarella, tomates, laitue avec houmous au cari sur un bretzel.<br \/>\nSalade de pois chiches, tomates et oignons verts<br \/>\nFruits frais entiers<br \/>\nBarre de Rice Krispie<br \/>\nEau en bouteille<\/p>\n<p>&nbsp;<\/p>\n","protected":false},"excerpt":{"rendered":"<p>Veuillez noter qu&#8217;il n&#8217;y a pas d&#8217;autres possibilit\u00e9s de repas sur le campus pendant le Congr\u00e8s. Nous conseillons vivement aux d\u00e9l\u00e9gu\u00e9s de s&#8217;organiser \u00e0 l&#8217;avance pour leurs repas en les commandant \u00e0 l&#8217;avance aupr\u00e8s de nos services de restauration. Les d\u00e9jeuners des d\u00e9l\u00e9gu\u00e9s seront servis sous forme de buffet dans la salle pl\u00e9ni\u00e8re, et des&#8230;  <a class=\"excerpt-read-more\" href=\"https:\/\/cap.ca\/fr\/congres-de-lacp\/congres-anterieurs\/congres-2023\/meals-at-congress\/\" title=\"LireRepas au Congr\u00e8s\">Lire la suite &raquo;<\/a><\/p>\n","protected":false},"author":5,"featured_media":0,"parent":21449,"menu_order":0,"comment_status":"closed","ping_status":"closed","template":"","meta":{"footnotes":""},"class_list":["post-23121","page","type-page","status-publish","hentry"],"_links":{"self":[{"href":"https:\/\/cap.ca\/fr\/wp-json\/wp\/v2\/pages\/23121","targetHints":{"allow":["GET"]}}],"collection":[{"href":"https:\/\/cap.ca\/fr\/wp-json\/wp\/v2\/pages"}],"about":[{"href":"https:\/\/cap.ca\/fr\/wp-json\/wp\/v2\/types\/page"}],"author":[{"embeddable":true,"href":"https:\/\/cap.ca\/fr\/wp-json\/wp\/v2\/users\/5"}],"replies":[{"embeddable":true,"href":"https:\/\/cap.ca\/fr\/wp-json\/wp\/v2\/comments?post=23121"}],"version-history":[{"count":2,"href":"https:\/\/cap.ca\/fr\/wp-json\/wp\/v2\/pages\/23121\/revisions"}],"predecessor-version":[{"id":23123,"href":"https:\/\/cap.ca\/fr\/wp-json\/wp\/v2\/pages\/23121\/revisions\/23123"}],"up":[{"embeddable":true,"href":"https:\/\/cap.ca\/fr\/wp-json\/wp\/v2\/pages\/21449"}],"wp:attachment":[{"href":"https:\/\/cap.ca\/fr\/wp-json\/wp\/v2\/media?parent=23121"}],"curies":[{"name":"wp","href":"https:\/\/api.w.org\/{rel}","templated":true}]}}