{"id":23096,"date":"2023-05-11T17:15:31","date_gmt":"2023-05-11T21:15:31","guid":{"rendered":"https:\/\/cap.ca\/congres-de-lacp\/congres-2023\/2023-instructions-for-poster-presenters\/"},"modified":"2023-05-11T17:28:40","modified_gmt":"2023-05-11T21:28:40","slug":"2023-instructions-for-poster-presenters","status":"publish","type":"page","link":"https:\/\/cap.ca\/fr\/congres-de-lacp\/congres-anterieurs\/congres-2023\/2023-instructions-for-poster-presenters\/","title":{"rendered":"2023 Instructions pour les pr\u00e9sentateurs de posters"},"content":{"rendered":"<h3><\/h3>\n<h3>La session de posters de l&#8217;ACP se tiendra le mardi 20 juin, de 17h30 \u00e0 19h00.<\/h3>\n<ul class=\"content-list\">\n<li style=\"font-weight: 400;\" aria-level=\"1\">La session de posters se tiendra dans le gymnase du Currie Center.<\/li>\n<li style=\"font-weight: 400;\" aria-level=\"1\">Les posters pourront \u00eatre install\u00e9s \u00e0 partir de 10h00 le lundi 19 juin.<\/li>\n<li style=\"font-weight: 400;\" aria-level=\"1\">Les affiches doivent avoir des dimensions maximales de 4 pieds de haut x 4 pieds de large.<\/li>\n<li style=\"font-weight: 400;\" aria-level=\"1\">Les panneaux d&#8217;affichage seront num\u00e9rot\u00e9s et les pr\u00e9sentateurs recevront leur num\u00e9ro \u00e0 l&#8217;avance.<\/li>\n<li style=\"font-weight: 400;\" aria-level=\"1\">Les pr\u00e9sentateurs sont encourag\u00e9s \u00e0 laisser leurs affiches dans le gymnase du Currie Center pendant toute la dur\u00e9e du Congr\u00e8s.<\/li>\n<li style=\"font-weight: 400;\" aria-level=\"1\">Les pr\u00e9sentateurs devront retirer leurs affiches au plus tard le jeudi 22 juin \u00e0 13h15.<\/li>\n<\/ul>\n<p>La s\u00e9ance de posters comprend un service de bar payant. Tous les participants \u00e0 la conf\u00e9rence de la semaine compl\u00e8te qui ont indiqu\u00e9 qu&#8217;ils assistaient \u00e0 la s\u00e9ance d&#8217;affichage recevront un ticket boisson qui pourra \u00eatre \u00e9chang\u00e9 contre une bi\u00e8re, un verre de vin ou une boisson non alcoolis\u00e9e.<\/p>\n<p>&nbsp;<\/p>\n<h3>Services d&#8217;impression d&#8217;affiches<\/h3>\n<p>Les affiches peuvent \u00eatre imprim\u00e9es sur le campus \u00e0 partir des ressources suivantes. Veuillez contacter les services d&#8217;impression pour confirmer les d\u00e9lais d&#8217;ex\u00e9cution avant votre arriv\u00e9e au Congr\u00e8s.<\/p>\n<p><a href=\"https:\/\/www.unb.ca\/fredericton\/cetl\/media-lab\/posters.html\"><span style=\"font-weight: 400;\">https:\/\/www.unb.ca\/fredericton\/cetl\/media-lab\/posters.html<\/span><\/a><br \/>\n<a href=\"https:\/\/lib.unb.ca\/services\/printing-scanning-photocopying\"><span style=\"font-weight: 400;\">https:\/\/lib.unb.ca\/services\/printing-scanning-photocopying<\/span><\/a><span style=\"font-weight: 400;\"><br \/>\n<\/span><a href=\"https:\/\/www.unb.ca\/printservices\/\"><span style=\"font-weight: 400;\">https:\/\/www.unb.ca\/printservices\/<\/span><\/a><\/p>\n<p>&nbsp;<\/p>\n<h3>Concours du meilleur poster \u00e9tudiant<\/h3>\n<p>Les concurrents \u00e9tudiants doivent \u00eatre membres de l\u2019ACP en tant qu\u2019\u00e9tudiants de troisi\u00e8me cycle ou \u00e9tudiants de premier cycle affili\u00e9s \u00e0 l\u2019ACP pour pouvoir concourir (<a href=\"https:\/\/crm.cap.ca\/en\/civicrm\/contribute\/transact?reset=1&amp;id=8\">cliquez ici pour adh\u00e9rer<\/a>\u00a0ou\u00a0<a href=\"https:\/\/crm.cap.ca\/en\/user\/login\/\">cliquez ici pour v\u00e9rifier l\u2019adh\u00e9sion<\/a>\u00a0et le renouveler si n\u00e9cessaire).\u00a0La date limite pour s\u2019inscrire et conserver le droit de concourir est le 26 mai 2023.<\/p>\n<p>Toutes les affiches seront \u00e9valu\u00e9es par les juges des divisions lors de <strong>la session d&#8217;affichage de l&#8217;ACP qui se tiendra le mardi 20 juin, de 17h30 \u00e0 19h00.<\/strong><\/p>\n<p><strong>Les posters doivent \u00eatre install\u00e9s au plus tard \u00e0 13h15 le mardi 20 juin pour \u00eatre pris en compte dans le concours du meilleur poster \u00e9tudiant.<\/strong><\/p>\n<p>La liste des 6 finalistes du concours du meilleur poster \u00e9tudiant de l&#8217;ACP sera affich\u00e9e avant la fin de la journ\u00e9e du mercredi 21 juin au comptoir de l&#8217;ACP dans la zone d&#8217;inscription et sur le site web du congr\u00e8s. Les finalistes recevront \u00e9galement un courriel direct entre 17h00 et 19h30 le mercredi pour confirmer leur participation \u00e0 la finale. Surveillez votre bo\u00eete de r\u00e9ception !<\/p>\n<p>Les finalistes du concours du meilleur poster \u00e9tudiant de l&#8217;ACP pr\u00e9senteront un second poster le jeudi 22 juin, entre 8h30 et 10h00. Afin de participer \u00e0 la finale, les finalistes doivent apporter leur affiche dans la salle de comp\u00e9tition entre 7h15 et 7h50 le jeudi 22 juin pour la remettre \u00e0 l&#8217;\u00e9tudiant b\u00e9n\u00e9vole et confirmer l&#8217;heure \u00e0 laquelle leur affiche sera jug\u00e9e.<\/p>\n<p>Tous les concurrents doivent pr\u00e9voir d&#8217;\u00eatre pr\u00e9sents au congr\u00e8s le jeudi afin d&#8217;\u00eatre disponibles pour la comp\u00e9tition finale s&#8217;ils sont s\u00e9lectionn\u00e9s (ou pour encourager les finalistes s&#8217;ils ne le sont pas).\u00a0 Si vous savez \u00e0 l&#8217;avance que vous devez partir avant le jeudi, veuillez envoyer un courriel au coordinateur (programs@cap.ca) afin que des dispositions puissent \u00eatre prises pour qu&#8217;un autre concurrent soit pr\u00e9sent au cas o\u00f9 vous recevriez le premier prix de division (qui vous serait envoy\u00e9 par courrier apr\u00e8s le congr\u00e8s).<\/p>\n<p>Les laur\u00e9ats du concours du meilleur poster \u00e9tudiant de l&#8217;ACP et les laur\u00e9ats des concours de posters des divisions seront annonc\u00e9s lors de la c\u00e9r\u00e9monie de remise des prix aux \u00e9tudiants, le jeudi 22 juin, de 17h15 \u00e0 18h00.<\/p>\n<p>&nbsp;<\/p>\n<p>Les crit\u00e8res d&#8217;\u00e9valuation sont les suivants :<\/p>\n<p>&nbsp;<\/p>\n<table style=\"width: 883px;\">\n<tbody>\n<tr>\n<td style=\"width: 131px;\"><strong>Introduction, motivation<\/strong><\/p>\n<p><strong>(10%)<\/strong><\/td>\n<td style=\"width: 144px;\"><strong>Contenu scientifique, qualit\u00e9, originalit\u00e9<\/strong><\/p>\n<p><strong>(30%)<\/strong><\/td>\n<td style=\"width: 169px;\"><strong>Qualit\u00e9 de l\u2019expression orale, clart\u00e9, enthousiasme<\/strong><\/p>\n<p><strong>(20%)<\/strong><\/td>\n<td style=\"width: 155px;\"><strong>Organisation, utilisation d\u2019aides visuelles<\/strong><\/p>\n<p><strong>(20%)<\/strong><\/td>\n<td style=\"width: 118px;\"><strong>Capacit\u00e9 \u00e0 r\u00e9pondre aux questions<\/strong><\/p>\n<p><strong>(20%)<\/strong><\/td>\n<\/tr>\n<\/tbody>\n<\/table>\n<p>&nbsp;<\/p>\n<div class=\"ephox-snooker-resizer-rows ephox-snooker-resizer-bar\" style=\"position: absolute; left: 10px; top: 1647.84px; height: 7px; width: 883px;\" role=\"presentation\" data-row=\"0\"><\/div>\n<div class=\"ephox-snooker-resizer-cols ephox-snooker-resizer-bar\" style=\"position: absolute; left: 142.969px; top: 1396.34px; height: 258px; width: 7px;\" role=\"presentation\" data-column=\"0\"><\/div>\n<div class=\"ephox-snooker-resizer-cols ephox-snooker-resizer-bar\" style=\"position: absolute; left: 285.438px; top: 1396.34px; height: 258px; width: 7px;\" role=\"presentation\" data-column=\"1\"><\/div>\n<div class=\"ephox-snooker-resizer-cols ephox-snooker-resizer-bar\" style=\"position: absolute; left: 450.797px; top: 1396.34px; height: 258px; width: 7px;\" role=\"presentation\" data-column=\"2\"><\/div>\n<div class=\"ephox-snooker-resizer-cols ephox-snooker-resizer-bar\" style=\"position: absolute; left: 604.266px; top: 1396.34px; height: 258px; width: 7px;\" role=\"presentation\" data-column=\"3\"><\/div>\n<div class=\"ephox-snooker-resizer-cols ephox-snooker-resizer-bar\" style=\"position: absolute; left: 721.422px; top: 1396.34px; height: 258px; width: 7px;\" role=\"presentation\" data-column=\"4\"><\/div>\n<div class=\"ephox-snooker-resizer-cols ephox-snooker-resizer-bar\" style=\"position: absolute; left: 886.422px; top: 1396.34px; height: 258px; width: 7px;\" role=\"presentation\" data-column=\"5\"><\/div>\n","protected":false},"excerpt":{"rendered":"<p>La session de posters de l&#8217;ACP se tiendra le mardi 20 juin, de 17h30 \u00e0 19h00. La session de posters se tiendra dans le gymnase du Currie Center. Les posters pourront \u00eatre install\u00e9s \u00e0 partir de 10h00 le lundi 19 juin. Les affiches doivent avoir des dimensions maximales de 4 pieds de haut x 4&#8230;  <a class=\"excerpt-read-more\" href=\"https:\/\/cap.ca\/fr\/congres-de-lacp\/congres-anterieurs\/congres-2023\/2023-instructions-for-poster-presenters\/\" title=\"Lire2023 Instructions pour les pr\u00e9sentateurs de posters\">Lire la suite &raquo;<\/a><\/p>\n","protected":false},"author":5,"featured_media":0,"parent":21449,"menu_order":7,"comment_status":"closed","ping_status":"closed","template":"","meta":{"footnotes":""},"class_list":["post-23096","page","type-page","status-publish","hentry"],"_links":{"self":[{"href":"https:\/\/cap.ca\/fr\/wp-json\/wp\/v2\/pages\/23096","targetHints":{"allow":["GET"]}}],"collection":[{"href":"https:\/\/cap.ca\/fr\/wp-json\/wp\/v2\/pages"}],"about":[{"href":"https:\/\/cap.ca\/fr\/wp-json\/wp\/v2\/types\/page"}],"author":[{"embeddable":true,"href":"https:\/\/cap.ca\/fr\/wp-json\/wp\/v2\/users\/5"}],"replies":[{"embeddable":true,"href":"https:\/\/cap.ca\/fr\/wp-json\/wp\/v2\/comments?post=23096"}],"version-history":[{"count":2,"href":"https:\/\/cap.ca\/fr\/wp-json\/wp\/v2\/pages\/23096\/revisions"}],"predecessor-version":[{"id":23102,"href":"https:\/\/cap.ca\/fr\/wp-json\/wp\/v2\/pages\/23096\/revisions\/23102"}],"up":[{"embeddable":true,"href":"https:\/\/cap.ca\/fr\/wp-json\/wp\/v2\/pages\/21449"}],"wp:attachment":[{"href":"https:\/\/cap.ca\/fr\/wp-json\/wp\/v2\/media?parent=23096"}],"curies":[{"name":"wp","href":"https:\/\/api.w.org\/{rel}","templated":true}]}}