{"id":23091,"date":"2023-05-11T16:37:14","date_gmt":"2023-05-11T20:37:14","guid":{"rendered":"https:\/\/cap.ca\/congres-de-lacp\/congres-2023\/2023-instructions-for-oral-presenters\/"},"modified":"2023-06-12T10:38:48","modified_gmt":"2023-06-12T14:38:48","slug":"2023-instructions-for-oral-presenters","status":"publish","type":"page","link":"https:\/\/cap.ca\/fr\/congres-de-lacp\/congres-anterieurs\/congres-2023\/2023-instructions-for-oral-presenters\/","title":{"rendered":"2023 Instructions pour les pr\u00e9sentateurs oraux"},"content":{"rendered":"<h3>Dur\u00e9e de l&#8217;expose<\/h3>\n<p>Il est important de respecter le temps imparti pour que la session se d\u00e9roule sans heurts, efficacement et se termine \u00e0 l&#8217;heure.<\/p>\n<ul class=\"content-list\">\n<li style=\"font-weight: 400;\" aria-level=\"1\">Expos\u00e9s et concours : 12 minutes et 3 minutes pour les questions (12 plus 3 minutes = 15 minutes).<\/li>\n<li style=\"font-weight: 400;\" aria-level=\"1\">Expos\u00e9 invit\u00e9 : 25 minutes et pr\u00e9voir une p\u00e9riode de cinq minutes pour les questions (25 plus 5 minutes = 30 minutes).<\/li>\n<\/ul>\n<p>&nbsp;<\/p>\n<h3>\u00c9quipement audiovisuel de la salle de conf\u00e9rence<\/h3>\n<p>Dans la plupart des salles de sessions techniques, les orateurs peuvent diffuser leur pr\u00e9sentation depuis leur ordinateur portable vers le projecteur \u00e0 l&#8217;aide de Microsoft Teams. Dans d&#8217;autres salles, les orateurs peuvent t\u00e9l\u00e9charger leur pr\u00e9sentation sur l&#8217;ordinateur du podium ou rejoindre la session Teams sur leur ordinateur portable. Une assistance technique sera disponible par l&#8217;interm\u00e9diaire des moniteurs de salle, des assistants techniques itin\u00e9rants ou au bureau d&#8217;inscription.<\/p>\n<p>\u00c9tant donn\u00e9 que les conf\u00e9rences doivent respecter l&#8217;horaire pr\u00e9vu, nous vous encourageons \u00e0 arriver \u00e0 votre session au moins 15 minutes \u00e0 l&#8217;avance afin de tester votre pr\u00e9sentation. L&#8217;assistance sera assur\u00e9e par un \u00e9tudiant b\u00e9n\u00e9vole pr\u00e9sent dans la salle.<\/p>\n<p>&nbsp;<\/p>\n<h3>Meilleur concours oral \u00e9tudiant<\/h3>\n<p><span style=\"font-weight: 400;\">Les concurrents \u00e9tudiants doivent \u00eatre membres de l&#8217;ACP en tant qu&#8217;\u00e9tudiants de troisi\u00e8me cycle ou \u00e9tudiants de premier cycle affili\u00e9s \u00e0 l&#8217;ACP pour pouvoir concourir (<\/span><a href=\"https:\/\/crm.cap.ca\/en\/civicrm\/contribute\/transact?reset=1&amp;id=8\"><span style=\"font-weight: 400;\">cliquez ici pour adh\u00e9rer<\/span><\/a> <span style=\"font-weight: 400;\">ou <\/span><a href=\"https:\/\/crm.cap.ca\/en\/user\/login\/\"><span style=\"font-weight: 400;\">cliquez ici pour v\u00e9rifier l&#8217;adh\u00e9sion<\/span><\/a><span style=\"font-weight: 400;\"> et le renouveler si n\u00e9cessaire).<\/span><span style=\"font-weight: 400;\"> La date limite pour s&#8217;inscrire et conserver le droit de concourir est le 26 mai 2023.<\/span><\/p>\n<p>Toutes les contributions au concours oral seront jug\u00e9es par des juges de division lors des sessions techniques parall\u00e8les et des symposiums pr\u00e9vus du lundi matin au mercredi apr\u00e8s-midi. La liste des 8 finalistes du concours oral du meilleur \u00e9tudiant de l&#8217;ACP sera affich\u00e9e avant 19h00 le mercredi 21 juin au comptoir de l&#8217;ACP dans la zone d&#8217;inscription et sur le site web du congr\u00e8s. Les finalistes recevront \u00e9galement un courriel direct entre 17h00 et 19h30 le mercredi pour confirmer leur participation \u00e0 la finale. Gardez un \u0153il sur votre bo\u00eete de r\u00e9ception !<\/p>\n<p>Les finalistes du concours oral du meilleur \u00e9tudiant de l&#8217;ACP feront une deuxi\u00e8me pr\u00e9sentation orale le jeudi 22 juin, de 13h30 \u00e0 15h30.<\/p>\n<p>Les laur\u00e9ats du concours du meilleur \u00e9tudiant de l&#8217;ACP et les laur\u00e9ats des concours oraux des divisions seront annonc\u00e9s lors de la c\u00e9r\u00e9monie de remise des prix aux \u00e9tudiants, le jeudi 22 juin, de 17h15 \u00e0 18h00.<\/p>\n<p>Tous les concurrents doivent pr\u00e9voir d&#8217;\u00eatre pr\u00e9sents au congr\u00e8s le jeudi afin d&#8217;\u00eatre disponibles pour la comp\u00e9tition finale s&#8217;ils sont s\u00e9lectionn\u00e9s (ou pour encourager les finalistes s&#8217;ils ne le sont pas).\u00a0 Si vous savez \u00e0 l&#8217;avance que vous devez partir avant le jeudi, veuillez envoyer un courriel au coordinateur (programs@cap.ca) afin que des dispositions puissent \u00eatre prises pour qu&#8217;un autre concurrent soit pr\u00e9sent au cas o\u00f9 vous recevriez le premier prix de la division (qui vous serait envoy\u00e9 par courrier apr\u00e8s le congr\u00e8s).<\/p>\n<p>Le jugement sera bas\u00e9 sur les crit\u00e8res suivants :<\/p>\n<table>\n<tbody>\n<tr>\n<td><strong>Introduction, motivation<\/strong><\/p>\n<p><strong>(10%)<\/strong><\/td>\n<td><strong>Contenu scientifique, qualit\u00e9, originalit\u00e9<\/strong><\/p>\n<p><strong>(30%)<\/strong><\/td>\n<td><strong>Qualit\u00e9 de l&#8217;expression orale, clart\u00e9, enthousiasme<\/strong><\/p>\n<p><strong>(20%)<\/strong><\/td>\n<td><strong>Organisation, utilisation d&#8217;aides visuelles<\/strong><\/p>\n<p><strong>(20%)<\/strong><\/td>\n<td><strong>Capacit\u00e9 \u00e0 r\u00e9pondre aux questions<\/strong><\/p>\n<p><strong>(20%)<\/strong><\/td>\n<td><strong>Heures suppl\u00e9mentaires<\/strong><\/p>\n<p><strong>P\u00e9nalit\u00e9<\/strong><\/p>\n<p><strong>(&gt; 45 sec)<\/strong><\/p>\n<p><strong>(uniquement par voie orale, -10%)<\/strong><\/td>\n<\/tr>\n<\/tbody>\n<\/table>\n<p>&nbsp;<\/p>\n","protected":false},"excerpt":{"rendered":"<p>Dur\u00e9e de l&#8217;expose Il est important de respecter le temps imparti pour que la session se d\u00e9roule sans heurts, efficacement et se termine \u00e0 l&#8217;heure. Expos\u00e9s et concours : 12 minutes et 3 minutes pour les questions (12 plus 3 minutes = 15 minutes). Expos\u00e9 invit\u00e9 : 25 minutes et pr\u00e9voir une p\u00e9riode de cinq&#8230;  <a class=\"excerpt-read-more\" href=\"https:\/\/cap.ca\/fr\/congres-de-lacp\/congres-anterieurs\/congres-2023\/2023-instructions-for-oral-presenters\/\" title=\"Lire2023 Instructions pour les pr\u00e9sentateurs oraux\">Lire la suite &raquo;<\/a><\/p>\n","protected":false},"author":5,"featured_media":0,"parent":21449,"menu_order":0,"comment_status":"closed","ping_status":"closed","template":"","meta":{"footnotes":""},"class_list":["post-23091","page","type-page","status-publish","hentry"],"_links":{"self":[{"href":"https:\/\/cap.ca\/fr\/wp-json\/wp\/v2\/pages\/23091","targetHints":{"allow":["GET"]}}],"collection":[{"href":"https:\/\/cap.ca\/fr\/wp-json\/wp\/v2\/pages"}],"about":[{"href":"https:\/\/cap.ca\/fr\/wp-json\/wp\/v2\/types\/page"}],"author":[{"embeddable":true,"href":"https:\/\/cap.ca\/fr\/wp-json\/wp\/v2\/users\/5"}],"replies":[{"embeddable":true,"href":"https:\/\/cap.ca\/fr\/wp-json\/wp\/v2\/comments?post=23091"}],"version-history":[{"count":3,"href":"https:\/\/cap.ca\/fr\/wp-json\/wp\/v2\/pages\/23091\/revisions"}],"predecessor-version":[{"id":23183,"href":"https:\/\/cap.ca\/fr\/wp-json\/wp\/v2\/pages\/23091\/revisions\/23183"}],"up":[{"embeddable":true,"href":"https:\/\/cap.ca\/fr\/wp-json\/wp\/v2\/pages\/21449"}],"wp:attachment":[{"href":"https:\/\/cap.ca\/fr\/wp-json\/wp\/v2\/media?parent=23091"}],"curies":[{"name":"wp","href":"https:\/\/api.w.org\/{rel}","templated":true}]}}