{"id":23046,"date":"2023-05-09T16:38:13","date_gmt":"2023-05-09T20:38:13","guid":{"rendered":"https:\/\/cap.ca\/congres-de-lacp\/congres-2023\/local-information-for-travel-to-fredericton\/things-to-do-in-fredericton\/"},"modified":"2023-05-09T16:54:19","modified_gmt":"2023-05-09T20:54:19","slug":"things-to-do-in-fredericton","status":"publish","type":"page","link":"https:\/\/cap.ca\/fr\/congres-de-lacp\/congres-anterieurs\/congres-2023\/local-information-for-travel-to-fredericton\/things-to-do-in-fredericton\/","title":{"rendered":"Activit\u00e9s \u00e0 faire \u00e0 Fredericton"},"content":{"rendered":"<h4>March\u00e9s<\/h4>\n<p>Fredericton compte \u00e9galement plusieurs <a href=\"https:\/\/www.frederictoncapitalregion.ca\/eat-drink\/markets\">march\u00e9s<\/a>, ouverts \u00e0 diff\u00e9rents moments de la semaine. Parmi eux, le <a href=\"https:\/\/www.frederictoncapitalregion.ca\/garrison-night-market\">Garrison Night Market<\/a>, qui a lieu tous les jeudis soirs de juin \u00e0 septembre, et le <a href=\"https:\/\/frederictonfarmersmarket.ca\/\">Boyce Farmer&#8217;s Market<\/a>, un lieu embl\u00e9matique de Fredericton, ouvert tous les samedis matin.<\/p>\n<h4>L&#8217;art<\/h4>\n<p>Fredericton est un lieu de visite id\u00e9al pour les amateurs d&#8217;art. <a href=\"https:\/\/beaverbrookartgallery.org\/\">La galerie d&#8217;art Beaverbrook<\/a>, situ\u00e9e dans le centre-ville au bord de la rivi\u00e8re, poss\u00e8de une collection de renomm\u00e9e internationale, dont plusieurs tableaux de Salvador Dali. La galerie dispose \u00e9galement d&#8217;un caf\u00e9 et d&#8217;une boutique de souvenirs.<\/p>\n<p>De l&#8217;autre c\u00f4t\u00e9 de la rue se trouve <a href=\"https:\/\/theplayhouse.ca\/en\">le Fredericton Playhouse<\/a>. Pendant la semaine du congr\u00e8s de l&#8217;ACP, deux spectacles seront pr\u00e9sent\u00e9s au <a href=\"https:\/\/theplayhouse.ca\/en\/schedule-and-tickets\/abra-cadabra-tribute-music-magic-abba\">Playhouse : ABRA Cadabra &#8211; Un hommage \u00e0 la musique et \u00e0 la magie d&#8217;ABBA<\/a> et <a href=\"https:\/\/theplayhouse.ca\/en\/schedule-and-tickets\/rumours-ultimate-fleetwood-mac-tribute\">Rumours Ultimate Fleetwood Mac Tribute<\/a>.<\/p>\n<p>De plus, la r\u00e9gion de Fredericton compte de nombreuses boutiques d&#8217;artisans et <a href=\"https:\/\/www.frederictoncapitalregion.ca\/see-do\/activities\/shopping\">d&#8217;autres magasins<\/a> que les amateurs d&#8217;art appr\u00e9cieront.<\/p>\n<h4>Science Est<\/h4>\n<p>Venez visiter <a href=\"https:\/\/scienceeast.nb.ca\/\">Science Est<\/a>, l&#8217;organisme public de science et de technologie le plus actif du Nouveau-Brunswick. Cet organisme de bienfaisance enregistr\u00e9 travaille \u00e0 la fois dans le syst\u00e8me scolaire et avec le public pour offrir des activit\u00e9s \u00e9ducatives aux \u00e9tudiants, aux enseignants et aux professionnels, ainsi qu&#8217;au grand public. Son Centre des sciences, situ\u00e9 au centre-ville, offre une grande vari\u00e9t\u00e9 de d\u00e9monstrations scientifiques, avec des tarifs d&#8217;entr\u00e9e r\u00e9duits pour les \u00e9tudiants.<\/p>\n<h4>Sentiers polyvalents et pont de promenade<\/h4>\n<p>Le <a href=\"https:\/\/www.fredericton.ca\/en\/roads-parking\/active-transportation\/bill-thorpe-walking-bridge\">pont pi\u00e9tonnier Bill Thorpe<\/a>, anciennement pont ferroviaire de Fredericton, est un \u00e9l\u00e9ment embl\u00e9matique de la ville de Fredericton. Il enjambe la rivi\u00e8re Wolastoq (Saint John) et sert de lien entre les parties nord et sud de la ville. Il est situ\u00e9 \u00e0 proximit\u00e9 de nombreuses attractions, comme la Galerie d&#8217;art Beaverbrook, le Fredericton Playhouse et le Picaroons Roundhouse, de l&#8217;autre c\u00f4t\u00e9 de la rivi\u00e8re.<\/p>\n<p>Fredericton est une destination id\u00e9ale pour le cyclisme, <a href=\"https:\/\/www.fredericton.ca\/sites\/default\/files\/recreation\/trail-map-20jul18.pdf\">avec plus de 115 km de sentiers polyvalents des deux c\u00f4t\u00e9s des rivi\u00e8res Wolastoq (Saint John) et Nashwaaksis<\/a>. Le pont p\u00e9destre Bill Thorpe est un \u00e9l\u00e9ment important du r\u00e9seau de sentiers de Fredericton, car il relie les sentiers situ\u00e9s de part et d&#8217;autre de la rivi\u00e8re Wolastoq (Saint-Jean).<\/p>\n<h4>Location<\/h4>\n<p>Plusieurs endroits \u00e0 Fredericton louent des bicyclettes et des scooters \u00e9lectriques aux visiteurs qui souhaitent explorer les sentiers de Fredericton. <a href=\"https:\/\/www.radicaledge.ca\/articles\/bike-rentals-pg202.htm\">Radical Edge<\/a>, <a href=\"https:\/\/sbcoutlet.com\/pages\/rentals\">Savage\u2019s Bicycle Centre<\/a>, <a href=\"https:\/\/www.downtownfredericton.ca\/business\/cruze-scooters\/\">Cruze Scooters<\/a> et <a href=\"https:\/\/www.secondnatureoutdoors.com\/\">Second Nature Outdoors<\/a>. Si vous pr\u00e9f\u00e9rez explorer la rivi\u00e8re en bateau, Second Nature Outdoors propose la location de cano\u00ebs, de kayaks et de planches \u00e0 pagaie.<\/p>\n<h4>Parcs et espaces ext\u00e9rieurs<\/h4>\n<p>La liste compl\u00e8te des parcs, terrains de jeux et autres espaces ext\u00e9rieurs de Fredericton se trouve \u00e0 l&#8217;adresse <a href=\"https:\/\/www.fredericton.ca\/en\/recreation\/parks-dog-parks-playgrounds\">suivante<\/a>.<\/p>\n<p><a href=\"https:\/\/www.hikingnb.ca\/Trails\/LowerSJRiver\/Fredericton\/OdellPark.html\">O\u2019Dell Park<\/a>: Le parc Odell de Fredericton, d&#8217;une superficie de 400 acres, est r\u00e9put\u00e9 pour \u00eatre l&#8217;un des plus beaux parcs du genre au Canada. Il se distingue notamment par sa mare aux canards, son arboretum et son jardin botanique. Au milieu des bois et des champs qui formaient autrefois le domaine du r\u00e9v\u00e9rend Jonathan Odell, les gens trouvent un espace pour jouer et communier avec la nature en toutes saisons. Le parc abrite \u00e9galement l&#8217;Odell Park Lodge, qui est \u00e0 la disposition de la communaut\u00e9.<\/p>\n<p><a href=\"https:\/\/tourismnewbrunswick.ca\/listing\/killarney-lake-park\">Killarney Lake Park<\/a>: Ce parc pittoresque propose une baignade en eau douce surveill\u00e9e, une plage de sable, des toilettes et des vestiaires. Il comprend environ 30 km de sentiers de randonn\u00e9e autour du lac, avec des connexions vers d&#8217;autres sentiers.<\/p>\n<p><a href=\"https:\/\/www.parcsnbparks.info\/en\/parks\/10\/mactaquac-provincial-park\">Mactaquac Provincial Park<\/a>: Le parc provincial de Mactaquac est un vaste complexe forestier et r\u00e9cr\u00e9atif situ\u00e9 le long du pittoresque fleuve Saint-Jean, au Nouveau-Brunswick. Vous trouverez toute une gamme d&#8217;activit\u00e9s de plein air tout au long de l&#8217;ann\u00e9e dans ce terrain de jeu au bord de la rivi\u00e8re. D\u00e9couvrez la beaut\u00e9 de ce chef-d&#8217;\u0153uvre de 525 ha (1 300 acres) en empruntant l&#8217;un des nombreux sentiers de randonn\u00e9e (dont l&#8217;un est accessible aux fauteuils roulants), et profitez des promenades d&#8217;interpr\u00e9tation dans la r\u00e9serve naturelle de l&#8217;\u00e9tang des castors.<\/p>\n<h4>L&#8217;histoire<\/h4>\n<p>Pour en savoir plus sur l&#8217;histoire de la r\u00e9gion de Fredericton, visitez <a href=\"https:\/\/www.frederictonregionmuseum.com\/\">le Mus\u00e9e de la r\u00e9gion de Fredericton<\/a>, ou d\u00e9couvrez les athl\u00e8tes du Nouveau-Brunswick et l&#8217;histoire des sports dans cette province en visitant <a href=\"https:\/\/www.nbsportshalloffame.com\/\">le Temple de la renomm\u00e9e des sports du Nouveau-Brunswick<\/a>.<\/p>\n","protected":false},"excerpt":{"rendered":"<p>March\u00e9s Fredericton compte \u00e9galement plusieurs march\u00e9s, ouverts \u00e0 diff\u00e9rents moments de la semaine. Parmi eux, le Garrison Night Market, qui a lieu tous les jeudis soirs de juin \u00e0 septembre, et le Boyce Farmer&#8217;s Market, un lieu embl\u00e9matique de Fredericton, ouvert tous les samedis matin. L&#8217;art Fredericton est un lieu de visite id\u00e9al pour les&#8230;  <a class=\"excerpt-read-more\" href=\"https:\/\/cap.ca\/fr\/congres-de-lacp\/congres-anterieurs\/congres-2023\/local-information-for-travel-to-fredericton\/things-to-do-in-fredericton\/\" title=\"LireActivit\u00e9s \u00e0 faire \u00e0 Fredericton\">Lire la suite &raquo;<\/a><\/p>\n","protected":false},"author":5,"featured_media":0,"parent":22808,"menu_order":7,"comment_status":"closed","ping_status":"closed","template":"","meta":{"footnotes":""},"class_list":["post-23046","page","type-page","status-publish","hentry"],"_links":{"self":[{"href":"https:\/\/cap.ca\/fr\/wp-json\/wp\/v2\/pages\/23046","targetHints":{"allow":["GET"]}}],"collection":[{"href":"https:\/\/cap.ca\/fr\/wp-json\/wp\/v2\/pages"}],"about":[{"href":"https:\/\/cap.ca\/fr\/wp-json\/wp\/v2\/types\/page"}],"author":[{"embeddable":true,"href":"https:\/\/cap.ca\/fr\/wp-json\/wp\/v2\/users\/5"}],"replies":[{"embeddable":true,"href":"https:\/\/cap.ca\/fr\/wp-json\/wp\/v2\/comments?post=23046"}],"version-history":[{"count":2,"href":"https:\/\/cap.ca\/fr\/wp-json\/wp\/v2\/pages\/23046\/revisions"}],"predecessor-version":[{"id":23048,"href":"https:\/\/cap.ca\/fr\/wp-json\/wp\/v2\/pages\/23046\/revisions\/23048"}],"up":[{"embeddable":true,"href":"https:\/\/cap.ca\/fr\/wp-json\/wp\/v2\/pages\/22808"}],"wp:attachment":[{"href":"https:\/\/cap.ca\/fr\/wp-json\/wp\/v2\/media?parent=23046"}],"curies":[{"name":"wp","href":"https:\/\/api.w.org\/{rel}","templated":true}]}}