{"id":23011,"date":"2023-05-01T12:36:21","date_gmt":"2023-05-01T16:36:21","guid":{"rendered":"https:\/\/cap.ca\/congres-de-lacp\/congres-2023\/2023-workshops-and-special-sessions\/"},"modified":"2023-05-29T10:35:30","modified_gmt":"2023-05-29T14:35:30","slug":"2023-workshops-and-special-sessions","status":"publish","type":"page","link":"https:\/\/cap.ca\/fr\/congres-de-lacp\/congres-anterieurs\/congres-2023\/2023-workshops-and-special-sessions\/","title":{"rendered":"2023 Ateliers et sessions sp\u00e9ciales"},"content":{"rendered":"<blockquote><p>Veuillez noter que des bo\u00eetes \u00e0 lunch sont disponibles \u00e0 l&#8217;achat lors de la proc\u00e9dure d&#8217;inscription. Nous recommandons vivement aux personnes participant aux sessions \u00e0 l&#8217;heure du d\u00e9jeuner d&#8217;acheter une bo\u00eete \u00e0 lunch, car il n&#8217;y a pas de restaurants ouverts dans les environs. Si vous vous \u00eates d\u00e9j\u00e0 inscrit, veuillez envoyer un courriel \u00e0 membership@cap.ca pour mettre \u00e0 jour votre inscription.<\/p><\/blockquote>\n<p>&nbsp;<\/p>\n<h3>Strat\u00e9gies de publication : Comment choisir une revue &#8211; Dimanche 18 juin, 15h45-17h45<\/h3>\n<p>Une pr\u00e9sentation\/atelier par le Dr. Stephen Heard<\/p>\n<p>En tant qu&#8217;auteur d&#8217;un article scientifique, vous \u00eates confront\u00e9 \u00e0 un \u00e9ventail d\u00e9concertant d&#8217;options de publication. Il existe des milliers de revues : certaines sont tr\u00e8s g\u00e9n\u00e9rales, d&#8217;autres ont un champ d&#8217;application plus restreint ; certaines sont connues, d&#8217;autres sont obscures. La situation est encore compliqu\u00e9e par la r\u00e9cente prolif\u00e9ration de revues &#8220;pr\u00e9datrices&#8221; et par l&#8217;escalade des co\u00fbts de publication. Le Dr. Heard discutera de certains des facteurs \u00e0 prendre en compte pour choisir une revue. Les participants travailleront ensuite en petits groupes pour \u00e9valuer les revues et envisager des strat\u00e9gies de publication d&#8217;un article.<\/p>\n<p>Il s&#8217;agit d&#8217;un \u00e9v\u00e9nement COVID-safe ; tous les participants doivent porter un masque de protection.<\/p>\n<p>Stephen Heard est professeur de biologie \u00e0 l&#8217;universit\u00e9 du Nouveau-Brunswick et auteur de The Scientist&#8217;s Guide to Writing : How to Write More Easily and Effectively Throughout Your Scientific Career (Princeton University Press ; 2e \u00e9d. 2022). Il a publi\u00e9 plus de 90 articles scientifiques et a \u00e9t\u00e9 r\u00e9dacteur en chef adjoint d&#8217;une revue pendant plus de 20 ans.<\/p>\n<h3><\/h3>\n<h3>Atelier sur la publication en libre acc\u00e8s &#8211; Lundi 19 juin, 12h15-13h15<\/h3>\n<p>Canadian Science Publishing invite tous les participants au ACP \u00e0 une discussion sur l&#8217;avenir de l&#8217;\u00e9dition scientifique et sur la mani\u00e8re dont l&#8217;\u00e9dition est au service de la communaut\u00e9 des chercheurs. CSP pr\u00e9sentera une br\u00e8ve perspective sur les changements au sein des soci\u00e9t\u00e9s d&#8217;\u00e9dition (y compris notre propre structure \u00e0 but non lucratif) ainsi que sur l&#8217;avenir de l&#8217;\u00e9dition scientifique, en mettant l&#8217;accent sur le libre acc\u00e8s et la science ouverte. Nous pr\u00e9senterons pour discussion des mod\u00e8les d&#8217;accords qui permettent \u00e0 l&#8217;Open Access d&#8217;\u00eatre financi\u00e8rement r\u00e9alisable pour les chercheurs d&#8217;aujourd&#8217;hui, et nous accueillerons les commentaires sur la fa\u00e7on dont le Journal Canadien de Physique peut mieux servir la communaut\u00e9 des chercheurs en physique. La deuxi\u00e8me partie de la s\u00e9ance sera consacr\u00e9e \u00e0 une discussion avec des repr\u00e9sentants du CSP et les r\u00e9dacteurs en chef du Journal canadien de physique, les professeurs Robert Mann et Marco Merkli. Robert Mann et Marco Merkli.<\/p>\n<p>&nbsp;<\/p>\n<h3>D\u00e9jeuner des nouveaux professeurs avec le CRSNG &#8211; Mercredi 21 juin, 12h00-13h00<\/h3>\n<p>Description \u00e0 venir<\/p>\n<p>&nbsp;<\/p>\n<h3>Session sp\u00e9ciale : Justice sociale et STEM &#8211; Mercredi 21 juin, 12h00-13h00<\/h3>\n<p>Rejoignez les pan\u00e9listes lors de ce d\u00e9jeuner-d\u00e9bat pour d\u00e9couvrir les initiatives entreprises dans les d\u00e9partements de physique et les facult\u00e9s des sciences \u00e0 travers le pays pour faire progresser l&#8217;\u00e9quit\u00e9 dans les STIM. Ces pan\u00e9listes apporteront une perspective multidisciplinaire dans les domaines des STIM, avec une lentille \u00e9tudiante et un cadre de r\u00e9f\u00e9rence de leadership pour fournir \u00e0 l&#8217;auditoire des actions concr\u00e8tes qui ont conduit \u00e0 l&#8217;am\u00e9lioration de l&#8217;\u00e9quit\u00e9, de la diversit\u00e9, de l&#8217;inclusion et de l&#8217;accessibilit\u00e9, non seulement dans les d\u00e9partements de physique, mais aussi dans les facult\u00e9s des sciences au Canada. Ils r\u00e9pondront \u00e0 des questions telles que : Comment int\u00e9grer la justice sociale et les STIM ? Comment pouvons-nous int\u00e9grer l&#8217;\u00e9thique de l&#8217;\u00e9quit\u00e9 dans nos programmes afin d&#8217;attirer des groupes m\u00e9ritant l&#8217;\u00e9quit\u00e9 ? Quelles sont les le\u00e7ons tir\u00e9es du recensement de la communaut\u00e9 des physiciens au Canada ? Comment les leaders \u00e9tudiants per\u00e7oivent-ils l&#8217;\u00e9tat actuel des efforts d&#8217;EDIA en physique ? Quels sont les enseignements tir\u00e9s des d\u00e9partements de physique participant au projet IDEA de l&#8217;APS ? Quelles sont les approches bas\u00e9es sur les donn\u00e9es adopt\u00e9es par les responsables de l&#8217;\u00e9quit\u00e9 dans les facult\u00e9s des sciences pour assurer la pleine participation des groupes m\u00e9ritant l&#8217;\u00e9quit\u00e9 ?<\/p>\n<p>Ninan Abraham est professeur de microbiologie et d&#8217;immunologie et ancien doyen associ\u00e9 charg\u00e9 de l&#8217;\u00e9quit\u00e9, de la diversit\u00e9 et de l&#8217;inclusion \u00e0 la facult\u00e9 des sciences de l&#8217;UBC. Kalaichelvi Saravanamuttu est professeur de chimie et de biologie chimique et premier vice-doyen charg\u00e9 de l&#8217;\u00e9quit\u00e9, de la diversit\u00e9, de l&#8217;inclusion et de l&#8217;indig\u00e9n\u00e9it\u00e9 \u00e0 la facult\u00e9 des sciences de l&#8217;universit\u00e9 MacMaster ; Steve Dodge est professeur agr\u00e9g\u00e9 de physique et coordinateur du comit\u00e9 IDEA pour la physique \u00e0 la SFU ; Kevin Hewitt est professeur de physique et premier vice-doyen charg\u00e9 de l&#8217;\u00e9quit\u00e9 et de l&#8217;inclusion \u00e0 la facult\u00e9 des sciences de l&#8217;universit\u00e9 Dalhousie et codirige l&#8217;\u00e9quipe IDEA de l&#8217;APS. Anastasia Smolina est candidate au doctorat en biophysique m\u00e9dicale \u00e0 l&#8217;universit\u00e9 de Toronto et codirige CanPhysCounts, le premier recensement de la diversit\u00e9 de la communaut\u00e9 des physiciens au Canada.<\/p>\n<p>&nbsp;<\/p>\n<h3>Mise \u00e0 jour de la communaut\u00e9 du CRSNG &#8211; Mercredi 21 juin, 17h15 &#8211; 18h00<\/h3>\n<p>Veuillez vous joindre \u00e0 nous pour un r\u00e9sum\u00e9 des derni\u00e8res nouvelles du CRSNG et un aper\u00e7u des r\u00e9sultats du concours 2023 des subventions \u00e0 la d\u00e9couverte. Le personnel du CRSNG et la pr\u00e9sidente du groupe d\u2019\u00e9valuation de physique sera sur place pour r\u00e9pondre aux questions. Le pr\u00e9sident du comit\u00e9 de liaison ACP-CRSNG donnera aussi un aper\u00e7u des activit\u00e9s du comit\u00e9 pendant la derni\u00e8re ann\u00e9e et pourra r\u00e9pondre aux questions. \u00c0 noter que la pr\u00e9sentation sera en anglais mais vous pouvez poser des questions dans la langue officielle de votre choix.<\/p>\n<p>&nbsp;<\/p>\n<h3>Financement du CRSNG &#8211; Comment soutenir au mieux la recherche ax\u00e9e sur la d\u00e9couverte ? &#8211; Jeudi 22 juin, 08h30-10h00<\/h3>\n<p>L&#8217; ACP invite tous les participants au Congr\u00e8s \u00e0 une discussion sur le financement de la recherche ax\u00e9e sur la d\u00e9couverte, y compris l&#8217;appui aux \u00e9tudiants. Marc Fortin, vice-pr\u00e9sident de la Direction des subventions de recherche et des bourses du CRSNG, pr\u00e9sentera un r\u00e9sum\u00e9 des programmes de financement de la recherche ax\u00e9e sur la d\u00e9couverte et des programmes de bourses du CRSNG. La pr\u00e9sentation sera suivie d&#8217;une discussion g\u00e9n\u00e9rale sur les moyens d&#8217;accro\u00eetre le financement de la recherche ax\u00e9e sur la d\u00e9couverte.<\/p>\n<p>&nbsp;<\/p>\n<h3>Discussion sur la politique scientifique &#8211; Jeudi 22 juin, 12h00-13h00<\/h3>\n<p>Discussion sur les sujets que la PAC devrait inclure dans son m\u00e9moire au Comit\u00e9 f\u00e9d\u00e9ral des finances cet automne pour le budget 2024. Il s&#8217;agira d&#8217;un suivi de la pr\u00e9sentation du matin du CRSNG, \u00e9largi pour couvrir d&#8217;autres sujets importants\/int\u00e9ressants.<\/p>\n","protected":false},"excerpt":{"rendered":"<p>Veuillez noter que des bo\u00eetes \u00e0 lunch sont disponibles \u00e0 l&#8217;achat lors de la proc\u00e9dure d&#8217;inscription. Nous recommandons vivement aux personnes participant aux sessions \u00e0 l&#8217;heure du d\u00e9jeuner d&#8217;acheter une bo\u00eete \u00e0 lunch, car il n&#8217;y a pas de restaurants ouverts dans les environs. Si vous vous \u00eates d\u00e9j\u00e0 inscrit, veuillez envoyer un courriel \u00e0&#8230;  <a class=\"excerpt-read-more\" href=\"https:\/\/cap.ca\/fr\/congres-de-lacp\/congres-anterieurs\/congres-2023\/2023-workshops-and-special-sessions\/\" title=\"Lire2023 Ateliers et sessions sp\u00e9ciales\">Lire la suite &raquo;<\/a><\/p>\n","protected":false},"author":5,"featured_media":0,"parent":21449,"menu_order":30,"comment_status":"closed","ping_status":"closed","template":"","meta":{"footnotes":""},"class_list":["post-23011","page","type-page","status-publish","hentry"],"_links":{"self":[{"href":"https:\/\/cap.ca\/fr\/wp-json\/wp\/v2\/pages\/23011","targetHints":{"allow":["GET"]}}],"collection":[{"href":"https:\/\/cap.ca\/fr\/wp-json\/wp\/v2\/pages"}],"about":[{"href":"https:\/\/cap.ca\/fr\/wp-json\/wp\/v2\/types\/page"}],"author":[{"embeddable":true,"href":"https:\/\/cap.ca\/fr\/wp-json\/wp\/v2\/users\/5"}],"replies":[{"embeddable":true,"href":"https:\/\/cap.ca\/fr\/wp-json\/wp\/v2\/comments?post=23011"}],"version-history":[{"count":8,"href":"https:\/\/cap.ca\/fr\/wp-json\/wp\/v2\/pages\/23011\/revisions"}],"predecessor-version":[{"id":23169,"href":"https:\/\/cap.ca\/fr\/wp-json\/wp\/v2\/pages\/23011\/revisions\/23169"}],"up":[{"embeddable":true,"href":"https:\/\/cap.ca\/fr\/wp-json\/wp\/v2\/pages\/21449"}],"wp:attachment":[{"href":"https:\/\/cap.ca\/fr\/wp-json\/wp\/v2\/media?parent=23011"}],"curies":[{"name":"wp","href":"https:\/\/api.w.org\/{rel}","templated":true}]}}