{"id":22980,"date":"2023-04-25T12:20:36","date_gmt":"2023-04-25T16:20:36","guid":{"rendered":"https:\/\/cap.ca\/congres-de-lacp\/congres-2023\/banquet-info-and-menu\/"},"modified":"2023-04-25T13:13:52","modified_gmt":"2023-04-25T17:13:52","slug":"banquet-info-and-menu","status":"publish","type":"page","link":"https:\/\/cap.ca\/fr\/congres-de-lacp\/congres-anterieurs\/congres-2023\/banquet-info-and-menu\/","title":{"rendered":"Informations sur les banquets et menu"},"content":{"rendered":"<p>L&#8217;ACP a organis\u00e9 un banquet le mercredi 21 juin au <strong><a href=\"https:\/\/www.frederictonconventions.ca\/accueil\/\">Palais des congr\u00e8s de Fredericton (FCC)<\/a><\/strong>, 670, rue Queen Fredericton N.-B.<\/p>\n<p>Des bus sont en train d&#8217;\u00eatre organis\u00e9s pour transporter les participants au banquet de l&#8217;Universit\u00e9 au FCC.\u00a0 Pour les personnes disposant d&#8217;une voiture, cliquez ici pour savoir comment vous rendre sur le lieu du banquet (<a href=\"https:\/\/www.frederictonconventions.ca\/visite\/emplacement\/\">Itin\u00e9raire<\/a> et <a href=\"https:\/\/www.frederictonconventions.ca\/visite\/stationnement\/\">Stationnement<\/a>).<\/p>\n<p>Le banquet d\u00e9butera \u00e0 19h30 (heure locale).\u00a0 Le d\u00eener sera servi vers 19h45.<\/p>\n<p>Les d\u00e9l\u00e9gu\u00e9s auront le choix entre les trois plats principaux suivants, accompagn\u00e9s d&#8217;une entr\u00e9e et d&#8217;un dessert comme indiqu\u00e9 ci-dessous.\u00a0 Les d\u00e9l\u00e9gu\u00e9s auront la possibilit\u00e9 d&#8217;indiquer toute restriction alimentaire ou allergie lors de leur inscription au Congr\u00e8s.\u00a0 Tous les efforts seront faits pour satisfaire tout d\u00e9l\u00e9gu\u00e9 r\u00e9servant un billet de banquet ; toutefois, si cela n&#8217;est pas possible, un remboursement sera effectu\u00e9.<\/p>\n<p>Le prix comprend le transport aller-retour, le repas et les pourboires. Les taxes sont en sus.<\/p>\n<p><strong>Plat principal (au choix : poulet, saumon ou v\u00e9g\u00e9talien)<\/strong><\/p>\n<blockquote><p><strong>Curry v\u00e9g\u00e9talien tha\u00eflandais (70 $ + taxe)<br \/>\n<\/strong>L\u00e9gumes et tofu saut\u00e9s avec un curry vert v\u00e9g\u00e9talien et une sauce \u00e0 la noix de coco, servis sur du riz basmati cuit \u00e0 la vapeur, arros\u00e9s d&#8217;un gla\u00e7age au chili doux.<\/p>\n<p><strong>Supr\u00eame de poulet (75 $ + taxe)<br \/>\n<\/strong>Farci de pancetta et de brie avec un jus d&#8217;oignon caram\u00e9lis\u00e9 et de pomme<br \/>\nPav\u00e9 de pommes de terre classique<\/p>\n<p><strong>Saumon atlantique de la p\u00eache nordique \u00e0 l&#8217;\u00e9rable et au gingembre (80 $ + taxe)<br \/>\n<\/strong>Avec du sirop d&#8217;\u00e9rable du Nouveau-Brunswick et de la marmelade aux 3 oignons<br \/>\nPav\u00e9 de pommes de terre classique<\/p><\/blockquote>\n<p><strong>D\u00e9marrage<\/strong><\/p>\n<blockquote><p><strong>Betteraves du Nouveau-Brunswick r\u00f4ties et frott\u00e9es au pesto<\/strong><br \/>\nServi sur de la roquette et des \u00e9pinards avec une vinaigrette locale \u00e0 la canneberge et au citron vert (v\u00e9g\u00e9talien\/sans produits laitiers omet le pesto).<\/p><\/blockquote>\n<p><strong>Dessert<\/strong><\/p>\n<blockquote><p><strong>G\u00e2teau au fromage au citron et au chocolat blanc<br \/>\n<\/strong>avec coulis de baies<\/p>\n<p><strong>G\u00e2teau d\u00e9cadent au chocolat (v\u00e9g\u00e9talien\/sans gluten)<\/strong><br \/>\navec coulis de framboise<\/p><\/blockquote>\n","protected":false},"excerpt":{"rendered":"<p>L&#8217;ACP a organis\u00e9 un banquet le mercredi 21 juin au Palais des congr\u00e8s de Fredericton (FCC), 670, rue Queen Fredericton N.-B. Des bus sont en train d&#8217;\u00eatre organis\u00e9s pour transporter les participants au banquet de l&#8217;Universit\u00e9 au FCC.\u00a0 Pour les personnes disposant d&#8217;une voiture, cliquez ici pour savoir comment vous rendre sur le lieu du&#8230;  <a class=\"excerpt-read-more\" href=\"https:\/\/cap.ca\/fr\/congres-de-lacp\/congres-anterieurs\/congres-2023\/banquet-info-and-menu\/\" title=\"LireInformations sur les banquets et menu\">Lire la suite &raquo;<\/a><\/p>\n","protected":false},"author":5,"featured_media":0,"parent":21449,"menu_order":7,"comment_status":"closed","ping_status":"closed","template":"","meta":{"footnotes":""},"class_list":["post-22980","page","type-page","status-publish","hentry"],"_links":{"self":[{"href":"https:\/\/cap.ca\/fr\/wp-json\/wp\/v2\/pages\/22980","targetHints":{"allow":["GET"]}}],"collection":[{"href":"https:\/\/cap.ca\/fr\/wp-json\/wp\/v2\/pages"}],"about":[{"href":"https:\/\/cap.ca\/fr\/wp-json\/wp\/v2\/types\/page"}],"author":[{"embeddable":true,"href":"https:\/\/cap.ca\/fr\/wp-json\/wp\/v2\/users\/5"}],"replies":[{"embeddable":true,"href":"https:\/\/cap.ca\/fr\/wp-json\/wp\/v2\/comments?post=22980"}],"version-history":[{"count":3,"href":"https:\/\/cap.ca\/fr\/wp-json\/wp\/v2\/pages\/22980\/revisions"}],"predecessor-version":[{"id":22983,"href":"https:\/\/cap.ca\/fr\/wp-json\/wp\/v2\/pages\/22980\/revisions\/22983"}],"up":[{"embeddable":true,"href":"https:\/\/cap.ca\/fr\/wp-json\/wp\/v2\/pages\/21449"}],"wp:attachment":[{"href":"https:\/\/cap.ca\/fr\/wp-json\/wp\/v2\/media?parent=22980"}],"curies":[{"name":"wp","href":"https:\/\/api.w.org\/{rel}","templated":true}]}}