{"id":22906,"date":"2017-03-09T12:45:38","date_gmt":"2017-03-09T17:45:38","guid":{"rendered":"https:\/\/cap.ca\/?page_id=22906"},"modified":"2025-10-28T19:07:03","modified_gmt":"2025-10-28T23:07:03","slug":"physicist-membership-4","status":"publish","type":"page","link":"https:\/\/cap.ca\/fr\/adhesion\/physicist-membership-4\/","title":{"rendered":"Adh\u00e9sion r\u00e9guli\u00e8re"},"content":{"rendered":"<div class=\"wpb-content-wrapper\"><p>[vc_row][vc_column][vc_column_text css=&#8221;&#8221;]Vous \u00eates physicien au Canada ? L&#8217;ACP est votre association nationale qui soutient vos activit\u00e9s professionnelles et la communaut\u00e9 des physiciens dans son ensemble. En joignant votre voix \u00e0 celle de vos pairs, vous contribuez \u00e9galement aux efforts de l&#8217;ACP pour promouvoir et soutenir la physique et les activit\u00e9s li\u00e9es \u00e0 la physique au Canada aupr\u00e8s des d\u00e9cideurs et du grand public.<\/p>\n<p>Les membres et les affili\u00e9s b\u00e9n\u00e9ficient d&#8217;une s\u00e9rie d&#8217;avantages qui favorisent leur d\u00e9veloppement sur le plan informationnel, professionnel, \u00e9ducatif, relationnel et professionnel. En outre, les membres b\u00e9n\u00e9ficient de r\u00e9ductions substantielles pour le congr\u00e8s annuel de l&#8217;ACP, pour les adh\u00e9sions conjointes \u00e0 d&#8217;autres organisations, et <a href=\"https:\/\/cap.ca\/fr\/adhesion\/societes-reciproques\/\">b\u00e9n\u00e9ficient d&#8217;accords r\u00e9ciproques<\/a> avec d&#8217;autres soci\u00e9t\u00e9s de physique. Les membres peuvent \u00e9galement profiter de tarifs sp\u00e9ciaux n\u00e9goci\u00e9s avec des fournisseurs d&#8217;assurance.<\/p>\n<p>Les membres r\u00e9guliers jouissent de tous les droits et privil\u00e8ges de l&#8217;Association, y compris celui d&#8217;occuper un poste au sein du Conseil consultatif et du Conseil d&#8217;administration et de voter pour les postes au sein de ces deux instances.<\/p>\n<p><a href=\"https:\/\/cap.ca\/fr\/adhesion\/physicist-membership\/benefices\/\">D\u00e9couvrez les AVANTAGES de l&#8217;adh\u00e9sion r\u00e9guli\u00e8re de l&#8217;ACP.<\/a><\/p>\n<p>[\/vc_column_text][vc_toggle title=&#8221;Conditions d&#8217;adh\u00e9sion \u00e0 titre de membre r\u00e9gulier&#8221; css=&#8221;&#8221;]Adh\u00e9sion r\u00e9gulier est ouvert aux personnes qui s&#8217;identifient comme physiciens. Les conditions minimales pour devenir membre r\u00e9gulier sont les suivantes :<\/p>\n<ul class=\"content-list\">\n<li>Licence ou dipl\u00f4me sup\u00e9rieur d&#8217;une universit\u00e9 reconnue en physique ou dans un domaine connexe (par exemple, physique appliqu\u00e9e, astronomie, astrophysique) ; ou<\/li>\n<li>l&#8217;\u00e9quivalent de quatre ann\u00e9es compl\u00e8tes d&#8217;exp\u00e9rience en physique ou dans un domaine connexe jug\u00e9 satisfaisant par le Comit\u00e9 des adh\u00e9sions et des affiliations.<\/li>\n<\/ul>\n<p>[\/vc_toggle][vc_column_text css=&#8221;&#8221;]<\/p>\n<p style=\"text-align: center;\"><a class=\"green-btn\" href=\"https:\/\/cap.ca\/fr\/adhesion\/formulaires-en-ligne\/formulaires-dadhesion-en-ligne\/\">INSCRIVEZ-VOUS MAINTENANT<\/a><\/p>\n<p>[\/vc_column_text][vc_column_text css=&#8221;&#8221;]<\/p>\n<h2>Cat\u00e9gories de membres r\u00e9guliers<\/h2>\n<p>[\/vc_column_text][vc_toggle title=&#8221;Adh\u00e9sion r\u00e9guli\u00e8re pour les membres retrait\u00e9s&#8221; css=&#8221;&#8221;]Des tarifs r\u00e9duits sont propos\u00e9s aux membres r\u00e9guliers actifs\/anciennement actifs de l\u2019ACP ou aux affili\u00e9s r\u00e9guliers \u00e0 la retraite.[\/vc_toggle][vc_toggle title=&#8221;Adh\u00e9sion r\u00e9guli\u00e8re pour les membres r\u00e9cemment dipl\u00f4m\u00e9s&#8221; css=&#8221;&#8221;]Des frais r\u00e9duits sont offerts aux membres r\u00e9guliers ou aux affili\u00e9s r\u00e9guliers qui ont obtenu leur dipl\u00f4me le plus \u00e9lev\u00e9 au cours des quatre derni\u00e8res ann\u00e9es.[\/vc_toggle][vc_toggle title=&#8221;Adh\u00e9sion conjointe r\u00e9guli\u00e8re&#8221; css=&#8221;&#8221;]l\u2019ACP a conclu des accords d\u2019adh\u00e9sion conjointe avec les soci\u00e9t\u00e9s partenaires suivantes :<\/p>\n<ul class=\"content-list\">\n<li>The Chemical Institute of Canada (CIC);<\/li>\n<li>The Canadian Organization of Medical Physicists (COMP);<\/li>\n<li>The Canadian Astronomical Society (CASCA).<\/li>\n<\/ul>\n<p>Les conditions requises pour devenir membre r\u00e9gulier conjoint sont les suivantes :<\/p>\n<ul class=\"content-list\">\n<li>r\u00e9pond aux crit\u00e8res d\u2019adh\u00e9sion en tant que membre r\u00e9gulier ;<\/li>\n<li>est actuellement membre en r\u00e8gle de l\u2019une des soci\u00e9t\u00e9s partenaires susmentionn\u00e9es (une preuve peut \u00eatre exig\u00e9e).<\/li>\n<\/ul>\n<p>Les deux soci\u00e9t\u00e9s offrent des frais d\u2019adh\u00e9sion r\u00e9duits aux membres r\u00e9guliers conjoints. Les membres r\u00e9guliers conjoints jouissent de tous les droits et privil\u00e8ges de l\u2019Association, y compris celui d\u2019occuper un poste au\u00a0<a href=\"https:\/\/cap.ca\/fr\/propos-lacp\/acp-direction\/conseil-consultatif\/\">sein du conseil<\/a>\u00a0consultatif et du\u00a0<a href=\"https:\/\/cap.ca\/fr\/propos-lacp\/acp-direction\/conseil-dadministration\/\">conseil d\u2019administration<\/a>\u00a0et de voter pour les postes au sein de ces deux instances.<\/p>\n<p>Si un membre r\u00e9gulier conjoint laisse expirer son adh\u00e9sion \u00e0 la soci\u00e9t\u00e9 partenaire, son adh\u00e9sion \u00e0 l\u2019ACP sera temporairement suspendue jusqu\u2019\u00e0 ce qu\u2019il renouvelle son adh\u00e9sion \u00e0 la soci\u00e9t\u00e9 partenaire ou paie la diff\u00e9rence de frais d\u2019adh\u00e9sion afin de r\u00e9tablir son statut de membre r\u00e9gulier de l\u2019ACP.[\/vc_toggle][vc_toggle title=&#8221;D\u00e9signation de membre bienfaiteur&#8221; css=&#8221;&#8221;]Tous les membres et affili\u00e9s qui paient une cotisation annuelle suppl\u00e9mentaire de 100 $ seront d\u00e9sign\u00e9s comme membres bienfaiteurs (ou affili\u00e9s) de l\u2019Association.[\/vc_toggle][vc_toggle title=&#8221;Autres circonstances (adh\u00e9sion cinq ans, ch\u00f4meurs temporaires)&#8221; css=&#8221;&#8221;]<\/p>\n<ul class=\"content-list\">\n<li><strong>Renouvellements pour cinq ans :<\/strong>\u00a0Les membres \u00e0 part enti\u00e8re et les membres retrait\u00e9s ont la possibilit\u00e9 de renouveler leur adh\u00e9sion (y compris l\u2019adh\u00e9sion \u00e0 une division, les contributions volontaires, l\u2019adh\u00e9sion de soutien et les frais de licence de certification) pour une p\u00e9riode de cinq ans. Les frais de renouvellement pour cinq ans seront calcul\u00e9s comme cinq fois les frais de renouvellement de l\u2019ann\u00e9e en cours (\u00e0 l\u2019exclusion des dons au FACP). Les frais ne sont pas remboursables. Les dons vers\u00e9s \u00e0 la FACP feront l\u2019objet d\u2019un re\u00e7u, dans leur int\u00e9gralit\u00e9, au cours de l\u2019ann\u00e9e de renouvellement au cours de laquelle ils ont \u00e9t\u00e9 re\u00e7us.<\/li>\n<li><strong>Ch\u00f4meurs temporaires :<\/strong>\u00a0Les membres r\u00e9guliers actifs\/anciennement actifs qui sont temporairement au ch\u00f4mage ont le droit de demander une r\u00e9duction de leur cotisation. Si la demande est accept\u00e9e, la r\u00e9duction ne sera valable que pour une ann\u00e9e d\u2019adh\u00e9sion. Si la situation du membre reste inchang\u00e9e \u00e0 la fin de cette ann\u00e9e, il peut demander le renouvellement de cette r\u00e9duction pour deux ann\u00e9es suppl\u00e9mentaires (maximum trois ann\u00e9es cons\u00e9cutives \u00e0 ce tarif), apr\u00e8s quoi le membre doit soit retrouver son statut de membre r\u00e9gulier, soit d\u00e9missionner temporairement. La d\u00e9cision d\u2019accorder ce tarif d\u2019adh\u00e9sion appartient exclusivement au Comit\u00e9 d\u2019adh\u00e9sion et d\u2019affiliation et est d\u00e9finitive.<\/li>\n<\/ul>\n<p>[\/vc_toggle][vc_column_text css=&#8221;&#8221;]<\/p>\n<p style=\"text-align: center;\"><a class=\"green-btn\" href=\"https:\/\/cap.ca\/fr\/adhesion\/formulaires-en-ligne\/formulaires-dadhesion-en-ligne\/\">INSCRIVEZ-VOUS MAINTENANT<\/a><\/p>\n<p>[\/vc_column_text][\/vc_column][\/vc_row]<\/p>\n<\/div>","protected":false},"excerpt":{"rendered":"<p>[vc_row][vc_column][vc_column_text css=&#8221;&#8221;]Vous \u00eates physicien au Canada ? L&#8217;ACP est votre association nationale qui soutient vos activit\u00e9s professionnelles et la communaut\u00e9 des physiciens dans son ensemble. En joignant votre voix \u00e0 celle de vos pairs, vous contribuez \u00e9galement aux efforts de l&#8217;ACP pour promouvoir et soutenir la physique et les activit\u00e9s li\u00e9es \u00e0 la physique au&#8230;  <a class=\"excerpt-read-more\" href=\"https:\/\/cap.ca\/fr\/adhesion\/physicist-membership-4\/\" title=\"LireAdh\u00e9sion r\u00e9guli\u00e8re\">Lire la suite &raquo;<\/a><\/p>\n","protected":false},"author":10,"featured_media":0,"parent":3178,"menu_order":117,"comment_status":"closed","ping_status":"closed","template":"","meta":{"footnotes":""},"class_list":["post-22906","page","type-page","status-publish","hentry"],"_links":{"self":[{"href":"https:\/\/cap.ca\/fr\/wp-json\/wp\/v2\/pages\/22906","targetHints":{"allow":["GET"]}}],"collection":[{"href":"https:\/\/cap.ca\/fr\/wp-json\/wp\/v2\/pages"}],"about":[{"href":"https:\/\/cap.ca\/fr\/wp-json\/wp\/v2\/types\/page"}],"author":[{"embeddable":true,"href":"https:\/\/cap.ca\/fr\/wp-json\/wp\/v2\/users\/10"}],"replies":[{"embeddable":true,"href":"https:\/\/cap.ca\/fr\/wp-json\/wp\/v2\/comments?post=22906"}],"version-history":[{"count":22,"href":"https:\/\/cap.ca\/fr\/wp-json\/wp\/v2\/pages\/22906\/revisions"}],"predecessor-version":[{"id":27991,"href":"https:\/\/cap.ca\/fr\/wp-json\/wp\/v2\/pages\/22906\/revisions\/27991"}],"up":[{"embeddable":true,"href":"https:\/\/cap.ca\/fr\/wp-json\/wp\/v2\/pages\/3178"}],"wp:attachment":[{"href":"https:\/\/cap.ca\/fr\/wp-json\/wp\/v2\/media?parent=22906"}],"curies":[{"name":"wp","href":"https:\/\/api.w.org\/{rel}","templated":true}]}}