{"id":22854,"date":"2023-03-17T11:11:00","date_gmt":"2023-03-17T15:11:00","guid":{"rendered":"https:\/\/cap.ca\/?page_id=22854"},"modified":"2025-09-02T16:23:57","modified_gmt":"2025-09-02T20:23:57","slug":"details","status":"publish","type":"page","link":"https:\/\/cap.ca\/fr\/activites\/programme-de-distinctions\/post-graduate-physicists\/fellows-program\/details\/","title":{"rendered":"D\u00e9tails du programme"},"content":{"rendered":"<p><span style=\"font-weight: 400;\"><a href=\"#structure\">Structure des comit\u00e9s<\/a><br \/>\n<\/span><span style=\"font-weight: 400;\"><a href=\"#targets\">Objectifs du FACP<\/a><br \/>\n<\/span><span style=\"font-weight: 400;\"><a href=\"#sc\">Consid\u00e9rations particuli\u00e8res<\/a><\/span><\/p>\n<h2 id=\"structure\">Structure des comit\u00e9s<\/h2>\n<p>Deux comit\u00e9s participent au programme Fellow : le comit\u00e9 des distinctions de l&#8217;ACP et le comit\u00e9 de s\u00e9lection du FACP.<\/p>\n<h4>Comit\u00e9 des distinctions de l&#8217;ACP<\/h4>\n<p>Le Comit\u00e9 des distinctions de l&#8217;ACP (CR), pr\u00e9sid\u00e9 par l&#8217;ancien pr\u00e9sident de l&#8217;ACP, g\u00e8re les programmes de distinctions de l&#8217;ACP. Le CR est compos\u00e9 des pr\u00e9sidents des comit\u00e9s de s\u00e9lection des distinctions. Le CR soumet la liste des recommandations du FACP au Conseil d&#8217;administration de l&#8217;ACP pour approbation et examine toute recommandation de modification du programme.<\/p>\n<h4>Comit\u00e9 de s\u00e9lection du FACP<\/h4>\n<p>L&#8217;\u00e9valuation et la recommandation de la liste des FACP seront effectu\u00e9es par un comit\u00e9 de s\u00e9lection des FACP (CSF). Ce comit\u00e9 sera compos\u00e9 de 5 \u00e0 7 membres diversifi\u00e9s qui seront nomm\u00e9s par le Comit\u00e9 des distinctions de l&#8217;ACP pour un mandat de 3 ans, les mandats du comit\u00e9 inaugural \u00e9tant \u00e9chelonn\u00e9s de 1 \u00e0 3 ans.<\/p>\n<p>Avant d&#8217;\u00eatre nomm\u00e9s au comit\u00e9 de s\u00e9lection, les membres potentiels seront invit\u00e9s \u00e0 indiquer comment ils satisfont aux exigences en mati\u00e8re de formation \u00e0 l&#8217;IDE pour les comit\u00e9s de s\u00e9lection (par exemple, avoir suivi le module en ligne Bias in Peer Review des trois agences et le cours Plus sur l&#8217;analyse comparative entre les sexes du gouvernement du Canada).<\/p>\n<p>Le bureau de l&#8217;ACP fournira des informations et une politique aux membres des comit\u00e9s de s\u00e9lection avant le lancement du processus d&#8217;examen.<\/p>\n<p>Avant d&#8217;entamer l&#8217;examen des candidatures, chaque membre du comit\u00e9 devra prendre connaissance des lignes directrices de l&#8217;ACP en mati\u00e8re de conflits d&#8217;int\u00e9r\u00eats et soumettre une d\u00e9claration de conflit ou d&#8217;absence de conflit pour chaque candidat. Tout conflit identifi\u00e9 est \u00e9valu\u00e9 par le comit\u00e9 des candidatures et des prix de l&#8217;ACP et r\u00e9solu conform\u00e9ment aux lignes directrices.<\/p>\n<p>&nbsp;<\/p>\n<h2 id=\"targets\">Objectifs du FACP<\/h2>\n<p>L&#8217;objectif annuel pour les nouvelles nominations au titre de FACP est de 1 % des membres r\u00e9guliers de l&#8217;ACP, y compris les membres r\u00e9guliers, les membres en d\u00e9but de carri\u00e8re et les membres associ\u00e9s, mais \u00e0 l&#8217;exclusion des membres r\u00e9guliers retrait\u00e9s. Le nombre total de FACP ne d\u00e9passera pas 10 % des membres r\u00e9guliers de l&#8217;ACP, \u00e0 l&#8217;exclusion des membres r\u00e9guliers retrait\u00e9s, sauf autorisation contraire du conseil d&#8217;administration de l&#8217;ACP. Les personnes ayant obtenu le titre de FACP \u00e0 titre exceptionnel (laur\u00e9ats du prix Nobel ou de la m\u00e9daille de l&#8217;ACP pour l&#8217;ensemble de leur carri\u00e8re) ne seront pas prises en compte dans le quota annuel de nominations au titre de FACP, mais seront prises en compte dans le quota total de nominations au titre de FACP. Les membres r\u00e9guliers retrait\u00e9s ayant obtenu le titre de FACP seront pris en compte dans le quota annuel de nominations au titre de FACP, mais ne seront pas pris en compte dans le quota total de nominations au titre de FACP.<\/p>\n<p>&nbsp;<\/p>\n<h2 id=\"sc\">Consid\u00e9rations particuli\u00e8res<\/h2>\n<h4>Laur\u00e9ats du prix Nobel<\/h4>\n<p>Les membres de l&#8217;ACP qui re\u00e7oivent des parties de prix Nobel pour leurs travaux en physique, qui r\u00e9pondent aux crit\u00e8res d&#8217;\u00e9ligibilit\u00e9 et qui acceptent le code d&#8217;\u00e9thique de l&#8217;ACP se verront automatiquement attribuer un FACP au sein de la prochaine cohorte disponible.<\/p>\n<h4>M\u00e9daill\u00e9s pour l&#8217;ensemble de leur carri\u00e8re<\/h4>\n<p>Les membres de l&#8217;ACP qui ont re\u00e7u la m\u00e9daille de l&#8217;ACP pour les r\u00e9alisations de toute une vie (MfLA) et qui remplissent les conditions d&#8217;admissibilit\u00e9 \u00e0 l&#8217;adh\u00e9sion, ont apport\u00e9 des contributions importantes dans deux des cat\u00e9gories de contribution et acceptent d&#8217;adh\u00e9rer au code de d\u00e9ontologie de l&#8217;ACP pourront se voir attribuer le statut de FACP. \u00c0 partir de 2023, la possibilit\u00e9 de pr\u00e9senter une demande de FACP sera accord\u00e9e aux MfLA existantes sur une p\u00e9riode de cinq ans. Le bureau de l&#8217;ACP contactera la cohorte existante de MfLA qui remplissent les conditions d&#8217;admissibilit\u00e9 \u00e0 l&#8217;adh\u00e9sion et les invitera \u00e0 pr\u00e9senter une demande d&#8217;examen pour le FACP en fournissant des preuves de la fa\u00e7on dont ils remplissent l&#8217;une des autres cat\u00e9gories de contribution (la r\u00e9ception de la MfLA signifie qu&#8217;ils ont rempli la cat\u00e9gorie de l&#8217;impact sur la recherche). Il incombera au CR de d\u00e9terminer si les axes d&#8217;action qui ont r\u00e9pondu remplissent les conditions d&#8217;\u00e9ligibilit\u00e9 pour la cat\u00e9gorie de contribution suppl\u00e9mentaire qu&#8217;ils ont identifi\u00e9e. Le bureau de l&#8217;ACP soumettra la liste des axes de travail admissibles au pr\u00e9sident du comit\u00e9 des distinctions de l&#8217;ACP (mise \u00e0 jour chaque ann\u00e9e pour v\u00e9rifier le maintien de l&#8217;admissibilit\u00e9 des membres). Ces FACP seront normalement attribu\u00e9s sur la base de l&#8217;ordre d&#8217;arriv\u00e9e des premiers r\u00e9cipiendaires de la MfLA. Les membres de l&#8217;ACP qui se verront d\u00e9cerner une MfLA \u00e0 l&#8217;avenir se verront automatiquement attribuer un FACP au sein de la prochaine cohorte disponible, \u00e0 condition qu&#8217;ils remplissent les conditions d&#8217;\u00e9ligibilit\u00e9, qu&#8217;ils fournissent la preuve qu&#8217;ils satisfont \u00e0 une cat\u00e9gorie de contribution suppl\u00e9mentaire et qu&#8217;ils acceptent d&#8217;adh\u00e9rer au code de d\u00e9ontologie de l&#8217;ACP.<\/p>\n<h4>Membres in\u00e9ligibles<\/h4>\n<p>Les membres de la ligne pr\u00e9sidentielle de l&#8217;ACP (du vice-pr\u00e9sident \u00e9lu au pr\u00e9sident sortant) ne peuvent \u00eatre candidats au titre de FACP tant qu&#8217;ils font partie de la ligne pr\u00e9sidentielle de l&#8217;ACP. Les membres du comit\u00e9 des distinctions ou du comit\u00e9 de s\u00e9lection du FACP ne peuvent pas non plus \u00eatre candidats au titre de FACP tant qu&#8217;ils si\u00e8gent dans ces comit\u00e9s.<\/p>\n","protected":false},"excerpt":{"rendered":"<p>Structure des comit\u00e9s Objectifs du FACP Consid\u00e9rations particuli\u00e8res Structure des comit\u00e9s Deux comit\u00e9s participent au programme Fellow : le comit\u00e9 des distinctions de l&#8217;ACP et le comit\u00e9 de s\u00e9lection du FACP. Comit\u00e9 des distinctions de l&#8217;ACP Le Comit\u00e9 des distinctions de l&#8217;ACP (CR), pr\u00e9sid\u00e9 par l&#8217;ancien pr\u00e9sident de l&#8217;ACP, g\u00e8re les programmes de distinctions de&#8230;  <a class=\"excerpt-read-more\" href=\"https:\/\/cap.ca\/fr\/activites\/programme-de-distinctions\/post-graduate-physicists\/fellows-program\/details\/\" title=\"LireD\u00e9tails du programme\">Lire la suite &raquo;<\/a><\/p>\n","protected":false},"author":5,"featured_media":0,"parent":22841,"menu_order":41,"comment_status":"closed","ping_status":"closed","template":"","meta":{"footnotes":""},"class_list":["post-22854","page","type-page","status-publish","hentry"],"_links":{"self":[{"href":"https:\/\/cap.ca\/fr\/wp-json\/wp\/v2\/pages\/22854","targetHints":{"allow":["GET"]}}],"collection":[{"href":"https:\/\/cap.ca\/fr\/wp-json\/wp\/v2\/pages"}],"about":[{"href":"https:\/\/cap.ca\/fr\/wp-json\/wp\/v2\/types\/page"}],"author":[{"embeddable":true,"href":"https:\/\/cap.ca\/fr\/wp-json\/wp\/v2\/users\/5"}],"replies":[{"embeddable":true,"href":"https:\/\/cap.ca\/fr\/wp-json\/wp\/v2\/comments?post=22854"}],"version-history":[{"count":7,"href":"https:\/\/cap.ca\/fr\/wp-json\/wp\/v2\/pages\/22854\/revisions"}],"predecessor-version":[{"id":27703,"href":"https:\/\/cap.ca\/fr\/wp-json\/wp\/v2\/pages\/22854\/revisions\/27703"}],"up":[{"embeddable":true,"href":"https:\/\/cap.ca\/fr\/wp-json\/wp\/v2\/pages\/22841"}],"wp:attachment":[{"href":"https:\/\/cap.ca\/fr\/wp-json\/wp\/v2\/media?parent=22854"}],"curies":[{"name":"wp","href":"https:\/\/api.w.org\/{rel}","templated":true}]}}