{"id":22850,"date":"2023-03-17T11:06:38","date_gmt":"2023-03-17T15:06:38","guid":{"rendered":"https:\/\/cap.ca\/?page_id=22850"},"modified":"2025-09-02T16:22:47","modified_gmt":"2025-09-02T20:22:47","slug":"nomination-procedures","status":"publish","type":"page","link":"https:\/\/cap.ca\/fr\/activites\/programme-de-distinctions\/post-graduate-physicists\/fellows-program\/nomination-procedures\/","title":{"rendered":"Proc\u00e9dures de candidature"},"content":{"rendered":"<div class=\"wpb-content-wrapper\"><p>[vc_row][vc_column][vc_column_text]<span style=\"font-weight: 400;\"><a href=\"#procedures\">Proc\u00e9dures de candidature<\/a><br \/>\n<\/span><span style=\"font-weight: 400;\"><a href=\"#components\">Composantes de la candidature<\/a><br \/>\n<\/span><span style=\"font-weight: 400;\"><a href=\"#considerations\">Autres consid\u00e9rations<\/a><\/span><\/p>\n<h2 id=\"procedures\">Proc\u00e9dures de candidature<\/h2>\n<ul class=\"content-list\">\n<li>Normalement, le cycle de candidature et de s\u00e9lection sera \u00e9tabli de mani\u00e8re \u00e0 ce que les candidats s\u00e9lectionn\u00e9s puissent recevoir leur prix FACP lors du d\u00eener de distinction organis\u00e9 dans le cadre du congr\u00e8s annuel de l&#8217;ACP.<\/li>\n<li>Tout membre en r\u00e8gle de l&#8217;ACP peut soumettre une candidature pour un membre de l&#8217;ACP qui r\u00e9pond aux crit\u00e8res d&#8217;\u00e9ligibilit\u00e9 pour un prix FACP. Les membres peuvent se nommer eux-m\u00eames.<\/li>\n<li style=\"font-weight: 400;\" aria-level=\"1\"><a href=\"https:\/\/services.cap.ca\/medal\/login.php\"><span style=\"font-weight: 400;\">Les candidatures doivent \u00eatre soumises en utilisant le processus de candidature en ligne de l&#8217;ACP.<\/span><\/a><\/li>\n<\/ul>\n<blockquote><p><i><span style=\"font-weight: 400;\">REMARQUE : Les laur\u00e9ats de la m\u00e9daille de l&#8217;ACP pour l&#8217;ensemble de leurs r\u00e9alisations n&#8217;ont pas besoin d&#8217;\u00eatre propos\u00e9s dans le cadre du processus de candidature habituel (voir les informations relatives \u00e0 la MfLA dans <a href=\"https:\/\/cap.ca\/fr\/activites\/programme-de-distinctions\/post-graduate-physicists\/programme-de-fellows\/criteres-devaluation-et-comite-de-selection\/#sc\">la section Consid\u00e9rations sp\u00e9ciales de la page D\u00e9tails du programme\u00a0<\/a>pour conna\u00eetre leur processus de candidature). <\/span><\/i><\/p><\/blockquote>\n<ul class=\"content-list\">\n<li style=\"font-weight: 400;\" aria-level=\"1\">Bien que le syst\u00e8me de candidature de l&#8217;ACP dispose actuellement d&#8217;une interface en anglais uniquement, les candidatures peuvent \u00eatre soumises en anglais ou en fran\u00e7ais. L&#8217;ACP s&#8217;engage \u00e0 assurer un traitement \u00e9quitable des candidatures soumises dans l&#8217;une ou l&#8217;autre des langues officielles.<\/li>\n<li style=\"font-weight: 400;\" aria-level=\"1\"><span style=\"font-weight: 400;\">L&#8217;ACP s&#8217;engage \u00e0 faire en sorte que les personnes charg\u00e9es d&#8217;\u00e9valuer les prix aient une compr\u00e9hension approfondie de l&#8217;impact des pr\u00e9jug\u00e9s afin d&#8217;en tenir compte lors de l&#8217;examen des candidatures. <\/span><a href=\"https:\/\/cap.ca\/blog\/edi\/\"><span style=\"font-weight: 400;\">Cliquez ici pour consulter la d\u00e9claration compl\u00e8te de l&#8217;ACP sur l&#8217;EDI.<\/span><\/a><\/li>\n<li style=\"font-weight: 400;\" aria-level=\"1\">Les pi\u00e8ces justificatives doivent \u00eatre soumises sous forme de fichiers PDF.<\/li>\n<li style=\"font-weight: 400;\" aria-level=\"1\">Les candidatures sont confidentielles pour l&#8217;ACP.<\/li>\n<li style=\"font-weight: 400;\" aria-level=\"1\">Les candidatures sont valables pour trois (3) cycles de candidature.<\/li>\n<li style=\"font-weight: 400;\" aria-level=\"1\">Lors de la soumission, et chaque ann\u00e9e au cours des deux ann\u00e9es restantes du cycle, les auteurs des candidatures DOIVENT v\u00e9rifier\/valider que le dossier de candidature est complet et \u00e0 jour pour que la candidature soit soumise \u00e0 l&#8217;examen du comit\u00e9 de s\u00e9lection.<\/li>\n<\/ul>\n<h2 id=\"components\">Composantes de la candidature<\/h2>\n<p>Sauf indication contraire, une demande compl\u00e8te se compose des \u00e9l\u00e9ments suivants :<\/p>\n<ol class=\"content-list\">\n<li style=\"font-weight: 400;\" aria-level=\"1\"><span style=\"font-weight: 400;\"><strong>La lettre du candidat du FACP.<\/strong> Cette lettre doit \u00eatre r\u00e9dig\u00e9e dans une police de 11 points au minimum et ne doit pas d\u00e9passer deux (2) pages. Cette lettre explique comment le candidat r\u00e9pond aux crit\u00e8res d&#8217;\u00e9ligibilit\u00e9 dans les deux cat\u00e9gories pour lesquelles il devrait \u00eatre pris en consid\u00e9ration. <\/span><\/li>\n<li style=\"font-weight: 400;\" aria-level=\"1\"><strong>Un curriculum vitae<\/strong> du candidat, r\u00e9dig\u00e9 dans une police de 11 points au minimum et ne d\u00e9passant pas huit (8) pages. Il doit mettre en \u00e9vidence les d\u00e9tails du parcours du candidat qui d\u00e9montrent qu&#8217;il satisfait \u00e0 la fois aux crit\u00e8res d&#8217;\u00e9ligibilit\u00e9 et aux crit\u00e8res d&#8217;\u00e9valuation pour chacune des deux cat\u00e9gories de contribution qui constituent la base de la candidature.<\/li>\n<li style=\"font-weight: 400;\" aria-level=\"1\"><strong>Lettres de soutien et de recommandation.<\/strong> Au moins une (et pas plus de deux) lettre de soutien est requise en plus de la lettre de la personne qui propose la candidature. Chaque lettre doit \u00eatre r\u00e9dig\u00e9e dans une police d&#8217;au moins 11 points et ne doit pas d\u00e9passer deux (2) pages. Ces lettres de soutien, combin\u00e9es \u00e0 la lettre du proposant, doivent expliquer pourquoi le candidat m\u00e9rite d&#8217;\u00eatre consid\u00e9r\u00e9 comme membre du FACP et d\u00e9montrent les points forts du candidat dans chacune des deux cat\u00e9gories de contribution au FACP identifi\u00e9es par l&#8217;auteur de la candidature. Les auteurs des candidatures peuvent solliciter des lettres de r\u00e9f\u00e9rence afin d&#8217;obtenir un \u00e9ventail diversifi\u00e9 de points de vue, tels que, mais sans s&#8217;y limiter, diff\u00e9rents niveaux de carri\u00e8re (par exemple, des superviseurs, des coll\u00e8gues, des collaborateurs, des \u00e9tudiants).<\/li>\n<li style=\"font-weight: 400;\" aria-level=\"1\"><strong>Une citation<\/strong> de 25 \u00e0 50 mots adapt\u00e9e \u00e0 la publication si le candidat est s\u00e9lectionn\u00e9 comme r\u00e9cipiendaire de la m\u00e9daille, expliquant la raison pour laquelle le candidat a \u00e9t\u00e9 s\u00e9lectionn\u00e9, qui peut \u00eatre utilis\u00e9e dans l&#8217;annonce des laur\u00e9ats par l&#8217;ACP. REMARQUE : la citation doit \u00eatre soumise au format texte en utilisant la technique du copier-coller dans le formulaire de candidature en ligne.<\/li>\n<\/ol>\n<p>[\/vc_column_text][vc_message]<\/p>\n<p style=\"text-align: left;\"><strong>Note aux auteurs des candidatures et des r\u00e9f\u00e9rences.<\/strong> Lorsque vous r\u00e9digez votre lettre de soutien, veuillez tenir compte des meilleures pratiques suivantes (adapt\u00e9es des lignes directrices et des meilleures pratiques pour les r\u00e9dacteurs de lettres de la Chaire de recherche du Canada) :<\/p>\n<ul class=\"content-list\">\n<li style=\"text-align: left;\">Soyez pr\u00e9cis, juste, clair et \u00e9quilibr\u00e9<\/li>\n<li style=\"text-align: left;\">\u00c9tayez vos propos en donnant, dans la mesure du possible, des exemples pr\u00e9cis de r\u00e9alisations<\/li>\n<li style=\"text-align: left;\">\u00c9vitez de r\u00e9v\u00e9ler des informations personnelles ou de faire r\u00e9f\u00e9rence \u00e0 la vie priv\u00e9e du candidat.<\/li>\n<li style=\"text-align: left;\">Soyez conscient des pr\u00e9jug\u00e9s implicites et \u00e9vitez d&#8217;utiliser un langage tendancieux (plus d&#8217;informations sur Limiter les pr\u00e9jug\u00e9s inconscients).<\/li>\n<li style=\"text-align: left;\">\u00c9viter de rendre les lettres trop personnelles en utilisant des titres formels et professionnels.<\/li>\n<\/ul>\n<p>[\/vc_message][vc_column_text]<\/p>\n<h2 id=\"considerations\">Autres consid\u00e9rations<\/h2>\n<p>Au moment de soumettre le dossier de candidature, il sera demand\u00e9 \u00e0 l&#8217;auteur de la proposition d&#8217;indiquer sp\u00e9cifiquement les deux cat\u00e9gories de contribution qu&#8217;il a identifi\u00e9es pour le candidat, ainsi que la mani\u00e8re dont ce dernier r\u00e9pond aux crit\u00e8res d&#8217;\u00e9ligibilit\u00e9 des membres (voir les crit\u00e8res d&#8217;\u00e9ligibilit\u00e9 pour plus d&#8217;informations ; en cas de doute, vous pouvez contacter l&#8217;ACP pour v\u00e9rifier).<\/p>\n<p>S&#8217;il le souhaite, un proposant peut ouvrir un dossier de candidature et t\u00e9l\u00e9charger les documents au fur et \u00e0 mesure qu&#8217;ils sont disponibles, puis revenir plus tard pour soumettre le reste de la documentation. Il incombe au proposant de s&#8217;assurer qu&#8217;il soumet tous les documents requis avant la date limite indiqu\u00e9e et de valider que le dossier de candidature est complet. Pour tout dossier de candidature qui a \u00e9t\u00e9 ouvert mais qui n&#8217;a pas \u00e9t\u00e9 compl\u00e9t\u00e9 avant la date limite, ou qui pr\u00e9sente une autre lacune identifi\u00e9e, le bureau de l&#8217;ACP contactera le proposant et lui accordera un d\u00e9lai de cinq (5) jours ouvrables pour finaliser son dossier de candidature. Si les informations demand\u00e9es ne sont pas fournies, si elles sont incompl\u00e8tes ou si elles ne sont pas conformes aux exigences, la candidature ne sera pas prise en consid\u00e9ration.<\/p>\n<p>Une fois que l&#8217;auteur de la candidature a soumis tous les documents requis et que le dossier a \u00e9t\u00e9 valid\u00e9 par l&#8217;auteur de la candidature comme \u00e9tant complet, le bureau de l&#8217;ACP v\u00e9rifiera que le candidat remplit les conditions d&#8217;\u00e9ligibilit\u00e9 et le Comit\u00e9 de surveillance du FACP v\u00e9rifiera que le candidat remplit la condition des 10 ans d&#8217;exp\u00e9rience dans le domaine de la physique. L&#8217;auteur de la candidature sera inform\u00e9 que le candidat ne remplit pas ces conditions ou recevra la confirmation que la candidature sera soumise au comit\u00e9 de s\u00e9lection du FACP.<\/p>\n<p>Apr\u00e8s \u00e9valuation, si un candidat est s\u00e9lectionn\u00e9 pour recevoir le prix du FACP, l&#8217;ACP en informera le proposant et le candidat. Le candidat sera invit\u00e9 \u00e0 confirmer qu&#8217;il accepte le prix (la lettre indiquera la date et l&#8217;heure de la c\u00e9r\u00e9monie de distinction) et devra fournir une courte biographie ainsi qu&#8217;une photographie r\u00e9cente. Si la candidature n&#8217;est pas retenue pour recevoir le FACP, seule la personne qui l&#8217;a propos\u00e9e en sera inform\u00e9e.<\/p>\n<p><strong><a href=\"https:\/\/cap.ca\/fr\/activites\/programme-de-distinctions\/post-graduate-physicists\/fellows-program\/details\/\">Passer aux d\u00e9tails du programme<\/a><\/strong>[\/vc_column_text][\/vc_column][\/vc_row]<\/p>\n<\/div>","protected":false},"excerpt":{"rendered":"<p>[vc_row][vc_column][vc_column_text]Proc\u00e9dures de candidature Composantes de la candidature Autres consid\u00e9rations Proc\u00e9dures de candidature Normalement, le cycle de candidature et de s\u00e9lection sera \u00e9tabli de mani\u00e8re \u00e0 ce que les candidats s\u00e9lectionn\u00e9s puissent recevoir leur prix FACP lors du d\u00eener de distinction organis\u00e9 dans le cadre du congr\u00e8s annuel de l&#8217;ACP. Tout membre en r\u00e8gle de l&#8217;ACP&#8230;  <a class=\"excerpt-read-more\" href=\"https:\/\/cap.ca\/fr\/activites\/programme-de-distinctions\/post-graduate-physicists\/fellows-program\/nomination-procedures\/\" title=\"LireProc\u00e9dures de candidature\">Lire la suite &raquo;<\/a><\/p>\n","protected":false},"author":5,"featured_media":0,"parent":22841,"menu_order":38,"comment_status":"closed","ping_status":"closed","template":"","meta":{"footnotes":""},"class_list":["post-22850","page","type-page","status-publish","hentry"],"_links":{"self":[{"href":"https:\/\/cap.ca\/fr\/wp-json\/wp\/v2\/pages\/22850","targetHints":{"allow":["GET"]}}],"collection":[{"href":"https:\/\/cap.ca\/fr\/wp-json\/wp\/v2\/pages"}],"about":[{"href":"https:\/\/cap.ca\/fr\/wp-json\/wp\/v2\/types\/page"}],"author":[{"embeddable":true,"href":"https:\/\/cap.ca\/fr\/wp-json\/wp\/v2\/users\/5"}],"replies":[{"embeddable":true,"href":"https:\/\/cap.ca\/fr\/wp-json\/wp\/v2\/comments?post=22850"}],"version-history":[{"count":11,"href":"https:\/\/cap.ca\/fr\/wp-json\/wp\/v2\/pages\/22850\/revisions"}],"predecessor-version":[{"id":27702,"href":"https:\/\/cap.ca\/fr\/wp-json\/wp\/v2\/pages\/22850\/revisions\/27702"}],"up":[{"embeddable":true,"href":"https:\/\/cap.ca\/fr\/wp-json\/wp\/v2\/pages\/22841"}],"wp:attachment":[{"href":"https:\/\/cap.ca\/fr\/wp-json\/wp\/v2\/media?parent=22850"}],"curies":[{"name":"wp","href":"https:\/\/api.w.org\/{rel}","templated":true}]}}