{"id":22846,"date":"2023-03-17T11:01:55","date_gmt":"2023-03-17T15:01:55","guid":{"rendered":"https:\/\/cap.ca\/?page_id=22846"},"modified":"2025-09-02T16:19:50","modified_gmt":"2025-09-02T20:19:50","slug":"eligibility-requirements","status":"publish","type":"page","link":"https:\/\/cap.ca\/fr\/activites\/programme-de-distinctions\/post-graduate-physicists\/fellows-program\/eligibility-requirements\/","title":{"rendered":"Conditions d&#8217;\u00e9ligibilit\u00e9 et crit\u00e8res d&#8217;\u00e9valuation"},"content":{"rendered":"<p><a href=\"#eligibility\">Conditions d&#8217;\u00e9ligibilit\u00e9<\/a><br \/>\n<a href=\"#criteria\">Crit\u00e8res d&#8217;\u00e9valuation<\/a><\/p>\n<h2 id=\"eligibility\">Conditions d&#8217;\u00e9ligibilit\u00e9<\/h2>\n<p>Le candidat doit avoir au moins 10 ans d&#8217;exp\u00e9rience dans le domaine de la physique.<a style=\"background-color: #ffffff; color: #12344f; outline: 0px;\" href=\"#ft1\"><span style=\"font-size: 12px; line-height: 0; position: relative; vertical-align: baseline; top: -0.5em;\">1<\/span><\/a> et \u00eatre un membre r\u00e9gulier en r\u00e8gle, au moment de la nomination, de l&#8217;un ou l&#8217;autre de ces organismes :<a style=\"background-color: #ffffff;\" href=\"#ft2\"><span style=\"font-size: 12px; line-height: 0; position: relative; vertical-align: baseline; top: -0.5em;\">2<\/span><\/a><\/p>\n<p>(a) avoir \u00e9t\u00e9 membre de l&#8217;ACP pendant cinq ans sans interruption (y compris l&#8217;ann\u00e9e en cours de la candidature) ; ou<br \/>\n(b) avoir \u00e9t\u00e9 membre de l&#8217;ACP pendant au moins six ans au cours des dix derni\u00e8res ann\u00e9es ; ou<br \/>\n(c) avoir \u00e9t\u00e9 membre de l&#8217;ACP pendant au moins dix ans au cours des vingt derni\u00e8res ann\u00e9es.<\/p>\n<p>Toute personne qui envisage de soumettre une candidature mais qui n&#8217;est pas s\u00fbre que le candidat remplisse les conditions d&#8217;adh\u00e9sion peut contacter le coordinateur des adh\u00e9sions \u00e0 l&#8217;ACP (membership@cap.ca) pour confirmer l&#8217;\u00e9ligibilit\u00e9 des membres.<\/p>\n<h2 id=\"criteria\">Crit\u00e8res d&#8217;\u00e9valuation<\/h2>\n<p>L&#8217;ACP peut d\u00e9cerner le prix FACP \u00e0 tout membre de l&#8217;ACP (en r\u00e8gle) qui a apport\u00e9 une contribution significative dans deux des quatre cat\u00e9gories suivantes :<\/p>\n<ul class=\"content-list\">\n<li style=\"font-weight: 400;\" aria-level=\"1\">les services rendus \u00e0 l&#8217;ACP ou \u00e0 la communaut\u00e9 canadienne des physiciens, y compris la sensibilisation \u00e0 la physique<\/li>\n<li style=\"font-weight: 400;\" aria-level=\"1\">un ensemble de travaux d\u00e9montrant des contributions notables \u00e0 la recherche et au d\u00e9veloppement en physique pendant qu&#8217;il travaillait au Canada.<\/li>\n<li style=\"font-weight: 400;\" aria-level=\"1\">un ensemble de travaux d\u00e9montrant des contributions significatives \u00e0 la pratique professionnelle de la physique, de la physique appliqu\u00e9e et de la physique du secteur priv\u00e9.<\/li>\n<li style=\"font-weight: 400;\" aria-level=\"1\">des activit\u00e9s d&#8217;enseignement et\/ou de mentorat, en particulier la formation de PHQ en physique.<\/li>\n<\/ul>\n<p>Les candidats qui remplissent les conditions d&#8217;\u00e9ligibilit\u00e9 ci-dessus et qui sont propos\u00e9s pour le prix du FACP seront \u00e9valu\u00e9s par le comit\u00e9 de s\u00e9lection du FACP en fonction des quatre cat\u00e9gories suivantes, \u00e9galement pond\u00e9r\u00e9es. Pour \u00eatre \u00e9ligible au prix, chaque personne doit avoir apport\u00e9 une contribution significative qui la distingue de ses pairs dans deux cat\u00e9gories.<\/p>\n<h4>Services rendus \u00e0 l&#8217;ACP ou \u00e0 la communaut\u00e9 canadienne des physiciens, y compris la vulgarisation de la physique.<\/h4>\n<p>Les candidats seront \u00e9valu\u00e9s en fonction des services qu&#8217;ils ont rendus \u00e0 l&#8217;ACP ou \u00e0 la communaut\u00e9 canadienne des physiciens. Les contributions comprendront, sans s&#8217;y limiter, des r\u00f4les et des activit\u00e9s tels que :<\/p>\n<ul class=\"content-list\">\n<li style=\"font-weight: 400;\" aria-level=\"1\">Participation \u00e0 des activit\u00e9s visant \u00e0 promouvoir l&#8217;\u00e9quit\u00e9, l&#8217;inclusivit\u00e9 et la diversit\u00e9 en physique, y compris, mais sans s&#8217;y limiter, l&#8217;\u00e9laboration d&#8217;activit\u00e9s de renforcement de la communaut\u00e9.<\/li>\n<li style=\"font-weight: 400;\" aria-level=\"1\">Servir en tant que membre du Conseil d&#8217;administration de l&#8217;ACP ou de la Fondation de l&#8217;ACP, en tant que pr\u00e9sident de comit\u00e9, en tant que membre du Conseil de l&#8217;ACP ou en tant qu&#8217;ex\u00e9cutif d&#8217;une division de l&#8217;ACP.<\/li>\n<li style=\"font-weight: 400;\" aria-level=\"1\">Participation \u00e0 la planification ou \u00e0 l&#8217;ex\u00e9cution du congr\u00e8s de l&#8217;ACP, par exemple en tant que pr\u00e9sident, copr\u00e9sident ou membre du comit\u00e9 scientifique ou du comit\u00e9 local d&#8217;organisation, ou en tant que juge ou pr\u00e9sident de session ou de section.<\/li>\n<li style=\"font-weight: 400;\" aria-level=\"1\">R\u00e9dacteur en chef, r\u00e9dacteur en chef adjoint ou r\u00e9dacteur en chef invit\u00e9.<\/li>\n<li style=\"font-weight: 400;\" aria-level=\"1\">Service \u00e9quivalent au sein d&#8217;une soci\u00e9t\u00e9 canadienne de physique apparent\u00e9e.<\/li>\n<li style=\"font-weight: 400;\" aria-level=\"1\">Service \u00e9quivalent \u00e0 une revue dans laquelle des physiciens canadiens publient r\u00e9guli\u00e8rement.<\/li>\n<li style=\"font-weight: 400;\" aria-level=\"1\">Participation en tant que juge \u00e0 des foires scientifiques locales, provinciales ou nationales.<\/li>\n<li style=\"font-weight: 400;\" aria-level=\"1\">Contribution significative \u00e0 des initiatives de sensibilisation.<\/li>\n<\/ul>\n<h4>Contributions \u00e0 la recherche et au d\u00e9veloppement dans le domaine de la physique dans le cadre d&#8217;un emploi au Canada<\/h4>\n<p><span style=\"font-weight: 400;\">Les candidats seront \u00e9valu\u00e9s en fonction de leurs contributions scientifiques et techniques \u00e0 la recherche et au d\u00e9veloppement dans le domaine de la physique.<\/span><a style=\"background-color: #ffffff; color: #12344f; outline: 0px;\" href=\"#ft3\"><span style=\"font-size: 12px; line-height: 0; position: relative; vertical-align: baseline; top: -0.5em;\">3<\/span><\/a> Cette \u00e9valuation se fondera sur les contributions du candidat, y compris, mais sans s&#8217;y limiter, les \u00e9l\u00e9ments suivants :<\/p>\n<ul class=\"content-list\">\n<li style=\"font-weight: 400;\" aria-level=\"1\">Preuve de r\u00e9alisations scientifiques et techniques significatives dans le domaine de la recherche et du d\u00e9veloppement. Il peut s&#8217;agir, par exemple, du d\u00e9veloppement d&#8217;installations et de capacit\u00e9s de recherche en physique (un exemple serait le d\u00e9veloppement d&#8217;installations \u00e0 faible bruit de fond et de techniques d&#8217;analyse pour des projets de laboratoire).<\/li>\n<li style=\"font-weight: 400;\" aria-level=\"1\">La valeur et l&#8217;impact de tous les r\u00e9sultats de la recherche (y compris les ensembles de donn\u00e9es et les logiciels) en plus des publications de recherche ; il sera tenu compte d&#8217;un large \u00e9ventail de mesures d&#8217;impact, y compris des indicateurs qualitatifs de l&#8217;impact de la recherche, tels que l&#8217;influence sur la politique et la pratique.3<\/li>\n<li style=\"font-weight: 400;\" aria-level=\"1\">Pr\u00e9sentations \u00e0 des conf\u00e9rences, colloques et s\u00e9minaires sur invitation.<\/li>\n<li style=\"font-weight: 400;\" aria-level=\"1\">Honneurs, citations, certificats, prix et autres distinctions pour leurs recherches.<\/li>\n<li style=\"font-weight: 400;\" aria-level=\"1\">Autres preuves des contributions \u00e0 la recherche et de l&#8217;impact qui distinguent le candidat de ses pairs.<\/li>\n<\/ul>\n<h4>Contributions \u00e0 la pratique professionnelle de la physique, \u00e0 la physique appliqu\u00e9e et \u00e0 la physique du secteur priv\u00e9<\/h4>\n<p>Les candidats seront \u00e9valu\u00e9s pour leurs services et leurs contributions \u00e0 la pratique professionnelle de la physique, de la physique appliqu\u00e9e et de la physique du secteur priv\u00e9 par le biais de r\u00e9alisations dans des domaines tels que, mais sans s&#8217;y limiter, les suivants :<\/p>\n<ul class=\"content-list\">\n<li style=\"font-weight: 400;\" aria-level=\"1\">Activit\u00e9s de soutien \u00e0 la certification professionnelle.<\/li>\n<li style=\"font-weight: 400;\" aria-level=\"1\">Preuve d&#8217;une gestion clinique, entrepreneuriale ou scientifique significative dans le domaine de la physique.<\/li>\n<li style=\"font-weight: 400;\" aria-level=\"1\">Travail b\u00e9n\u00e9vole visant \u00e0 promouvoir la profession de physicien.<\/li>\n<li style=\"font-weight: 400;\" aria-level=\"1\">Preuve de services rendus \u00e0 la communaut\u00e9 des physiciens en tant qu&#8217;\u00e9diteur, \u00e9valuateur de manuscrits ou de subventions.<\/li>\n<li style=\"font-weight: 400;\" aria-level=\"1\">Contributions significatives \u00e0 la communaut\u00e9 internationale des physiciens.<\/li>\n<li style=\"font-weight: 400;\" aria-level=\"1\">Services rendus \u00e0 d&#8217;autres soci\u00e9t\u00e9s canadiennes dans des domaines connexes.<\/li>\n<li style=\"font-weight: 400;\" aria-level=\"1\">Participation \u00e0 des comit\u00e9s nationaux et internationaux li\u00e9s \u00e0 la physique, tels que les comit\u00e9s de s\u00e9lection des bourses ou des prix, ou les comit\u00e9s d&#8217;\u00e9valuation des normes et des technologies.<\/li>\n<li style=\"font-weight: 400;\" aria-level=\"1\">Participation \u00e0 des activit\u00e9s visant \u00e0 accro\u00eetre la visibilit\u00e9 et le soutien de la physique au sein des gouvernements ou d&#8217;autres organismes de gouvernance ou de financement.<\/li>\n<li style=\"font-weight: 400;\" aria-level=\"1\">Participation \u00e0 des activit\u00e9s visant \u00e0 promouvoir l&#8217;\u00e9quit\u00e9 et l&#8217;inclusion dans le domaine de la physique.<\/li>\n<li style=\"font-weight: 400;\" aria-level=\"1\">Distinctions honorifiques, citations, certificats, prix et autres reconnaissances de l&#8217;excellence professionnelle.<\/li>\n<li style=\"font-weight: 400;\" aria-level=\"1\">Autres preuves de contributions professionnelles.<\/li>\n<\/ul>\n<h4>Contributions aux activit\u00e9s de vulgarisation ou d&#8217;enseignement de la physique et\/ou au mentorat, en particulier \u00e0 la formation de personnel hautement qualifi\u00e9 (PHQ) en physique.<\/h4>\n<p>Les candidats seront \u00e9valu\u00e9s pour leurs services et leurs contributions \u00e0 l&#8217;\u00e9ducation, au mentorat et\/ou \u00e0 la formation des physiciens et des professions connexes par le biais d&#8217;activit\u00e9s telles que, mais sans s&#8217;y limiter, les suivantes :<\/p>\n<ul class=\"content-list\">\n<li style=\"font-weight: 400;\" aria-level=\"1\">Preuve de contributions significatives \u00e0 l&#8217;enseignement de la physique (ou de sujets li\u00e9s \u00e0 la physique).<\/li>\n<li style=\"font-weight: 400;\" aria-level=\"1\">Emploi en tant que professeur, conf\u00e9rencier ou enseignant de physique ou de sujets li\u00e9s \u00e0 la physique.<\/li>\n<li style=\"font-weight: 400;\" aria-level=\"1\">R\u00f4le de leadership dans le d\u00e9veloppement et\/ou la gestion d&#8217;un programme d&#8217;\u00e9tudes sup\u00e9rieures ou d&#8217;un programme de premier cycle en physique.<\/li>\n<li style=\"font-weight: 400;\" aria-level=\"1\">Supervision d&#8217;\u00e9tudiants \u00e0 tous les niveaux de leur formation (premier cycle, deuxi\u00e8me cycle et Fellow postdoctoral) ainsi que de r\u00e9sidents\/stagiaires, en particulier lorsque ces \u00e9tudiants\/r\u00e9sidents ont remport\u00e9 des prix ou ont excell\u00e9 dans leur carri\u00e8re de physicien.<\/li>\n<li style=\"font-weight: 400;\" aria-level=\"1\">Mentorat d&#8217;\u00e9tudiants, de jeunes professeurs, de membres du personnel, de coll\u00e8gues ou d&#8217;autres personnes au sein de la communaut\u00e9 canadienne de la physique afin de les aider dans leur parcours professionnel.<\/li>\n<li style=\"font-weight: 400;\" aria-level=\"1\">Participation \u00e0 des activit\u00e9s visant \u00e0 promouvoir l&#8217;\u00e9quit\u00e9 et l&#8217;inclusion en physique, y compris le mentorat ou l&#8217;\u00e9laboration de programmes visant \u00e0 soutenir les membres sous-repr\u00e9sent\u00e9s de la communaut\u00e9 des physiciens.<\/li>\n<li style=\"font-weight: 400;\" aria-level=\"1\">Contribution importante \u00e0 des ateliers de formation et \u00e0 des symposiums \u00e9ducatifs.<\/li>\n<li style=\"font-weight: 400;\" aria-level=\"1\">Soutien \u00e0 la participation d&#8217;\u00e9tudiants de premier et de deuxi\u00e8me cycle \u00e0 des conf\u00e9rences scientifiques.<\/li>\n<li style=\"font-weight: 400;\" aria-level=\"1\">\u00c9laboration de cours sp\u00e9cialis\u00e9s, d&#8217;ateliers de formation ou d&#8217;activit\u00e9s connexes.<\/li>\n<li style=\"font-weight: 400;\" aria-level=\"1\">Distinctions, citations, certificats, prix et autres reconnaissances pour l&#8217;excellence de l&#8217;enseignement.<\/li>\n<li style=\"font-weight: 400;\" aria-level=\"1\">Autres preuves de contributions en mati\u00e8re d&#8217;\u00e9ducation, de mentorat et de sensibilisation.<\/li>\n<\/ul>\n<p><strong><a href=\"https:\/\/cap.ca\/fr\/activites\/programme-de-distinctions\/post-graduate-physicists\/programme-de-fellows\/materiel-et-processus-de-nomination-des-boursiers\/\">Continuer vers Proc\u00e9dures de candidature des Fellow<\/a><\/strong><\/p>\n<p><span id=\"ft1\" style=\"font-weight: 400;\"><sup>1<\/sup>Le Comit\u00e9 de surveillance des prix du FACP est charg\u00e9 de d\u00e9terminer si une candidature r\u00e9pond aux crit\u00e8res d&#8217;\u00e9ligibilit\u00e9 en mati\u00e8re d&#8217;exp\u00e9rience avant que la candidature ne soit soumise \u00e0 l&#8217;examen du Comit\u00e9 de s\u00e9lection. <\/span><\/p>\n<p><span id=\"ft2\" style=\"font-weight: 400;\"><sup>2<\/sup>Le bureau de l&#8217;ACP est charg\u00e9 de d\u00e9terminer si une candidature remplit les conditions d&#8217;\u00e9ligibilit\u00e9 avant de la soumettre \u00e0 l&#8217;examen du Comit\u00e9 de s\u00e9lection.<\/span><\/p>\n<p><span id=\"ft3\" style=\"font-weight: 400;\"><sup>3<\/sup>Voir les lignes directrices du CRSNG sur l&#8217;\u00e9valuation des contributions \u00e0 la recherche.<\/span><\/p>\n","protected":false},"excerpt":{"rendered":"<p>Conditions d&#8217;\u00e9ligibilit\u00e9 Crit\u00e8res d&#8217;\u00e9valuation Conditions d&#8217;\u00e9ligibilit\u00e9 Le candidat doit avoir au moins 10 ans d&#8217;exp\u00e9rience dans le domaine de la physique.1 et \u00eatre un membre r\u00e9gulier en r\u00e8gle, au moment de la nomination, de l&#8217;un ou l&#8217;autre de ces organismes :2 (a) avoir \u00e9t\u00e9 membre de l&#8217;ACP pendant cinq ans sans interruption (y compris l&#8217;ann\u00e9e&#8230;  <a class=\"excerpt-read-more\" href=\"https:\/\/cap.ca\/fr\/activites\/programme-de-distinctions\/post-graduate-physicists\/fellows-program\/eligibility-requirements\/\" title=\"LireConditions d&#8217;\u00e9ligibilit\u00e9 et crit\u00e8res d&#8217;\u00e9valuation\">Lire la suite &raquo;<\/a><\/p>\n","protected":false},"author":5,"featured_media":0,"parent":22841,"menu_order":35,"comment_status":"closed","ping_status":"closed","template":"","meta":{"footnotes":""},"class_list":["post-22846","page","type-page","status-publish","hentry"],"_links":{"self":[{"href":"https:\/\/cap.ca\/fr\/wp-json\/wp\/v2\/pages\/22846","targetHints":{"allow":["GET"]}}],"collection":[{"href":"https:\/\/cap.ca\/fr\/wp-json\/wp\/v2\/pages"}],"about":[{"href":"https:\/\/cap.ca\/fr\/wp-json\/wp\/v2\/types\/page"}],"author":[{"embeddable":true,"href":"https:\/\/cap.ca\/fr\/wp-json\/wp\/v2\/users\/5"}],"replies":[{"embeddable":true,"href":"https:\/\/cap.ca\/fr\/wp-json\/wp\/v2\/comments?post=22846"}],"version-history":[{"count":7,"href":"https:\/\/cap.ca\/fr\/wp-json\/wp\/v2\/pages\/22846\/revisions"}],"predecessor-version":[{"id":27701,"href":"https:\/\/cap.ca\/fr\/wp-json\/wp\/v2\/pages\/22846\/revisions\/27701"}],"up":[{"embeddable":true,"href":"https:\/\/cap.ca\/fr\/wp-json\/wp\/v2\/pages\/22841"}],"wp:attachment":[{"href":"https:\/\/cap.ca\/fr\/wp-json\/wp\/v2\/media?parent=22846"}],"curies":[{"name":"wp","href":"https:\/\/api.w.org\/{rel}","templated":true}]}}