{"id":22841,"date":"2023-03-17T10:58:56","date_gmt":"2023-03-17T14:58:56","guid":{"rendered":"https:\/\/cap.ca\/?page_id=22841"},"modified":"2025-08-18T12:34:07","modified_gmt":"2025-08-18T16:34:07","slug":"fellows-program","status":"publish","type":"page","link":"https:\/\/cap.ca\/fr\/activites\/programme-de-distinctions\/post-graduate-physicists\/fellows-program\/","title":{"rendered":"Programme des Fellow de l&#8217;ACP"},"content":{"rendered":"<div class=\"wpb-content-wrapper\"><p>[vc_row][\/vc_row][vc_column][\/vc_column][vc_single_image image=&#8221;21572&#8243; img_size=&#8221;full&#8221; onclick=&#8221;custom_link&#8221; img_link_target=&#8221;_blank&#8221; link=&#8221;https:\/\/cap.ca\/fr\/edi\/&#8221;][vc_column_text]<\/p>\n<h2>Programme des Fellow de l&#8217;ACP<\/h2>\n<p>Le programme de bourses de l&#8217;ACP reconna\u00eet les membres de l&#8217;ACP qui ont apport\u00e9 des contributions significatives \u00e0 la communaut\u00e9 canadienne de la physique. Le programme a \u00e9t\u00e9 lanc\u00e9 en 2022 lorsque les bourses inaugurales ont \u00e9t\u00e9 attribu\u00e9es \u00e0 Art McDonald et Donna Strickland. L&#8217;objectif annuel pour les nouvelles nominations au FACP est de 1 % des membres de l&#8217;ACP, y compris les membres \u00e0 part enti\u00e8re, les membres conjoints et les membres \u00e9trangers, o\u00f9 l&#8217;effectif complet ne devrait pas d\u00e9passer 10 % des membres \u00e0 part enti\u00e8re.<\/p>\n<p>Les candidats doivent d\u00e9montrer des contributions significatives dans deux des quatre cat\u00e9gories suivantes :<\/p>\n<ul class=\"content-list\">\n<li style=\"font-weight: 400;\" aria-level=\"1\">les services rendus \u00e0 l&#8217;ACP ou \u00e0 la communaut\u00e9 canadienne des physiciens, y compris la sensibilisation \u00e0 la physique.<\/li>\n<li style=\"font-weight: 400;\" aria-level=\"1\">un ensemble de travaux d\u00e9montrant des contributions notables \u00e0 la recherche et au d\u00e9veloppement en physique pendant qu&#8217;il travaillait au Canada,<\/li>\n<li style=\"font-weight: 400;\" aria-level=\"1\">un ensemble de travaux d\u00e9montrant des contributions significatives \u00e0 la pratique professionnelle de la physique, \u00e0 la physique appliqu\u00e9e et \u00e0 la physique du secteur priv\u00e9, et<\/li>\n<li style=\"font-weight: 400;\" aria-level=\"1\">des activit\u00e9s \u00e9ducatives et\/ou de mentorat, en particulier la formation de PHQ en physique.<\/li>\n<\/ul>\n<p><span style=\"font-weight: 400;\">Les membres ayant re\u00e7u cette distinction utiliseront le titre de FACP<\/span><span style=\"font-weight: 400;\">. \u00a0 <\/span><\/p>\n<p>Pour plus d&#8217;informations sur les crit\u00e8res et les proc\u00e9dures associ\u00e9s \u00e0 ce programme, veuillez utiliser les liens suivants :<\/p>\n<blockquote>\n<h4><strong><a href=\"https:\/\/cap.ca\/fr\/activites\/programme-de-distinctions\/post-graduate-physicists\/fellows-program\/eligibility-requirements\/\">Conditions d\u2019\u00e9ligibilit\u00e9 et crit\u00e8res d\u2019\u00e9valuation<\/a><\/strong><br \/>\n<strong><a href=\"https:\/\/cap.ca\/fr\/activites\/programme-de-distinctions\/post-graduate-physicists\/fellows-program\/nomination-procedures\/\">Proc\u00e9dures de candidature<\/a><br \/>\n<a href=\"https:\/\/cap.ca\/fr\/activites\/programme-de-distinctions\/post-graduate-physicists\/programme-de-fellows\/details\/\">D\u00e9tails du programme<\/a><br \/>\n<\/strong><\/h4>\n<\/blockquote>\n<table style=\"border-collapse: collapse; width: 100%;\">\n<tbody>\n<tr>\n<td style=\"width: 50%;\">\n<p style=\"text-align: center;\"><strong>Vous connaissez un candidat digne de ce<br \/>\n<\/strong><strong>prix ?<\/strong><\/p>\n<p style=\"text-align: center;\">Cliquez ci-dessous pour acc\u00e9der au syst\u00e8me de candidature aux distinctions. Toute question concernant le processus de candidature doit \u00eatre envoy\u00e9e \u00e0 l&#8217;ACP \u00e0 l&#8217;adresse suivante : programs@cap.ca<\/p>\n<h4 style=\"text-align: center;\">Les prochains Fellow seront<br \/>\nnomm\u00e9s en 2024.<\/h4>\n<p style=\"text-align: center;\"><a class=\"green-btn\" href=\"https:\/\/services.cap.ca\/medal\/login.php\">Visit RECOGNITION Nomination System<\/a><\/p>\n<\/td>\n<td style=\"width: 50%;\">&nbsp;<\/p>\n<h3 style=\"text-align: center;\">2025 Fellows<\/h3>\n<p style=\"text-align: center;\"><strong>Douglas Bryman |<\/strong> University of British Columbia<br \/>\n<strong>Sarah Gallagher |<\/strong> Western University<br \/>\n<strong>Bruce Gaulin |<\/strong> McMaster University<br \/>\n<strong><span class=\"name\">Shohini Ghose |<\/span><\/strong> Wilfrid Laurier University<br \/>\n<strong><span class=\"name\">Darren Grant | <\/span><\/strong>Simon Fraser University<br \/>\n<strong><span class=\"name\">B\u00e9la Jo\u00f3s |<\/span> <\/strong><span class=\"institute\">Universit\u00e9 d&#8217;Ottawa<\/span><br \/>\n<strong><span class=\"name\">Gwen Grinyer |<\/span><\/strong>\u00a0<span class=\"institute\">University of Regina<\/span><br \/>\n<strong><span class=\"name\">Norman Murray |<\/span>\u00a0<\/strong><span class=\"institute\">Canadian Institute for Theoretical Astrophysics<\/span><br \/>\n<strong><span class=\"name\">Pekka Sinervo |<\/span><\/strong> <span class=\"institute\">University of Toronto<\/span><br \/>\n<strong><span class=\"name\">Louis Taillefer\u00a0|<\/span><\/strong> Universit\u00e9 de Sherbrooke<br \/>\n<strong><span class=\"name\">Andr\u00e9-Marie Tremblay |<\/span><\/strong> Universit\u00e9 de Sherbrooke<\/p>\n<\/td>\n<\/tr>\n<\/tbody>\n<\/table>\n<p>Les candidatures sont confidentielles pour l&#8217;ACP. Chaque dossier de candidature est valable pendant trois ans, mais doit \u00eatre r\u00e9examin\u00e9 chaque ann\u00e9e et, le cas \u00e9ch\u00e9ant, mis \u00e0 jour (p. ex. c.v.) pour rester actif.<\/p>\n<p>Les dossiers de candidature peuvent \u00eatre soumis en anglais ou en fran\u00e7ais. L&#8217;ACP s&#8217;engage \u00e0 veiller \u00e0 ce que les candidatures soumises dans l&#8217;une ou l&#8217;autre des langues officielles soient trait\u00e9es de mani\u00e8re \u00e9quitable.<\/p>\n<p>Toute personne ayant besoin d&#8217;aide pour soumettre une candidature peut contacter le bureau de l&#8217;ACP \u00e0 l&#8217;adresse suivante : programs@cap.ca.<\/p>\n<\/div>","protected":false},"excerpt":{"rendered":"<p>[vc_row][\/vc_row][vc_column][\/vc_column][vc_single_image image=&#8221;21572&#8243; img_size=&#8221;full&#8221; onclick=&#8221;custom_link&#8221; img_link_target=&#8221;_blank&#8221; link=&#8221;https:\/\/cap.ca\/fr\/edi\/&#8221;][vc_column_text] Programme des Fellow de l&#8217;ACP Le programme de bourses de l&#8217;ACP reconna\u00eet les membres de l&#8217;ACP qui ont apport\u00e9 des contributions significatives \u00e0 la communaut\u00e9 canadienne de la physique. Le programme a \u00e9t\u00e9 lanc\u00e9 en 2022 lorsque les bourses inaugurales ont \u00e9t\u00e9 attribu\u00e9es \u00e0 Art McDonald et Donna Strickland&#8230;.  <a class=\"excerpt-read-more\" href=\"https:\/\/cap.ca\/fr\/activites\/programme-de-distinctions\/post-graduate-physicists\/fellows-program\/\" title=\"LireProgramme des Fellow de l&#8217;ACP\">Lire la suite &raquo;<\/a><\/p>\n","protected":false},"author":5,"featured_media":0,"parent":23649,"menu_order":0,"comment_status":"closed","ping_status":"closed","template":"","meta":{"footnotes":""},"class_list":["post-22841","page","type-page","status-publish","hentry"],"_links":{"self":[{"href":"https:\/\/cap.ca\/fr\/wp-json\/wp\/v2\/pages\/22841","targetHints":{"allow":["GET"]}}],"collection":[{"href":"https:\/\/cap.ca\/fr\/wp-json\/wp\/v2\/pages"}],"about":[{"href":"https:\/\/cap.ca\/fr\/wp-json\/wp\/v2\/types\/page"}],"author":[{"embeddable":true,"href":"https:\/\/cap.ca\/fr\/wp-json\/wp\/v2\/users\/5"}],"replies":[{"embeddable":true,"href":"https:\/\/cap.ca\/fr\/wp-json\/wp\/v2\/comments?post=22841"}],"version-history":[{"count":14,"href":"https:\/\/cap.ca\/fr\/wp-json\/wp\/v2\/pages\/22841\/revisions"}],"predecessor-version":[{"id":27604,"href":"https:\/\/cap.ca\/fr\/wp-json\/wp\/v2\/pages\/22841\/revisions\/27604"}],"up":[{"embeddable":true,"href":"https:\/\/cap.ca\/fr\/wp-json\/wp\/v2\/pages\/23649"}],"wp:attachment":[{"href":"https:\/\/cap.ca\/fr\/wp-json\/wp\/v2\/media?parent=22841"}],"curies":[{"name":"wp","href":"https:\/\/api.w.org\/{rel}","templated":true}]}}