{"id":22808,"date":"2023-03-15T13:32:23","date_gmt":"2023-03-15T17:32:23","guid":{"rendered":"https:\/\/cap.ca\/congres-de-lacp\/congres-2023\/local-information-for-travel-to-fredericton\/"},"modified":"2023-05-10T11:34:45","modified_gmt":"2023-05-10T15:34:45","slug":"local-information-for-travel-to-fredericton","status":"publish","type":"page","link":"https:\/\/cap.ca\/fr\/congres-de-lacp\/congres-anterieurs\/congres-2023\/local-information-for-travel-to-fredericton\/","title":{"rendered":"Informations locales pour se rendre \u00e0 Fredericton"},"content":{"rendered":"<p>Le Comit\u00e9 local d&#8217;organisation a cr\u00e9\u00e9 plusieurs pages d&#8217;informations susceptibles d&#8217;int\u00e9resser tout d\u00e9l\u00e9gu\u00e9 participant au Congr\u00e8s en personne.\u00a0 Les questions, commentaires ou demandes d&#8217;informations compl\u00e9mentaires doivent \u00eatre adress\u00e9s \u00e0 notre coordinateur du CLO, Ben Newling. (<a href=\"mailto:bnewling@unb.ca\">bnewling@unb.ca<\/a>)<\/p>\n<p><a href=\"https:\/\/cap.ca\/fr\/congres-de-lacp\/congres-2023\/local-information-for-travel-to-fredericton\/restaurants-and-pubs\/\">Restaurants et pubs<\/a><\/p>\n<p><a href=\"https:\/\/cap.ca\/fr\/congres-de-lacp\/congres-2023\/local-information-for-travel-to-fredericton\/things-to-do-in-fredericton\/\">Activit\u00e9s \u00e0 faire \u00e0 Fredericton<\/a><\/p>\n<p class=\"page-title\"><a href=\"https:\/\/cap.ca\/fr\/congres-de-lacp\/congres-2023\/local-information-for-travel-to-fredericton\/transportation-to-unb\/\">Transport vers l\u2019UNB<\/a><\/p>\n<p class=\"page-title\"><a href=\"https:\/\/cap.ca\/fr\/congres-de-lacp\/congres-2023\/local-information-for-travel-to-fredericton\/covid-19-regulations-security-on-campus\/\">R\u00e8glement Covid-19 et s\u00e9curit\u00e9 sur le campus<\/a><\/p>\n<p>&nbsp;<\/p>\n","protected":false},"excerpt":{"rendered":"<p>Le Comit\u00e9 local d&#8217;organisation a cr\u00e9\u00e9 plusieurs pages d&#8217;informations susceptibles d&#8217;int\u00e9resser tout d\u00e9l\u00e9gu\u00e9 participant au Congr\u00e8s en personne.\u00a0 Les questions, commentaires ou demandes d&#8217;informations compl\u00e9mentaires doivent \u00eatre adress\u00e9s \u00e0 notre coordinateur du CLO, Ben Newling. (bnewling@unb.ca) Restaurants et pubs Activit\u00e9s \u00e0 faire \u00e0 Fredericton Transport vers l\u2019UNB R\u00e8glement Covid-19 et s\u00e9curit\u00e9 sur le campus &nbsp;<\/p>\n","protected":false},"author":5,"featured_media":0,"parent":21449,"menu_order":43,"comment_status":"closed","ping_status":"closed","template":"","meta":{"footnotes":""},"class_list":["post-22808","page","type-page","status-publish","hentry"],"_links":{"self":[{"href":"https:\/\/cap.ca\/fr\/wp-json\/wp\/v2\/pages\/22808","targetHints":{"allow":["GET"]}}],"collection":[{"href":"https:\/\/cap.ca\/fr\/wp-json\/wp\/v2\/pages"}],"about":[{"href":"https:\/\/cap.ca\/fr\/wp-json\/wp\/v2\/types\/page"}],"author":[{"embeddable":true,"href":"https:\/\/cap.ca\/fr\/wp-json\/wp\/v2\/users\/5"}],"replies":[{"embeddable":true,"href":"https:\/\/cap.ca\/fr\/wp-json\/wp\/v2\/comments?post=22808"}],"version-history":[{"count":5,"href":"https:\/\/cap.ca\/fr\/wp-json\/wp\/v2\/pages\/22808\/revisions"}],"predecessor-version":[{"id":23067,"href":"https:\/\/cap.ca\/fr\/wp-json\/wp\/v2\/pages\/22808\/revisions\/23067"}],"up":[{"embeddable":true,"href":"https:\/\/cap.ca\/fr\/wp-json\/wp\/v2\/pages\/21449"}],"wp:attachment":[{"href":"https:\/\/cap.ca\/fr\/wp-json\/wp\/v2\/media?parent=22808"}],"curies":[{"name":"wp","href":"https:\/\/api.w.org\/{rel}","templated":true}]}}