{"id":22806,"date":"2023-03-15T13:47:07","date_gmt":"2023-03-15T17:47:07","guid":{"rendered":"https:\/\/cap.ca\/?page_id=22806"},"modified":"2023-03-15T13:47:22","modified_gmt":"2023-03-15T17:47:22","slug":"transportation-to-unb","status":"publish","type":"page","link":"https:\/\/cap.ca\/fr\/congres-de-lacp\/congres-anterieurs\/congres-2023\/local-information-for-travel-to-fredericton\/transportation-to-unb\/","title":{"rendered":"Transport vers l&#8217;UNB"},"content":{"rendered":"<div class=\"wpb-content-wrapper\"><p>[vc_row][vc_column width=&#8221;1\/2&#8243;][vc_column_text]Fredericton est le campus d&#8217;origine de l&#8217;UNB, datant de 1785, et l&#8217;un des plus beaux campus du pays avec son architecture g\u00e9orgienne en briques rouges et couverte de lierre et son paysage luxuriant. Situ\u00e9e sur les rives du fleuve Saint-Jean, Fredericton est la capitale du Nouveau-Brunswick. Le campus est suffisamment petit pour que l&#8217;on puisse s&#8217;y rendre \u00e0 pied, mais il est construit sur une colline. Les lieux de congr\u00e8s se trouvent \u00e0 des hauteurs comparables sur la colline.<\/p>\n<p>En tant que capitale provinciale, Fredericton est \u00e9galement le centre d&#8217;une vari\u00e9t\u00e9 d&#8217;agences gouvernementales provinciales et f\u00e9d\u00e9rales, ainsi que de l&#8217;enseignement sup\u00e9rieur, de la recherche et de l&#8217;innovation. Ses caf\u00e9s anim\u00e9s, ses spectacles nocturnes, ses th\u00e9\u00e2tres, ses sports et ses festivals font du centre-ville de Fredericton un centre vivant, \u00e0 seulement 10 minutes de marche du campus.[\/vc_column_text][\/vc_column][vc_column width=&#8221;1\/2&#8243;][vc_gmaps link=&#8221;#E-8_JTNDaWZyYW1lJTIwc3JjJTNEJTIyaHR0cHMlM0ElMkYlMkZ3d3cuZ29vZ2xlLmNvbSUyRm1hcHMlMkZlbWJlZCUzRnBiJTNEJTIxMW0xNCUyMTFtOCUyMTFtMyUyMTFkMTM0Ny42MDUxMzQ4MzYxNjYxJTIxMmQtNjYuNjQxNzE1MTkyNzY4ODglMjEzZDQ1Ljk0NzU2Nzg2MTc3NjAxJTIxM20yJTIxMWkxMDI0JTIxMmk3NjglMjE0ZjEzLjElMjEzbTMlMjExbTIlMjExczB4NGNhNDIyMGZmM2RhZTA3MyUyNTNBMHhiMDQ2YjJmMGZiODU2ZmYyJTIxMnM4JTI1MjBCYWlsZXklMjUyMERyJTI1MkMlMjUyMEZyZWRlcmljdG9uJTI1MkMlMjUyME5CJTI1MjBFM0IlMjUyMDJUNSUyMTVlMCUyMTNtMiUyMTFzZW4lMjEyc2NhJTIxNHYxNjc0NzQ3NTI4MDUyJTIxNW0yJTIxMXNlbiUyMTJzY2ElMjIlMjB3aWR0aCUzRCUyMjYwMCUyMiUyMGhlaWdodCUzRCUyMjQ1MCUyMiUyMHN0eWxlJTNEJTIyYm9yZGVyJTNBMCUzQiUyMiUyMGFsbG93ZnVsbHNjcmVlbiUzRCUyMiUyMiUyMGxvYWRpbmclM0QlMjJsYXp5JTIyJTIwcmVmZXJyZXJwb2xpY3klM0QlMjJuby1yZWZlcnJlci13aGVuLWRvd25ncmFkZSUyMiUzRSUzQyUyRmlmcmFtZSUzRQ==&#8221;][\/vc_column][\/vc_row][vc_row][vc_column][vc_column_text]<\/p>\n<h2>Stationnement sur le campus<\/h2>\n<p>Le stationnement est gratuit (avec un laissez-passer, plus de d\u00e9tails seront fournis lors de l&#8217;inscription) dans n&#8217;importe quelle place r\u00e9serv\u00e9e au personnel, aux \u00e9tudiants ou au grand public sur le campus pendant le Congr\u00e8s.[\/vc_column_text][vc_separator border_width=&#8221;5&#8243;][vc_column_text]<\/p>\n<h2>Transport \u00e0 Fredericton<\/h2>\n<p>Fredericton est accessible en voiture, en bus ou en avion. Il n&#8217;y a pas de train pour Fredericton, mais vous pouvez rejoindre Moncton ou Miramichi en train et continuer jusqu&#8217;\u00e0 Fredericton en bus.<\/p>\n<h4>Voyage en voiture<\/h4>\n<p>Fredericton se trouve sur la route provinciale 2 du Nouveau-Brunswick, qui est \u00e0 peu pr\u00e8s \u00e0 la m\u00eame distance :<\/p>\n<ul class=\"content-list\">\n<li>\u00e0 3 heures de route de Charlottetown, PEI<\/li>\n<li>\u00e0 4 heures de route de Halifax (Nouvelle-\u00c9cosse)<\/li>\n<li>\u00e0 2,5 heures de route d&#8217;Edmundston, NB, \u00e0 la fronti\u00e8re du Qu\u00e9bec<\/li>\n<\/ul>\n<p>Coordonn\u00e9es GPS (parking le plus proche des b\u00e2timents du Congr\u00e8s) : 45.94765775277395, -66.63800411222442<\/p>\n<p><a href=\"https:\/\/goo.gl\/maps\/nFmd6WtYgpzVowoB8\">Cliquez ici pour obtenir l&#8217;itin\u00e9raire sur Google Maps<\/a><\/p>\n<h4>Voyage en bus<\/h4>\n<p>La gare routi\u00e8re de Maritime Bus se trouve au 105, rue Dundonald, \u00e0 Fredericton. <a href=\"https:\/\/maritimebus.com\/en\/locations\/bus-stops-new-brunswick\/fredericton\">Cliquez ici pour plus d&#8217;informations.<\/a><\/p>\n<h4>Voyage par avion<\/h4>\n<p>Les liaisons a\u00e9riennes se font via Toronto, Montr\u00e9al et Halifax. L&#8217;a\u00e9roport international de Fredericton se trouve \u00e0 environ 15 minutes en voiture du centre-ville de Fredericton.\u00a0<a href=\"https:\/\/yfcfredericton.ca\/transportation\/ground-transportation-services\/\">Cliquez ici pour plus d&#8217;informations sur les voitures de location disponibles \u00e0 l&#8217;a\u00e9roport.<\/a>[\/vc_column_text][vc_separator border_width=&#8221;5&#8243;][vc_column_text]<\/p>\n<h2>Voyager \u00e0 Fredericton<\/h2>\n<p><a href=\"https:\/\/www.downtownfredericton.ca\/\">Le centre-ville de Fredericton<\/a> est une zone o\u00f9 l&#8217;on peut se rendre \u00e0 pied. Le campus se trouve \u00e0 environ 15-30 minutes de marche du centre-ville.<\/p>\n<h4>Services de taxi<\/h4>\n<p>Il n&#8217;y a pas d&#8217;entreprise de covoiturage \u00e0 Fredericton, mais des taxis sont disponibles. Le campus de l&#8217;UNB, la gare routi\u00e8re, le Crown Plaza et le Hilton Garden Inn sont situ\u00e9s dans la zone E. L&#8217;h\u00f4tel Delta est dans la zone I. L&#8217;a\u00e9roport est dans la zone A. <a href=\"https:\/\/yfcfredericton.ca\/transportation\/ground-transportation-services\/\">Cliquez ici pour consulter la carte tarifaire compl\u00e8te.<\/a><\/p>\n<ul class=\"content-list\">\n<li>Checker Cab &#8211; 506 450 8294<\/li>\n<li>Trius Taxi &#8211; 506 454 4444<\/li>\n<\/ul>\n<h4>Bus de ville<\/h4>\n<p>Tous les tarifs de Fredericton Transit sont de 2,75 $. Le 16N va du campus au centre-ville de Fredericton et le 17S revient. Le trajet dure 15 minutes et les bus passent toutes les 30 minutes. Le service est r\u00e9duit le samedi et inexistant le dimanche. <a href=\"https:\/\/www.fredericton.ca\/en\/transit\/schedule-maps\">Cliquer ici pour l&#8217;horaire des transports en commun de Fredericton.<\/a>[\/vc_column_text][vc_separator border_width=&#8221;5&#8243;][vc_column_text]<\/p>\n<h2>Visa et voyages internationaux<\/h2>\n<p>Veuillez consulter les derni\u00e8res r\u00e9glementations du gouvernement du Canada concernant les voyages \u00e0 partir de votre r\u00e9gion. <a href=\"https:\/\/www.cbsa-asfc.gc.ca\/travel-voyage\/td-dv-eng.html\">Cliquez ici pour acc\u00e9der au site web des services frontaliers canadiens.<\/a>[\/vc_column_text][\/vc_column][\/vc_row]<\/p>\n<\/div>","protected":false},"excerpt":{"rendered":"<p>[vc_row][vc_column width=&#8221;1\/2&#8243;][vc_column_text]Fredericton est le campus d&#8217;origine de l&#8217;UNB, datant de 1785, et l&#8217;un des plus beaux campus du pays avec son architecture g\u00e9orgienne en briques rouges et couverte de lierre et son paysage luxuriant. Situ\u00e9e sur les rives du fleuve Saint-Jean, Fredericton est la capitale du Nouveau-Brunswick. Le campus est suffisamment petit pour que l&#8217;on&#8230;  <a class=\"excerpt-read-more\" href=\"https:\/\/cap.ca\/fr\/congres-de-lacp\/congres-anterieurs\/congres-2023\/local-information-for-travel-to-fredericton\/transportation-to-unb\/\" title=\"LireTransport vers l&#8217;UNB\">Lire la suite &raquo;<\/a><\/p>\n","protected":false},"author":5,"featured_media":0,"parent":22808,"menu_order":7,"comment_status":"closed","ping_status":"closed","template":"","meta":{"footnotes":""},"class_list":["post-22806","page","type-page","status-publish","hentry"],"_links":{"self":[{"href":"https:\/\/cap.ca\/fr\/wp-json\/wp\/v2\/pages\/22806","targetHints":{"allow":["GET"]}}],"collection":[{"href":"https:\/\/cap.ca\/fr\/wp-json\/wp\/v2\/pages"}],"about":[{"href":"https:\/\/cap.ca\/fr\/wp-json\/wp\/v2\/types\/page"}],"author":[{"embeddable":true,"href":"https:\/\/cap.ca\/fr\/wp-json\/wp\/v2\/users\/5"}],"replies":[{"embeddable":true,"href":"https:\/\/cap.ca\/fr\/wp-json\/wp\/v2\/comments?post=22806"}],"version-history":[{"count":2,"href":"https:\/\/cap.ca\/fr\/wp-json\/wp\/v2\/pages\/22806\/revisions"}],"predecessor-version":[{"id":22812,"href":"https:\/\/cap.ca\/fr\/wp-json\/wp\/v2\/pages\/22806\/revisions\/22812"}],"up":[{"embeddable":true,"href":"https:\/\/cap.ca\/fr\/wp-json\/wp\/v2\/pages\/22808"}],"wp:attachment":[{"href":"https:\/\/cap.ca\/fr\/wp-json\/wp\/v2\/media?parent=22806"}],"curies":[{"name":"wp","href":"https:\/\/api.w.org\/{rel}","templated":true}]}}