{"id":22802,"date":"2023-03-15T16:39:52","date_gmt":"2023-03-15T20:39:52","guid":{"rendered":"https:\/\/cap.ca\/?page_id=22802"},"modified":"2023-04-27T11:12:54","modified_gmt":"2023-04-27T15:12:54","slug":"covid-19-regulations-security-on-campus","status":"publish","type":"page","link":"https:\/\/cap.ca\/fr\/congres-de-lacp\/congres-anterieurs\/congres-2023\/local-information-for-travel-to-fredericton\/covid-19-regulations-security-on-campus\/","title":{"rendered":"R\u00e8glement Covid-19 et s\u00e9curit\u00e9 sur le campus"},"content":{"rendered":"<h2>R\u00e8glement Covid-19<\/h2>\n<p>La politique de l&#8217;ACP en mati\u00e8re de Covid-19 est la suivante :<\/p>\n<ul class=\"content-list\">\n<li>Le port du masque est obligatoire dans toutes les sessions et dans toutes les situations o\u00f9 la distance sociale (6 pieds) n&#8217;est pas possible, comme dans la file d&#8217;attente pour les rafra\u00eechissements et au bureau d&#8217;inscription.<\/li>\n<li>L&#8217;UNB est un environnement favorable au port du masque et nous encourageons ceux qui le souhaitent \u00e0 le porter sur le campus.<\/li>\n<\/ul>\n<p>&nbsp;<\/p>\n<h2>S\u00e9curit\u00e9 sur le campus<\/h2>\n<p>Si vous avez besoin d&#8217;une aide d&#8217;urgence imm\u00e9diate, <strong>appelez le 911.<\/strong><\/p>\n<p>Pour contacter le service de s\u00e9curit\u00e9 de l&#8217;UNB (disponible 24 heures sur 24, 7 jours sur 7), <strong>appelez le (506) 453-4830.<\/strong><\/p>\n<p>L&#8217;unit\u00e9 de s\u00e9curit\u00e9 et de circulation de l&#8217;UNB fonctionne 24 heures sur 24, 365 jours par an, afin de garantir que le campus de Fredericton est un environnement s\u00fbr pour tous les \u00e9tudiants, les professeurs, le personnel et les visiteurs. L&#8217;unit\u00e9 veille \u00e0 la s\u00e9curit\u00e9 physique des b\u00e2timents du campus, intervient en cas d&#8217;incident, r\u00e9pond aux appels m\u00e9dicaux, effectue des patrouilles proactives, fait respecter le code de la route et pr\u00e9sente des expos\u00e9s sur la s\u00e9curit\u00e9 sur demande, entre autres.<\/p>\n<p>Le bureau de la s\u00e9curit\u00e9 de l&#8217;UNB est ouvert 24 heures sur 24, 7 jours sur 7, et se trouve \u00e0 l&#8217;adresse suivante :<\/p>\n<p>B\u00e2timent des op\u00e9rations sur le campus (Campus Operations Building)<br \/>\n767, chemin Kings College<br \/>\nUNB Fredericton<\/p>\n<p>Pour plus d&#8217;informations sur la s\u00e9curit\u00e9 \u00e0 l&#8217;UNB, y compris le programme SAFEwalk, <a href=\"https:\/\/www.unb.ca\/fredericton\/security\/index.html\">cliquez ici.<\/a><\/p>\n","protected":false},"excerpt":{"rendered":"<p>R\u00e8glement Covid-19 La politique de l&#8217;ACP en mati\u00e8re de Covid-19 est la suivante : Le port du masque est obligatoire dans toutes les sessions et dans toutes les situations o\u00f9 la distance sociale (6 pieds) n&#8217;est pas possible, comme dans la file d&#8217;attente pour les rafra\u00eechissements et au bureau d&#8217;inscription. L&#8217;UNB est un environnement favorable&#8230;  <a class=\"excerpt-read-more\" href=\"https:\/\/cap.ca\/fr\/congres-de-lacp\/congres-anterieurs\/congres-2023\/local-information-for-travel-to-fredericton\/covid-19-regulations-security-on-campus\/\" title=\"LireR\u00e8glement Covid-19 et s\u00e9curit\u00e9 sur le campus\">Lire la suite &raquo;<\/a><\/p>\n","protected":false},"author":5,"featured_media":0,"parent":22808,"menu_order":7,"comment_status":"closed","ping_status":"closed","template":"","meta":{"footnotes":""},"class_list":["post-22802","page","type-page","status-publish","hentry"],"_links":{"self":[{"href":"https:\/\/cap.ca\/fr\/wp-json\/wp\/v2\/pages\/22802","targetHints":{"allow":["GET"]}}],"collection":[{"href":"https:\/\/cap.ca\/fr\/wp-json\/wp\/v2\/pages"}],"about":[{"href":"https:\/\/cap.ca\/fr\/wp-json\/wp\/v2\/types\/page"}],"author":[{"embeddable":true,"href":"https:\/\/cap.ca\/fr\/wp-json\/wp\/v2\/users\/5"}],"replies":[{"embeddable":true,"href":"https:\/\/cap.ca\/fr\/wp-json\/wp\/v2\/comments?post=22802"}],"version-history":[{"count":4,"href":"https:\/\/cap.ca\/fr\/wp-json\/wp\/v2\/pages\/22802\/revisions"}],"predecessor-version":[{"id":22993,"href":"https:\/\/cap.ca\/fr\/wp-json\/wp\/v2\/pages\/22802\/revisions\/22993"}],"up":[{"embeddable":true,"href":"https:\/\/cap.ca\/fr\/wp-json\/wp\/v2\/pages\/22808"}],"wp:attachment":[{"href":"https:\/\/cap.ca\/fr\/wp-json\/wp\/v2\/media?parent=22802"}],"curies":[{"name":"wp","href":"https:\/\/api.w.org\/{rel}","templated":true}]}}