{"id":22525,"date":"2023-01-24T17:01:51","date_gmt":"2023-01-24T22:01:51","guid":{"rendered":"https:\/\/cap.ca\/?page_id=22525"},"modified":"2023-03-07T16:48:35","modified_gmt":"2023-03-07T21:48:35","slug":"journee-des-symposiums-2023-20-juin","status":"publish","type":"page","link":"https:\/\/cap.ca\/fr\/congres-de-lacp\/congres-anterieurs\/congres-2023\/journee-des-symposiums-2023-20-juin\/","title":{"rendered":"Journ\u00e9e des symposiums 2023 \u2013 20 juin"},"content":{"rendered":"<p>Les symposiums cibl\u00e9s offrent la possibilit\u00e9 d&#8217;une mini-r\u00e9union dans le cadre g\u00e9n\u00e9ral du Congr\u00e8s. Ils contribuent \u00e0 soutenir la recherche en physique au Canada en offrant une occasion de r\u00e9seautage et de collaboration dans des domaines de recherche cibl\u00e9s. Chaque symposium sera compos\u00e9 de 4 sessions et la journ\u00e9e enti\u00e8re sera programm\u00e9e dans une salle avec du caf\u00e9 \u00e0 proximit\u00e9 pour encourager le r\u00e9seautage. Aucun conf\u00e9rencier pl\u00e9nier ou autre \u00e9v\u00e9nement n&#8217;est pr\u00e9vu le mardi pour interrompre la mini-r\u00e9union. La session d&#8217;affichage de l&#8217;ACP est pr\u00e9vue de 17h30 \u00e0 19h00, apr\u00e8s la fin de la quatri\u00e8me session. Nous avons essay\u00e9 de l&#8217;organiser plus t\u00f4t que d&#8217;habitude afin que les d\u00e9l\u00e9gu\u00e9s puissent aller d\u00eener avec les participants au symposium.<\/p>\n<p>Sept symposiums sont pr\u00e9vus pour le mardi. Ils comprennent un ensemble passionnant de conf\u00e9rences invit\u00e9es et de contributions. Les r\u00e9sum\u00e9s peuvent \u00eatre soumis pour ces symposiums en s\u00e9lectionnant la piste du symposium lorsque vous soumettez votre r\u00e9sum\u00e9 (ouverture le 25 janvier 2023). Les d\u00e9l\u00e9gu\u00e9s qui souhaitent assister uniquement \u00e0 la journ\u00e9e des symposiums pourront le faire. \u00c0 l&#8217;heure actuelle, nous pr\u00e9voyons que les frais d&#8217;inscription pour les d\u00e9l\u00e9gu\u00e9s non \u00e9tudiants membres de l&#8217;ACP et les conf\u00e9renciers invit\u00e9s ne d\u00e9passeront pas 175 $ pour la journ\u00e9e.<\/p>\n<p>Si vous avez des questions sur un symposium, veuillez contacter le ou les organisateurs du symposium. Si vous avez soumis un r\u00e9sum\u00e9 mais que vous n&#8217;avez pas choisi la piste du symposium, et que vous souhaitez faire une pr\u00e9sentation au symposium, veuillez contacter l&#8217;organisateur. Voici la liste des symposiums pr\u00e9vus :<\/p>\n<p>&nbsp;<\/p>\n<p><strong>QSTATE : Science, technologie, applications, formation et \u00e9ducation quantiques, organis\u00e9e par la Division de l&#8217;\u00e9nseignement de la physique (DEP) <\/strong>&#8211; La science et la technologie de l&#8217;information quantique sont devenues incroyablement visibles au cours des derni\u00e8res ann\u00e9es, avec des recherches r\u00e9volutionnaires, une industrie en pleine croissance et un battage m\u00e9diatique important dans la science populaire. Q-STATE, propos\u00e9 par la Division de l&#8217;enseignement de la physique (DEP), le Comit\u00e9 des relations avec le secteur priv\u00e9 et d&#8217;autres divisions de l&#8217;ACP, est un \u00e9v\u00e9nement organis\u00e9 par et pour la communaut\u00e9 de l&#8217;ACP afin d&#8217;en apprendre davantage sur les orientations actuelles dans le domaine et sur le paysage quantique canadien unique. Nous voulons c\u00e9l\u00e9brer les r\u00e9alisations des chercheurs canadiens et offrir des occasions de d\u00e9velopper des collaborations et de d\u00e9couvrir des possibilit\u00e9s avec l&#8217;industrie.<\/p>\n<p>Ce symposium comprendra des sessions sur les sujets suivants :<\/p>\n<p>&#8211; La strat\u00e9gie nationale quantique du Canada : Quoi, pourquoi et comment ?<br \/>\n&#8211; La recherche QIST dans les universit\u00e9s canadiennes : La vue d&#8217;ensemble<br \/>\n&#8211; \u00c9ducation et formation de la main-d&#8217;\u0153uvre quantique<br \/>\n&#8211; L&#8217;industrie quantique canadienne : Activit\u00e9s, besoins et opportunit\u00e9s<\/p>\n<p>Toutes les sessions seront d&#8217;un niveau accessible aux curieux du quantique et encourageront les questions et les discussions. <em>Organisateurs :<\/em><em>\u00a0<span class=\"cf0\">Daria Ahrensmeier (<a href=\"mailto:daria_ahrensmeier@sfu.ca\">daria_ahrensmeier@sfu.ca<\/a>), John Donohue (<a href=\"mailto:john.donohue@uwaterloo.ca\">john.donohue@uwaterloo.ca<\/a>), Olivia Di Matteo (<a href=\"mailto:olivia@ece.ubc.ca\">olivia@ece.ubc.ca<\/a>) et Ian D&#8217;Souza (<a href=\"mailto:ian.a.dsouza@gmail.com\">ian.a.dsouza@gmail.com<\/a>)<\/span><\/em><\/p>\n<p>&nbsp;<\/p>\n<p><!--EndFragment --><\/p>\n<p>&nbsp;<\/p>\n<p><strong>Symposium sur la physique des plasmas, organis\u00e9 par la Division de la physique des plasmas (DPP)<\/strong> \u2013 Les d\u00e9l\u00e9gu\u00e9s souhaitant s\u2019informer des r\u00e9centes avanc\u00e9es de la recherche en physique des plasmas devraient pr\u00e9voir y assister. Divers sujets seront abord\u00e9s, dont la mod\u00e9lisation des plasmas, les plasmas thermiques et les plasmas non thermiques. <em>Organisateurs : Ahmad Ramdan (<\/em><a href=\"mailto:ahmad.hamdan@umontreal.ca\"><em>ahmad.hamdan@umontreal.ca<\/em><\/a><em>) et Stephan Reuter (<a href=\"mailto:stephan.reuter@polymtl.ca\">stephan.reuter@polymtl.ca<\/a>).<\/em><\/p>\n<p><strong>\u00a0<\/strong><\/p>\n<p><strong>De nouvelles voies pour la d\u00e9couverte : Symposium sur les nouvelles technologies et m\u00e9thodes pour d\u00e9couvrir la physique au-del\u00e0 du mod\u00e8le standard, organis\u00e9 par la Division de la physique des particules (PPD)<\/strong> &#8211; Le mini-symposium de cette ann\u00e9e portera sur les nouvelles orientations des techniques exp\u00e9rimentales et des d\u00e9veloppements th\u00e9oriques qui ont permis de nouvelles approches pour comprendre les questions de physique fondamentale. Joignez-vous \u00e0 nous pour d\u00e9couvrir comment les th\u00e9oriciens et les exp\u00e9rimentateurs du Canada trouvent de nouvelles fa\u00e7ons d\u2019investiguer la physique au-del\u00e0 du mod\u00e8le standard ! Organisateurs : <em>Seyda Ipek (<\/em><a href=\"mailto:sipek@physics.carleton.ca\"><em>sipek@physics.carleton.ca<\/em><\/a><em>) et Max Swiatlowski (<a href=\"mailto:mswiatlowski@triumf.ca\">mswiatlowski@triumf.ca<\/a>). <\/em><\/p>\n<p><strong>\u00a0<\/strong><\/p>\n<p><strong>Les sujets chauds de la th\u00e9orie rendus accessibles, organis\u00e9 par la Division de la physique th\u00e9orique (DPT) &#8211; <\/strong>Rejoignez-nous pour \u00e9couter des pr\u00e9sentations sur des sujets importants dans un large \u00e9ventail de la physique th\u00e9orique. Ces expos\u00e9s s&#8217;adresseront \u00e0 un public g\u00e9n\u00e9ral de d\u00e9l\u00e9gu\u00e9s au congr\u00e8s de l&#8217;ACP plut\u00f4t qu&#8217;\u00e0 des experts dans chaque domaine \u00e9troit. <em>Organisateur<\/em> :<em>\u00a0Randy Lewis (<\/em><a href=\"mailto:randy.lewis@yorku.ca\"><em>randy.lewis@yorku.ca<\/em><\/a><em>).<\/em><\/p>\n<p><strong>\u00a0<\/strong><\/p>\n<p><strong>Physique de pr\u00e9cision et tests des sym\u00e9tries fondamentales, organis\u00e9e par la Division de la physique nucl\u00e9aire (DPN)<\/strong> &#8211; Les d\u00e9l\u00e9gu\u00e9s qui souhaitent s&#8217;informer des r\u00e9centes avanc\u00e9es en mati\u00e8re de physique de pr\u00e9cision et de tests des sym\u00e9tries fondamentales devraient pr\u00e9voir y assister. Organisateur : <em>Michael Gericke <\/em><a href=\"mailto:michael.gericke@umanitoba.ca\"><em>michael.gericke@umanitoba.ca<\/em><\/a><\/p>\n<p>&nbsp;<\/p>\n<p><strong>Symposium sur la mati\u00e8re molle et la physique biologique, co-organis\u00e9 par la Division de la physique en m\u00e9decine et en biologie (DPMB) et la Division de la physique de la mati\u00e8re condens\u00e9e et des mat\u00e9riaux (DPMCM)<\/strong> &#8211; Les principaux centres d&#8217;int\u00e9r\u00eat des chercheurs \u00e0 l&#8217;interface entre la mati\u00e8re molle et la physique biologique seront mis en \u00e9vidence. Les sujets abord\u00e9s comprendront les biopolym\u00e8res dans des environnements confin\u00e9s, les assemblages super-biomol\u00e9culaires, la mati\u00e8re molle active, les flux d&#8217;\u00e9nergie, les budgets et les contraintes dans les cellules. Rejoignez-nous ensuite dans un pub local pour discuter des d\u00e9veloppements passionnants des pr\u00e9sentations de la journ\u00e9e. Organisatrice : <em>Maria Kilfoil (<\/em><a href=\"mailto:mlkilfoil@upei.ca\"><em>mlkilfoil@upei.ca<\/em><\/a><em>)<\/em><\/p>\n<p><strong>\u00a0<\/strong><\/p>\n<p><strong>Symposium sur la physique dans le secteur priv\u00e9, organis\u00e9 par les directeurs de la physique dans le secteur priv\u00e9 et des affaires professionnelles de l&#8217;ACP, en partenariat avec la Division de la physique appliqu\u00e9e et de l&#8217;instrumentation (DPAI) de l&#8217;ACP<\/strong> &#8211; Plus de 75 % des dipl\u00f4m\u00e9s en physique travaillent en dehors du milieu universitaire. Les jeunes physiciens, ou ceux qui souhaitent en savoir plus sur les carri\u00e8res en physique en dehors du milieu universitaire, sont invit\u00e9s \u00e0 assister \u00e0 ce symposium interactif, qui donnera un aper\u00e7u des carri\u00e8res des physiciens travaillant en dehors du milieu universitaire et offrira des id\u00e9es et des conseils sur les voies possibles et la formation n\u00e9cessaire pour transformer votre formation en physique en une carri\u00e8re int\u00e9ressante et enrichissante en dehors du milieu universitaire. Le programme de la journ\u00e9e du symposium comprend une session interactive, anim\u00e9e par le directeur de la physique du secteur priv\u00e9, o\u00f9 vous pourrez en apprendre davantage sur les personnes et leurs carri\u00e8res de physiciens du secteur priv\u00e9. Rejoignez-nous plus tard pour une rencontre &#8221; vin et fromage &#8221; afin d&#8217;avoir la chance de rencontrer personnellement des professionnels du secteur priv\u00e9. Organisateurs :<em>\u00a0Ian D&#8217;Souza (<\/em><a href=\"mailto:ian.a.dsouza@gmail.com\"><em>ian.a.dsouza@gmail.com<\/em><\/a><em>), Daniel Cluff (<\/em><a href=\"mailto:daniel.cluff@deepmining.ca\"><em>daniel.cluff@deepmining.ca<\/em><\/a><em>) et Steffon Luoma<\/em><em> (<\/em><a href=\"mailto:luoma@live.ca\"><em>luoma@live.ca<\/em><\/a><em>).<\/em><\/p>\n<p><strong>\u00a0<\/strong><\/p>\n<p><strong>Symposium sur les mat\u00e9riaux quantiques : organis\u00e9 par la Division de la mati\u00e8re condens\u00e9e et de la physique des mat\u00e9riaux (DPMCM)<\/strong> &#8211; Ce symposium se concentre sur :<br \/>\n(i) La d\u00e9couverte des isolants, supraconducteurs et semi-m\u00e9taux topologiques a abouti \u00e0 une nouvelle fa\u00e7on de comprendre les solides en termes de m\u00e9canique quantique et de topologie. Cette partie du symposium pr\u00e9sentera certains d\u00e9veloppements r\u00e9cents sur les aspects th\u00e9oriques et exp\u00e9rimentaux de cette fascinante famille de mat\u00e9riaux.<br \/>\n(ii) (ii) Les techniques d&#8217;apprentissage automatique qui ont \u00e9t\u00e9 largement adopt\u00e9es dans la recherche sur la mati\u00e8re condens\u00e9e. Cette partie du symposium vise \u00e0 mettre en lumi\u00e8re les avanc\u00e9es r\u00e9centes dans ces applications de l&#8217;apprentissage automatique \u00e0 la physique de la mati\u00e8re condens\u00e9e. Organisateurs :<em>\u00a0Ion Garate, (<a href=\"mailto:ion.garate@usherbrooke.ca\">ion.garate@usherbrooke.ca<\/a>) et Stefanos Kourtis (<a href=\"mailto:Stefanos.Kourtis@usherbrooke.ca\">Stefanos.Kourtis@usherbrooke.ca<\/a>).<\/em><\/p>\n","protected":false},"excerpt":{"rendered":"<p>Les symposiums cibl\u00e9s offrent la possibilit\u00e9 d&#8217;une mini-r\u00e9union dans le cadre g\u00e9n\u00e9ral du Congr\u00e8s. Ils contribuent \u00e0 soutenir la recherche en physique au Canada en offrant une occasion de r\u00e9seautage et de collaboration dans des domaines de recherche cibl\u00e9s. Chaque symposium sera compos\u00e9 de 4 sessions et la journ\u00e9e enti\u00e8re sera programm\u00e9e dans une salle&#8230;  <a class=\"excerpt-read-more\" href=\"https:\/\/cap.ca\/fr\/congres-de-lacp\/congres-anterieurs\/congres-2023\/journee-des-symposiums-2023-20-juin\/\" title=\"LireJourn\u00e9e des symposiums 2023 \u2013 20 juin\">Lire la suite &raquo;<\/a><\/p>\n","protected":false},"author":5,"featured_media":0,"parent":21449,"menu_order":41,"comment_status":"closed","ping_status":"closed","template":"","meta":{"footnotes":""},"class_list":["post-22525","page","type-page","status-publish","hentry"],"_links":{"self":[{"href":"https:\/\/cap.ca\/fr\/wp-json\/wp\/v2\/pages\/22525","targetHints":{"allow":["GET"]}}],"collection":[{"href":"https:\/\/cap.ca\/fr\/wp-json\/wp\/v2\/pages"}],"about":[{"href":"https:\/\/cap.ca\/fr\/wp-json\/wp\/v2\/types\/page"}],"author":[{"embeddable":true,"href":"https:\/\/cap.ca\/fr\/wp-json\/wp\/v2\/users\/5"}],"replies":[{"embeddable":true,"href":"https:\/\/cap.ca\/fr\/wp-json\/wp\/v2\/comments?post=22525"}],"version-history":[{"count":10,"href":"https:\/\/cap.ca\/fr\/wp-json\/wp\/v2\/pages\/22525\/revisions"}],"predecessor-version":[{"id":22770,"href":"https:\/\/cap.ca\/fr\/wp-json\/wp\/v2\/pages\/22525\/revisions\/22770"}],"up":[{"embeddable":true,"href":"https:\/\/cap.ca\/fr\/wp-json\/wp\/v2\/pages\/21449"}],"wp:attachment":[{"href":"https:\/\/cap.ca\/fr\/wp-json\/wp\/v2\/media?parent=22525"}],"curies":[{"name":"wp","href":"https:\/\/api.w.org\/{rel}","templated":true}]}}