{"id":22520,"date":"2023-01-24T15:57:05","date_gmt":"2023-01-24T20:57:05","guid":{"rendered":"https:\/\/cap.ca\/congres-de-lacp\/congres-2023\/2023-best-student-presentation-competition\/"},"modified":"2023-05-11T17:29:34","modified_gmt":"2023-05-11T21:29:34","slug":"meilleure-presentation-detudiant-2023","status":"publish","type":"page","link":"https:\/\/cap.ca\/fr\/congres-de-lacp\/congres-anterieurs\/congres-2023\/meilleure-presentation-detudiant-2023\/","title":{"rendered":"Meilleure pr\u00e9sentation d\u2019\u00e9tudiant(e) 2023"},"content":{"rendered":"<blockquote>\n<h4>NOTE AUX \u00c9TUDIANT(E)S :<\/h4>\n<p>Tout \u00e9tudiant pr\u00e9sentateur qui a soumis un r\u00e9sum\u00e9 et qui ne s&#8217;est pas inscrit au concours mais qui aimerait le faire maintenant est pri\u00e9 de soumettre une demande au coordonnateur de l&#8217;ACP Meilleure pr\u00e9sentation d\u2019\u00e9tudiant(e) (martin.williams@uoguelph.ca) au plus tard le 8 mai 2023. L&#8217;acceptation sera \u00e0 la discr\u00e9tion du pr\u00e9sident de la division.<\/p>\n<p>Les instructions pour les candidats \u00e0 <a href=\"https:\/\/cap.ca\/fr\/congres-de-lacp\/congres-2023\/2023-instructions-for-oral-presenters\/\">l&#8217;oral<\/a> et au <a href=\"https:\/\/cap.ca\/fr\/congres-de-lacp\/congres-2023\/2023-instructions-for-poster-presenters\/\">poster<\/a> ont \u00e9t\u00e9 publi\u00e9es.<\/p><\/blockquote>\n<p>&nbsp;<\/p>\n<p>L\u2019ACP organise des concours pour les \u00e9tudiants et les \u00e9tudiantes, pour la meilleure pr\u00e9sentation orale et la meilleure affiche, au Congr\u00e8s de l\u2019ACP 2023. Des prix seront d\u00e9cern\u00e9s par l\u2019ACP pour les trois meilleures pr\u00e9sentations orales et pour les trois meilleures affiches d&#8217;\u00e9tudiants. En outre, des divisions th\u00e9matiques de l\u2019ACP et d&#8217;autres commanditaires organiseront des concours plus cibl\u00e9s par champ d\u2019\u00e9tudes.<\/p>\n<h4><span style=\"font-size: 14pt;\"><strong>QUELS SONT LES AVANTAGES DE LA PARTICIPATION ?<\/strong><\/span><\/h4>\n<p>L&#8217;objectif de ces concours est d&#8217;encourager les \u00e9tudiants dipl\u00f4m\u00e9s \u00e0 pr\u00e9senter leurs travaux de recherche \u00e0 la communaut\u00e9 physique canadienne et \u00e0 interagir avec elle d\u00e8s le d\u00e9but de leur carri\u00e8re. Les \u00e9tudiants doivent pr\u00e9senter leurs travaux et prendre la responsabilit\u00e9 principale du contenu de la pr\u00e9sentation ainsi que du r\u00e9sum\u00e9 \u00e9crit et, s&#8217;ils sont s\u00e9lectionn\u00e9s comme gagnants, du r\u00e9sum\u00e9 d\u00e9taill\u00e9 pour <em>La physique au Canada<\/em>. Les \u00e9tudiants de premier cycle qui rencontrent ces exigences sont \u00e9galement invit\u00e9s \u00e0 participer au concours.<\/p>\n<h4><strong>ADMISSIBILIT\u00c9<\/strong><\/h4>\n<p><strong>Pour \u00eatre pris en consid\u00e9ration pour ce concours, un \u00e9tudiant ou une \u00e9tudiante doit \u00eatre membre (dipl\u00f4m\u00e9) ou affili\u00e9 (premier cycle) de l\u2019ACP.<\/strong> L\u2019affiliation des \u00e9tudiants de premier cycle est gratuite pendant toute la dur\u00e9e de leur baccalaur\u00e9at. La premi\u00e8re ann\u00e9e d&#8217;adh\u00e9sion est gratuite pour les \u00e9tudiants dipl\u00f4m\u00e9s; des frais consid\u00e9rablement r\u00e9duits s&#8217;appliquent aux ann\u00e9es suivantes. Les demandes d&#8217;adh\u00e9sion et de renouvellement peuvent \u00eatre soumises <a href=\"https:\/\/cap.ca\/fr\/adhesion\/etudiant-diplome-membre\/\">en ligne ici.<\/a><\/p>\n<p><em><strong>Veuillez noter que l&#8217;activation de votre adh\u00e9sion\/affiliation peut prendre jusqu&#8217;\u00e0 10 jours ouvrables au total, ce qui inclut le traitement du paiement, le cas \u00e9ch\u00e9ant. Par cons\u00e9quent, vous devez soumettre votre demande d&#8217;adh\u00e9sion en m\u00eame temps que votre r\u00e9sum\u00e9.<\/strong><\/em><\/p>\n<h4><strong><br \/>\nCOMMENT PARTICIPER AU CONCOURS<\/strong><\/h4>\n<p>Les \u00e9tudiants et les \u00e9tudiantes qui souhaitent participer au concours de la meilleure pr\u00e9sentation orale ou de la meilleure affiche doivent indiquer sp\u00e9cifiquement leur intention de participer en s\u00e9lectionnant l&#8217;option appropri\u00e9e pour le concours oral ou le concours d&#8217;affiches au moment de la soumission du r\u00e9sum\u00e9 au Congr\u00e8s. Un \u00e9tudiant ou une \u00e9tudiante qui s&#8217;inscrit au concours de la meilleure pr\u00e9sentation orale ou de la meilleure affiche de l&#8217;ACP sera automatiquement inscrit au concours de la division appropri\u00e9e de l&#8217;ACP, s&#8217;il en existe un et s&#8217;il est membre de cette division. Veuillez noter que m\u00eame si un \u00e9tudiant peut faire plus d&#8217;une pr\u00e9sentation (par exemple un expos\u00e9 et une affiche, s\u2019ils portent sur des sujets diff\u00e9rents), il ne peut pas participer \u00e0 plus d&#8217;un concours ACP (oral ou par affiche). Les instructions pour pr\u00e9parer une pr\u00e9sentation, y compris celles des concours d\u2019\u00e9tudiants, seront publi\u00e9es sous peu.<\/p>\n<h4><strong><br \/>\nJUGEMENT DES PR\u00c9SENTATIONS ORALES ET PAR AFFICHES<\/strong><\/h4>\n<p>Les pr\u00e9sentations orales des \u00e9tudiants et le jugement auront lieu dans la session scientifique assign\u00e9e aux \u00e9tudiants tout au long du Congr\u00e8s, du lundi 19 juin au mercredi 21 juin. Les finalistes du concours de l&#8217;ACP de la meilleure pr\u00e9sentation orale feront une deuxi\u00e8me pr\u00e9sentation orale le jeudi 22 juin.<\/p>\n<p>Les pr\u00e9sentations d&#8217;affiches des \u00e9tudiants et le jugement auront lieu lors de la session d&#8217;affiches du Congr\u00e8s, le mardi 20 juin. Les finalistes du concours de l\u2019ACP de la meilleure affiche feront une deuxi\u00e8me pr\u00e9sentation par affiche le jeudi 22 juin.<\/p>\n<h4><strong><br \/>\nET SI JE GAGNE ?<\/strong><\/h4>\n<p>Les gagnants ou gagnantes des concours de la meilleure pr\u00e9sentation orale et de la meilleure affiche de l&#8217;ACP, ainsi que des concours des divisions, seront annonc\u00e9s lors de la c\u00e9r\u00e9monie de remise des prix aux \u00e9tudiants, le jeudi 22 juin, et les r\u00e9sultats seront publi\u00e9s dans <em>La Physique au Canada<\/em>.\u00a0 De plus, les gagnants des concours de la meilleure pr\u00e9sentation orale et de la meilleure affiche de l&#8217;ACP seront invit\u00e9s \u00e0 <a href=\"https:\/\/cap.ca\/fr\/congres-de-lacp\/congres-virtuel-de-lacp-2021-6-11-juin\/le-concours-du-meilleur-etudiante\/directives-pour-la-publication-des-resumes-gagnants-dans-pac\/\">publier un r\u00e9sum\u00e9 d\u00e9taill\u00e9 de leur pr\u00e9sentation pour <em>La Physique au Canada.<\/em><\/a>.<\/p>\n<h3><strong><br \/>\nConcours de division ou commandit\u00e9s<\/strong><\/h3>\n<p>Un \u00e9tudiant ou une \u00e9tudiante qui s&#8217;inscrit au concours de la meilleure pr\u00e9sentation orale ou de la meilleure affiche de l&#8217;ACP sera automatiquement inscrit au concours de la division appropri\u00e9e de l&#8217;ACP, s&#8217;il en existe un et s&#8217;il est membre de cette division. Tout \u00e9tudiant qui a des questions ou des pr\u00e9occupations concernant la participation aux prix auxquels il peut pr\u00e9tendre devrait envoyer un courriel \u00e0 <a href=\"mailto:programs@cap.ca\">programs@cap.ca<\/a>. L&#8217;adh\u00e9sion \u00e0 une division de l\u2019ACP est gratuite pour les \u00e9tudiants et peut \u00eatre activ\u00e9e lors de la demande ou du renouvellement de l&#8217;adh\u00e9sion \u00e0 l\u2019ACP. Les membres actuels de l\u2019ACP peuvent adh\u00e9rer \u00e0 une division en envoyant une demande par courriel \u00e0 <a href=\"mailto:membership@cap.ca\">membership@cap.ca<\/a>.<\/p>\n<p>La liste des concours et des prix des divisions de l\u2019ACP qui seront d\u00e9cern\u00e9s lors du Congr\u00e8s de 2023 se trouve sur cette page (lien \u00e0 venir).<\/p>\n","protected":false},"excerpt":{"rendered":"<p>NOTE AUX \u00c9TUDIANT(E)S : Tout \u00e9tudiant pr\u00e9sentateur qui a soumis un r\u00e9sum\u00e9 et qui ne s&#8217;est pas inscrit au concours mais qui aimerait le faire maintenant est pri\u00e9 de soumettre une demande au coordonnateur de l&#8217;ACP Meilleure pr\u00e9sentation d\u2019\u00e9tudiant(e) (martin.williams@uoguelph.ca) au plus tard le 8 mai 2023. L&#8217;acceptation sera \u00e0 la discr\u00e9tion du pr\u00e9sident de&#8230;  <a class=\"excerpt-read-more\" href=\"https:\/\/cap.ca\/fr\/congres-de-lacp\/congres-anterieurs\/congres-2023\/meilleure-presentation-detudiant-2023\/\" title=\"LireMeilleure pr\u00e9sentation d\u2019\u00e9tudiant(e) 2023\">Lire la suite &raquo;<\/a><\/p>\n","protected":false},"author":5,"featured_media":0,"parent":21449,"menu_order":42,"comment_status":"closed","ping_status":"closed","template":"","meta":{"footnotes":""},"class_list":["post-22520","page","type-page","status-publish","hentry"],"_links":{"self":[{"href":"https:\/\/cap.ca\/fr\/wp-json\/wp\/v2\/pages\/22520","targetHints":{"allow":["GET"]}}],"collection":[{"href":"https:\/\/cap.ca\/fr\/wp-json\/wp\/v2\/pages"}],"about":[{"href":"https:\/\/cap.ca\/fr\/wp-json\/wp\/v2\/types\/page"}],"author":[{"embeddable":true,"href":"https:\/\/cap.ca\/fr\/wp-json\/wp\/v2\/users\/5"}],"replies":[{"embeddable":true,"href":"https:\/\/cap.ca\/fr\/wp-json\/wp\/v2\/comments?post=22520"}],"version-history":[{"count":3,"href":"https:\/\/cap.ca\/fr\/wp-json\/wp\/v2\/pages\/22520\/revisions"}],"predecessor-version":[{"id":23103,"href":"https:\/\/cap.ca\/fr\/wp-json\/wp\/v2\/pages\/22520\/revisions\/23103"}],"up":[{"embeddable":true,"href":"https:\/\/cap.ca\/fr\/wp-json\/wp\/v2\/pages\/21449"}],"wp:attachment":[{"href":"https:\/\/cap.ca\/fr\/wp-json\/wp\/v2\/media?parent=22520"}],"curies":[{"name":"wp","href":"https:\/\/api.w.org\/{rel}","templated":true}]}}