{"id":22516,"date":"2023-01-24T18:01:15","date_gmt":"2023-01-24T23:01:15","guid":{"rendered":"https:\/\/cap.ca\/?page_id=22516"},"modified":"2023-05-12T09:28:30","modified_gmt":"2023-05-12T13:28:30","slug":"hebergement-2023","status":"publish","type":"page","link":"https:\/\/cap.ca\/fr\/congres-de-lacp\/congres-anterieurs\/congres-2023\/hebergement-2023\/","title":{"rendered":"H\u00e9bergement 2023"},"content":{"rendered":"<div class=\"wpb-content-wrapper\"><p>[vc_row][vc_column][vc_column_text]<\/p>\n<div style=\"padding-left: 30px;\"><\/div>\n<h4><span style=\"font-size: 12pt;\">Veuillez consulter le site de <a href=\"https:\/\/www.tourismfredericton.ca\/fr\">Tourisme Fredericton<\/a> pour une liste des lieux et sites que vous pourriez d\u00e9couvrir \u00e0 Fredericton et dans les environs.<\/span><\/h4>\n<p>______________________________________________________________________________________________<\/p>\n<blockquote>\n<h2>NOUVEAUT\u00c9 CETTE ANN\u00c9E : R\u00c9SERVEZ IMM\u00c9DIATEMENT VOTRE H\u00c9BERGEMENT SI VOUS ENVISAGEZ DE PARTICIPER \u00c0 L&#8217;\u00c9V\u00c9NEMENT.<\/h2>\n<p>Nous avons \u00e9t\u00e9 inform\u00e9s que Fredericton est une destination estivale tr\u00e8s populaire et que les chambres d&#8217;h\u00f4tel se remplissent d\u00e8s le printemps. Par cons\u00e9quent, nous recommandons vivement \u00e0 tous ceux qui envisagent de participer de r\u00e9server leur chambre le plus t\u00f4t possible afin de s&#8217;assurer d&#8217;avoir un endroit o\u00f9 loger. Prenez note de la politique d&#8217;annulation de l&#8217;h\u00f4tel (48 heures avant l&#8217;arriv\u00e9e dans la plupart des cas) et, si vous d\u00e9cidez de ne pas participer, lib\u00e9rez votre chambre avant cette date et il n&#8217;y aura pas de p\u00e9nalit\u00e9. L\u2019ACP a obtenu des tarifs pr\u00e9f\u00e9rentiels temporaires dans trois h\u00f4tels du centre-ville : Le Hilton Garden Inn, l&#8217;h\u00f4tel Crowne Plaza et l&#8217;h\u00f4tel Delta. Tous ces \u00e9tablissements sont \u00e0 une distance raisonnable de marche, le Delta \u00e9tant le plus \u00e9loign\u00e9 \u00e0 2 km.<\/p><\/blockquote>\n<p>______________________________________________________________________________________________<\/p>\n<p>&nbsp;<\/p>\n<h3><span style=\"font-size: 18pt;\"><strong>H\u00c9BERGEMENT SUR LE CAMPUS\u00a0<\/strong><\/span><\/h3>\n<p>&nbsp;<\/p>\n<h4><span style=\"font-size: 18pt;\">Conf\u00e9rence et h\u00e9bergement de l&#8217;Universit\u00e9 du Nouveau-Brunswick<\/span><\/h4>\n<div>\n<p>&nbsp;<\/p>\n<blockquote>\n<h5 style=\"text-align: left;\"><span style=\"color: #ff0000; font-size: 14pt;\">REMARQUE : Les chambres du campus bloqu\u00e9es pour notre conf\u00e9rence ne pourront \u00eatre r\u00e9serv\u00e9es que jusqu&#8217;au 30 mai 2023, si elles ne sont pas enti\u00e8rement r\u00e9serv\u00e9es avant cette date.\u00a0 Aucune r\u00e9servation n&#8217;est possible apr\u00e8s cette date, et les inscriptions sans rendez-vous ne sont pas possibles.<\/span><\/h5>\n<\/blockquote>\n<h4>Les r\u00e9servations peuvent \u00eatre effectu\u00e9es en utilisant le lien suivant : <a href=\"https:\/\/site.pheedloop.com\/event\/cap2023accommodations\/home\/\">https:\/\/site.pheedloop.com\/event\/cap2023accommodations\/home\/\u00a0<\/a><\/h4>\n<p>&nbsp;<\/p>\n<\/div>\n<div>\n<h4>D\u00e9tails :<\/h4>\n<p><img loading=\"lazy\" decoding=\"async\" class=\"size-medium wp-image-22498 alignright\" src=\"https:\/\/cap.ca\/wp-content\/uploads\/2023\/01\/UNB-oncampus-accomm-inline-traditional-300x148.jpg\" alt=\"\" width=\"300\" height=\"148\" srcset=\"https:\/\/cap.ca\/wp-content\/uploads\/2023\/01\/UNB-oncampus-accomm-inline-traditional-300x148.jpg 300w, https:\/\/cap.ca\/wp-content\/uploads\/2023\/01\/UNB-oncampus-accomm-inline-traditional.jpg 752w\" sizes=\"auto, (max-width: 300px) 100vw, 300px\" \/>CHAMBRES R\u00c9NOV\u00c9ES :<\/p>\n<ul class=\"content-list\">\n<li>Chambre double : $85\/nuit (m\u00eame tarif si r\u00e9serv\u00e9 par une seule personne)<\/li>\n<li><del>Chambre simple avec salle de bain priv\u00e9e : $70\/nuit<\/del> COMPLET<\/li>\n<li>Chambre simple : $65\/nuit<\/li>\n<\/ul>\n<p>DES PI\u00c8CES NON R\u00c9NOV\u00c9ES :<\/p>\n<ul class=\"content-list\">\n<li>Chambre double : 70 $\/nuit (m\u00eame tarif si r\u00e9serv\u00e9 par une seule personne)<\/li>\n<li>Chambre simple : 52 $\/nuit<\/li>\n<\/ul>\n<p>Les chambres comprennent un ou deux lits, un bureau et une armoire, des draps de lit, des serviettes, du savon et une tasse \u00e0 boire.<\/p>\n<p>Le b\u00e2timent comprend une entr\u00e9e s\u00e9curis\u00e9e 24h\/7j, un parking gratuit, l&#8217;acc\u00e8s gratuit \u00e0 l&#8217;Internet sans fil, du personnel sur place, des distributeurs automatiques, un salon commun et des toilettes communes.\u00a0 Les r\u00e9sidences du campus ne sont pas climatis\u00e9es, mais un nombre limit\u00e9 de ventilateurs sont disponibles sur demande.<\/p>\n<\/div>\n<div>\n<p>______________________________________________________________________________________________<\/p>\n<h3><\/h3>\n<h3><span style=\"font-size: 18pt;\">H\u00d4TELS RECOMMAND\u00c9S DANS LES LIEUX HORS CAMPUS<\/span><\/h3>\n<div><\/div>\n<\/div>\n<h4><strong><span style=\"font-size: 18pt;\">Hilton Garden Inn Fredericton Downtown<\/span><br \/>\n<img loading=\"lazy\" decoding=\"async\" class=\"wp-image-22508 size-medium alignright\" src=\"https:\/\/cap.ca\/wp-content\/uploads\/2023\/01\/Hilton-NB-300x183.png\" alt=\"\" width=\"300\" height=\"183\" srcset=\"https:\/\/cap.ca\/wp-content\/uploads\/2023\/01\/Hilton-NB-300x183.png 300w, https:\/\/cap.ca\/wp-content\/uploads\/2023\/01\/Hilton-NB.png 383w\" sizes=\"auto, (max-width: 300px) 100vw, 300px\" \/><\/strong><\/h4>\n<p style=\"margin: 0cm; margin-bottom: .0001pt;\"><span style=\"font-family: 'Helvetica',sans-serif; color: #444444;\">620, rue Queen<br style=\"box-sizing: border-box; font-variant-ligatures: normal; font-variant-caps: normal; orphans: 2; text-align: start; widows: 2; -webkit-text-stroke-width: 0px; text-decoration-style: initial; text-decoration-color: initial; word-spacing: 0px;\" \/><span style=\"background: white;\"><span style=\"font-variant-ligatures: normal; font-variant-caps: normal; orphans: 2; text-align: start; widows: 2; -webkit-text-stroke-width: 0px; text-decoration-style: initial; text-decoration-color: initial; float: none; word-spacing: 0px;\">Fredericton NB, E3B 1C2<br \/>\n<\/span><\/span><a href=\"https:\/\/www.hiltonhotels.com\/fr_FR\/canada\/hilton-garden-inn-fredericton\/\">Site web<\/a><br \/>\n<\/span><\/p>\n<p style=\"margin: 0cm; margin-bottom: .0001pt;\"><strong><em><br \/>\nLes r\u00e9servations peuvent \u00eatre faites en utilisant le lien suivant : <a href=\"https:\/\/www.hilton.com\/fr\/book\/reservation\/rooms\/?ctyhocn=YFCNWGI&amp;arrivalDate=2023-01-24&amp;departureDate=2023-01-25&amp;groupCode=Cap23&amp;room1NumAdults=1&amp;arrival-readable=24+Jan+2023&amp;departure-readable=25+Jan+2023&amp;booking-page=HiltonGardenInnFredericton&amp;booking-submit=submit&amp;cid=OM%2CMB%2CFR-LLS-Homepage%2CMULTIPR%2CBookingWidget%2CFR%2Ci1\" target=\"_blank\" rel=\"noopener\">https:\/\/rebrand.ly\/CAP2023<\/a> (Code: CAP23)<\/em><\/strong><\/p>\n<p>&nbsp;<\/p>\n<p><strong>Il est temps de rejoindre le campus de l&#8217;Universit\u00e9 du Nouveau-Brunswick :<\/strong><\/p>\n<p>Le Hilton Garden se trouve \u00e0 4 minutes en voiture, 25 minutes \u00e0 pied ou 13-18 minutes en bus du campus de l&#8217;UNB.<\/p>\n<p>&nbsp;<\/p>\n<table>\n<tbody>\n<tr>\n<td width=\"331\"><strong>Prix d&#8217;une nuit\u00e9e*<\/strong><\/td>\n<td width=\"292\"><strong>Informations g\u00e9n\u00e9rales<\/strong><\/td>\n<\/tr>\n<tr>\n<td style=\"width: 331px; text-align: left; vertical-align: top;\" width=\"331\">Chambres standard : 199 $ + taxes\/fees<br \/>\nChambres ex\u00e9cutives : 219 $ + taxes\/feesStationnement libre : 13 $ + taxe par nuit.Un nombre limit\u00e9 de chambres adapt\u00e9es aux animaux domestiques est disponible. Veuillez appeler l&#8217;h\u00f4tel pour plus de d\u00e9tails, et n&#8217;oubliez pas de mentionner le groupe de r\u00e9servation ACP Congress.*Les tarifs sont bas\u00e9s sur une occupation simple\/double. Les frais pour une personne suppl\u00e9mentaire au-del\u00e0 d&#8217;une occupation double sont de 10 $ par personne.*Tarif de groupe et bloc de chambres maintenu jusqu&#8217;au 13 mai 2023. Veuillez noter qu&#8217;une modification de la dur\u00e9e ou des dates de votre r\u00e9servation peut entra\u00eener un changement de tarif. Le tarif sp\u00e9cial est disponible pour les chambres r\u00e9serv\u00e9es entre le 17 et le 23 juin, sous r\u00e9serve de disponibilit\u00e9.<strong>*Les annulations qui ne sont pas re\u00e7ues 48 heures avant l&#8217;arriv\u00e9e sont soumises \u00e0 une p\u00e9nalit\u00e9 d&#8217;annulation de 100 % de tous les frais pr\u00e9vus.<\/strong><\/td>\n<td width=\"292\"><strong>Commodit\u00e9s des chambres :<\/strong><\/p>\n<p>Toutes les chambres comprennent :<\/p>\n<ul class=\"content-list\">\n<li>Cl\u00e9 num\u00e9rique<\/li>\n<li>T\u00e9l\u00e9phone<\/li>\n<li>Cafeti\u00e8re<\/li>\n<li>Fer et planche \u00e0 repasser<\/li>\n<li>Mini-r\u00e9frig\u00e9rateur<\/li>\n<li>S\u00e8che-cheveux<\/li>\n<li>Coffre-fort personnel.<\/li>\n<\/ul>\n<p>Veuillez consulter <a href=\"https:\/\/www.hilton.com\/fr\/book\/reservation\/rooms\/?ctyhocn=YFCNWGI&amp;arrivalDate=2023-01-24&amp;departureDate=2023-01-25&amp;groupCode=Cap23&amp;room1NumAdults=1&amp;arrival-readable=24+Jan+2023&amp;departure-readable=25+Jan+2023&amp;booking-page=HiltonGardenInnFredericton&amp;booking-submit=submit&amp;cid=OM%2CMB%2CFR-LLS-Homepage%2CMULTIPR%2CBookingWidget%2CFR%2Ci1\">la liste des chambres<\/a> pour conna\u00eetre les \u00e9quipements suppl\u00e9mentaires et les caract\u00e9ristiques d&#8217;accessibilit\u00e9.<\/p>\n<p><strong>Am\u00e9nagements et caract\u00e9ristiques de l&#8217;h\u00f4tel :<\/strong><\/p>\n<ul class=\"content-list\">\n<li>Restaurant avec bar\/salon<\/li>\n<li>WIFI gratuit<\/li>\n<li>Centre de remise en forme<\/li>\n<li>Centre d&#8217;affaires et salles de r\u00e9union ouverts 24 heures<\/li>\n<li>Chambres communicantes sur demande<\/li>\n<\/ul>\n<p>&nbsp;<\/td>\n<\/tr>\n<\/tbody>\n<\/table>\n<p>&nbsp;<\/p>\n<hr \/>\n<h4><strong><span style=\"font-size: 18pt;\">Crowne Plaza Hotel<\/span><br \/>\n<img loading=\"lazy\" decoding=\"async\" class=\"wp-image-22510 size-medium alignright\" src=\"https:\/\/cap.ca\/wp-content\/uploads\/2023\/01\/Crowne-300x219.png\" alt=\"\" width=\"300\" height=\"219\" srcset=\"https:\/\/cap.ca\/wp-content\/uploads\/2023\/01\/Crowne-300x219.png 300w, https:\/\/cap.ca\/wp-content\/uploads\/2023\/01\/Crowne.png 636w\" sizes=\"auto, (max-width: 300px) 100vw, 300px\" \/><br \/>\n<\/strong>659, rue Queen<br \/>\nFredericton, NB, E3B 1C3<br \/>\n<a href=\"https:\/\/www.ihg.com\/crowneplaza\/hotels\/fr\/fr\/fredericton\/yfcqs\/hoteldetail\" target=\"_blank\" rel=\"noopener\">www.crowneplaza.com<\/a><\/h4>\n<p><strong><em>Les r\u00e9servations peuvent \u00eatre faites en utilisant le lien suivant : <a href=\"https:\/\/rebrand.ly\/CAP0623\">https:\/\/rebrand.ly\/CAP0623<\/a><\/em><\/strong><\/p>\n<p>&nbsp;<\/p>\n<p><strong><em><a href=\"tel: 1-506-4553371\">&#8211;<\/a><\/em><\/strong><\/p>\n<p><strong>Il est temps de rejoindre le campus de l&#8217;Universit\u00e9 du Nouveau-Brunswick :<\/strong><\/p>\n<p>Le Crowne Plaza est \u00e0 4 minutes en voiture, 25 minutes \u00e0 pied ou 12-18 minutes en bus du campus de l&#8217;UNB. <a href=\"https:\/\/www.ihg.com\/crowneplaza\/hotels\/fr\/fr\/fredericton\/yfcqs\/hoteldetail\/directions\">Cliquez ici pour obtenir des informations sur le stationnement et le transport.<\/a><\/p>\n<p>&nbsp;<\/p>\n<table style=\"height: 266px; width: 732px;\" width=\"743\">\n<tbody>\n<tr>\n<td style=\"width: 367px;\" width=\"331\"><strong>Prix d&#8217;une nuit\u00e9e*<\/strong><\/td>\n<td style=\"width: 365px; height: 15px;\"><strong>Informations g\u00e9n\u00e9rales<\/strong><\/td>\n<\/tr>\n<tr style=\"height: 178px;\">\n<td style=\"height: 178px; width: 367px; text-align: left; vertical-align: top;\">Chambres standard : 199 $ + taxes\/fees<br \/>\nChambres ex\u00e9cutives : 219 $ + taxes\/feesStationnement autonome : 13 $ + taxe par nuit.Un nombre limit\u00e9 de chambres adapt\u00e9es aux animaux domestiques est disponible. Veuillez appeler l&#8217;h\u00f4tel pour plus de d\u00e9tails, et n&#8217;oubliez pas de mentionner le groupe de r\u00e9servation ACP Congress.*Les tarifs sont bas\u00e9s sur une occupation simple\/double. Des frais de personne suppl\u00e9mentaire au-del\u00e0 de l&#8217;occupation double peuvent s&#8217;appliquer.*Tarif de groupe et bloc de chambres maintenu jusqu&#8217;au 17 mai 2023. Veuillez noter qu&#8217;une modification de la dur\u00e9e ou des dates de votre r\u00e9servation peut entra\u00eener un changement de tarif. Le tarif sp\u00e9cial est disponible pour les chambres r\u00e9serv\u00e9es entre le 17 et le 23 juin, sous r\u00e9serve de disponibilit\u00e9.<strong>*Les annulations qui ne sont pas re\u00e7ues 48 heures avant l&#8217;arriv\u00e9e sont soumises \u00e0 une p\u00e9nalit\u00e9 d&#8217;annulation de 100 % de tous les frais pr\u00e9vus.<\/strong><\/td>\n<td style=\"height: 178px; width: 365px; text-align: left; vertical-align: top;\"><strong>Commodit\u00e9s des chambres :<\/strong><\/p>\n<p>Toutes les chambres comprennent :<\/p>\n<ul class=\"content-list\">\n<li>T\u00e9l\u00e9phone<\/li>\n<li>Cafeti\u00e8re<\/li>\n<li>Fer et planche \u00e0 repasser<\/li>\n<li>Mini-r\u00e9frig\u00e9rateur<\/li>\n<li>S\u00e8che-cheveux<\/li>\n<li>Coffre-fort personnel.<\/li>\n<\/ul>\n<p><strong>Am\u00e9nagements et caract\u00e9ristiques de l&#8217;h\u00f4tel :<\/strong><\/p>\n<ul class=\"content-list\">\n<li>Piscine sur place (07h00-23h00)<\/li>\n<li>Centre de remise en forme sur place (05h00-23h00)<\/li>\n<li>Centre d&#8217;affaires et salles de r\u00e9unions ouverts 24h<\/li>\n<li>Enregistrement anticip\u00e9 et d\u00e9part tardif disponibles moyennant des frais.<\/li>\n<li><a href=\"https:\/\/www.ihg.com\/crowneplaza\/hotels\/fr\/fr\/fredericton\/yfcqs\/hoteldetail\/amenities\">Veuillez consulter le site de l&#8217;h\u00f4tel pour conna\u00eetre les caract\u00e9ristiques suppl\u00e9mentaires et d&#8217;accessibilit\u00e9.<\/a><\/li>\n<\/ul>\n<p><a href=\"https:\/\/www.ihg.com\/content\/fr\/fr\/customer-care\/travel-advisory\">Avis sur le Covid-19<\/a><\/td>\n<\/tr>\n<\/tbody>\n<\/table>\n<p>&nbsp;<\/p>\n<div>\n<hr \/>\n<\/div>\n<div><\/div>\n<div>\n<h4><strong><span style=\"font-size: 18pt;\">Delta Hotel<\/span><img loading=\"lazy\" decoding=\"async\" class=\"wp-image-22514 size-medium alignright\" src=\"https:\/\/cap.ca\/wp-content\/uploads\/2023\/01\/Delta-NB-300x168.png\" alt=\"\" width=\"300\" height=\"168\" srcset=\"https:\/\/cap.ca\/wp-content\/uploads\/2023\/01\/Delta-NB-300x168.png 300w, https:\/\/cap.ca\/wp-content\/uploads\/2023\/01\/Delta-NB-1024x572.png 1024w, https:\/\/cap.ca\/wp-content\/uploads\/2023\/01\/Delta-NB-768x429.png 768w, https:\/\/cap.ca\/wp-content\/uploads\/2023\/01\/Delta-NB.png 1104w\" sizes=\"auto, (max-width: 300px) 100vw, 300px\" \/><\/strong><\/h4>\n<p>225, chemin Woodstock<br \/>\nFredericton, NB, E3B 2H8<br \/>\n<span aria-label=\"Call Phone Number (506) 457-7000\">T\u00e9l\u00e9phone : (506) 457-7000<\/span><br \/>\n<a href=\"https:\/\/www.marriott.fr\/hotels\/travel\/yfcdf-delta-hotels-fredericton\/\">Site web<\/a><\/p>\n<\/div>\n<p><strong><a href=\"https:\/\/www.marriott.fr\/hotels\/travel\/yfcdf-delta-hotels-fredericton\/\">R\u00e9servez votre tarif de groupe pour l&#8217;Association canadienne des physiciens et physiciennes<\/a> (Code : PHYPHYA)<br \/>\n<\/strong><\/p>\n<p>&nbsp;<\/p>\n<p>Il est temps de rejoindre le campus de l&#8217;Universit\u00e9 du Nouveau-Brunswick :<\/p>\n<p>Le Delta Hotel se trouve \u00e0 8 minutes en voiture, 45 minutes \u00e0 pied ou 30-35 minutes en bus du campus de l&#8217;UNB.<\/p>\n<p>&nbsp;<\/p>\n<div>\n<table style=\"height: 266px; width: 732px;\" width=\"743\">\n<tbody>\n<tr>\n<td style=\"width: 367px;\" width=\"331\"><strong>Prix d&#8217;une nuit\u00e9e*<\/strong><\/td>\n<td style=\"width: 365px; height: 15px; text-align: left; vertical-align: top;\">\u00a0<strong>Informations g\u00e9n\u00e9rales<\/strong><\/td>\n<\/tr>\n<tr style=\"height: 178px;\">\n<td style=\"height: 178px; width: 367px; text-align: left; vertical-align: top;\">Chambre standard king\/two queen : $189 + imp\u00f4ts et taxes<\/p>\n<p>Chambre Voir king\/two queen : 199 $ + imp\u00f4ts et taxes<\/p>\n<p>Stationnement autonome : 13 $ + taxe par nuit.<br \/>\nService de voiturier (sur demande) : 18 $ + taxe par nuit<\/p>\n<p>Un nombre limit\u00e9 de chambres adapt\u00e9es aux animaux domestiques est disponible. Veuillez appeler l&#8217;h\u00f4tel pour plus de d\u00e9tails, et n&#8217;oubliez pas de mentionner le groupe de r\u00e9servation CAP Congress.<\/p>\n<p>*Les tarifs sont bas\u00e9s sur une occupation simple\/double. Des frais de personne suppl\u00e9mentaire au-del\u00e0 de l&#8217;occupation double peuvent s&#8217;appliquer.<\/p>\n<p>*Tarif de groupe et bloc de chambres maintenu jusqu&#8217;au 1 mai 2023. Veuillez noter qu&#8217;une modification de la dur\u00e9e ou des dates de votre r\u00e9servation peut entra\u00eener un changement de tarif. Le tarif sp\u00e9cial est disponible pour les chambres r\u00e9serv\u00e9es entre le 18 et le 22 juin, sous r\u00e9serve de disponibilit\u00e9.<\/p>\n<p><strong>*Les annulations non re\u00e7ues 72 heures avant l&#8217;arriv\u00e9e sont soumises \u00e0 une p\u00e9nalit\u00e9 d&#8217;annulation de 100 % de tous les frais pr\u00e9vus.<\/strong><\/p>\n<p>&nbsp;<\/td>\n<td style=\"height: 178px; width: 365px; text-align: left; vertical-align: top;\"><strong>Commodit\u00e9s des chambres :<\/strong><\/p>\n<p>Toutes les chambres comprennent :<\/p>\n<ul class=\"content-list\">\n<li>T\u00e9l\u00e9phone<\/li>\n<li>Cafeti\u00e8re<\/li>\n<li>Fer et planche \u00e0 repasser<\/li>\n<li>Mini-r\u00e9frig\u00e9rateur<\/li>\n<li>S\u00e8che-cheveux<\/li>\n<li>Coffre-fort personnel.<\/li>\n<\/ul>\n<p><strong>Am\u00e9nagements et caract\u00e9ristiques de l&#8217;h\u00f4tel :<\/strong><\/p>\n<ul class=\"content-list\">\n<li>Cl\u00e9 mobile<\/li>\n<li>Restauration mobile<\/li>\n<li>Enregistrement num\u00e9rique<\/li>\n<li>Location de v\u00e9los (25 $ + taxe\/jour)<\/li>\n<li>Restaurant avec bar\/salon<\/li>\n<li>WIFI gratuit<\/li>\n<li>Spa<\/li>\n<li>Piscine int\u00e9rieure\/ext\u00e9rieure<\/li>\n<li>Centre de remise en forme<\/li>\n<li>Centre d&#8217;affaires et salles de r\u00e9union<\/li>\n<li>Chambres communicantes sur demande<\/li>\n<\/ul>\n<div class=\"item\">\n<div class=\"item-desc\">\n<p><strong>Mesures de nettoyage et de s\u00e9curit\u00e9 :<\/strong><br \/>\n<a href=\"https:\/\/clean.marriott.com\/\">Veuillez suivre le lien pour voir les derni\u00e8res mesures de nettoyage et de s\u00e9curit\u00e9.<\/a><\/p>\n<\/div>\n<\/div>\n<\/td>\n<\/tr>\n<\/tbody>\n<\/table>\n<p>&nbsp;<\/p>\n<\/div>\n<div>\n<div><\/div>\n<\/div>\n<p>[\/vc_column_text][\/vc_column][\/vc_row]<\/p>\n<div class=\"ephox-snooker-resizer-rows ephox-snooker-resizer-bar\" style=\"position: absolute; left: 10px; top: 4339.52px; height: 7px; width: 732px;\" role=\"presentation\" data-row=\"0\"><\/div>\n<div class=\"ephox-snooker-resizer-rows ephox-snooker-resizer-bar\" style=\"position: absolute; left: 10px; top: 5015.52px; height: 7px; width: 732px;\" role=\"presentation\" data-row=\"1\"><\/div>\n<div class=\"ephox-snooker-resizer-cols ephox-snooker-resizer-bar\" style=\"position: absolute; left: 373.812px; top: 4310.02px; height: 712px; width: 7px;\" role=\"presentation\" data-column=\"0\"><\/div>\n<div class=\"ephox-snooker-resizer-cols ephox-snooker-resizer-bar\" style=\"position: absolute; left: 735.812px; top: 4310.02px; height: 712px; width: 7px;\" role=\"presentation\" data-column=\"1\"><\/div>\n<\/div>","protected":false},"excerpt":{"rendered":"<p>[vc_row][vc_column][vc_column_text] Veuillez consulter le site de Tourisme Fredericton pour une liste des lieux et sites que vous pourriez d\u00e9couvrir \u00e0 Fredericton et dans les environs. ______________________________________________________________________________________________ NOUVEAUT\u00c9 CETTE ANN\u00c9E : R\u00c9SERVEZ IMM\u00c9DIATEMENT VOTRE H\u00c9BERGEMENT SI VOUS ENVISAGEZ DE PARTICIPER \u00c0 L&#8217;\u00c9V\u00c9NEMENT. Nous avons \u00e9t\u00e9 inform\u00e9s que Fredericton est une destination estivale tr\u00e8s populaire et que&#8230;  <a class=\"excerpt-read-more\" href=\"https:\/\/cap.ca\/fr\/congres-de-lacp\/congres-anterieurs\/congres-2023\/hebergement-2023\/\" title=\"LireH\u00e9bergement 2023\">Lire la suite &raquo;<\/a><\/p>\n","protected":false},"author":7,"featured_media":0,"parent":21449,"menu_order":43,"comment_status":"closed","ping_status":"closed","template":"","meta":{"footnotes":""},"class_list":["post-22516","page","type-page","status-publish","hentry"],"_links":{"self":[{"href":"https:\/\/cap.ca\/fr\/wp-json\/wp\/v2\/pages\/22516","targetHints":{"allow":["GET"]}}],"collection":[{"href":"https:\/\/cap.ca\/fr\/wp-json\/wp\/v2\/pages"}],"about":[{"href":"https:\/\/cap.ca\/fr\/wp-json\/wp\/v2\/types\/page"}],"author":[{"embeddable":true,"href":"https:\/\/cap.ca\/fr\/wp-json\/wp\/v2\/users\/7"}],"replies":[{"embeddable":true,"href":"https:\/\/cap.ca\/fr\/wp-json\/wp\/v2\/comments?post=22516"}],"version-history":[{"count":13,"href":"https:\/\/cap.ca\/fr\/wp-json\/wp\/v2\/pages\/22516\/revisions"}],"predecessor-version":[{"id":23105,"href":"https:\/\/cap.ca\/fr\/wp-json\/wp\/v2\/pages\/22516\/revisions\/23105"}],"up":[{"embeddable":true,"href":"https:\/\/cap.ca\/fr\/wp-json\/wp\/v2\/pages\/21449"}],"wp:attachment":[{"href":"https:\/\/cap.ca\/fr\/wp-json\/wp\/v2\/media?parent=22516"}],"curies":[{"name":"wp","href":"https:\/\/api.w.org\/{rel}","templated":true}]}}