{"id":22484,"date":"2023-01-19T13:24:35","date_gmt":"2023-01-19T18:24:35","guid":{"rendered":"https:\/\/cap.ca\/?page_id=22484"},"modified":"2023-03-15T11:24:11","modified_gmt":"2023-03-15T15:24:11","slug":"soumission-des-resumes-2023","status":"publish","type":"page","link":"https:\/\/cap.ca\/fr\/congres-de-lacp\/congres-anterieurs\/congres-2023\/soumission-des-resumes-2023\/","title":{"rendered":"Soumission des r\u00e9sum\u00e9s 2023"},"content":{"rendered":"<blockquote><p><strong><em>Le syst\u00e8me de r\u00e9sum\u00e9s pour le Congr\u00e8s de l\u2019ACP 2023 est maintenant ouvert pour le deuxi\u00e8me tour de soumission des r\u00e9sum\u00e9s. Les r\u00e9sum\u00e9s doivent \u00eatre re\u00e7us avant 23h59 HE, le 15 mai. <\/em><\/strong><\/p>\n<p><strong>Pr\u00eat \u00e0 soumettre ?\u00a0 <a href=\"https:\/\/indico.cern.ch\/event\/1191895\/\" target=\"_blank\" rel=\"noopener noreferrer\">Cliquer ici.\u00a0<\/a><\/strong><\/p><\/blockquote>\n<p>Nous sommes heureux d&#8217;annoncer que les r\u00e9sum\u00e9s pour les pr\u00e9sentations orales et par affiches du Congr\u00e8s de l&#8217;ACP 2023 peuvent maintenant \u00eatre soumis en utilisant le lien ci-dessus. Nous pr\u00e9voyons pr\u00e9sentement de tenir le congr\u00e8s en personne \u00e0 l&#8217;Universit\u00e9 du Nouveau-Brunswick \u00e0 Fredericton, NB, du 19 au 23 juin. Les pr\u00e9sentateurs devront \u00eatre pr\u00e9sents en personne.<\/p>\n<p>Ce congr\u00e8s est l&#8217;occasion de pr\u00e9senter et de c\u00e9l\u00e9brer les r\u00e9alisations des physicien(ne)s au Canada et \u00e0 l&#8217;\u00e9tranger.<\/p>\n<p>Soumettez un r\u00e9sum\u00e9 et partagez vos recherches.<\/p>\n<p>&nbsp;<\/p>\n<p><strong>LES SOUMISSIONS DE R\u00c9SUM\u00c9S APR\u00c8S \u00c9CH\u00c9ANCE.<\/strong><\/p>\n<p>Les r\u00e9sum\u00e9s de pr\u00e9sentations orales soumis avant la date limite du 1 mars 2023 sont consid\u00e9r\u00e9s comme prioritaires pour la programmation.<\/p>\n<p>&nbsp;<\/p>\n<p><strong>IMPORTANT \u00c0 NOTER AVANT DE SOUMETTRE UN R\u00c9SUM\u00c9<\/strong><\/p>\n<ol class=\"content-list\">\n<li>Un r\u00e9sum\u00e9 ne peut pas exc\u00e9der 2400 caract\u00e8res incluant les espaces (~300 mots)<\/li>\n<li>Vous devez avoir un compte Indico CERN pour soumettre un r\u00e9sum\u00e9.<\/li>\n<li>Afin d\u2019\u00e9viter des d\u00e9lais dans le traitement de votre soumission, vous DEVEZ <strong>choisir un \u00ab presentation type \u00bb<\/strong> (directement en dessous la bo\u00eete \u00ab abstract content \u00bb) ainsi qu\u2019un \u00ab track \u00bb (<strong>division ou symposium<\/strong>) parmi la liste en bas de la page.<\/li>\n<\/ol>\n<p><strong>Instructions pour la cr\u00e9ation d&#8217;un compte Indico CERN :<\/strong><\/p>\n<p>Nous utilisons \u00e0 nouveau le syst\u00e8me de soumissions de r\u00e9sum\u00e9s Indico chez CERN qui n&#8217;est pas reli\u00e9 \u00e0 celui de l\u2019adh\u00e9sion de l\u2019ACP ni au syst\u00e8me de soumission utilis\u00e9 avant le congr\u00e8s 2014. Donc, si vous n&#8217;avez pas d\u00e9j\u00e0 un compte Indico chez CERN et n&#8217;en aviez pas cr\u00e9\u00e9 un pour le congr\u00e8s de l&#8217;ann\u00e9e pr\u00e9c\u00e9dente, vous devez en cr\u00e9er un maintenant avant de pouvoir d\u00e9poser votre r\u00e9sum\u00e9.<\/p>\n<p>Pour cr\u00e9er un nouveau compte dans Indico afin d&#8217;avoir acc\u00e8s au processus du Congr\u00e8s de l&#8217;APC 2023 :<\/p>\n<p><strong><a href=\"https:\/\/auth.cern.ch\/auth\/realms\/cern\/protocol\/openid-connect\/auth?response_type=code&amp;client_id=indico-cern&amp;redirect_uri=https%3A%2F%2Findico.cern.ch%2Fauthlib%2Fcern&amp;scope=openid&amp;state=aDWak1mAQSgEfp3zcmUt0fPZq80Tec&amp;nonce=iqpJ61te2CtC4a2lGSsq\" target=\"_blank\" rel=\"noopener noreferrer\">Allez sur cette page<\/a>, s\u00e9lectionnez &#8220;Acc\u00e8s invit\u00e9&#8221; en bas de la colonne de droite et remplissez le formulaire sur cette page<\/strong>. Vous recevrez un courriel de v\u00e9rification. Cliquez sur le lien dans le courriel pour terminer le processus.<\/p>\n<p>Pour tester votre acc\u00e8s (et pour toutes les connexions futures), allez sur le <a href=\"https:\/\/indico.cern.ch\/event\/1191895\/\" target=\"_blank\" rel=\"noopener noreferrer\">site Indico CAP 2023 <\/a>et cliquez sur Login dans le coin sup\u00e9rieur droit pour acc\u00e9der \u00e0 la page d&#8217;identification unique du CERN. <strong>IMPORTANT<\/strong> &#8211; N&#8217;utilisez <strong>PAS<\/strong> le bouton &#8220;Log in with your CERN account&#8221; dans la colonne de gauche. S\u00e9lectionnez &#8220;<strong>Guest access<\/strong>&#8221; en bas de la liste de la colonne de droite.<\/p>\n<p>Entrez les informations d&#8217;identification de votre compte et vous serez ramen\u00e9 \u00e0 la page Indico du Congr\u00e8s 2022. Votre nom devrait maintenant appara\u00eetre dans la bo\u00eete de connexion dans le coin sup\u00e9rieur droit. Cela signifie que votre compte est correctement \u00e9tabli.<\/p>\n<p>&nbsp;<\/p>\n","protected":false},"excerpt":{"rendered":"<p>Le syst\u00e8me de r\u00e9sum\u00e9s pour le Congr\u00e8s de l\u2019ACP 2023 est maintenant ouvert pour le deuxi\u00e8me tour de soumission des r\u00e9sum\u00e9s. Les r\u00e9sum\u00e9s doivent \u00eatre re\u00e7us avant 23h59 HE, le 15 mai. Pr\u00eat \u00e0 soumettre ?\u00a0 Cliquer ici.\u00a0 Nous sommes heureux d&#8217;annoncer que les r\u00e9sum\u00e9s pour les pr\u00e9sentations orales et par affiches du Congr\u00e8s de&#8230;  <a class=\"excerpt-read-more\" href=\"https:\/\/cap.ca\/fr\/congres-de-lacp\/congres-anterieurs\/congres-2023\/soumission-des-resumes-2023\/\" title=\"LireSoumission des r\u00e9sum\u00e9s 2023\">Lire la suite &raquo;<\/a><\/p>\n","protected":false},"author":5,"featured_media":0,"parent":21449,"menu_order":43,"comment_status":"closed","ping_status":"closed","template":"","meta":{"footnotes":""},"class_list":["post-22484","page","type-page","status-publish","hentry"],"_links":{"self":[{"href":"https:\/\/cap.ca\/fr\/wp-json\/wp\/v2\/pages\/22484","targetHints":{"allow":["GET"]}}],"collection":[{"href":"https:\/\/cap.ca\/fr\/wp-json\/wp\/v2\/pages"}],"about":[{"href":"https:\/\/cap.ca\/fr\/wp-json\/wp\/v2\/types\/page"}],"author":[{"embeddable":true,"href":"https:\/\/cap.ca\/fr\/wp-json\/wp\/v2\/users\/5"}],"replies":[{"embeddable":true,"href":"https:\/\/cap.ca\/fr\/wp-json\/wp\/v2\/comments?post=22484"}],"version-history":[{"count":5,"href":"https:\/\/cap.ca\/fr\/wp-json\/wp\/v2\/pages\/22484\/revisions"}],"predecessor-version":[{"id":22799,"href":"https:\/\/cap.ca\/fr\/wp-json\/wp\/v2\/pages\/22484\/revisions\/22799"}],"up":[{"embeddable":true,"href":"https:\/\/cap.ca\/fr\/wp-json\/wp\/v2\/pages\/21449"}],"wp:attachment":[{"href":"https:\/\/cap.ca\/fr\/wp-json\/wp\/v2\/media?parent=22484"}],"curies":[{"name":"wp","href":"https:\/\/api.w.org\/{rel}","templated":true}]}}