{"id":22464,"date":"2023-01-19T10:50:22","date_gmt":"2023-01-19T15:50:22","guid":{"rendered":"https:\/\/cap.ca\/?page_id=22464"},"modified":"2023-01-19T10:50:22","modified_gmt":"2023-01-19T15:50:22","slug":"comite-organisateur-du-congres-2023","status":"publish","type":"page","link":"https:\/\/cap.ca\/fr\/congres-de-lacp\/congres-anterieurs\/congres-2023\/comite-organisateur-du-congres-2023\/","title":{"rendered":"Comit\u00e9 organisateur du congr\u00e8s 2023"},"content":{"rendered":"<h3>Comit\u00e9 du Congr\u00e8s de l\u2019ACP :<\/h3>\n<table style=\"border-collapse: collapse; width: 99.8633%; height: 87px;\">\n<tbody>\n<tr style=\"height: 87px;\">\n<td style=\"width: 50.2525%; height: 87px;\"><strong>Coordonnatrice du congr\u00e8s<\/strong><\/p>\n<p><span style=\"font-weight: 400;\">Francine Ford<br \/>\n<\/span><a href=\"mailto:execdir@cap.ca\"><span style=\"font-weight: 400;\">execdir@cap.ca<\/span><\/a><\/td>\n<td style=\"width: 58.0922%; height: 87px;\"><strong>Soutien administratif du Congr\u00e8s<\/strong><\/p>\n<p>Ellen Molloy<br \/>\n<a href=\"mailto:programs@cap.ca\">programs@cap.ca<\/a><\/td>\n<\/tr>\n<\/tbody>\n<\/table>\n<p>&nbsp;<\/p>\n<h3>Comit\u00e9 d\u2019organisation du programme :<\/h3>\n<p>&nbsp;<\/p>\n<p>&nbsp;<\/p>\n<table class=\" aligncenter\" style=\"height: 2205px; width: 99.9658%;\">\n<tbody>\n<tr style=\"height: 31px;\">\n<td style=\"width: 11.7116%; height: 31px; background-color: #e3e3e3; text-align: center; vertical-align: middle;\"><b>Division <\/b><b>\/ Rep.<\/b><\/td>\n<td style=\"width: 14.8117%; height: 31px; background-color: #e3e3e3; text-align: center; vertical-align: middle;\"><b>Name<\/b><\/td>\n<td style=\"width: 16.4875%; height: 31px; background-color: #e3e3e3; text-align: center; vertical-align: middle;\"><b>Affiliation<\/b><\/td>\n<td style=\"width: 28.4349%; height: 31px; background-color: #e3e3e3; text-align: center; vertical-align: middle;\"><b>Title<\/b><\/td>\n<td style=\"width: 28.4349%; height: 31px; background-color: #e3e3e3; text-align: center; vertical-align: middle;\"><b>Email<\/b><\/td>\n<\/tr>\n<tr style=\"height: 86px;\">\n<td style=\"width: 11.7116%; height: 86px; text-align: center; vertical-align: middle;\">Conseil<\/td>\n<td style=\"width: 14.8117%; height: 86px; text-align: center; vertical-align: middle;\"><span style=\"font-weight: 400;\">Barbara Frisken<\/span><\/td>\n<td style=\"width: 16.4875%; height: 86px; text-align: center; vertical-align: middle;\"><span style=\"font-weight: 400;\">Simon Fraser University<\/span><\/td>\n<td style=\"width: 28.4349%; height: 86px; text-align: center; vertical-align: middle;\"><span style=\"font-weight: 400;\">President (Observer)<\/span><\/td>\n<td style=\"width: 28.4349%; height: 86px; text-align: center; vertical-align: middle;\"><span style=\"font-weight: 400;\">frisken@sfu.ca<\/span><\/td>\n<\/tr>\n<tr style=\"height: 86px;\">\n<td style=\"width: 11.7116%; height: 86px; text-align: center; vertical-align: middle;\">Conseil<\/td>\n<td style=\"width: 14.8117%; height: 86px; text-align: center; vertical-align: middle;\"><span style=\"font-weight: 400;\">Bill Whelan<\/span><\/td>\n<td style=\"width: 16.4875%; height: 86px; text-align: center; vertical-align: middle;\"><span style=\"font-weight: 400;\">University of Prince Edward Island<\/span><\/td>\n<td style=\"width: 28.4349%; height: 86px; text-align: center; vertical-align: middle;\"><span style=\"font-weight: 400;\">VP (Congress Program Chair)<\/span><\/td>\n<td style=\"width: 28.4349%; height: 86px; text-align: center; vertical-align: middle;\"><span style=\"font-weight: 400;\">wwhelan@upei.ca<\/span><\/td>\n<\/tr>\n<tr style=\"height: 112px;\">\n<td style=\"width: 11.7116%; height: 112px; text-align: center; vertical-align: middle;\">Conseil<\/td>\n<td style=\"width: 14.8117%; height: 112px; text-align: center; vertical-align: middle;\">Martin Williams<\/td>\n<td style=\"width: 16.4875%; height: 112px; text-align: center; vertical-align: middle;\">University of Guelph<\/td>\n<td style=\"width: 28.4349%; height: 112px; text-align: center; vertical-align: middle;\"><span style=\"font-weight: 400;\">VP-Elect (Best Student Competition)<\/span><\/td>\n<td style=\"width: 28.4349%; height: 112px; text-align: center; vertical-align: middle;\">martin.williams@uoguelph.ca<\/td>\n<\/tr>\n<tr style=\"height: 86px;\">\n<td style=\"width: 11.7116%; height: 86px; text-align: center; vertical-align: middle;\">Conseil<\/td>\n<td style=\"width: 14.8117%; height: 86px; text-align: center; vertical-align: middle;\"><span style=\"font-weight: 400;\">Eric Donovan<\/span><\/td>\n<td style=\"width: 16.4875%; height: 86px; text-align: center; vertical-align: middle;\"><span style=\"font-weight: 400;\">University of Calgary<\/span><\/td>\n<td style=\"width: 28.4349%; height: 86px; text-align: center; vertical-align: middle;\"><span style=\"font-weight: 400;\">Science Policy<\/span><\/td>\n<td style=\"width: 28.4349%; height: 86px; text-align: center; vertical-align: middle;\"><span style=\"font-weight: 400;\">edonovan@ucalgary.ca<\/span><\/td>\n<\/tr>\n<tr style=\"height: 86px;\">\n<td style=\"width: 11.7116%; height: 86px; text-align: center; vertical-align: middle;\">Conseil<\/td>\n<td style=\"width: 14.8117%; height: 86px; text-align: center; vertical-align: middle;\"><span style=\"font-weight: 400;\">Christine Kraus<\/span><\/td>\n<td style=\"width: 16.4875%; height: 86px; text-align: center; vertical-align: middle;\"><span style=\"font-weight: 400;\">Laurentian University<\/span><\/td>\n<td style=\"width: 28.4349%; height: 86px; text-align: center; vertical-align: middle;\"><span style=\"font-weight: 400;\">Secretary-Treasurer<\/span><\/td>\n<td style=\"width: 28.4349%; height: 86px; text-align: center; vertical-align: middle;\"><span style=\"font-weight: 400;\">tine@snolab.ca<\/span><\/td>\n<\/tr>\n<tr style=\"height: 86px;\">\n<td style=\"width: 11.7116%; height: 86px; text-align: center; vertical-align: middle;\">Conseil<\/td>\n<td style=\"width: 14.8117%; height: 86px; text-align: center; vertical-align: middle;\"><span style=\"font-weight: 400;\">Ian D\u2019Souza<\/span><\/td>\n<td style=\"width: 16.4875%; height: 86px; text-align: center; vertical-align: middle;\"><span style=\"font-weight: 400;\">Honeywell Aerospace<\/span><\/td>\n<td style=\"width: 28.4349%; height: 86px; text-align: center; vertical-align: middle;\"><span style=\"font-weight: 400;\">Private Sector Relations<\/span><\/td>\n<td style=\"width: 28.4349%; height: 86px; text-align: center; vertical-align: middle;\"><span style=\"font-weight: 400;\">ian.a.dsouza@gmail.com<\/span><\/td>\n<\/tr>\n<tr style=\"height: 86px;\">\n<td style=\"width: 11.7116%; height: 86px; text-align: center; vertical-align: middle;\">Conseil<\/td>\n<td style=\"width: 14.8117%; height: 86px; text-align: center; vertical-align: middle;\"><span style=\"font-weight: 400;\">Daniel Cluff<\/span><\/td>\n<td style=\"width: 16.4875%; height: 86px; text-align: center; vertical-align: middle;\"><span style=\"font-weight: 400;\">CanMind Associates<\/span><\/td>\n<td style=\"width: 28.4349%; height: 86px; text-align: center; vertical-align: middle;\"><span style=\"font-weight: 400;\">Professional Affairs<\/span><\/td>\n<td style=\"width: 28.4349%; height: 86px; text-align: center; vertical-align: middle;\"><span style=\"font-weight: 400;\">Daniel.cluff@deepmining.ca<\/span><\/td>\n<\/tr>\n<tr style=\"height: 86px;\">\n<td style=\"width: 11.7116%; height: 86px; text-align: center; vertical-align: middle;\">Bureau de l\u2019ACP<\/td>\n<td style=\"width: 14.8117%; height: 86px; text-align: center; vertical-align: middle;\"><span style=\"font-weight: 400;\">Francine Ford<\/span><\/td>\n<td style=\"width: 16.4875%; height: 86px; text-align: center; vertical-align: middle;\"><span style=\"font-weight: 400;\">Executive Director<\/span><\/td>\n<td style=\"width: 28.4349%; height: 86px; text-align: center; vertical-align: middle;\"><span style=\"font-weight: 400;\">Congress Coordinator<\/span><\/td>\n<td style=\"width: 28.4349%; height: 86px; text-align: center; vertical-align: middle;\"><span style=\"font-weight: 400;\">execdir@cap.ca<\/span><\/td>\n<\/tr>\n<tr style=\"height: 86px;\">\n<td style=\"width: 11.7116%; height: 86px; text-align: center; vertical-align: middle;\">Bureau de l\u2019ACP<\/td>\n<td style=\"width: 14.8117%; height: 86px; text-align: center; vertical-align: middle;\"><span style=\"font-weight: 400;\">Jenny Kliever<\/span><\/td>\n<td style=\"width: 16.4875%; height: 86px; text-align: center; vertical-align: middle;\"><span style=\"font-weight: 400;\">Contract<\/span><\/td>\n<td style=\"width: 28.4349%; height: 86px; text-align: center; vertical-align: middle;\"><span style=\"font-weight: 400;\">Communications<\/span><\/td>\n<td style=\"width: 28.4349%; height: 86px; text-align: center; vertical-align: middle;\"><span style=\"font-weight: 400;\">programs@cap.ca<\/span><\/td>\n<\/tr>\n<tr style=\"height: 86px;\">\n<td style=\"width: 11.7116%; height: 86px; text-align: center; vertical-align: middle;\"><span style=\"font-weight: 400;\">2023 LOC Chair<\/span><\/td>\n<td style=\"width: 14.8117%; height: 86px; text-align: center; vertical-align: middle;\"><span style=\"font-weight: 400;\">Ben Newling<\/span><\/td>\n<td style=\"width: 16.4875%; height: 86px; text-align: center; vertical-align: middle;\"><span style=\"font-weight: 400;\">University of New Brunswick<\/span><\/td>\n<td style=\"width: 28.4349%; height: 86px; text-align: center; vertical-align: middle;\"><span style=\"font-weight: 400;\">LOC Chair<\/span><\/td>\n<td style=\"width: 28.4349%; height: 86px; text-align: center; vertical-align: middle;\"><span style=\"font-weight: 400;\">bnewling@unb.ca<\/span><\/td>\n<\/tr>\n<tr style=\"height: 112px;\">\n<td style=\"width: 11.7116%; height: 112px; text-align: center; vertical-align: middle;\"><span style=\"font-weight: 400;\">DEGP<\/span><\/td>\n<td style=\"width: 14.8117%; height: 112px; text-align: center; vertical-align: middle;\"><span style=\"font-weight: 400;\">Svetlana Barkanova<\/span><\/td>\n<td style=\"width: 16.4875%; height: 112px; text-align: center; vertical-align: middle;\"><span style=\"font-weight: 400;\">Memorial University<\/span><\/td>\n<td style=\"width: 28.4349%; height: 112px; text-align: center; vertical-align: middle;\"><span style=\"font-weight: 400;\">Chair, Gender Equity in Physics<\/span><\/td>\n<td style=\"width: 28.4349%; height: 112px; text-align: center; vertical-align: middle;\"><span style=\"font-weight: 400;\">sbarkanova@grenfell.mun.ca<\/span><\/td>\n<\/tr>\n<tr style=\"height: 112px;\">\n<td style=\"width: 11.7116%; height: 112px; text-align: center; vertical-align: middle;\">DPAMPC<\/td>\n<td style=\"width: 14.8117%; height: 112px; text-align: center; vertical-align: middle;\"><span style=\"font-weight: 400;\">Jens Lassen<\/span><\/td>\n<td style=\"width: 16.4875%; height: 112px; text-align: center; vertical-align: middle;\"><span style=\"font-weight: 400;\">Simon Fraser University<\/span><\/td>\n<td style=\"width: 28.4349%; height: 112px; text-align: center; vertical-align: middle;\"><span style=\"font-weight: 400;\">Chair, Atomic Molecular Optical Photonics<\/span><\/td>\n<td style=\"width: 28.4349%; height: 112px; text-align: center; vertical-align: middle;\"><span style=\"font-weight: 400;\">\u00a0 Jens_Lassen@sfu.ca<\/span><\/td>\n<\/tr>\n<tr style=\"height: 86px;\">\n<td style=\"width: 11.7116%; height: 86px; text-align: center; vertical-align: middle;\">DPMCM<\/td>\n<td style=\"width: 14.8117%; height: 86px; text-align: center; vertical-align: middle;\"><span style=\"font-weight: 400;\">Robert Wickham<\/span><\/td>\n<td style=\"width: 16.4875%; height: 86px; text-align: center; vertical-align: middle;\"><span style=\"font-weight: 400;\">University of Guelph<\/span><\/td>\n<td style=\"width: 28.4349%; height: 86px; text-align: center; vertical-align: middle;\"><span style=\"font-weight: 400;\">Acting Chair, Condensed Matter &amp; Materials Physics<\/span><\/td>\n<td style=\"width: 28.4349%; height: 86px; text-align: center; vertical-align: middle;\"><span style=\"font-weight: 400;\">rwickham@uoguelph.ca<\/span><\/td>\n<\/tr>\n<tr style=\"height: 86px;\">\n<td style=\"width: 11.7116%; height: 86px; text-align: center; vertical-align: middle;\"><span style=\"font-weight: 400;\">DHP<\/span><\/td>\n<td style=\"width: 14.8117%; height: 86px; text-align: center; vertical-align: middle;\"><span style=\"font-weight: 400;\">Francesco Barletta<\/span><\/td>\n<td style=\"width: 16.4875%; height: 86px; text-align: center; vertical-align: middle;\"><span style=\"font-weight: 400;\">Cegep de Rimouski<\/span><\/td>\n<td style=\"width: 28.4349%; height: 86px; text-align: center; vertical-align: middle;\"><span style=\"font-weight: 400;\">Chair, History of Physics<\/span><\/td>\n<td style=\"width: 28.4349%; height: 86px; text-align: center; vertical-align: middle;\"><span style=\"font-weight: 400;\">Francesco.barletta@centre-matapedien.qc.ca<\/span><\/td>\n<\/tr>\n<tr style=\"height: 86px;\">\n<td style=\"width: 11.7116%; height: 86px; text-align: center; vertical-align: middle;\">DPIA<\/td>\n<td style=\"width: 14.8117%; height: 86px; text-align: center; vertical-align: middle;\"><span style=\"font-weight: 400;\">Steffon Luoma<\/span><\/td>\n<td style=\"width: 16.4875%; height: 86px; text-align: center; vertical-align: middle;\"><span style=\"font-weight: 400;\">SNOLab<\/span><\/td>\n<td style=\"width: 28.4349%; height: 86px; text-align: center; vertical-align: middle;\"><span style=\"font-weight: 400;\">Chair, Applied Physics &amp; Instrumentation<\/span><\/td>\n<td style=\"width: 28.4349%; height: 86px; text-align: center; vertical-align: middle;\"><span style=\"font-weight: 400;\">luoma@live.ca<\/span><\/td>\n<\/tr>\n<tr style=\"height: 86px;\">\n<td style=\"width: 11.7116%; height: 86px; text-align: center; vertical-align: middle;\"><span style=\"font-weight: 400;\">DPMB<\/span><\/td>\n<td style=\"width: 14.8117%; height: 86px; text-align: center; vertical-align: middle;\"><span style=\"font-weight: 400;\">Valerie Booth<\/span><\/td>\n<td style=\"width: 16.4875%; height: 86px; text-align: center; vertical-align: middle;\"><span style=\"font-weight: 400;\">Memorial University<\/span><\/td>\n<td style=\"width: 28.4349%; height: 86px; text-align: center; vertical-align: middle;\"><span style=\"font-weight: 400;\">Chair, Physics in Medicine and Biology<\/span><\/td>\n<td style=\"width: 28.4349%; height: 86px; text-align: center; vertical-align: middle;\"><span style=\"font-weight: 400;\">\u00a0vbooth@mun.ca<\/span><\/td>\n<\/tr>\n<tr style=\"height: 86px;\">\n<td style=\"width: 11.7116%; height: 86px; text-align: center; vertical-align: middle;\">DPN<\/td>\n<td style=\"width: 14.8117%; height: 86px; text-align: center; vertical-align: middle;\"><span style=\"font-weight: 400;\">Michael Gericke<\/span><\/td>\n<td style=\"width: 16.4875%; height: 86px; text-align: center; vertical-align: middle;\"><span style=\"font-weight: 400;\">University of Manitoba<\/span><\/td>\n<td style=\"width: 28.4349%; height: 86px; text-align: center; vertical-align: middle;\"><span style=\"font-weight: 400;\">Chair, Nuclear Physics<\/span><\/td>\n<td style=\"width: 28.4349%; height: 86px; text-align: center; vertical-align: middle;\"><span style=\"font-weight: 400;\">Mgericke@physics.umanitoba.ca<\/span><\/td>\n<\/tr>\n<tr style=\"height: 86px;\">\n<td style=\"width: 11.7116%; height: 86px; text-align: center; vertical-align: middle;\"><span style=\"font-weight: 400;\">DEP<\/span><\/td>\n<td style=\"width: 14.8117%; height: 86px; text-align: center; vertical-align: middle;\"><span style=\"font-weight: 400;\">Daria Ahrensmeier<\/span><\/td>\n<td style=\"width: 16.4875%; height: 86px; text-align: center; vertical-align: middle;\"><span style=\"font-weight: 400;\">Simon Fraser University<\/span><\/td>\n<td style=\"width: 28.4349%; height: 86px; text-align: center; vertical-align: middle;\"><span style=\"font-weight: 400;\">Chair, Physics Education<\/span><\/td>\n<td style=\"width: 28.4349%; height: 86px; text-align: center; vertical-align: middle;\"><span style=\"font-weight: 400;\">Daria_ahrensmeier@sfu.ca<\/span><\/td>\n<\/tr>\n<tr style=\"height: 86px;\">\n<td style=\"width: 11.7116%; height: 86px; text-align: center; vertical-align: middle;\"><span style=\"font-weight: 400;\">DPP<\/span><\/td>\n<td style=\"width: 14.8117%; height: 86px; text-align: center; vertical-align: middle;\"><span style=\"font-weight: 400;\">Ahmad Hamdan<\/span><\/td>\n<td style=\"width: 16.4875%; height: 86px; text-align: center; vertical-align: middle;\"><span style=\"font-weight: 400;\">Universit\u00e9 de Montr\u00e9al<\/span><\/td>\n<td style=\"width: 28.4349%; height: 86px; text-align: center; vertical-align: middle;\"><span style=\"font-weight: 400;\">Chair, Plasma Physics<\/span><\/td>\n<td style=\"width: 28.4349%; height: 86px; text-align: center; vertical-align: middle;\"><span style=\"font-weight: 400;\">\u00a0 Ahmad.hamdan@umontreal.ca<\/span><\/td>\n<\/tr>\n<tr style=\"height: 86px;\">\n<td style=\"width: 11.7116%; height: 86px; text-align: center; vertical-align: middle;\"><span style=\"font-weight: 400;\">DSS<\/span><\/td>\n<td style=\"width: 14.8117%; height: 86px; text-align: center; vertical-align: middle;\"><span style=\"font-weight: 400;\">Steve Patitsas<\/span><\/td>\n<td style=\"width: 16.4875%; height: 86px; text-align: center; vertical-align: middle;\"><span style=\"font-weight: 400;\">U. Lethbridge<\/span><\/td>\n<td style=\"width: 28.4349%; height: 86px; text-align: center; vertical-align: middle;\"><span style=\"font-weight: 400;\">Chair, Surface Physics<\/span><\/td>\n<td style=\"width: 28.4349%; height: 86px; text-align: center; vertical-align: middle;\"><span style=\"font-weight: 400;\">steve.patitsas@uleth.ca<\/span><\/td>\n<\/tr>\n<tr style=\"height: 86px;\">\n<td style=\"width: 11.7116%; height: 86px; text-align: center; vertical-align: middle;\"><span style=\"font-weight: 400;\">DTP<\/span><\/td>\n<td style=\"width: 14.8117%; height: 86px; text-align: center; vertical-align: middle;\"><span style=\"font-weight: 400;\">Randy Lewis<\/span><\/td>\n<td style=\"width: 16.4875%; height: 86px; text-align: center; vertical-align: middle;\"><span style=\"font-weight: 400;\">York University\u00a0<\/span><\/td>\n<td style=\"width: 28.4349%; height: 86px; text-align: center; vertical-align: middle;\"><span style=\"font-weight: 400;\">Chair, Theoretical Physics<\/span><\/td>\n<td style=\"width: 28.4349%; height: 86px; text-align: center; vertical-align: middle;\"><span style=\"font-weight: 400;\">\u00a0 Randy.lewis@yorku.ca<\/span><\/td>\n<\/tr>\n<tr style=\"height: 86px;\">\n<td style=\"width: 11.7116%; height: 86px; text-align: center; vertical-align: middle;\"><span style=\"font-weight: 400;\">PPD<\/span><\/td>\n<td style=\"width: 14.8117%; height: 86px; text-align: center; vertical-align: middle;\">Maximilian Swiatlowski<\/td>\n<td style=\"width: 16.4875%; height: 86px; text-align: center; vertical-align: middle;\"><span style=\"font-weight: 400;\">TRIUMF<\/span><\/td>\n<td style=\"width: 28.4349%; height: 86px; text-align: center; vertical-align: middle;\"><span style=\"font-weight: 400;\"> Chair, Particle Physics<\/span><\/td>\n<td style=\"width: 28.4349%; height: 86px; text-align: center; vertical-align: middle;\">maximilian.j.swiatlowski@cern.ch<\/td>\n<\/tr>\n<\/tbody>\n<\/table>\n<p>&nbsp;<\/p>\n","protected":false},"excerpt":{"rendered":"<p>Comit\u00e9 du Congr\u00e8s de l\u2019ACP : Coordonnatrice du congr\u00e8s Francine Ford execdir@cap.ca Soutien administratif du Congr\u00e8s Ellen Molloy programs@cap.ca &nbsp; Comit\u00e9 d\u2019organisation du programme : &nbsp; &nbsp; Division \/ Rep. Name Affiliation Title Email Conseil Barbara Frisken Simon Fraser University President (Observer) frisken@sfu.ca Conseil Bill Whelan University of Prince Edward Island VP (Congress Program Chair)&#8230;  <a class=\"excerpt-read-more\" href=\"https:\/\/cap.ca\/fr\/congres-de-lacp\/congres-anterieurs\/congres-2023\/comite-organisateur-du-congres-2023\/\" title=\"LireComit\u00e9 organisateur du congr\u00e8s 2023\">Lire la suite &raquo;<\/a><\/p>\n","protected":false},"author":5,"featured_media":0,"parent":21449,"menu_order":7,"comment_status":"closed","ping_status":"closed","template":"","meta":{"footnotes":""},"class_list":["post-22464","page","type-page","status-publish","hentry"],"_links":{"self":[{"href":"https:\/\/cap.ca\/fr\/wp-json\/wp\/v2\/pages\/22464","targetHints":{"allow":["GET"]}}],"collection":[{"href":"https:\/\/cap.ca\/fr\/wp-json\/wp\/v2\/pages"}],"about":[{"href":"https:\/\/cap.ca\/fr\/wp-json\/wp\/v2\/types\/page"}],"author":[{"embeddable":true,"href":"https:\/\/cap.ca\/fr\/wp-json\/wp\/v2\/users\/5"}],"replies":[{"embeddable":true,"href":"https:\/\/cap.ca\/fr\/wp-json\/wp\/v2\/comments?post=22464"}],"version-history":[{"count":2,"href":"https:\/\/cap.ca\/fr\/wp-json\/wp\/v2\/pages\/22464\/revisions"}],"predecessor-version":[{"id":22466,"href":"https:\/\/cap.ca\/fr\/wp-json\/wp\/v2\/pages\/22464\/revisions\/22466"}],"up":[{"embeddable":true,"href":"https:\/\/cap.ca\/fr\/wp-json\/wp\/v2\/pages\/21449"}],"wp:attachment":[{"href":"https:\/\/cap.ca\/fr\/wp-json\/wp\/v2\/media?parent=22464"}],"curies":[{"name":"wp","href":"https:\/\/api.w.org\/{rel}","templated":true}]}}