{"id":22387,"date":"2023-01-17T16:01:25","date_gmt":"2023-01-17T21:01:25","guid":{"rendered":"https:\/\/cap.ca\/congres-de-lacp\/congres-2023\/2023-local-organizing-committee\/"},"modified":"2023-05-03T10:18:22","modified_gmt":"2023-05-03T14:18:22","slug":"2023-local-organizing-committee","status":"publish","type":"page","link":"https:\/\/cap.ca\/fr\/congres-de-lacp\/congres-anterieurs\/congres-2023\/2023-local-organizing-committee\/","title":{"rendered":"Comit\u00e9 organisateur local 2023"},"content":{"rendered":"<p>&nbsp;<\/p>\n<table style=\"border-collapse: collapse; width: 100%;\">\n<tbody>\n<tr>\n<td style=\"width: 50%;\"><span style=\"font-weight: 400;\">Pr\u00e9sident<br \/>\n<strong>Ben Newling (bnewling[at]unb[dot]ca)<\/strong><br \/>\n<\/span><\/td>\n<td style=\"width: 50%;\"><span style=\"font-weight: 400;\">Coordonnateur de l\u2019h\u00e9bergement<\/span><br \/>\n<strong>\u00c0 D\u00c9TERMINER<\/strong><\/td>\n<\/tr>\n<tr>\n<td style=\"width: 50%;\"><span style=\"font-weight: 400;\">Coordinateurs local du congress<\/span><br \/>\n<span style=\"font-weight: 400;\"><strong>Ben Newling (bnewling[at]unb[dot]ca)<br \/>\n<\/strong><\/span><span style=\"font-weight: 400;\"><strong>Beth Wallace<br \/>\nJulia McDevitt<\/strong><\/span><\/td>\n<td style=\"width: 50%;\"><span style=\"font-weight: 400;\">Coordonnateur pour traiteur et l\u2019h\u00e9bergement<\/span><br \/>\n<strong>Beth Wallace<\/strong><\/td>\n<\/tr>\n<tr>\n<td style=\"width: 50%;\"><span style=\"font-weight: 400;\">Coordonnateurs du tr\u00e9sorier et du budget<br \/>\n<\/span><strong>\u00c0 D\u00c9TERMINER<\/strong><\/td>\n<td style=\"width: 50%;\"><span style=\"font-weight: 400;\">Coordonnateur des visites de laboratoires<br \/>\n<strong>\u00c0 D\u00c9TERMINER<\/strong><br \/>\n<\/span><\/td>\n<\/tr>\n<tr>\n<td style=\"width: 50%;\"><span style=\"font-weight: 400;\">Coordonnateur de r\u00e9union des pr\u00e9sidents des d\u00e9partements<br \/>\n<strong>\u00c0 D\u00c9TERMINER<\/strong><br \/>\n<\/span><\/td>\n<td style=\"width: 50%;\"><span style=\"font-weight: 400;\">Info. locale du programme et web<br \/>\n<\/span><strong>\u00c0 D\u00c9TERMINER, Bruce Balcom (Local Info) (<\/strong><strong>bjb[at]unb[dot]ca)<\/strong><\/td>\n<\/tr>\n<tr>\n<td style=\"width: 50%;\"><span style=\"font-weight: 400;\">Coordonnateur de la session d\u2019affiches et d\u2019exposants<br \/>\n<b>Brynle Barrett (brynle.barrett<strong>[at]unb[dot]ca)<\/strong><br \/>\nWill Selby (wselby<strong>[at]unb[dot]ca)<\/strong><\/b><\/span><\/td>\n<td style=\"width: 50%;\"><span style=\"font-weight: 400;\">Coordonnateur des commandites locales<br \/>\n<strong>Bruce Balcom (<\/strong><strong>bjb[at]unb[dot]ca)<\/strong><br \/>\n<\/span><\/td>\n<\/tr>\n<tr>\n<td style=\"width: 50%;\"><span style=\"font-weight: 400;\">Coordonnateur de BBQ<br \/>\n<strong>\u00c0 D\u00c9TERMINER<\/strong><br \/>\n<\/span><\/td>\n<td style=\"width: 50%;\"><span style=\"font-weight: 400;\">Coordonnateur de la conf\u00e9rence Herzberg<br \/>\n<b>P. T. Jayachandran (jaya<strong>[at]unb[dot]ca)<\/strong><\/b><br \/>\n<\/span><\/td>\n<\/tr>\n<tr>\n<td style=\"width: 50%;\"><span style=\"font-weight: 400;\">Coordonnateur de salle de conf\u00e9rence et de l\u2019audiovisuel et de l\u2019informatique<br \/>\n<strong>\u00c0 D\u00c9TERMINER<\/strong><br \/>\n<\/span><\/td>\n<td style=\"width: 50%;\"><span style=\"font-weight: 400;\">Coordonnateur des b\u00e9n\u00e9voles<br \/>\n<b>Tim Blackmore (tblackmo<strong>[at]unb[dot]ca)<br \/>\n<\/strong><\/b><strong>Devin Morin (dmorin[at]unb[dot]ca)<\/strong><\/span><\/td>\n<\/tr>\n<tr>\n<td style=\"width: 50%;\"><span style=\"font-weight: 400;\">Coordonnatrice du Banquet<br \/>\n<strong>Ben Newling (bnewling[at]unb[dot]ca)<\/strong><br \/>\n<\/span><\/td>\n<td style=\"width: 50%;\"><span style=\"font-weight: 400;\">Coordonateur d\u2019\u00e9v\u00e8nement en industrie pour \u00e9tudiants<br \/>\n<strong>\u00c0 D\u00c9TERMINER<\/strong><br \/>\n<\/span><\/td>\n<\/tr>\n<tr>\n<td style=\"width: 50%;\"><span style=\"font-weight: 400;\">Coordonnatrice d\u2019exposants<br \/>\n<b>Brynle Barrett (brynle.barrett<strong>[at]unb[dot]ca)<\/strong><br \/>\nWill Selby (wselby<strong>[at]unb[dot]ca)<\/strong><\/b><br \/>\n<\/span><\/td>\n<td style=\"width: 50%;\"><span style=\"font-weight: 400;\">Coordonnateurs de l\u2019atelier des enseignants<br \/>\n<b>Dennis Tokaryk (dtokaryk<strong>[at]unb[dot]ca)<\/strong><\/b><br \/>\n<\/span><\/td>\n<\/tr>\n<tr>\n<td style=\"width: 50%;\"><span style=\"font-weight: 400;\">Agent de s\u00e9curit\u00e9<br \/>\n<b>Amy-Rae Gauthier<br \/>\n(Amy-Rae.P.Gauthier<strong>[at]unb[dot]ca)<\/strong><\/b><br \/>\n<\/span><\/td>\n<td style=\"width: 50%;\"><span style=\"font-weight: 400;\">Affichage<br \/>\n<b>Amy-Rae Gauthier<br \/>\n(Amy-Rae.P.Gauthier<strong>[at]unb[dot]ca)<\/strong><\/b><br \/>\n<\/span><\/td>\n<\/tr>\n<tr>\n<td style=\"width: 50%;\"><\/td>\n<td style=\"width: 50%;\">Volontaires sans portefeuille<br \/>\n<strong>Nick Caron, Adbelhaq Hamza<\/strong><\/td>\n<\/tr>\n<\/tbody>\n<\/table>\n","protected":false},"excerpt":{"rendered":"<p>&nbsp; Pr\u00e9sident Ben Newling (bnewling[at]unb[dot]ca) Coordonnateur de l\u2019h\u00e9bergement \u00c0 D\u00c9TERMINER Coordinateurs local du congress Ben Newling (bnewling[at]unb[dot]ca) Beth Wallace Julia McDevitt Coordonnateur pour traiteur et l\u2019h\u00e9bergement Beth Wallace Coordonnateurs du tr\u00e9sorier et du budget \u00c0 D\u00c9TERMINER Coordonnateur des visites de laboratoires \u00c0 D\u00c9TERMINER Coordonnateur de r\u00e9union des pr\u00e9sidents des d\u00e9partements \u00c0 D\u00c9TERMINER Info. locale du&#8230;  <a class=\"excerpt-read-more\" href=\"https:\/\/cap.ca\/fr\/congres-de-lacp\/congres-anterieurs\/congres-2023\/2023-local-organizing-committee\/\" title=\"LireComit\u00e9 organisateur local 2023\">Lire la suite &raquo;<\/a><\/p>\n","protected":false},"author":5,"featured_media":0,"parent":21449,"menu_order":43,"comment_status":"closed","ping_status":"closed","template":"","meta":{"footnotes":""},"class_list":["post-22387","page","type-page","status-publish","hentry"],"_links":{"self":[{"href":"https:\/\/cap.ca\/fr\/wp-json\/wp\/v2\/pages\/22387","targetHints":{"allow":["GET"]}}],"collection":[{"href":"https:\/\/cap.ca\/fr\/wp-json\/wp\/v2\/pages"}],"about":[{"href":"https:\/\/cap.ca\/fr\/wp-json\/wp\/v2\/types\/page"}],"author":[{"embeddable":true,"href":"https:\/\/cap.ca\/fr\/wp-json\/wp\/v2\/users\/5"}],"replies":[{"embeddable":true,"href":"https:\/\/cap.ca\/fr\/wp-json\/wp\/v2\/comments?post=22387"}],"version-history":[{"count":3,"href":"https:\/\/cap.ca\/fr\/wp-json\/wp\/v2\/pages\/22387\/revisions"}],"predecessor-version":[{"id":23026,"href":"https:\/\/cap.ca\/fr\/wp-json\/wp\/v2\/pages\/22387\/revisions\/23026"}],"up":[{"embeddable":true,"href":"https:\/\/cap.ca\/fr\/wp-json\/wp\/v2\/pages\/21449"}],"wp:attachment":[{"href":"https:\/\/cap.ca\/fr\/wp-json\/wp\/v2\/media?parent=22387"}],"curies":[{"name":"wp","href":"https:\/\/api.w.org\/{rel}","templated":true}]}}