{"id":22099,"date":"2022-11-16T10:08:31","date_gmt":"2022-11-16T15:08:31","guid":{"rendered":"https:\/\/cap.ca\/?page_id=22099"},"modified":"2022-11-16T10:08:31","modified_gmt":"2022-11-16T15:08:31","slug":"exigences-relatives-aux-conferenciers-et-liste-des-departements-par-region","status":"publish","type":"page","link":"https:\/\/cap.ca\/fr\/tournee-de-conferenciers-de-lacp-2023\/exigences-relatives-aux-conferenciers-et-liste-des-departements-par-region\/","title":{"rendered":"Exigences relatives aux conf\u00e9renciers et liste des d\u00e9partements par r\u00e9gion"},"content":{"rendered":"<h4>Objectifs<\/h4>\n<p>La tourn\u00e9e de conf\u00e9rences de l\u2019ACP 2023 pour les \u00e9tudiants de premier cycle est financ\u00e9e par les contributions \u00e0 la Fondation de l\u2019ACP des membres individuels et des entreprises, ainsi que par les d\u00e9partements de physique et les commanditaires participants. Les objectifs sont les suivants :<\/p>\n<ol class=\"content-list\">\n<li>partager l\u2019enthousiasme \u00e0 propos des d\u00e9veloppements actuels en physique avec les \u00e9tudiants de premier cycle \u00e0 travers le pays ;<\/li>\n<li>promouvoir et c\u00e9l\u00e9brer l\u2019\u00e9tude de la physique au Canada ;<\/li>\n<li>am\u00e9liorer les collaborations entre l\u2019ACP et les d\u00e9partements de physique canadiens ;<\/li>\n<li>am\u00e9liorer la visibilit\u00e9 de l\u2019ACP dans la communaut\u00e9 universitaire canadienne, et<\/li>\n<li>promouvoir l\u2019adh\u00e9sion des \u00e9tudiants \u00e0 l\u2019ACP.<\/li>\n<\/ol>\n<h4>Admissibilit\u00e9 des conf\u00e9renciers<\/h4>\n<p>\u25cf Les conf\u00e9renciers doivent d\u00e9j\u00e0 \u00eatre membres en r\u00e8gle de l\u2019ACP ou devenir membres de l\u2019ACP au plus tard le 4 novembre.<br \/>\n\u25cf Afin d\u2019encourager les candidats de nos membres corporatifs, les candidats de l\u2019industrie n\u2019ont pas besoin d\u2019\u00eatre membres de l\u2019ACP.<\/p>\n<h4>H\u00f4tes institutionnels<\/h4>\n<p>\u25cf Tous les d\u00e9partements membres de l\u2019ACP seront invit\u00e9s \u00e0 poser leur candidature pour accueillir l\u2019une des six conf\u00e9rences en personne, une dans chaque r\u00e9gion de l\u2019ACP indiqu\u00e9e ci-dessous.<br \/>\n\u25cf Les d\u00e9partements membres int\u00e9ress\u00e9s devront confirmer leur capacit\u00e9 \u00e0 agir en tant qu\u2019h\u00f4te d\u2019un conf\u00e9rencier, et fournir un espace appropri\u00e9 et des ressources informatiques qui permettront la diffusion en direct de la conf\u00e9rence sur la cha\u00eene YouTube de l\u2019ACP.<br \/>\n\u25cf \u00c0 partir de la liste des h\u00f4tes d\u00e9partementaux int\u00e9ress\u00e9s, le comit\u00e9 de la tourn\u00e9e de conf\u00e9rences d\u00e9cidera des six institutions h\u00f4tes, une dans chacune des six r\u00e9gions de l\u2019ACP. La pr\u00e9f\u00e9rence peut \u00eatre accord\u00e9e aux petits d\u00e9partements\/\u00e9tablissements, compte tenu de l\u2019impact qu\u2019un conf\u00e9rencier externe peut avoir sur ces petits d\u00e9partements.<\/p>\n<h4>R\u00e9gions de l\u2019ACP<\/h4>\n<p>Voici la liste des universit\u00e9s\/c\u00e9geps membres de l\u2019ACP qui sont admissibles \u00e0 titre d\u2019h\u00f4tes, par r\u00e9gion, \u00e0 la date du 27 septembre 2022.<\/p>\n<p><strong>a) Canada atlantique \u2013 9 \u00e9tablissements<\/strong><br \/>\n(U. de Moncton, UNB Fredericton, U. of PEI, Mount Allison U., Acadia U., Dalhousie U.,<br \/>\nSaint Mary\u2019s U., St. Francis Xavier U., Memorial U. of NL)<\/p>\n<p><strong>b) Qu\u00e9bec (fran\u00e7ais) \u2013 9 institutions<\/strong><br \/>\n(C\u00e9gep Edouard-Montpetit, U. de Montr\u00e9al, U. de Sherbrooke, U. du Qu\u00e9bec \u00e0 Trois-Rivi\u00e8res,<br \/>\nU. Laval, C\u00e9gep Garneau, Coll. Ahuntsic, \u00c9cole Polytechnique de Montr\u00e9al, Centre matap\u00e9dien d\u2019\u00e9tudes coll\u00e9giales)<\/p>\n<p><strong>c) Est de l\u2019Ontario et Qu\u00e9bec (anglais) \u2013 8 \u00e9tablissements<\/strong><br \/>\n(Trent U., Queen\u2019s U., Coll\u00e8ge militaire royal, U. d\u2019Ottawa, Carleton U., McGill U., Concordia U., Bishop\u2019s U.)<\/p>\n<p><strong>d) Sud-ouest de l\u2019Ontario \u2013 11 \u00e9tablissements<\/strong><br \/>\n(U. of Windsor, U. of Western Ont., U. of Waterloo, Wilfrid Laurier U., U. of Guelph, McMaster U.,<br \/>\nBrock U., U. of Toronto, Ryerson U., York U., U. of Ont. Inst. Tech.)<\/p>\n<p><strong>e) Prairies de l\u2019Est et Lakehead \u2013 6 institutions<\/strong><br \/>\n(U. of Saskatchewan, U. of Regina, Brandon U., U. of Winnipeg, U. of Manitoba, Lakehead U.)<\/p>\n<p><strong>f) Colombie-Britannique et Prairies de l\u2019Ouest \u2013 11 institutions<\/strong><br \/>\n(U. of Victoria, UBC, SFU, UNBC, U. of the Fraser Valley, Okanagan College, U. of Alberta,<br \/>\nU. of Calgary, U. of Lethbridge, UBC Okanagan Campus, Kwantlen Polytechnic U.)<\/p>\n","protected":false},"excerpt":{"rendered":"<p>Objectifs La tourn\u00e9e de conf\u00e9rences de l\u2019ACP 2023 pour les \u00e9tudiants de premier cycle est financ\u00e9e par les contributions \u00e0 la Fondation de l\u2019ACP des membres individuels et des entreprises, ainsi que par les d\u00e9partements de physique et les commanditaires participants. Les objectifs sont les suivants : partager l\u2019enthousiasme \u00e0 propos des d\u00e9veloppements actuels en&#8230;  <a class=\"excerpt-read-more\" href=\"https:\/\/cap.ca\/fr\/tournee-de-conferenciers-de-lacp-2023\/exigences-relatives-aux-conferenciers-et-liste-des-departements-par-region\/\" title=\"LireExigences relatives aux conf\u00e9renciers et liste des d\u00e9partements par r\u00e9gion\">Lire la suite &raquo;<\/a><\/p>\n","protected":false},"author":5,"featured_media":0,"parent":22093,"menu_order":7,"comment_status":"closed","ping_status":"closed","template":"","meta":{"footnotes":""},"class_list":["post-22099","page","type-page","status-publish","hentry"],"_links":{"self":[{"href":"https:\/\/cap.ca\/fr\/wp-json\/wp\/v2\/pages\/22099","targetHints":{"allow":["GET"]}}],"collection":[{"href":"https:\/\/cap.ca\/fr\/wp-json\/wp\/v2\/pages"}],"about":[{"href":"https:\/\/cap.ca\/fr\/wp-json\/wp\/v2\/types\/page"}],"author":[{"embeddable":true,"href":"https:\/\/cap.ca\/fr\/wp-json\/wp\/v2\/users\/5"}],"replies":[{"embeddable":true,"href":"https:\/\/cap.ca\/fr\/wp-json\/wp\/v2\/comments?post=22099"}],"version-history":[{"count":1,"href":"https:\/\/cap.ca\/fr\/wp-json\/wp\/v2\/pages\/22099\/revisions"}],"predecessor-version":[{"id":22100,"href":"https:\/\/cap.ca\/fr\/wp-json\/wp\/v2\/pages\/22099\/revisions\/22100"}],"up":[{"embeddable":true,"href":"https:\/\/cap.ca\/fr\/wp-json\/wp\/v2\/pages\/22093"}],"wp:attachment":[{"href":"https:\/\/cap.ca\/fr\/wp-json\/wp\/v2\/media?parent=22099"}],"curies":[{"name":"wp","href":"https:\/\/api.w.org\/{rel}","templated":true}]}}