{"id":21973,"date":"2022-10-24T16:34:47","date_gmt":"2022-10-24T20:34:47","guid":{"rendered":"https:\/\/cap.ca\/?page_id=21973"},"modified":"2022-10-26T09:22:30","modified_gmt":"2022-10-26T13:22:30","slug":"cotisations-des-membres-departementaux-2023","status":"publish","type":"page","link":"https:\/\/cap.ca\/fr\/adhesion\/formulaires-en-ligne\/cotisations-des-membres-departementaux-2023\/","title":{"rendered":"Cotisations des membres d\u00e9partementaux (2023)"},"content":{"rendered":"<p>Nos frais d&#8217;adh\u00e9sion refl\u00e8tent la taille des universit\u00e9s et coll\u00e8ges canadiens et l&#8217;\u00e9tendue de leurs programmes<\/p>\n<p><strong>Frais pour l&#8217;ann\u00e9e 2023 (avant TPS\/TVH):<\/strong><\/p>\n<table style=\"width: 100%;\" cellspacing=\"1\" cellpadding=\"1\">\n<tbody>\n<tr>\n<td style=\"width: 84.8276%;\">D\u00e9partements offrant des programmes d&#8217;\u00e9tudes sup\u00e9rieures (Doctorat)<\/td>\n<td style=\"width: 15.0345%;\">557.00 $<\/td>\n<\/tr>\n<tr>\n<td style=\"width: 84.8276%;\">D\u00e9partements offrants des programmes de premier et deuxi\u00e8me cycles (Baccalaur\u00e9at et Ma\u00eetrise)<\/td>\n<td style=\"width: 15.0345%;\">337.00 $<\/td>\n<\/tr>\n<tr>\n<td style=\"width: 84.8276%;\">L&#8217;enseignement de la physique au niveau coll\u00e9gial (CEGEP)<\/td>\n<td style=\"width: 15.0345%;\">223.00 $<\/td>\n<\/tr>\n<tr>\n<td style=\"width: 84.8276%;\">Tous les autres programmes li\u00e9s \u00e0 la physique.<\/td>\n<td style=\"width: 15.0345%;\">112.00 $<\/td>\n<\/tr>\n<\/tbody>\n<\/table>\n","protected":false},"excerpt":{"rendered":"<p>Nos frais d&#8217;adh\u00e9sion refl\u00e8tent la taille des universit\u00e9s et coll\u00e8ges canadiens et l&#8217;\u00e9tendue de leurs programmes Frais pour l&#8217;ann\u00e9e 2023 (avant TPS\/TVH): D\u00e9partements offrant des programmes d&#8217;\u00e9tudes sup\u00e9rieures (Doctorat) 557.00 $ D\u00e9partements offrants des programmes de premier et deuxi\u00e8me cycles (Baccalaur\u00e9at et Ma\u00eetrise) 337.00 $ L&#8217;enseignement de la physique au niveau coll\u00e9gial (CEGEP) 223.00 $&#8230;  <a class=\"excerpt-read-more\" href=\"https:\/\/cap.ca\/fr\/adhesion\/formulaires-en-ligne\/cotisations-des-membres-departementaux-2023\/\" title=\"LireCotisations des membres d\u00e9partementaux (2023)\">Lire la suite &raquo;<\/a><\/p>\n","protected":false},"author":16,"featured_media":0,"parent":3194,"menu_order":34,"comment_status":"closed","ping_status":"closed","template":"","meta":{"footnotes":""},"class_list":["post-21973","page","type-page","status-publish","hentry"],"_links":{"self":[{"href":"https:\/\/cap.ca\/fr\/wp-json\/wp\/v2\/pages\/21973","targetHints":{"allow":["GET"]}}],"collection":[{"href":"https:\/\/cap.ca\/fr\/wp-json\/wp\/v2\/pages"}],"about":[{"href":"https:\/\/cap.ca\/fr\/wp-json\/wp\/v2\/types\/page"}],"author":[{"embeddable":true,"href":"https:\/\/cap.ca\/fr\/wp-json\/wp\/v2\/users\/16"}],"replies":[{"embeddable":true,"href":"https:\/\/cap.ca\/fr\/wp-json\/wp\/v2\/comments?post=21973"}],"version-history":[{"count":3,"href":"https:\/\/cap.ca\/fr\/wp-json\/wp\/v2\/pages\/21973\/revisions"}],"predecessor-version":[{"id":21999,"href":"https:\/\/cap.ca\/fr\/wp-json\/wp\/v2\/pages\/21973\/revisions\/21999"}],"up":[{"embeddable":true,"href":"https:\/\/cap.ca\/fr\/wp-json\/wp\/v2\/pages\/3194"}],"wp:attachment":[{"href":"https:\/\/cap.ca\/fr\/wp-json\/wp\/v2\/media?parent=21973"}],"curies":[{"name":"wp","href":"https:\/\/api.w.org\/{rel}","templated":true}]}}