{"id":21737,"date":"2022-09-07T10:16:37","date_gmt":"2022-09-07T14:16:37","guid":{"rendered":"https:\/\/cap.ca\/?page_id=21737"},"modified":"2022-09-07T10:29:50","modified_gmt":"2022-09-07T14:29:50","slug":"code-de-deontologie-de-lacp","status":"publish","type":"page","link":"https:\/\/cap.ca\/fr\/adhesion\/code-de-deontologie-de-lacp\/","title":{"rendered":"Code de conduite et de d\u00e9ontologie de l&#8217;ACP"},"content":{"rendered":"<p>Chacun des membres doit :<\/p>\n<ul class=\"content-list\">\n<li>agir de mani\u00e8re honorable dans l&#8217;int\u00e9r\u00eat de la profession des physiciens et physiciennes et des objectifs de l&#8217;ACP;<\/li>\n<li>sauvegarder en tout temps les int\u00e9r\u00eats du public dans les domaines de la s\u00e9curit\u00e9, de la sant\u00e9 ou autres; et<\/li>\n<li>exercer sa profession au meilleur de sa connaissance et assumer ses responsabilit\u00e9s professionnelles avec int\u00e9grit\u00e9.<\/li>\n<\/ul>\n<p>&nbsp;<\/p>\n<p><a href=\"https:\/\/cap.ca\/fr\/activites\/certification-professionnelle-phys\/code-deontologie\/\"><u>Il y a un code de conduite et de d\u00e9ontologie plus d\u00e9taill\u00e9e pour les licenci\u00e9s de la Certification professionnelle de l\u2019ACP<\/u><\/a><\/p>\n","protected":false},"excerpt":{"rendered":"<p>Chacun des membres doit : agir de mani\u00e8re honorable dans l&#8217;int\u00e9r\u00eat de la profession des physiciens et physiciennes et des objectifs de l&#8217;ACP; sauvegarder en tout temps les int\u00e9r\u00eats du public dans les domaines de la s\u00e9curit\u00e9, de la sant\u00e9 ou autres; et exercer sa profession au meilleur de sa connaissance et assumer ses responsabilit\u00e9s&#8230;  <a class=\"excerpt-read-more\" href=\"https:\/\/cap.ca\/fr\/adhesion\/code-de-deontologie-de-lacp\/\" title=\"LireCode de conduite et de d\u00e9ontologie de l&#8217;ACP\">Lire la suite &raquo;<\/a><\/p>\n","protected":false},"author":7,"featured_media":0,"parent":3178,"menu_order":7,"comment_status":"closed","ping_status":"closed","template":"","meta":{"footnotes":""},"class_list":["post-21737","page","type-page","status-publish","hentry"],"_links":{"self":[{"href":"https:\/\/cap.ca\/fr\/wp-json\/wp\/v2\/pages\/21737","targetHints":{"allow":["GET"]}}],"collection":[{"href":"https:\/\/cap.ca\/fr\/wp-json\/wp\/v2\/pages"}],"about":[{"href":"https:\/\/cap.ca\/fr\/wp-json\/wp\/v2\/types\/page"}],"author":[{"embeddable":true,"href":"https:\/\/cap.ca\/fr\/wp-json\/wp\/v2\/users\/7"}],"replies":[{"embeddable":true,"href":"https:\/\/cap.ca\/fr\/wp-json\/wp\/v2\/comments?post=21737"}],"version-history":[{"count":6,"href":"https:\/\/cap.ca\/fr\/wp-json\/wp\/v2\/pages\/21737\/revisions"}],"predecessor-version":[{"id":21749,"href":"https:\/\/cap.ca\/fr\/wp-json\/wp\/v2\/pages\/21737\/revisions\/21749"}],"up":[{"embeddable":true,"href":"https:\/\/cap.ca\/fr\/wp-json\/wp\/v2\/pages\/3178"}],"wp:attachment":[{"href":"https:\/\/cap.ca\/fr\/wp-json\/wp\/v2\/media?parent=21737"}],"curies":[{"name":"wp","href":"https:\/\/api.w.org\/{rel}","templated":true}]}}