{"id":21449,"date":"2022-08-05T11:15:51","date_gmt":"2022-08-05T15:15:51","guid":{"rendered":"https:\/\/cap.ca\/?page_id=21449"},"modified":"2024-07-08T11:10:52","modified_gmt":"2024-07-08T15:10:52","slug":"congres-2023","status":"publish","type":"page","link":"https:\/\/cap.ca\/fr\/congres-de-lacp\/congres-anterieurs\/congres-2023\/","title":{"rendered":"Congr\u00e8s de l\u2019ACP 2023 \u2013 18-23 juin 2023"},"content":{"rendered":"<div class=\"wpb-content-wrapper\"><p>[vc_row][vc_column][vc_message]<strong>AVERTISSEMENT &#8211;<\/strong> Nous avons \u00e9t\u00e9 inform\u00e9s que des courriels de spam ont \u00e9t\u00e9 envoy\u00e9s concernant l&#8217;h\u00e9bergement au Congr\u00e8s 2023. Veuillez ne pas r\u00e9pondre \u00e0 ces types de courriels, car ils ne proviennent pas de nous.<\/p>\n<p>Nous avons \u00e9t\u00e9 inform\u00e9s que Fredericton est une destination estivale tr\u00e8s populaire et que les chambres d&#8217;h\u00f4tel se remplissent d\u00e8s le printemps.\u00a0 Par cons\u00e9quent, nous recommandons vivement \u00e0 tous ceux qui envisagent de participer \u00e0 l&#8217;\u00e9v\u00e9nement de r\u00e9server leur chambre le plus t\u00f4t possible afin de s&#8217;assurer d&#8217;avoir un endroit o\u00f9 loger.<\/p>\n<p>Nous avons affich\u00e9 les informations relatives \u00e0 l&#8217;h\u00e9bergement sur le c\u00f4t\u00e9 gauche de cette page. Les d\u00e9l\u00e9gu\u00e9s doivent utiliser ces liens depuis le site web ou t\u00e9l\u00e9phoner directement \u00e0 l&#8217;h\u00f4tel. Nous n&#8217;enverrons que des e-mails avec des liens vers notre site web.[\/vc_message][vc_column_text]<\/p>\n<h3><strong><a href=\"https:\/\/cap.ca\/wp-content\/uploads\/2022\/08\/8.5x11_Congress2023-scaled.jpg\"><img loading=\"lazy\" decoding=\"async\" class=\"alignleft wp-image-21443 size-medium\" src=\"https:\/\/cap.ca\/wp-content\/uploads\/2022\/08\/8.5x11_Congress2023-300x232.jpg\" alt=\"\" width=\"300\" height=\"232\" srcset=\"https:\/\/cap.ca\/wp-content\/uploads\/2022\/08\/8.5x11_Congress2023-300x232.jpg 300w, https:\/\/cap.ca\/wp-content\/uploads\/2022\/08\/8.5x11_Congress2023-1024x791.jpg 1024w, https:\/\/cap.ca\/wp-content\/uploads\/2022\/08\/8.5x11_Congress2023-768x593.jpg 768w, https:\/\/cap.ca\/wp-content\/uploads\/2022\/08\/8.5x11_Congress2023-1536x1187.jpg 1536w, https:\/\/cap.ca\/wp-content\/uploads\/2022\/08\/8.5x11_Congress2023-2048x1583.jpg 2048w\" sizes=\"auto, (max-width: 300px) 100vw, 300px\" \/><\/a><\/strong><\/h3>\n<h3><strong>Congr\u00e8s de l\u2019ACP\u00a0<\/strong><strong>2023<\/strong><\/h3>\n<p><strong><br \/>\nD\u00c9TAILS :<\/strong><\/p>\n<p><strong>Dates :<\/strong> 19 au 23 juin 2023<br \/>\n(avec quelques activit\u00e9s pr\u00e9-congr\u00e8s le dimanche 18 juin)<\/p>\n<p><strong>Lieu :<\/strong> Universit\u00e9 du Nouveau-Brunswick, Fredericton, N-B<\/p>\n<p><strong>Format :<\/strong> Les conf\u00e9renciers doivent pr\u00e9voir une communication en personne<\/p>\n<p><strong>\u00a0<\/strong>[\/vc_column_text][vc_column_text]<strong><span style=\"font-size: 18pt;\">Les inscriptions pour une participation en personne ou virtuelle sont d\u00e9sormais ouvertes !<\/span><\/strong><\/p>\n<p>Cliquez ici pour voir les <a href=\"https:\/\/cap.ca\/fr\/congres-de-lacp\/congres-2023\/2023-registration-fees\/\" target=\"_blank\" rel=\"noopener\">frais d&#8217;inscription pour Congr\u00e8s 2023<\/a>. \u00a0<strong><a href=\"https:\/\/crm.cap.ca\/fr\/user\/login?destination=civicrm\/user\">Cliquez ici pour vous connecter au syst\u00e8me de l&#8217;ACP et vous inscrire en cliquant sur le lien &#8220;Vos \u00e9v\u00e9nements&#8221;<\/a><\/strong>.<\/p>\n<p>Si vous avez des questions, veuillez contacter Paola \u00e0 <a href=\"mailto:membership@cap.ca\">membership@cap.ca<\/a>, avec copie \u00e0 Ellen \u00e0 <a href=\"mailto:programs@cap.ca\">programs@cap.ca<\/a>.<\/p>\n<p>&nbsp;<\/p>\n<p><span style=\"font-size: 18pt;\"><strong>Le site de r\u00e9servation de logements de l&#8217;UNB est d\u00e9sormais en ligne !<\/strong><\/span><\/p>\n<p>Le site de r\u00e9servation des logements sur le campus est d\u00e9sormais en ligne. Voir la <a href=\"https:\/\/cap.ca\/fr\/congres-de-lacp\/congres-2023\/hebergement-2023\/\">page H\u00e9bergement<\/a> pour plus de d\u00e9tails.<\/p>\n<p>&nbsp;<\/p>\n<p><span style=\"font-size: 18pt;\"><strong>Le programme d\u00e9taill\u00e9 est maintenant disponible !<\/strong><\/span><\/p>\n<p>Planifiez votre semaine de congr\u00e8s avec <a href=\"https:\/\/indico.cern.ch\/event\/1191895\/timetable\/#20230618\">le programme d\u00e9taill\u00e9 sur Indico<\/a> !<\/p>\n<p>&nbsp;<\/p>\n<p><strong><span style=\"font-size: 18pt;\">Les r\u00e9sum\u00e9s d&#8217;affiches apr\u00e8s la date limite seront accept\u00e9s jusqu&#8217;au 22 mai !<\/span><\/strong><\/p>\n<p>Veuillez utiliser les liens dans le menu \u00e0 gauche de cette page pour consulter l&#8217;appel \u00e0 r\u00e9sum\u00e9s et d&#8217;autres informations pertinentes ou <strong><a href=\"https:\/\/indico.cern.ch\/event\/1191895\/\" target=\"_blank\" rel=\"noopener\">cliquer ici pour soumettre un r\u00e9sum\u00e9<\/a><\/strong>.[\/vc_column_text][\/vc_column][\/vc_row][vc_row][vc_column][\/vc_column][\/vc_row]<\/p>\n<\/div>","protected":false},"excerpt":{"rendered":"<p>[vc_row][vc_column][vc_message]AVERTISSEMENT &#8211; Nous avons \u00e9t\u00e9 inform\u00e9s que des courriels de spam ont \u00e9t\u00e9 envoy\u00e9s concernant l&#8217;h\u00e9bergement au Congr\u00e8s 2023. Veuillez ne pas r\u00e9pondre \u00e0 ces types de courriels, car ils ne proviennent pas de nous. Nous avons \u00e9t\u00e9 inform\u00e9s que Fredericton est une destination estivale tr\u00e8s populaire et que les chambres d&#8217;h\u00f4tel se remplissent d\u00e8s&#8230;  <a class=\"excerpt-read-more\" href=\"https:\/\/cap.ca\/fr\/congres-de-lacp\/congres-anterieurs\/congres-2023\/\" title=\"LireCongr\u00e8s de l\u2019ACP 2023 \u2013 18-23 juin 2023\">Lire la suite &raquo;<\/a><\/p>\n","protected":false},"author":7,"featured_media":0,"parent":3253,"menu_order":15,"comment_status":"closed","ping_status":"closed","template":"","meta":{"footnotes":""},"class_list":["post-21449","page","type-page","status-publish","hentry"],"_links":{"self":[{"href":"https:\/\/cap.ca\/fr\/wp-json\/wp\/v2\/pages\/21449","targetHints":{"allow":["GET"]}}],"collection":[{"href":"https:\/\/cap.ca\/fr\/wp-json\/wp\/v2\/pages"}],"about":[{"href":"https:\/\/cap.ca\/fr\/wp-json\/wp\/v2\/types\/page"}],"author":[{"embeddable":true,"href":"https:\/\/cap.ca\/fr\/wp-json\/wp\/v2\/users\/7"}],"replies":[{"embeddable":true,"href":"https:\/\/cap.ca\/fr\/wp-json\/wp\/v2\/comments?post=21449"}],"version-history":[{"count":15,"href":"https:\/\/cap.ca\/fr\/wp-json\/wp\/v2\/pages\/21449\/revisions"}],"predecessor-version":[{"id":23192,"href":"https:\/\/cap.ca\/fr\/wp-json\/wp\/v2\/pages\/21449\/revisions\/23192"}],"up":[{"embeddable":true,"href":"https:\/\/cap.ca\/fr\/wp-json\/wp\/v2\/pages\/3253"}],"wp:attachment":[{"href":"https:\/\/cap.ca\/fr\/wp-json\/wp\/v2\/media?parent=21449"}],"curies":[{"name":"wp","href":"https:\/\/api.w.org\/{rel}","templated":true}]}}