{"id":21360,"date":"2022-07-23T11:54:36","date_gmt":"2022-07-23T15:54:36","guid":{"rendered":"https:\/\/cap.ca\/?page_id=21360"},"modified":"2022-08-04T11:12:01","modified_gmt":"2022-08-04T15:12:01","slug":"resultats-du-concours-2022-de-lacp","status":"publish","type":"page","link":"https:\/\/cap.ca\/fr\/activites\/programme-de-distinctions\/university-physics-students\/prix-lloyd-g-elliott-examen-universitaire\/resultats-du-concours-2022-de-lacp\/","title":{"rendered":"R\u00e9sultats du concours 2022 de l\u2019ACP"},"content":{"rendered":"<p>Le concours universitaire 2022 de l\u2019ACP a eu lieu le 22 mars 2022. L\u2019examen a \u00e9t\u00e9 compl\u00e9t\u00e9 par 57 \u00e9tudiant(e)s provenant de 18 universit\u00e9s et coll\u00e8ges.<\/p>\n<p><strong>Les 10 meilleurs r\u00e9sultats<\/strong><\/p>\n<p>Rang \u2013 Nom, Universit\u00e9<\/p>\n<p><strong>1<sup>er<\/sup> &#8211; Ryohei Weil, University of British Columbia<\/strong><\/p>\n<p><strong>2<sup>e<\/sup>\u00a0&#8211; Samuel Li, University of Toronto<\/strong><\/p>\n<p><strong>3<sup>e<\/sup> (\u00e9galit\u00e9) &#8211; Amirali Atrli, University of Toronto<\/strong><\/p>\n<p><strong>3<sup>e<\/sup> (\u00e9galit\u00e9) &#8211; Qiu Shi Wang, McGill University<\/strong><\/p>\n<p>5<sup>e<\/sup> &#8211; Fr\u00e9d\u00e9ric Duong, McGill University<\/p>\n<p>6<sup>e<\/sup> (\u00e9galit\u00e9) &#8211; Adam Prus-Czarnecki, University of Alberta<\/p>\n<p>6<sup>e<\/sup> (\u00e9galit\u00e9) &#8211; Benjamin Lamoureux, University of Alberta<\/p>\n<p>6<sup>e<\/sup> (\u00e9galit\u00e9) &#8211; Tony An, University of Toronto<\/p>\n<p>9<sup>e<\/sup>\u00a0&#8211; Kevin Lin, University of British Columbia<\/p>\n<p>10<sup>e<\/sup> (\u00e9galit\u00e9) &#8211; Emily Mellors, University of British Columbia Okanagan<\/p>\n<p>10<sup>e<\/sup> (\u00e9galit\u00e9) &#8211; Sean Lan, University of British Columbia<\/p>\n<p>&nbsp;<\/p>\n<p>&nbsp;<\/p>\n<p><strong>L\u2019\u00e9tudiant ayant obtenu la meilleure note par universit\u00e9<\/strong><\/p>\n<p>Universit\u00e9 \u2013 Nom<\/p>\n<p>Bishop&#8217;s University &#8211; Nikki Veilleux<\/p>\n<p>Carleton University &#8211; Alireza Rahmati Aghjeh<\/p>\n<p>Concordia University &#8211; Emily Eadie<\/p>\n<p>McGill University &#8211; Qiu Shi Wang<\/p>\n<p>Memorial University of Newfoundland &#8211; Cassandra Clowe-Coish<\/p>\n<p>Polytechnique Montr\u00e9al &#8211; Fr\u00e9d\u00e9ric Boivin<\/p>\n<p>Queen&#8217;s University &#8211; Rachel Siemens<\/p>\n<p>Universit\u00e9 de Montr\u00e9al &#8211; Sylvain Raaijmakers<\/p>\n<p>Universit\u00e9 de Sherbrooke &#8211; Pierre-Antoine Graham<\/p>\n<p>University of Alberta &#8211; Adam Prus-Czarnecki et Benjamin Lamoureux (\u00e9galit\u00e9)<\/p>\n<p>University of British Columbia &#8211; Ryhoi Weil<\/p>\n<p>University of British Columbia Okanagan &#8211; Emily Mellors<\/p>\n<p>University of Calgary &#8211; Aayushmathi Ashok<\/p>\n<p>University of Ottawa &#8211; Kimia Ghanaatpisheh<\/p>\n<p>University of Toronto &#8211; Samuel Li<\/p>\n<p>University of Waterloo &#8211; Parmesh Ravi et James Morawetz (\u00e9galit\u00e9)<\/p>\n","protected":false},"excerpt":{"rendered":"<p>Le concours universitaire 2022 de l\u2019ACP a eu lieu le 22 mars 2022. L\u2019examen a \u00e9t\u00e9 compl\u00e9t\u00e9 par 57 \u00e9tudiant(e)s provenant de 18 universit\u00e9s et coll\u00e8ges. Les 10 meilleurs r\u00e9sultats Rang \u2013 Nom, Universit\u00e9 1er &#8211; Ryohei Weil, University of British Columbia 2e\u00a0&#8211; Samuel Li, University of Toronto 3e (\u00e9galit\u00e9) &#8211; Amirali Atrli, University of&#8230;  <a class=\"excerpt-read-more\" href=\"https:\/\/cap.ca\/fr\/activites\/programme-de-distinctions\/university-physics-students\/prix-lloyd-g-elliott-examen-universitaire\/resultats-du-concours-2022-de-lacp\/\" title=\"LireR\u00e9sultats du concours 2022 de l\u2019ACP\">Lire la suite &raquo;<\/a><\/p>\n","protected":false},"author":7,"featured_media":0,"parent":3344,"menu_order":7,"comment_status":"closed","ping_status":"closed","template":"","meta":{"footnotes":""},"class_list":["post-21360","page","type-page","status-publish","hentry"],"_links":{"self":[{"href":"https:\/\/cap.ca\/fr\/wp-json\/wp\/v2\/pages\/21360","targetHints":{"allow":["GET"]}}],"collection":[{"href":"https:\/\/cap.ca\/fr\/wp-json\/wp\/v2\/pages"}],"about":[{"href":"https:\/\/cap.ca\/fr\/wp-json\/wp\/v2\/types\/page"}],"author":[{"embeddable":true,"href":"https:\/\/cap.ca\/fr\/wp-json\/wp\/v2\/users\/7"}],"replies":[{"embeddable":true,"href":"https:\/\/cap.ca\/fr\/wp-json\/wp\/v2\/comments?post=21360"}],"version-history":[{"count":6,"href":"https:\/\/cap.ca\/fr\/wp-json\/wp\/v2\/pages\/21360\/revisions"}],"predecessor-version":[{"id":21383,"href":"https:\/\/cap.ca\/fr\/wp-json\/wp\/v2\/pages\/21360\/revisions\/21383"}],"up":[{"embeddable":true,"href":"https:\/\/cap.ca\/fr\/wp-json\/wp\/v2\/pages\/3344"}],"wp:attachment":[{"href":"https:\/\/cap.ca\/fr\/wp-json\/wp\/v2\/media?parent=21360"}],"curies":[{"name":"wp","href":"https:\/\/api.w.org\/{rel}","templated":true}]}}