{"id":20976,"date":"2022-06-02T08:06:01","date_gmt":"2022-06-02T12:06:01","guid":{"rendered":"https:\/\/cap.ca\/?page_id=20976"},"modified":"2022-06-20T10:29:31","modified_gmt":"2022-06-20T14:29:31","slug":"symposium-des-physiciens-du-secteur-prive","status":"publish","type":"page","link":"https:\/\/cap.ca\/fr\/congres-de-lacp\/congres-anterieurs\/acp2022\/journee-des-symposiums-7-juin\/symposium-des-physiciens-du-secteur-prive\/","title":{"rendered":"Symposium des physiciens du secteur priv\u00e9"},"content":{"rendered":"<p>Ce symposium est organis\u00e9 par le directeur des affaires professionnelles de l\u2019ACP, Daniel Cluff, et le directeur des relations avec le secteur priv\u00e9, Ian D\u2019Souza, en collaboration avec la Division de la physique appliqu\u00e9e et de l\u2019instrumentation (DPAI).<\/p>\n<p><strong>Organisateurs :<\/strong><\/p>\n<ul class=\"content-list\">\n<li>Dr Daniel Cluff, directeur des affaires professionnelles de l\u2019ACP<\/li>\n<li>Dr Ian D\u2019Souza, directeur de la physique du secteur priv\u00e9 de l\u2019ACP<\/li>\n<li>M. Steffon Luoma, pr\u00e9sident de la Division de la physique appliqu\u00e9e et de l\u2019instrumentation de l\u2019ACP<\/li>\n<\/ul>\n<p><strong>\u00c0 quoi ressemblera le symposium : <\/strong><\/p>\n<ul class=\"content-list\">\n<li><strong>Des pr\u00e9sentations <\/strong>par des intervenants invit\u00e9s du secteur priv\u00e9 donneront un aper\u00e7u des carri\u00e8res des physiciens travaillant en dehors du milieu universitaire.<\/li>\n<li><strong>Une table ronde, <\/strong>compos\u00e9e de physiciens du secteur priv\u00e9 et de pan\u00e9listes sp\u00e9cialis\u00e9s dans les parcours professionnels, suivra les conf\u00e9rences.<\/li>\n<li>La session se terminera par une <strong>s\u00e9ance de questions, de r\u00e9ponses et de discussion qui s\u2019est av\u00e9r\u00e9e \u00eatre <\/strong>\u00e0 la fois instructive et \u00e9clairante lors des symposiums pr\u00e9c\u00e9dents.<\/li>\n<\/ul>\n<p>Les jeunes physiciens, ou ceux qui sont int\u00e9ress\u00e9s par un \u00e9ventuel changement de carri\u00e8re, sont encourag\u00e9s \u00e0 participer \u00e0 ce symposium interactif.\u00a0 <a href=\"https:\/\/indico.cern.ch\/event\/1072579\/manage\/timetable\/#20220607\" target=\"_blank\" rel=\"noopener noreferrer\">Cliquez ici pour consulter le programme actuel du symposium.<\/a><\/p>\n<p><strong>\u00a0<\/strong><\/p>\n<p><strong>Pr\u00e9sentation des conf\u00e9renciers :<\/strong><\/p>\n<p><strong>Laura-Isabelle Dion-Bertrand<\/strong><\/p>\n<p><strong>Titre : \u00ab <\/strong><em>Opportunit\u00e9s de carri\u00e8re en physique &#8211; Que faire ensuite ? \u00bb<\/em><\/p>\n<p><a href=\"https:\/\/cap.ca\/wp-content\/uploads\/2022\/05\/CAP-Congress-LIDB-Bio-and-Abstract.pdf\"><em>Voir la biographie de la conf\u00e9renci\u00e8re ici.<\/em><\/a><\/p>\n<p><strong>R\u00e9sum\u00e9 :<\/strong><\/p>\n<p>Cette conf\u00e9rence passera en revue les diff\u00e9rentes comp\u00e9tences que les physiciens acqui\u00e8rent au cours de leur baccalaur\u00e9at, ma\u00eetrise et doctorat. Un aper\u00e7u de diff\u00e9rentes carri\u00e8res possibles sera donn\u00e9 ainsi que des astuces pour r\u00e9seauter. Enfin, nous discuterons de la pr\u00e9paration de l\u2019entrevue et des salaires.<\/p>\n<p>&nbsp;<\/p>\n<p><strong>Dre Danya Hudson | Honeywell Aerospace<\/strong><\/p>\n<p><strong>Titre : <\/strong>\u00ab <em>Communication optique pour les applications spatiales \u00bb<\/em><\/p>\n<p><a href=\"https:\/\/cap.ca\/wp-content\/uploads\/2022\/03\/CAP-Private-Sector_D.-Husdon-Bio.pdf\"><em>Voir la biographie de la conf\u00e9renci\u00e8re ici.<\/em><\/a><\/p>\n<p><strong>R\u00e9sum\u00e9 : <\/strong><\/p>\n<p>La faible divergence du faisceau d\u2019une liaison de communication optique se traduit par une faible probabilit\u00e9 d\u2019interf\u00e9rence, une meilleure confidentialit\u00e9 et un fonctionnement sans licence. Elle permet \u00e9galement d\u2019atteindre des d\u00e9bits de donn\u00e9es nettement sup\u00e9rieurs \u00e0 ceux des communications RF traditionnelles, tout en consommant moins d\u2019\u00e9nergie. Ces avantages sont int\u00e9ressants pour les applications de missions satellitaires telles que les communications dans l\u2019espace lointain et les satellites d\u2019observation de la Terre qui g\u00e9n\u00e8rent d\u2019importants volumes de donn\u00e9es, et sont essentiels pour les r\u00e9seaux de communication de la m\u00e9ga-constellation LEO qui n\u00e9cessitent des centaines de liaisons entre satellites pour assurer la communication terrestre pour le grand public sur Terre. Pour soutenir les concepts commerciaux de la m\u00e9ga-constellation, les terminaux de satellites doivent atteindre des objectifs de performance exigeants malgr\u00e9 des objectifs agressifs en mati\u00e8re de co\u00fbts et de taux de production.<\/p>\n<p>Honeywell s\u2019est appuy\u00e9 sur des d\u00e9cennies d\u2019exp\u00e9rience en mati\u00e8re d\u2019optique spatiale fiable et de production de masse de mat\u00e9riel spatial pour d\u00e9velopper un terminal de communication optique \u00e0 faible co\u00fbt con\u00e7u pour \u00eatre fabriqu\u00e9. De multiples it\u00e9rations de notre conception de terminal de base ont \u00e9t\u00e9 construites et test\u00e9es, et nous d\u00e9veloppons maintenant des terminaux personnalis\u00e9s pour des cas d\u2019utilisation sp\u00e9cifiques. Cette pr\u00e9sentation d\u00e9crira le terminal de base d\u2019Honeywell et abordera certaines des options n\u00e9cessaires pour des applications de mission sp\u00e9cifiques. Elle examinera \u00e9galement le processus de d\u00e9veloppement et certains des principaux d\u00e9fis \u00e0 relever pour cr\u00e9er des instruments optiques de haute performance destin\u00e9s \u00e0 \u00eatre utilis\u00e9s dans l\u2019espace.<\/p>\n<p><strong>\u00a0<\/strong><\/p>\n<p><strong>Rene Stock<\/strong><\/p>\n<p><strong>Titre : <\/strong><em>\u00ab De la physique \u00e0 la finance et \u00e0 la gestion des risques en cas de pand\u00e9mie \u00bb<\/em><\/p>\n<p><a href=\"https:\/\/cap.ca\/wp-content\/uploads\/2022\/05\/CAP_Symposium_Abstract_Rene_Stock.docx\"><em>Voir la biographie du conf\u00e9rencier ici<\/em>.<\/a><\/p>\n<p><strong>R\u00e9sum\u00e9 :<\/strong><\/p>\n<p>Au cours des 20 \u00e0 30 derni\u00e8res ann\u00e9es, la finance quantitative a \u00e9t\u00e9 une destination privil\u00e9gi\u00e9e pour les physiciens qui s\u2019\u00e9loignaient des carri\u00e8res universitaires pour se consacrer \u00e0 la mod\u00e9lisation d\u2019un syst\u00e8me financier de plus en plus complexe. Pendant la crise financi\u00e8re de 2008, le r\u00f4le des physiciens et des math\u00e9maticiens a promis d\u2019\u00eatre red\u00e9fini dans la gestion des risques : Que pourraient faire les physiciens pour pr\u00e9venir la prochaine crise financi\u00e8re ? Ont-ils provoqu\u00e9 la derni\u00e8re ?<\/p>\n<p>J\u2019aborderai certaines des questions qui int\u00e9ressent les physiciens qui entament une nouvelle carri\u00e8re dans la finance et la gestion des risques \u00e0 l\u2019heure actuelle : Quelles sont les questions int\u00e9ressantes qui se poseront dans le domaine de la finance au cours des prochaines ann\u00e9es ? Comment puis-je commencer ? De quelle formation ai-je besoin ? Devrais-je faire de la science des donn\u00e9es ? Un MBA peut-il m\u2019aider ? Aurai-je un impact ?<\/p>\n<p><strong>Dr Thomas Jennewein<\/strong><\/p>\n<p><strong>Titre : <\/strong>\u00ab <em>Transition de technologies quantiques vers l\u2019entreprise \u00bb<\/em><\/p>\n<p><strong>R\u00e9sum\u00e9\u00a0:<\/strong><\/p>\n<p>Depuis de nombreuses ann\u00e9es que je travaille dans la recherche en optique quantique, j\u2019ai toujours eu un int\u00e9r\u00eat pour les applications des technologies quantiques, et en particulier pour leur transition vers le domaine commercial.\u00a0 Je parlerai de mes deux tentatives de transformation en deux entreprises que j\u2019ai cofond\u00e9es, Universal Quantum Devices et QEYNEt. J\u2019essaierai d\u2019illustrer comment le fait de garder un esprit ouvert dans le laboratoire de recherche peut aider \u00e0 identifier des opportunit\u00e9s commerciales.<\/p>\n<p>&nbsp;<\/p>\n<p><strong>Dr Daniel Cluff et M. Sujit Sengupta <\/strong><\/p>\n<p><strong>Titre : <\/strong>\u00ab<em> Gestion de l\u2019\u00e9nergie et refroidissement des mines par la cryog\u00e9nie \u00bb<\/em><\/p>\n<p><a href=\"https:\/\/cap.ca\/wp-content\/uploads\/2022\/04\/Dr-Daniel-Cluff_BIO-for-Private-Sector-Symposium.pdf\"><em>Voir la biographie du conf\u00e9rencier ici.<\/em><\/a><\/p>\n<p><strong>R\u00e9sum\u00e9 : <\/strong><\/p>\n<p>L\u2019exploitation mini\u00e8re est \u00e0 la base des technologies n\u00e9cessaires pour g\u00e9rer le changement climatique. Le Canada a r\u00e9cemment reconnu l\u2019importance de mettre en \u0153uvre une strat\u00e9gie de m\u00e9taux critiques pour assurer l\u2019avenir. \u00c0 mesure que nous recherchons davantage de m\u00e9taux, nous descendons plus profond\u00e9ment. \u00c0 des profondeurs de 2000 m ou plus, les syst\u00e8mes de refroidissement actuels ne sont plus efficaces ou m\u00eame capables de fournir le refroidissement n\u00e9cessaire. Les liquides cryog\u00e9niques sont un vecteur de stockage d\u2019\u00e9nergie qui peut convertir la chaleur de la mine en \u00e9lectricit\u00e9 et qui a la caract\u00e9ristique unique d\u2019\u00eatre un liquide pomp\u00e9 ; par cons\u00e9quent, le refroidissement peut \u00eatre appliqu\u00e9 \u00e0 la zone o\u00f9 il est n\u00e9cessaire sans avoir \u00e0 refroidir toute l\u2019alimentation en air de la mine. Nous pr\u00e9senterons les r\u00e9sultats de notre dernier test dans un environnement minier r\u00e9el, qui fait passer le niveau de maturit\u00e9 technologique de 5 \u00e0 7, et nous r\u00e9sumerons les plans pour un test \u00e0 grande \u00e9chelle dans la prochaine phase de d\u00e9veloppement sur la voie de la commercialisation. La pr\u00e9sentation d\u00e9crira les m\u00e9canismes physiques du refroidissement cryog\u00e9nique et du stockage d\u2019\u00e9nergie, fournira les r\u00e9sultats des mesures effectu\u00e9es pendant le test en temps r\u00e9el et inclura une courte vid\u00e9o d\u2019une dur\u00e9e de 4m20.<\/p>\n<p><strong>\u00a0<\/strong><\/p>\n<p><strong>Dr. Daniel Cluff<\/strong><\/p>\n<p><strong>Titre : <\/strong>\u00ab <em>Perfectionnement professionnel \/ phys \u00bb<\/em><\/p>\n<p><a href=\"https:\/\/cap.ca\/wp-content\/uploads\/2022\/04\/Dr-Daniel-Cluff_BIO-for-Private-Sector-Symposium.pdf\"><em>Voir la biographie du conf\u00e9rencier ici.<\/em><\/a><\/p>\n<p><strong>R\u00e9sum\u00e9 : <\/strong><\/p>\n<p>Voici une courte pr\u00e9sentation des changements propos\u00e9s au titre de physicien professionnel. Les physiciens sont abondamment qualifi\u00e9s pour de nombreux emplois qui sont prot\u00e9g\u00e9s par une loi du Parlement qui les emp\u00eache d\u2019acc\u00e9der \u00e0 ces emplois bien r\u00e9mun\u00e9r\u00e9s. En particulier, les physiciens sont de plus en plus nombreux \u00e0 travailler comme ing\u00e9nieurs. Nous donnerons un aper\u00e7u de la mani\u00e8re dont les changements propos\u00e9s apporteront un niveau accru de cr\u00e9dibilit\u00e9 \u00e0 la d\u00e9signation phys et un plan pour fournir une voie d\u2019acc\u00e8s \u00e0 la d\u00e9signation pour les \u00e9tudiants qui commencent apr\u00e8s la fin de la deuxi\u00e8me ann\u00e9e d\u2019un programme approuv\u00e9. Cette pr\u00e9sentation\/discussion est d\u2019un int\u00e9r\u00eat particulier pour les \u00e9tudiants et les physiciens en d\u00e9but de carri\u00e8re ou les physiciens \u00e9tablis qui envisagent d\u2019acqu\u00e9rir la d\u00e9signation phys ou de changer de carri\u00e8re.<\/p>\n<p><strong>\u00a0<\/strong><\/p>\n<p><strong>Horaire de la session : <\/strong><\/p>\n<p><strong>10h45 &#8211; 11h15<br \/>\n<\/strong>Laura-Isabelle Dion-Bertrand &#8211; \u00ab<em> Opportunit\u00e9s de carri\u00e8re en physique &#8211; Que faire ensuite \u00bb<\/em><\/p>\n<p><strong>11h15 &#8211; 11h45<br \/>\n<\/strong>Dayna Hudson &#8211; \u00ab<em> Communication optique pour les applications spatiales \u00bb<\/em><\/p>\n<p><strong>11h45 &#8211; 12h15<br \/>\n<\/strong>Rene Stock &#8211; \u00ab<em> De la physique \u00e0 la finance et \u00e0 la gestion des risques en cas de pand\u00e9mie<\/em> \u00bb<\/p>\n<p><strong>12h15 &#8211; 13h15<br \/>\n<\/strong>Pause d\u00eener<\/p>\n<p><strong>13h15 &#8211; 13h45<br \/>\n<\/strong>Dr Daniel Cluff et M. Sujit Sengupta &#8211; \u00ab<em> Gestion de l\u2019\u00e9nergie et refroidissement des mines par la cryog\u00e9nie \u00bb<\/em><\/p>\n<p><strong>13h45 &#8211; 14h45<br \/>\n<\/strong>Dr Ian D\u2019Souza, mod\u00e9rateur &#8211; \u00ab <em>Table ronde \u00bb<\/em><\/p>\n<p><strong>14h45 &#8211; 15h15<br \/>\n<\/strong>Pause<\/p>\n<p><strong>15h15 &#8211; 15h45<br \/>\n<\/strong>Dr Thomas Jennewein &#8211; \u00ab <em>Transition de technologies quantiques vers l\u2019entreprise <\/em>\u00bb<\/p>\n<p><strong>15h45 &#8211; 16h15<br \/>\n<\/strong>Dr Daniel Cluff, directeur des affaires professionnelles &#8211; \u00ab <em>Perfectionnement professionnel \/ phys\u00a0\u00bb<\/em><\/p>\n<p><em>(sous-titres et questions en fran\u00e7ais disponibles)<\/em><\/p>\n","protected":false},"excerpt":{"rendered":"<p>Ce symposium est organis\u00e9 par le directeur des affaires professionnelles de l\u2019ACP, Daniel Cluff, et le directeur des relations avec le secteur priv\u00e9, Ian D\u2019Souza, en collaboration avec la Division de la physique appliqu\u00e9e et de l\u2019instrumentation (DPAI). Organisateurs : Dr Daniel Cluff, directeur des affaires professionnelles de l\u2019ACP Dr Ian D\u2019Souza, directeur de la&#8230;  <a class=\"excerpt-read-more\" href=\"https:\/\/cap.ca\/fr\/congres-de-lacp\/congres-anterieurs\/acp2022\/journee-des-symposiums-7-juin\/symposium-des-physiciens-du-secteur-prive\/\" title=\"LireSymposium des physiciens du secteur priv\u00e9\">Lire la suite &raquo;<\/a><\/p>\n","protected":false},"author":5,"featured_media":0,"parent":19608,"menu_order":53,"comment_status":"closed","ping_status":"closed","template":"","meta":{"footnotes":""},"class_list":["post-20976","page","type-page","status-publish","hentry"],"_links":{"self":[{"href":"https:\/\/cap.ca\/fr\/wp-json\/wp\/v2\/pages\/20976","targetHints":{"allow":["GET"]}}],"collection":[{"href":"https:\/\/cap.ca\/fr\/wp-json\/wp\/v2\/pages"}],"about":[{"href":"https:\/\/cap.ca\/fr\/wp-json\/wp\/v2\/types\/page"}],"author":[{"embeddable":true,"href":"https:\/\/cap.ca\/fr\/wp-json\/wp\/v2\/users\/5"}],"replies":[{"embeddable":true,"href":"https:\/\/cap.ca\/fr\/wp-json\/wp\/v2\/comments?post=20976"}],"version-history":[{"count":2,"href":"https:\/\/cap.ca\/fr\/wp-json\/wp\/v2\/pages\/20976\/revisions"}],"predecessor-version":[{"id":21151,"href":"https:\/\/cap.ca\/fr\/wp-json\/wp\/v2\/pages\/20976\/revisions\/21151"}],"up":[{"embeddable":true,"href":"https:\/\/cap.ca\/fr\/wp-json\/wp\/v2\/pages\/19608"}],"wp:attachment":[{"href":"https:\/\/cap.ca\/fr\/wp-json\/wp\/v2\/media?parent=20976"}],"curies":[{"name":"wp","href":"https:\/\/api.w.org\/{rel}","templated":true}]}}