{"id":20943,"date":"2022-05-31T15:42:17","date_gmt":"2022-05-31T19:42:17","guid":{"rendered":"https:\/\/cap.ca\/?page_id=20943"},"modified":"2022-05-31T15:42:17","modified_gmt":"2022-05-31T19:42:17","slug":"instructions-pour-les-presentateurs-daffiches","status":"publish","type":"page","link":"https:\/\/cap.ca\/fr\/congres-de-lacp\/congres-anterieurs\/acp2022\/instructions-pour-les-presentateurs-daffiches\/","title":{"rendered":"Instructions pour les pr\u00e9sentateurs d\u2019affiches"},"content":{"rendered":"<p><strong>La session d&#8217;affiches de l&#8217;ACP aura lieu le mardi 7 juin, de 17h30 \u00e0 19h00.<\/strong><\/p>\n<ul class=\"content-list\">\n<li>Les affiches peuvent \u00eatre install\u00e9es \u00e0 partir de 12 h 15 le mardi 7 juin.<\/li>\n<li>Les affiches doivent avoir une taille maximale de 4&#8242; de haut x 4&#8242; de large.<\/li>\n<li>Les panneaux d&#8217;affichage seront num\u00e9rot\u00e9s et les pr\u00e9sentateurs recevront les num\u00e9ros de panneaux \u00e0 l&#8217;avance. Les pr\u00e9sentateurs devront retirer leurs affiches au plus tard le mardi 7 juin, avant 19h30.<\/li>\n<\/ul>\n<p>La s\u00e9ance d&#8217;affichage comprend un service de bar payant. Tous les participants \u00e0 la conf\u00e9rence ayant indiqu\u00e9 qu&#8217;ils assistent \u00e0 la session d&#8217;affiches recevront un ticket boisson qui pourra \u00eatre \u00e9chang\u00e9 contre une bi\u00e8re, un verre de vin ou une boisson non alcoolis\u00e9e.<\/p>\n<p>&nbsp;<\/p>\n<p><strong>Concours de la meilleure affiche \u00e9tudiante<\/strong><\/p>\n<p>Tous les participants au concours d&#8217;affiches seront jug\u00e9s par des juges des diff\u00e9rentes Divisions lors de <strong>la session d&#8217;affiches de l&#8217;ACP qui se tiendra le mardi 7 juin, de 17h30 \u00e0 19h00. Les affiches doivent \u00eatre install\u00e9es entre 12 h 15 et 13 h 15 le mardi 7 juin pour \u00eatre prises en compte pour le concours de la meilleure affiche par un \u00e9tudiant.<\/strong><\/p>\n<p>La liste des 6 finalistes du concours de la meilleure affiche d&#8217;\u00e9tudiant de l&#8217;ACP sera affich\u00e9e avant la fin de la journ\u00e9e du mercredi 8 juin au comptoir de l&#8217;ACP dans la zone d&#8217;inscription et sur le site Web du congr\u00e8s.<\/p>\n<p>Les finalistes du concours de la meilleure affiche \u00e9tudiante de l&#8217;ACP feront une deuxi\u00e8me pr\u00e9sentation d&#8217;affiche le jeudi 9 juin, entre 8 h 45 et 10 h 15. Afin de pouvoir participer \u00e0 la finale, les finalistes doivent apporter leur affiche \u00e0 la salle de comp\u00e9tition entre 7 h 30 et 8 h le jeudi 9 juin afin de remettre leur affiche au b\u00e9n\u00e9vole \u00e9tudiant et de confirmer l&#8217;horaire du jugement de leur affiche.<\/p>\n<p>Tous les concurrents doivent pr\u00e9voir d&#8217;\u00eatre pr\u00e9sents au Congr\u00e8s le jeudi afin d&#8217;\u00eatre disponibles pour la comp\u00e9tition finale s&#8217;ils sont s\u00e9lectionn\u00e9s (ou pour encourager les finalistes dans le cas contraire).\u00a0 Si vous savez \u00e0 l&#8217;avance que vous devez partir avant le jeudi, veuillez envoyer un courriel au juge en chef, <a href=\"mailto:wwhelan@upei.ca\">wwhelan@upei.ca<\/a>, afin que des dispositions puissent \u00eatre prises pour qu&#8217;un autre concurrent soit pr\u00e9sent au cas o\u00f9 vous recevriez le premier prix de division (qui vous serait envoy\u00e9 par courrier apr\u00e8s le Congr\u00e8s).<\/p>\n<p>Les gagnants du concours de la meilleure affiche \u00e9tudiante de l&#8217;ACP et les gagnants des concours d&#8217;affiches des divisions seront annonc\u00e9s lors de la c\u00e9r\u00e9monie de remise des prix aux \u00e9tudiants, le jeudi 9 juin, de 16 h 30 \u00e0 17 h 15.<\/p>\n<p><strong>Le jugement sera bas\u00e9 sur les \u00e9l\u00e9ments suivants :<\/strong><\/p>\n<table width=\"623\">\n<tbody>\n<tr>\n<td width=\"101\">Introduction, motivation<\/p>\n<p>(10%)<\/td>\n<td width=\"96\">Contenu scientifique, qualit\u00e9, originalit\u00e9<\/p>\n<p>(30%)<\/td>\n<td width=\"93\">Qualit\u00e9 de l&#8217;expos\u00e9, clart\u00e9, enthousiasme<\/p>\n<p>(20%)<\/td>\n<td width=\"105\">Organisation, utilisation de supports visuels<\/p>\n<p>(20%)<\/td>\n<td width=\"90\">Capacit\u00e9 \u00e0 r\u00e9pondre aux questions<\/p>\n<p>(20%)<\/td>\n<td width=\"138\">Temps suppl\u00e9mentaire<\/p>\n<p>P\u00e9nalit\u00e9<\/p>\n<p>(&gt; 45 sec)<\/p>\n<p>(Pr\u00e9sentation orale seulement, \u00a0\u00a0&#8211; 10%)<\/td>\n<\/tr>\n<\/tbody>\n<\/table>\n<p>&nbsp;<\/p>\n<p>Les \u00e9tudiants concurrents doivent \u00eatre un membre \u00e9tudiant de deuxi\u00e8me cycle ou un \u00e9tudiant de premier cycle affili\u00e9 \u00e0 l&#8217;ACP pour pouvoir concourir (<a href=\"https:\/\/crm.cap.ca\/en\/civicrm\/contribute\/transact?reset=1&amp;id=8\">cliquez ici pour adh\u00e9rer<\/a> ou <a href=\"https:\/\/crm.cap.ca\/fr\/user\/login\/\">cliquez ici pour v\u00e9rifier l&#8217;adh\u00e9sion<\/a> et la renouveler si n\u00e9cessaire). La date limite pour adh\u00e9rer et pr\u00e9server le droit de concourir est le 20 mai 2022.<\/p>\n","protected":false},"excerpt":{"rendered":"<p>La session d&#8217;affiches de l&#8217;ACP aura lieu le mardi 7 juin, de 17h30 \u00e0 19h00. Les affiches peuvent \u00eatre install\u00e9es \u00e0 partir de 12 h 15 le mardi 7 juin. Les affiches doivent avoir une taille maximale de 4&#8242; de haut x 4&#8242; de large. Les panneaux d&#8217;affichage seront num\u00e9rot\u00e9s et les pr\u00e9sentateurs recevront les&#8230;  <a class=\"excerpt-read-more\" href=\"https:\/\/cap.ca\/fr\/congres-de-lacp\/congres-anterieurs\/acp2022\/instructions-pour-les-presentateurs-daffiches\/\" title=\"LireInstructions pour les pr\u00e9sentateurs d\u2019affiches\">Lire la suite &raquo;<\/a><\/p>\n","protected":false},"author":5,"featured_media":0,"parent":18751,"menu_order":81,"comment_status":"closed","ping_status":"closed","template":"","meta":{"footnotes":""},"class_list":["post-20943","page","type-page","status-publish","hentry"],"_links":{"self":[{"href":"https:\/\/cap.ca\/fr\/wp-json\/wp\/v2\/pages\/20943","targetHints":{"allow":["GET"]}}],"collection":[{"href":"https:\/\/cap.ca\/fr\/wp-json\/wp\/v2\/pages"}],"about":[{"href":"https:\/\/cap.ca\/fr\/wp-json\/wp\/v2\/types\/page"}],"author":[{"embeddable":true,"href":"https:\/\/cap.ca\/fr\/wp-json\/wp\/v2\/users\/5"}],"replies":[{"embeddable":true,"href":"https:\/\/cap.ca\/fr\/wp-json\/wp\/v2\/comments?post=20943"}],"version-history":[{"count":1,"href":"https:\/\/cap.ca\/fr\/wp-json\/wp\/v2\/pages\/20943\/revisions"}],"predecessor-version":[{"id":20944,"href":"https:\/\/cap.ca\/fr\/wp-json\/wp\/v2\/pages\/20943\/revisions\/20944"}],"up":[{"embeddable":true,"href":"https:\/\/cap.ca\/fr\/wp-json\/wp\/v2\/pages\/18751"}],"wp:attachment":[{"href":"https:\/\/cap.ca\/fr\/wp-json\/wp\/v2\/media?parent=20943"}],"curies":[{"name":"wp","href":"https:\/\/api.w.org\/{rel}","templated":true}]}}