{"id":20939,"date":"2022-05-31T15:39:13","date_gmt":"2022-05-31T19:39:13","guid":{"rendered":"https:\/\/cap.ca\/?page_id=20939"},"modified":"2022-05-31T15:40:43","modified_gmt":"2022-05-31T19:40:43","slug":"instructions-pour-les-presentateurs-oraux","status":"publish","type":"page","link":"https:\/\/cap.ca\/fr\/congres-de-lacp\/congres-anterieurs\/acp2022\/instructions-pour-les-presentateurs-oraux\/","title":{"rendered":"Instructions pour les pr\u00e9sentateurs oraux"},"content":{"rendered":"<p><strong>Dur\u00e9e de l&#8217;expos\u00e9.\u00a0\u00a0<\/strong><\/p>\n<ul class=\"content-list\">\n<li>Expos\u00e9 magistral : 15 minutes au total et pr\u00e9voir une p\u00e9riode de trois minutes pour les questions (12 plus 3 minutes = 15 minutes).<\/li>\n<li>Expos\u00e9 invit\u00e9 : 30 minutes et une p\u00e9riode de cinq minutes pour les questions.<\/li>\n<li>Il est important de respecter le temps allou\u00e9 afin que la session se d\u00e9roule de mani\u00e8re fluide et efficace et se termine \u00e0 l&#8217;heure.<\/li>\n<\/ul>\n<p><strong><br \/>\n\u00c9quipement audiovisuel de la salle de conf\u00e9rence<\/strong><\/p>\n<p>Dans la plupart des salles de sessions techniques, les orateurs peuvent donner leur pr\u00e9sentation depuis leur ordinateur portable vers le projecteur en utilisant la Plateforme de capture de conf\u00e9rence Echo360. Dans d&#8217;autres salles, les orateurs peuvent t\u00e9l\u00e9charger leur pr\u00e9sentation sur l&#8217;ordinateur du podium ou rejoindre la session Zoom sur leur ordinateur portable. Une assistance technique sera disponible par le biais des moniteurs de salle, des assistants techniques itin\u00e9rants ou au bureau d&#8217;inscription.<\/p>\n<p>\u00c9tant donn\u00e9 que les conf\u00e9rences doivent respecter l&#8217;horaire, nous vous encourageons \u00e0 arriver \u00e0 votre session au moins 15 minutes \u00e0 l&#8217;avance ou \u00e0 tester la pr\u00e9sentation \u00e0 l&#8217;avance. Une assistance sera disponible par le biais d&#8217;un \u00e9tudiant b\u00e9n\u00e9vole dans la salle.<\/p>\n<p><strong><br \/>\nConcours oral du meilleur \u00e9tudiant<\/strong><\/p>\n<p>Toutes les pr\u00e9sentations du concours oral seront jug\u00e9es par des juges des diff\u00e9rentes Divisions lors des sessions techniques parall\u00e8les et des symposiums pr\u00e9vus de 10h45 le lundi \u00e0 16h30 le mercredi. La liste des 8 finalistes du concours oral du meilleur \u00e9tudiant de l&#8217;ACP sera affich\u00e9e avant la fin de la journ\u00e9e du mercredi 8 juin au comptoir de l&#8217;ACP dans la zone d&#8217;inscription et sur le site Web du Congr\u00e8s.<\/p>\n<p>Les finalistes du concours oral du meilleur \u00e9tudiant ACP feront une deuxi\u00e8me pr\u00e9sentation orale le jeudi 9 juin, de 13 h 15 \u00e0 15 h 15. Les gagnants du concours oral du meilleur \u00e9tudiant de l&#8217;ACP et les gagnants des concours oraux des divisions seront annonc\u00e9s lors de la c\u00e9r\u00e9monie de remise des prix aux \u00e9tudiants le jeudi 9 juin, de 16 h 30 \u00e0 17 h 15.<\/p>\n<p>Tous les concurrents doivent pr\u00e9voir d&#8217;\u00eatre pr\u00e9sents au Congr\u00e8s le jeudi afin d&#8217;\u00eatre disponibles pour le concours final s&#8217;ils sont s\u00e9lectionn\u00e9s (ou pour encourager les finalistes dans le cas contraire).\u00a0 Si vous savez \u00e0 l&#8217;avance que vous devez partir avant le jeudi, veuillez envoyer un courriel au juge en chef, <a href=\"mailto:wwhelan@upei.ca\">wwhelan@upei.ca<\/a>, afin que des dispositions puissent \u00eatre prises pour qu&#8217;un autre concurrent soit disponible au cas o\u00f9 vous recevriez le premier prix de la division (qui vous serait envoy\u00e9 par courrier apr\u00e8s le Congr\u00e8s).<\/p>\n<p>&nbsp;<\/p>\n<p><strong>Le jugement sera bas\u00e9 sur les \u00e9l\u00e9ments suivants :<\/strong><\/p>\n<table width=\"761\">\n<tbody>\n<tr>\n<td width=\"101\">Introduction, motivation<\/p>\n<p>(10%)<\/td>\n<td width=\"96\">Contenu scientifique, qualit\u00e9, originalit\u00e9<\/p>\n<p>(30%)<\/td>\n<td width=\"93\">Qualit\u00e9 de l&#8217;expos\u00e9, clart\u00e9, enthousiasme<\/p>\n<p>(20%)<\/td>\n<td width=\"105\">Organisation, utilisation de supports visuels<\/p>\n<p>(20%)<\/td>\n<td width=\"90\">Capacit\u00e9 \u00e0 r\u00e9pondre aux questions<\/p>\n<p>(20%)<\/td>\n<td width=\"138\">Temps suppl\u00e9mentaire<\/p>\n<p>P\u00e9nalit\u00e9<\/p>\n<p>(&gt; 45 sec)<\/p>\n<p>(Pr\u00e9sentation orale seulement, \u00a0\u00a0&#8211; 10%)<\/td>\n<td width=\"138\"><\/td>\n<\/tr>\n<\/tbody>\n<\/table>\n<p>&nbsp;<\/p>\n<p>Les \u00e9tudiants concurrents doivent \u00eatre un membre \u00e9tudiant de deuxi\u00e8me cycle ou un \u00e9tudiant de premier cycle affili\u00e9 \u00e0 l&#8217;ACP pour pouvoir concourir (<a href=\"https:\/\/crm.cap.ca\/en\/civicrm\/contribute\/transact?reset=1&amp;id=8\">cliquez ici pour adh\u00e9rer<\/a> ou <a href=\"https:\/\/crm.cap.ca\/fr\/user\/login\/\">cliquez ici pour v\u00e9rifier l&#8217;adh\u00e9sion<\/a> et la renouveler si n\u00e9cessaire). La date limite pour adh\u00e9rer et pr\u00e9server le droit de concourir est le 20 mai 2022.<\/p>\n","protected":false},"excerpt":{"rendered":"<p>Dur\u00e9e de l&#8217;expos\u00e9.\u00a0\u00a0 Expos\u00e9 magistral : 15 minutes au total et pr\u00e9voir une p\u00e9riode de trois minutes pour les questions (12 plus 3 minutes = 15 minutes). Expos\u00e9 invit\u00e9 : 30 minutes et une p\u00e9riode de cinq minutes pour les questions. Il est important de respecter le temps allou\u00e9 afin que la session se d\u00e9roule&#8230;  <a class=\"excerpt-read-more\" href=\"https:\/\/cap.ca\/fr\/congres-de-lacp\/congres-anterieurs\/acp2022\/instructions-pour-les-presentateurs-oraux\/\" title=\"LireInstructions pour les pr\u00e9sentateurs oraux\">Lire la suite &raquo;<\/a><\/p>\n","protected":false},"author":5,"featured_media":0,"parent":18751,"menu_order":76,"comment_status":"closed","ping_status":"closed","template":"","meta":{"footnotes":""},"class_list":["post-20939","page","type-page","status-publish","hentry"],"_links":{"self":[{"href":"https:\/\/cap.ca\/fr\/wp-json\/wp\/v2\/pages\/20939","targetHints":{"allow":["GET"]}}],"collection":[{"href":"https:\/\/cap.ca\/fr\/wp-json\/wp\/v2\/pages"}],"about":[{"href":"https:\/\/cap.ca\/fr\/wp-json\/wp\/v2\/types\/page"}],"author":[{"embeddable":true,"href":"https:\/\/cap.ca\/fr\/wp-json\/wp\/v2\/users\/5"}],"replies":[{"embeddable":true,"href":"https:\/\/cap.ca\/fr\/wp-json\/wp\/v2\/comments?post=20939"}],"version-history":[{"count":2,"href":"https:\/\/cap.ca\/fr\/wp-json\/wp\/v2\/pages\/20939\/revisions"}],"predecessor-version":[{"id":20942,"href":"https:\/\/cap.ca\/fr\/wp-json\/wp\/v2\/pages\/20939\/revisions\/20942"}],"up":[{"embeddable":true,"href":"https:\/\/cap.ca\/fr\/wp-json\/wp\/v2\/pages\/18751"}],"wp:attachment":[{"href":"https:\/\/cap.ca\/fr\/wp-json\/wp\/v2\/media?parent=20939"}],"curies":[{"name":"wp","href":"https:\/\/api.w.org\/{rel}","templated":true}]}}