{"id":20937,"date":"2022-05-31T15:19:44","date_gmt":"2022-05-31T19:19:44","guid":{"rendered":"https:\/\/cap.ca\/?page_id=20937"},"modified":"2022-05-31T15:19:44","modified_gmt":"2022-05-31T19:19:44","slug":"atelier-pour-enseignants-du-secondaire","status":"publish","type":"page","link":"https:\/\/cap.ca\/fr\/congres-de-lacp\/congres-anterieurs\/acp2022\/atelier-pour-enseignants-du-secondaire\/","title":{"rendered":"Atelier pour enseignants du secondaire"},"content":{"rendered":"<p>Nous sommes heureux d&#8217;annoncer le retour de l&#8217;atelier pour les enseignants du secondaire ! Cliquez ici pour le programme !<\/p>\n<p>Certains des points forts incluent :<\/p>\n<ul class=\"content-list\">\n<li>Visites du LIVElab et du Plan\u00e9tarium<\/li>\n<li>Mesure de la masse du boson de Higgs<\/li>\n<li>Am\u00e9liorer les exp\u00e9riences de physique avec des simulations en ligne<\/li>\n<li>Improv-PHYS-ation<\/li>\n<li>Astronomie sur le trottoir<\/li>\n<li>Et bien d&#8217;autres choses encore !<\/li>\n<\/ul>\n<p>Les participants sont \u00e9galement invit\u00e9s au barbecue de bienvenue du lundi soir, ainsi qu&#8217;\u00e0 la conf\u00e9rence publique comm\u00e9morative Herzberg donn\u00e9e par Donna Strickland, laur\u00e9ate du prix Nobel 2018.<\/p>\n","protected":false},"excerpt":{"rendered":"<p>Nous sommes heureux d&#8217;annoncer le retour de l&#8217;atelier pour les enseignants du secondaire ! Cliquez ici pour le programme ! Certains des points forts incluent : Visites du LIVElab et du Plan\u00e9tarium Mesure de la masse du boson de Higgs Am\u00e9liorer les exp\u00e9riences de physique avec des simulations en ligne Improv-PHYS-ation Astronomie sur le trottoir&#8230;  <a class=\"excerpt-read-more\" href=\"https:\/\/cap.ca\/fr\/congres-de-lacp\/congres-anterieurs\/acp2022\/atelier-pour-enseignants-du-secondaire\/\" title=\"LireAtelier pour enseignants du secondaire\">Lire la suite &raquo;<\/a><\/p>\n","protected":false},"author":5,"featured_media":0,"parent":18751,"menu_order":66,"comment_status":"closed","ping_status":"closed","template":"","meta":{"footnotes":""},"class_list":["post-20937","page","type-page","status-publish","hentry"],"_links":{"self":[{"href":"https:\/\/cap.ca\/fr\/wp-json\/wp\/v2\/pages\/20937","targetHints":{"allow":["GET"]}}],"collection":[{"href":"https:\/\/cap.ca\/fr\/wp-json\/wp\/v2\/pages"}],"about":[{"href":"https:\/\/cap.ca\/fr\/wp-json\/wp\/v2\/types\/page"}],"author":[{"embeddable":true,"href":"https:\/\/cap.ca\/fr\/wp-json\/wp\/v2\/users\/5"}],"replies":[{"embeddable":true,"href":"https:\/\/cap.ca\/fr\/wp-json\/wp\/v2\/comments?post=20937"}],"version-history":[{"count":1,"href":"https:\/\/cap.ca\/fr\/wp-json\/wp\/v2\/pages\/20937\/revisions"}],"predecessor-version":[{"id":20938,"href":"https:\/\/cap.ca\/fr\/wp-json\/wp\/v2\/pages\/20937\/revisions\/20938"}],"up":[{"embeddable":true,"href":"https:\/\/cap.ca\/fr\/wp-json\/wp\/v2\/pages\/18751"}],"wp:attachment":[{"href":"https:\/\/cap.ca\/fr\/wp-json\/wp\/v2\/media?parent=20937"}],"curies":[{"name":"wp","href":"https:\/\/api.w.org\/{rel}","templated":true}]}}