{"id":20817,"date":"2022-05-17T23:58:43","date_gmt":"2022-05-18T03:58:43","guid":{"rendered":"https:\/\/cap.ca\/?page_id=20817"},"modified":"2022-05-31T08:14:01","modified_gmt":"2022-05-31T12:14:01","slug":"petit-dejeuner-stationnement","status":"publish","type":"page","link":"https:\/\/cap.ca\/fr\/congres-de-lacp\/congres-anterieurs\/acp2022\/petit-dejeuner-stationnement\/","title":{"rendered":"Petit-d\u00e9jeuner \/ Stationnement sur le campus"},"content":{"rendered":"<blockquote><p>Un formulaire de r\u00e9servation a \u00e9t\u00e9 cr\u00e9\u00e9 qui permettra aux d\u00e9l\u00e9gu\u00e9s d&#8217;acheter une carte pour le buffet de petit-d\u00e9jeuner complet chaud\/froid pour un \u00e0 trois jours pour 12,95 $ par jour (plus TVH) et\/ou une carte de stationnement pour un maximum de 8 jours pour 12 $ par jour plus TVH.\u00a0 Le lien vers le formulaire de r\u00e9servation se trouve dans votre tableau de bord du syst\u00e8me de l&#8217;ACP (connectez-vous \u00e0 <a href=\"https:\/\/crm.cap.ca\">https:\/\/crm.cap.ca<\/a>) \u00e0 partir de midi HAE le mercredi 18 mai.<\/p>\n<p>Les d\u00e9l\u00e9gu\u00e9s qui souhaitent acheter le petit-d\u00e9jeuner pour les journ\u00e9es de lundi \u00e0 jeudi (4 jours), la carte doit \u00eatre achet\u00e9e par le biais du syst\u00e8me d&#8217;h\u00e9bergement du campus (voir les instructions not\u00e9es ci-dessous).<\/p><\/blockquote>\n<p>&nbsp;<\/p>\n<h5><strong>D\u00c9JEUNER (pr\u00e9achat au plus tard \u00e0 midi EDT le jeudi 26 mai)<\/strong><\/h5>\n<p>Un petit-d\u00e9jeuner buffet complet chaud\/froid est disponible du lundi au jeudi pendant le Congr\u00e8s pour les d\u00e9l\u00e9gu\u00e9s qui ont <strong>pr\u00e9-achet\u00e9 des billets<\/strong> (pas de d\u00e9p\u00f4t sur place).\u00a0 Le petit-d\u00e9jeuner sera servi au Centro, situ\u00e9 dans le b\u00e2timent Commons, au deuxi\u00e8me \u00e9tage (b\u00e2timent n\u00b0 28 sur le <a href=\"https:\/\/parking.mcmaster.ca\/app\/uploads\/2020\/11\/Campus-Map-2018-90X39-01.pdf\" target=\"_blank\" rel=\"noopener noreferrer\">Campus Map<\/a>).<\/p>\n<p><strong>Pour acheter une carte pour quatre jours (du lundi au jeudi ; total 51,80 $),<\/strong> la r\u00e9servation doit \u00eatre effectu\u00e9e par le biais du portail de l&#8217;h\u00e9bergement sur le campus, comme suit :<\/p>\n<ul class=\"content-list\">\n<li>Les d\u00e9l\u00e9gu\u00e9s qui ont d\u00e9j\u00e0 r\u00e9serv\u00e9 un h\u00e9bergement :\n<ul class=\"content-list\">\n<li>visiter <a href=\"https:\/\/register.mcmaster.ca\">https:\/\/register.mcmaster.ca<\/a> et se connecter \u00e0 votre compte invit\u00e9.\u00a0 Apr\u00e8s avoir s\u00e9lectionn\u00e9 l&#8217;inscription g\u00e9n\u00e9rale, entrez le code &#8220;CapBreakfast&#8221; et s\u00e9lectionnez ensuite le forfait petit-d\u00e9jeuner de 4 jours.\u00a0 Votre carte vous sera fournie lors de votre enregistrement \u00e0 la r\u00e9sidence.<\/li>\n<\/ul>\n<\/li>\n<li>D\u00e9l\u00e9gu\u00e9s qui n&#8217;ont pas encore r\u00e9serv\u00e9 leur h\u00e9bergement :\n<ul class=\"content-list\">\n<li>visiter <a href=\"https:\/\/register.mcmaster.ca\">https:\/\/register.mcmaster.ca<\/a>, cr\u00e9er votre compte invit\u00e9, s\u00e9lectionner l&#8217;inscription g\u00e9n\u00e9rale et entrer le code &#8220;CAPOAPT2022&#8221; pour r\u00e9server votre h\u00e9bergement sur le campus.\u00a0 Une fois votre h\u00e9bergement r\u00e9serv\u00e9, restez connect\u00e9 au syst\u00e8me, revenez \u00e0 l&#8217;option d&#8217;inscription g\u00e9n\u00e9rale et entrez le code &#8220;CAPBreakfast&#8221; pour ajouter le forfait petit-d\u00e9jeuner \u00e0 votre forfait d&#8217;h\u00e9bergement.\u00a0 Votre carte vous sera fournie lors de votre enregistrement \u00e0 la r\u00e9sidence.<\/li>\n<\/ul>\n<\/li>\n<li>pour les d\u00e9l\u00e9gu\u00e9s qui ne logent pas sur le campus mais qui souhaitent commander le forfait petit-d\u00e9jeuner de 4 jours :\n<ul class=\"content-list\">\n<li>visiter <a href=\"https:\/\/register.mcmaster.ca\">https:\/\/register.mcmaster.ca<\/a>, cr\u00e9er un compte invit\u00e9, s\u00e9lectionner l&#8217;inscription g\u00e9n\u00e9rale et entrer le code &#8220;CapBreakfast&#8221;, puis s\u00e9lectionner le forfait petit-d\u00e9jeuner de 4 jours.\u00a0 Votre carte de petit-d\u00e9jeuner sera incluse dans votre forfait d&#8217;inscription au Congr\u00e8s et sera \u00e0 retirer au comptoir d&#8217;inscription dans le hall du MDCL.<\/li>\n<\/ul>\n<\/li>\n<\/ul>\n<p><strong>Les d\u00e9l\u00e9gu\u00e9s qui souhaitent acheter un petit-d\u00e9jeuner pour un \u00e0 trois jours seulement<\/strong> doivent utiliser le formulaire de r\u00e9servation li\u00e9 \u00e0 partir de votre tableau de bord du syst\u00e8me de l&#8217;ACP (connectez-vous via <a href=\"https:\/\/crm.cap.ca\">https:\/\/crm.cap.ca<\/a>).<\/p>\n<p>&nbsp;<\/p>\n<h5><strong>PASSE DE STATIONNEMENT (pr\u00e9achat au plus tard \u00e0 midi EDT le jeudi 26 mai, ou achat sur place aupr\u00e8s des services de la conf\u00e9rence)<\/strong><\/h5>\n<p>Les cartes de stationnement peuvent \u00eatre achet\u00e9es au tarif r\u00e9duit de 12 $ (plus TVH) par jour pour se garer dans n&#8217;importe quel parc du campus (\u00e0 l&#8217;exception des places r\u00e9serv\u00e9es).<\/p>\n<p>Une fois r\u00e9serv\u00e9e, votre carte sera soit incluse dans votre forfait d&#8217;h\u00e9bergement sur le campus (si vous logez sur le campus), soit dans votre forfait d&#8217;inscription au Congr\u00e8s (pour ceux qui ne logent pas sur le campus).<\/p>\n<p>Vous <strong>n&#8217;avez PAS besoin d&#8217;utiliser votre carte pour entrer dans le parking le premier jour de votre pr\u00e9sence<\/strong> au Congr\u00e8s ; cependant, <strong>vous devrez utiliser votre carte<\/strong> lorsque vous sortirez du parking pour l&#8217;activer.\u00a0 Une fois activ\u00e9e, vous DEVEZ utiliser votre carte activ\u00e9e chaque fois que vous entrez dans le lot.\u00a0 <strong>Si vous oubliez d&#8217;utiliser votre carte en entrant dans le lot apr\u00e8s avoir activ\u00e9 le laissez-passer<\/strong>, vous ne pourrez pas utiliser votre carte pour sortir du lot ; vous devrez payer des frais de stationnement quotidiens non remboursables.<\/p>\n<p>Si vous ne r\u00e9servez pas \u00e0 l&#8217;avance une carte de stationnement, vous pouvez en acheter une aupr\u00e8s des services de conf\u00e9rence.<\/p>\n","protected":false},"excerpt":{"rendered":"<p>Un formulaire de r\u00e9servation a \u00e9t\u00e9 cr\u00e9\u00e9 qui permettra aux d\u00e9l\u00e9gu\u00e9s d&#8217;acheter une carte pour le buffet de petit-d\u00e9jeuner complet chaud\/froid pour un \u00e0 trois jours pour 12,95 $ par jour (plus TVH) et\/ou une carte de stationnement pour un maximum de 8 jours pour 12 $ par jour plus TVH.\u00a0 Le lien vers le&#8230;  <a class=\"excerpt-read-more\" href=\"https:\/\/cap.ca\/fr\/congres-de-lacp\/congres-anterieurs\/acp2022\/petit-dejeuner-stationnement\/\" title=\"LirePetit-d\u00e9jeuner \/ Stationnement sur le campus\">Lire la suite &raquo;<\/a><\/p>\n","protected":false},"author":7,"featured_media":0,"parent":18751,"menu_order":69,"comment_status":"closed","ping_status":"closed","template":"","meta":{"footnotes":""},"class_list":["post-20817","page","type-page","status-publish","hentry"],"_links":{"self":[{"href":"https:\/\/cap.ca\/fr\/wp-json\/wp\/v2\/pages\/20817","targetHints":{"allow":["GET"]}}],"collection":[{"href":"https:\/\/cap.ca\/fr\/wp-json\/wp\/v2\/pages"}],"about":[{"href":"https:\/\/cap.ca\/fr\/wp-json\/wp\/v2\/types\/page"}],"author":[{"embeddable":true,"href":"https:\/\/cap.ca\/fr\/wp-json\/wp\/v2\/users\/7"}],"replies":[{"embeddable":true,"href":"https:\/\/cap.ca\/fr\/wp-json\/wp\/v2\/comments?post=20817"}],"version-history":[{"count":6,"href":"https:\/\/cap.ca\/fr\/wp-json\/wp\/v2\/pages\/20817\/revisions"}],"predecessor-version":[{"id":20824,"href":"https:\/\/cap.ca\/fr\/wp-json\/wp\/v2\/pages\/20817\/revisions\/20824"}],"up":[{"embeddable":true,"href":"https:\/\/cap.ca\/fr\/wp-json\/wp\/v2\/pages\/18751"}],"wp:attachment":[{"href":"https:\/\/cap.ca\/fr\/wp-json\/wp\/v2\/media?parent=20817"}],"curies":[{"name":"wp","href":"https:\/\/api.w.org\/{rel}","templated":true}]}}