{"id":20654,"date":"2022-05-05T14:32:11","date_gmt":"2022-05-05T18:32:11","guid":{"rendered":"https:\/\/cap.ca\/?page_id=20654"},"modified":"2022-05-05T14:32:47","modified_gmt":"2022-05-05T18:32:47","slug":"la-serie-estivale-sur-la-communication-scientifique-le-conseil-consultatif-des-etudiants-cce-de-lacp","status":"publish","type":"page","link":"https:\/\/cap.ca\/fr\/congres-de-lacp\/congres-anterieurs\/acp2022\/la-serie-estivale-sur-la-communication-scientifique-le-conseil-consultatif-des-etudiants-cce-de-lacp\/","title":{"rendered":"La s\u00e9rie estivale sur la communication scientifique &#8211; Le Conseil consultatif des \u00e9tudiants (CC\u00c9) de l&#8217;ACP"},"content":{"rendered":"<p>Le Conseil consultatif des \u00e9tudiants (CC\u00c9) de l&#8217;ACP est heureux de pr\u00e9senter la s\u00e9rie estivale sur la communication scientifique ! La s\u00e9rie consiste en deux tables rondes et trois ateliers ax\u00e9s sur le d\u00e9veloppement des comp\u00e9tences en communication orale, \u00e9crite et visuelle. La premi\u00e8re table ronde aura lieu le 9 mai. Pour plus d&#8217;information, veuillez consulter cette <a href=\"https:\/\/sac.cap.ca\/index.php\/student-resources\/science-communication\/\">page<\/a>.<\/p>\n<p>Un atelier et une table ronde hybrides auront lieu le dimanche 5 juin dans le cadre du congr\u00e8s de l&#8217;ACP en pr\u00e9sence.<\/p>\n<p><strong>De 15h00 \u00e0 16h20 HAE : Atelier \u00e9crit anim\u00e9 par Emily Deibert<\/strong>. <a href=\"http:\/\/astro.utoronto.ca\/~deibert\/sciencewriting.html\">Emily Deibert<\/a> est r\u00e9dactrice scientifique pour <a href=\"https:\/\/research2reality.com\/\">Research2Reality<\/a> et a \u00e9t\u00e9 auparavant r\u00e9dactrice scientifique pour <a href=\"https:\/\/theconversation.com\/us\">The Conversation<\/a>, <a href=\"https:\/\/www.newscientist.com\/\">New Scientist<\/a> et <a href=\"https:\/\/massivesci.com\/\">Massive Science<\/a>, entre autres. Elle a \u00e9galement \u00e9crit pour <a href=\"https:\/\/www.pbs.org\/show\/pbs-space-time\/\">PBS Space Time<\/a>, cr\u00e9ant l&#8217;\u00e9pisode <a href=\"https:\/\/www.pbs.org\/video\/was-the-milky-way-a-quasar-wbytfm\/\">&#8220;Was the Milky Way a Quasar ?&#8221;.<\/a> Emily est actuellement candidate au doctorat et boursi\u00e8re Vanier du CRSNG \u00e0 l&#8217;Universit\u00e9 de Toronto (Institut Dunlap). L&#8217;atelier sera consacr\u00e9 \u00e0 un \u00e9ventail de sujets, notamment la fa\u00e7on d&#8217;\u00e9crire pour un large public, pour diff\u00e9rents m\u00e9dias, et la fa\u00e7on de r\u00e9diger de meilleurs articles scientifiques.<\/p>\n<p>&nbsp;<\/p>\n<p><strong>De 16:40 \u00e0 18:00 HAE : Table ronde &#8220;SciComm au Canada&#8221;<\/strong> avec<\/p>\n<ul class=\"content-list\">\n<li>Pramodh Senrath-Yapa (organisateur de ComSciConCAN)<\/li>\n<li>Cassidy Swanston (esprit cr\u00e9atif derri\u00e8re SciComSchool)<\/li>\n<li>Celia Du (Agence spatiale canadienne)<\/li>\n<li>Dre Estelle Chamoux (professeure en communication scientifique \u00e0 l&#8217;Universit\u00e9 Bishop&#8217;s)<\/li>\n<li>Dre Kori Czuy (sp\u00e9cialiste de l&#8217;engagement autochtone \u00e0 TELUS Spark Science).<\/li>\n<\/ul>\n<p>Vous pouvez vous <strong>inscrire pour participer virtuellement<\/strong> le 5 juin en cliquant sur les liens suivants :<\/p>\n<ul class=\"content-list\">\n<li><a href=\"https:\/\/ubc.zoom.us\/meeting\/register\/u5Eoc-yprDIvG92RMFsUSqcwJ73BA1pGS1su\">Atelier \u00e9crit anim\u00e9 par Emily Deibert<\/a><\/li>\n<li><a href=\"https:\/\/ubc.zoom.us\/meeting\/register\/u5Yqfuyppj4sGdQ8EQWFnBgFGVZfJjnHEF1t\">Table ronde sur la communication scientifique au Canada<\/a><\/li>\n<\/ul>\n<p>Pour soumettre des questions sp\u00e9cifiques aux pan\u00e9listes ci-dessus ou demander qu&#8217;un sujet particulier soit abord\u00e9 dans l&#8217;atelier d&#8217;Emily, veuillez remplir le <a href=\"https:\/\/forms.gle\/VAnWSsBQ4VAtC1oo7\">formulaire google suivant<\/a>.<\/p>\n<p>Si vous comptez assister au congr\u00e8s, l&#8217;information relative \u00e0 l&#8217;inscription se trouve ici : <a href=\"https:\/\/crm.cap.ca\/sites\/all\/modules\/civicrm\/extern\/url.php?u=5778&amp;qid=748718\">https:\/\/crm.cap.ca\/sites\/all\/modules\/civicrm\/extern\/url.php?u=5778&amp;qid=748718<\/a><\/p>\n<p>**D&#8217;autres \u00e9v\u00e9nements sont pr\u00e9vus \u00e0 partir du 9 mai, <a href=\"https:\/\/sac.cap.ca\/index.php\/events\/science-communication-series\/\">veuillez ouvrir ce lien<\/a> pour plus d&#8217;information.**<\/p>\n<p>&nbsp;<\/p>\n","protected":false},"excerpt":{"rendered":"<p>Le Conseil consultatif des \u00e9tudiants (CC\u00c9) de l&#8217;ACP est heureux de pr\u00e9senter la s\u00e9rie estivale sur la communication scientifique ! La s\u00e9rie consiste en deux tables rondes et trois ateliers ax\u00e9s sur le d\u00e9veloppement des comp\u00e9tences en communication orale, \u00e9crite et visuelle. La premi\u00e8re table ronde aura lieu le 9 mai. Pour plus d&#8217;information, veuillez&#8230;  <a class=\"excerpt-read-more\" href=\"https:\/\/cap.ca\/fr\/congres-de-lacp\/congres-anterieurs\/acp2022\/la-serie-estivale-sur-la-communication-scientifique-le-conseil-consultatif-des-etudiants-cce-de-lacp\/\" title=\"LireLa s\u00e9rie estivale sur la communication scientifique &#8211; Le Conseil consultatif des \u00e9tudiants (CC\u00c9) de l&#8217;ACP\">Lire la suite &raquo;<\/a><\/p>\n","protected":false},"author":5,"featured_media":0,"parent":18751,"menu_order":48,"comment_status":"closed","ping_status":"closed","template":"","meta":{"footnotes":""},"class_list":["post-20654","page","type-page","status-publish","hentry"],"_links":{"self":[{"href":"https:\/\/cap.ca\/fr\/wp-json\/wp\/v2\/pages\/20654","targetHints":{"allow":["GET"]}}],"collection":[{"href":"https:\/\/cap.ca\/fr\/wp-json\/wp\/v2\/pages"}],"about":[{"href":"https:\/\/cap.ca\/fr\/wp-json\/wp\/v2\/types\/page"}],"author":[{"embeddable":true,"href":"https:\/\/cap.ca\/fr\/wp-json\/wp\/v2\/users\/5"}],"replies":[{"embeddable":true,"href":"https:\/\/cap.ca\/fr\/wp-json\/wp\/v2\/comments?post=20654"}],"version-history":[{"count":3,"href":"https:\/\/cap.ca\/fr\/wp-json\/wp\/v2\/pages\/20654\/revisions"}],"predecessor-version":[{"id":20658,"href":"https:\/\/cap.ca\/fr\/wp-json\/wp\/v2\/pages\/20654\/revisions\/20658"}],"up":[{"embeddable":true,"href":"https:\/\/cap.ca\/fr\/wp-json\/wp\/v2\/pages\/18751"}],"wp:attachment":[{"href":"https:\/\/cap.ca\/fr\/wp-json\/wp\/v2\/media?parent=20654"}],"curies":[{"name":"wp","href":"https:\/\/api.w.org\/{rel}","templated":true}]}}