{"id":20505,"date":"2022-04-19T13:19:54","date_gmt":"2022-04-19T17:19:54","guid":{"rendered":"https:\/\/cap.ca\/congres-de-lacp\/acp2022\/commandites-kiosques-2022\/exhibitors-2022\/"},"modified":"2022-06-03T07:25:26","modified_gmt":"2022-06-03T11:25:26","slug":"les-exposants-2022","status":"publish","type":"page","link":"https:\/\/cap.ca\/fr\/congres-de-lacp\/congres-anterieurs\/acp2022\/commandites-kiosques-2022\/les-exposants-2022\/","title":{"rendered":"Les exposants 2022"},"content":{"rendered":"<h3>Les entreprises suivantes auront un kiosque d&#8217;exposition dans le b\u00e2timent LR Wilson le 6 juin uniquement.<\/h3>\n<h3><\/h3>\n<table style=\"height: 227px; width: 88.234%; border-collapse: collapse; border-style: none;\">\n<tbody>\n<tr style=\"height: 122px;\">\n<td style=\"width: 28.2505%; height: 122px;\"><a href=\"https:\/\/www.ayva.ca\/eng\/ayva\/\"><img loading=\"lazy\" decoding=\"async\" class=\"wp-image-20871 aligncenter\" src=\"https:\/\/cap.ca\/wp-content\/uploads\/2022\/05\/ayva_logo.png\" alt=\"\" width=\"250\" height=\"102\" \/><\/a><\/td>\n<td style=\"width: 29.8337%; height: 122px;\"><a href=\"https:\/\/www.boreal.com\/\"><img loading=\"lazy\" decoding=\"async\" class=\"wp-image-20875 aligncenter\" src=\"https:\/\/cap.ca\/wp-content\/uploads\/2022\/05\/Boreal-logo-1.jpg\" alt=\"\" width=\"250\" height=\"90\" \/><\/a><\/td>\n<td style=\"width: 29.7895%; height: 122px;\"><a href=\"https:\/\/perimeterinstitute.ca\/\"><img loading=\"lazy\" decoding=\"async\" class=\"wp-image-20873 aligncenter\" src=\"https:\/\/cap.ca\/wp-content\/uploads\/2022\/05\/Perimeter-Institute-logo-2017-Black-300x99.png\" alt=\"\" width=\"250\" height=\"83\" srcset=\"https:\/\/cap.ca\/wp-content\/uploads\/2022\/05\/Perimeter-Institute-logo-2017-Black-300x99.png 300w, https:\/\/cap.ca\/wp-content\/uploads\/2022\/05\/Perimeter-Institute-logo-2017-Black-1024x339.png 1024w, https:\/\/cap.ca\/wp-content\/uploads\/2022\/05\/Perimeter-Institute-logo-2017-Black-768x255.png 768w, https:\/\/cap.ca\/wp-content\/uploads\/2022\/05\/Perimeter-Institute-logo-2017-Black-1536x509.png 1536w, https:\/\/cap.ca\/wp-content\/uploads\/2022\/05\/Perimeter-Institute-logo-2017-Black.png 1816w\" sizes=\"auto, (max-width: 250px) 100vw, 250px\" \/><\/a><\/td>\n<\/tr>\n<tr style=\"height: 141px;\">\n<td style=\"width: 28.2505%; height: 105px;\"><a href=\"https:\/\/www.searchassociates.com\/\"><img loading=\"lazy\" decoding=\"async\" class=\"wp-image-20904 aligncenter\" src=\"https:\/\/cap.ca\/wp-content\/uploads\/2022\/05\/Search-Associates_webpage.png\" alt=\"\" width=\"250\" height=\"118\" \/><\/a><\/td>\n<td style=\"width: 29.8337%; height: 105px;\"><a href=\"https:\/\/www.snolab.ca\/\"><img loading=\"lazy\" decoding=\"async\" class=\"wp-image-20592 aligncenter\" src=\"https:\/\/cap.ca\/wp-content\/uploads\/2022\/04\/SNOLAB_black_red-300x152.png\" alt=\"\" width=\"250\" height=\"127\" srcset=\"https:\/\/cap.ca\/wp-content\/uploads\/2022\/04\/SNOLAB_black_red-300x152.png 300w, https:\/\/cap.ca\/wp-content\/uploads\/2022\/04\/SNOLAB_black_red.png 635w\" sizes=\"auto, (max-width: 250px) 100vw, 250px\" \/><\/a><\/td>\n<td style=\"width: 29.7895%; height: 105px;\"><a href=\"https:\/\/www.verniercanada.ca\/\"><img loading=\"lazy\" decoding=\"async\" class=\"wp-image-20869 alignnone\" src=\"https:\/\/cap.ca\/wp-content\/uploads\/2022\/05\/Vernier-Canada_Logo_Colored-SuperHighRes-1-300x139.jpg\" alt=\"\" width=\"250\" height=\"116\" srcset=\"https:\/\/cap.ca\/wp-content\/uploads\/2022\/05\/Vernier-Canada_Logo_Colored-SuperHighRes-1-300x139.jpg 300w, https:\/\/cap.ca\/wp-content\/uploads\/2022\/05\/Vernier-Canada_Logo_Colored-SuperHighRes-1-1024x475.jpg 1024w, https:\/\/cap.ca\/wp-content\/uploads\/2022\/05\/Vernier-Canada_Logo_Colored-SuperHighRes-1-768x356.jpg 768w, https:\/\/cap.ca\/wp-content\/uploads\/2022\/05\/Vernier-Canada_Logo_Colored-SuperHighRes-1-1536x713.jpg 1536w, https:\/\/cap.ca\/wp-content\/uploads\/2022\/05\/Vernier-Canada_Logo_Colored-SuperHighRes-1-2048x950.jpg 2048w\" sizes=\"auto, (max-width: 250px) 100vw, 250px\" \/><\/a><\/td>\n<\/tr>\n<\/tbody>\n<\/table>\n<h3><\/h3>\n<h3><\/h3>\n<h3>Les entreprises suivantes auront un kiosque d&#8217;exposition au b\u00e2timent MDAD les 7 et 8 juin. Le plan de l&#8217;espace d&#8217;exposition appara\u00eet sous la liste des exposants.<\/h3>\n<p>&nbsp;<\/p>\n<table style=\"height: 153px; width: 93.57%; border-collapse: collapse; border-style: hidden;\">\n<tbody>\n<tr style=\"height: 133px;\">\n<td style=\"width: 18.2204%; vertical-align: top; height: 133px;\">1. <a href=\"http:\/\/www.ocivm.com\/\"><span data-sheets-value=\"{&quot;1&quot;:2,&quot;2&quot;:&quot;OCI Vacuum Microengineering Inc.&quot;}\" data-sheets-userformat=\"{&quot;2&quot;:31167,&quot;3&quot;:{&quot;1&quot;:0,&quot;3&quot;:1},&quot;4&quot;:{&quot;1&quot;:2,&quot;2&quot;:6770343},&quot;5&quot;:{&quot;1&quot;:[{&quot;1&quot;:2,&quot;2&quot;:0,&quot;5&quot;:{&quot;1&quot;:2,&quot;2&quot;:0}},{&quot;1&quot;:0,&quot;2&quot;:0,&quot;3&quot;:3},{&quot;1&quot;:1,&quot;2&quot;:0,&quot;4&quot;:1}]},&quot;6&quot;:{&quot;1&quot;:[{&quot;1&quot;:2,&quot;2&quot;:0,&quot;5&quot;:{&quot;1&quot;:2,&quot;2&quot;:0}},{&quot;1&quot;:0,&quot;2&quot;:0,&quot;3&quot;:3},{&quot;1&quot;:1,&quot;2&quot;:0,&quot;4&quot;:1}]},&quot;7&quot;:{&quot;1&quot;:[{&quot;1&quot;:2,&quot;2&quot;:0,&quot;5&quot;:{&quot;1&quot;:2,&quot;2&quot;:0}},{&quot;1&quot;:0,&quot;2&quot;:0,&quot;3&quot;:3},{&quot;1&quot;:1,&quot;2&quot;:0,&quot;4&quot;:1}]},&quot;8&quot;:{&quot;1&quot;:[{&quot;1&quot;:2,&quot;2&quot;:0,&quot;5&quot;:{&quot;1&quot;:2,&quot;2&quot;:0}},{&quot;1&quot;:0,&quot;2&quot;:0,&quot;3&quot;:3},{&quot;1&quot;:1,&quot;2&quot;:0,&quot;4&quot;:1}]},&quot;10&quot;:2,&quot;11&quot;:4,&quot;14&quot;:{&quot;1&quot;:3,&quot;3&quot;:1},&quot;15&quot;:&quot;Calibri&quot;,&quot;16&quot;:11,&quot;17&quot;:1}\">OCI Vacuum Microengineering Inc.<img loading=\"lazy\" decoding=\"async\" class=\"alignnone size-medium wp-image-20994\" src=\"https:\/\/cap.ca\/wp-content\/uploads\/2022\/06\/oci_vacuum_microengineering_logo2-300x69.png\" alt=\"\" width=\"300\" height=\"69\" srcset=\"https:\/\/cap.ca\/wp-content\/uploads\/2022\/06\/oci_vacuum_microengineering_logo2-300x69.png 300w, https:\/\/cap.ca\/wp-content\/uploads\/2022\/06\/oci_vacuum_microengineering_logo2.png 326w\" sizes=\"auto, (max-width: 300px) 100vw, 300px\" \/><\/span><\/a><\/td>\n<td style=\"width: 18.0144%; vertical-align: top; height: 133px;\">2. <a href=\"https:\/\/www.vpcinc.ca\/\">Vacuum Products Canada<\/a><br \/>\n<img loading=\"lazy\" decoding=\"async\" class=\"aligncenter wp-image-20436\" src=\"https:\/\/cap.ca\/wp-content\/uploads\/2022\/04\/vpc-logo-slogan-1920px-e1650389877112-300x96.jpg\" alt=\"\" width=\"200\" height=\"64\" srcset=\"https:\/\/cap.ca\/wp-content\/uploads\/2022\/04\/vpc-logo-slogan-1920px-e1650389877112-300x96.jpg 300w, https:\/\/cap.ca\/wp-content\/uploads\/2022\/04\/vpc-logo-slogan-1920px-e1650389877112-1024x329.jpg 1024w, https:\/\/cap.ca\/wp-content\/uploads\/2022\/04\/vpc-logo-slogan-1920px-e1650389877112-768x247.jpg 768w, https:\/\/cap.ca\/wp-content\/uploads\/2022\/04\/vpc-logo-slogan-1920px-e1650389877112.jpg 1536w\" sizes=\"auto, (max-width: 200px) 100vw, 200px\" \/><\/td>\n<td style=\"width: 16.8438%; vertical-align: top; height: 133px;\"><span style=\"background-color: #ffffff; outline: 0px;\">3. <a href=\"http:\/\/www.gtl.ca\/\">Gamble Technologies Ltd.<\/a><a style=\"background-color: #ffffff; color: #12344f; outline: 0px;\" href=\"http:\/\/www.gtl.ca\/\"><img loading=\"lazy\" decoding=\"async\" class=\"wp-image-20620 aligncenter\" style=\"color: #444444;\" src=\"https:\/\/cap.ca\/wp-content\/uploads\/2022\/05\/GTLLogo-300x118.jpg\" alt=\"\" width=\"195\" height=\"77\" srcset=\"https:\/\/cap.ca\/wp-content\/uploads\/2022\/05\/GTLLogo-300x118.jpg 300w, https:\/\/cap.ca\/wp-content\/uploads\/2022\/05\/GTLLogo.jpg 480w\" sizes=\"auto, (max-width: 195px) 100vw, 195px\" \/><\/a><\/span><\/td>\n<\/tr>\n<tr style=\"height: 123px;\">\n<td style=\"width: 18.2204%; vertical-align: top; height: 20px;\"><span style=\"background-color: #ffffff; outline: 0px;\">6. <a href=\"https:\/\/www.springer.com\/gp\">Springer Nature<\/a><br \/>\n<img loading=\"lazy\" decoding=\"async\" class=\"alignnone size-medium wp-image-20677\" src=\"https:\/\/cap.ca\/wp-content\/uploads\/2022\/05\/Springer-300x84.jpg\" alt=\"\" width=\"300\" height=\"84\" srcset=\"https:\/\/cap.ca\/wp-content\/uploads\/2022\/05\/Springer-300x84.jpg 300w, https:\/\/cap.ca\/wp-content\/uploads\/2022\/05\/Springer.jpg 400w\" sizes=\"auto, (max-width: 300px) 100vw, 300px\" \/><\/span><\/td>\n<td style=\"width: 18.0144%; vertical-align: top; height: 20px;\">9. <a href=\"https:\/\/www.explorelearning.com\/\">ExploreLearning<\/a><img loading=\"lazy\" decoding=\"async\" class=\"alignnone size-medium wp-image-20640\" src=\"https:\/\/cap.ca\/wp-content\/uploads\/2022\/05\/el-color-logo-300x53.jpg\" alt=\"\" width=\"300\" height=\"53\" srcset=\"https:\/\/cap.ca\/wp-content\/uploads\/2022\/05\/el-color-logo-300x53.jpg 300w, https:\/\/cap.ca\/wp-content\/uploads\/2022\/05\/el-color-logo-1024x181.jpg 1024w, https:\/\/cap.ca\/wp-content\/uploads\/2022\/05\/el-color-logo-768x136.jpg 768w, https:\/\/cap.ca\/wp-content\/uploads\/2022\/05\/el-color-logo.jpg 1109w\" sizes=\"auto, (max-width: 300px) 100vw, 300px\" \/><\/td>\n<td style=\"width: 16.8438%; vertical-align: top; height: 20px;\">10. <a href=\"https:\/\/www.plasmionique.com\/\">Plasmionique Inc.<\/a><img loading=\"lazy\" decoding=\"async\" class=\"alignnone size-medium wp-image-20946\" src=\"https:\/\/cap.ca\/wp-content\/uploads\/2022\/05\/Plasmionique-Inc_logo-300x60.jpeg\" alt=\"\" width=\"300\" height=\"60\" srcset=\"https:\/\/cap.ca\/wp-content\/uploads\/2022\/05\/Plasmionique-Inc_logo-300x60.jpeg 300w, https:\/\/cap.ca\/wp-content\/uploads\/2022\/05\/Plasmionique-Inc_logo.jpeg 700w\" sizes=\"auto, (max-width: 300px) 100vw, 300px\" \/><\/td>\n<\/tr>\n<tr>\n<td style=\"width: 18.2204%; vertical-align: top;\">11. <a href=\"https:\/\/www.verniercanada.ca\">Vernier Canada<\/a><img loading=\"lazy\" decoding=\"async\" class=\"aligncenter wp-image-20869 size-medium\" src=\"https:\/\/cap.ca\/wp-content\/uploads\/2022\/05\/Vernier-Canada_Logo_Colored-SuperHighRes-1-300x139.jpg\" alt=\"\" width=\"300\" height=\"139\" srcset=\"https:\/\/cap.ca\/wp-content\/uploads\/2022\/05\/Vernier-Canada_Logo_Colored-SuperHighRes-1-300x139.jpg 300w, https:\/\/cap.ca\/wp-content\/uploads\/2022\/05\/Vernier-Canada_Logo_Colored-SuperHighRes-1-1024x475.jpg 1024w, https:\/\/cap.ca\/wp-content\/uploads\/2022\/05\/Vernier-Canada_Logo_Colored-SuperHighRes-1-768x356.jpg 768w, https:\/\/cap.ca\/wp-content\/uploads\/2022\/05\/Vernier-Canada_Logo_Colored-SuperHighRes-1-1536x713.jpg 1536w, https:\/\/cap.ca\/wp-content\/uploads\/2022\/05\/Vernier-Canada_Logo_Colored-SuperHighRes-1-2048x950.jpg 2048w\" sizes=\"auto, (max-width: 300px) 100vw, 300px\" \/><\/td>\n<td style=\"vertical-align: top; width: 18.0144%;\">13.\u00a0<a style=\"background-color: #ffffff; color: #12344f; outline: 0px;\" href=\"https:\/\/www.triumf.ca\/\">TRIUMF<\/a><img loading=\"lazy\" decoding=\"async\" class=\"wp-image-20579 aligncenter\" src=\"https:\/\/cap.ca\/wp-content\/uploads\/2022\/04\/TRIUMF_Logo_Blue-300x54.jpg\" alt=\"\" width=\"225\" height=\"41\" \/><\/p>\n<p>&nbsp;<\/p>\n<h1><\/h1>\n<\/td>\n<td style=\"vertical-align: top; width: 16.8438%;\"><\/td>\n<\/tr>\n<\/tbody>\n<\/table>\n<p>Le plan du Centre Michael De Groote pour l&#8217;apprentissage et la d\u00e9couverte (MDAD)<\/p>\n<hr \/>\n<p>Les kiosques sont num\u00e9rot\u00e9s en <strong><span style=\"color: #00ccff;\">bleu<\/span><\/strong>, toutefois ils peuvent varier l\u00e9g\u00e8rement par rapport aux endroits indiqu\u00e9s.<\/p>\n<img loading=\"lazy\" decoding=\"async\" class=\"alignnone wp-image-20121 size-full\" src=\"https:\/\/cap.ca\/wp-content\/uploads\/2022\/03\/2022-Congress-Exhibitor-Layout.jpg\" alt=\"\" width=\"1425\" height=\"1725\" srcset=\"https:\/\/cap.ca\/wp-content\/uploads\/2022\/03\/2022-Congress-Exhibitor-Layout.jpg 1425w, https:\/\/cap.ca\/wp-content\/uploads\/2022\/03\/2022-Congress-Exhibitor-Layout-248x300.jpg 248w, https:\/\/cap.ca\/wp-content\/uploads\/2022\/03\/2022-Congress-Exhibitor-Layout-846x1024.jpg 846w, https:\/\/cap.ca\/wp-content\/uploads\/2022\/03\/2022-Congress-Exhibitor-Layout-768x930.jpg 768w, https:\/\/cap.ca\/wp-content\/uploads\/2022\/03\/2022-Congress-Exhibitor-Layout-1269x1536.jpg 1269w\" sizes=\"auto, (max-width: 1425px) 100vw, 1425px\" \/>\n<p>&nbsp;<\/p>\n<p>&nbsp;<\/p>\n","protected":false},"excerpt":{"rendered":"<p>Les entreprises suivantes auront un kiosque d&#8217;exposition dans le b\u00e2timent LR Wilson le 6 juin uniquement. Les entreprises suivantes auront un kiosque d&#8217;exposition au b\u00e2timent MDAD les 7 et 8 juin. Le plan de l&#8217;espace d&#8217;exposition appara\u00eet sous la liste des exposants. &nbsp; 1. OCI Vacuum Microengineering Inc. 2. Vacuum Products Canada 3. Gamble Technologies&#8230;  <a class=\"excerpt-read-more\" href=\"https:\/\/cap.ca\/fr\/congres-de-lacp\/congres-anterieurs\/acp2022\/commandites-kiosques-2022\/les-exposants-2022\/\" title=\"LireLes exposants 2022\">Lire la suite &raquo;<\/a><\/p>\n","protected":false},"author":5,"featured_media":0,"parent":19902,"menu_order":59,"comment_status":"closed","ping_status":"closed","template":"","meta":{"footnotes":""},"class_list":["post-20505","page","type-page","status-publish","hentry"],"_links":{"self":[{"href":"https:\/\/cap.ca\/fr\/wp-json\/wp\/v2\/pages\/20505","targetHints":{"allow":["GET"]}}],"collection":[{"href":"https:\/\/cap.ca\/fr\/wp-json\/wp\/v2\/pages"}],"about":[{"href":"https:\/\/cap.ca\/fr\/wp-json\/wp\/v2\/types\/page"}],"author":[{"embeddable":true,"href":"https:\/\/cap.ca\/fr\/wp-json\/wp\/v2\/users\/5"}],"replies":[{"embeddable":true,"href":"https:\/\/cap.ca\/fr\/wp-json\/wp\/v2\/comments?post=20505"}],"version-history":[{"count":13,"href":"https:\/\/cap.ca\/fr\/wp-json\/wp\/v2\/pages\/20505\/revisions"}],"predecessor-version":[{"id":20997,"href":"https:\/\/cap.ca\/fr\/wp-json\/wp\/v2\/pages\/20505\/revisions\/20997"}],"up":[{"embeddable":true,"href":"https:\/\/cap.ca\/fr\/wp-json\/wp\/v2\/pages\/19902"}],"wp:attachment":[{"href":"https:\/\/cap.ca\/fr\/wp-json\/wp\/v2\/media?parent=20505"}],"curies":[{"name":"wp","href":"https:\/\/api.w.org\/{rel}","templated":true}]}}