{"id":20339,"date":"2022-04-06T16:36:24","date_gmt":"2022-04-06T20:36:24","guid":{"rendered":"https:\/\/cap.ca\/?page_id=20339"},"modified":"2022-05-31T08:13:21","modified_gmt":"2022-05-31T12:13:21","slug":"informations-importantes-si-vous-vous-rendez-a-hamilton","status":"publish","type":"page","link":"https:\/\/cap.ca\/fr\/congres-de-lacp\/congres-anterieurs\/acp2022\/informations-importantes-si-vous-vous-rendez-a-hamilton\/","title":{"rendered":"Informations importantes si vous vous rendez \u00e0 Hamilton"},"content":{"rendered":"<p>Le Comit\u00e9 d&#8217;organisation local a cr\u00e9\u00e9 plusieurs pages d&#8217;informations susceptibles d&#8217;int\u00e9resser tout d\u00e9l\u00e9gu\u00e9 assistant au Congr\u00e8s en personne.\u00a0 Les questions, commentaires ou demandes d&#8217;informations suppl\u00e9mentaires doivent \u00eatre adress\u00e9s \u00e0 notre coordinatrice du COL, <a href=\"mailto:rheinsta@mcmaster.ca\">Andrea Rheinstadter<\/a>.<\/p>\n<p style=\"padding-left: 40px;\"><a href=\"https:\/\/cap.ca\/fr\/congres-de-lacp\/acp2022\/exigences-covid-19-de-luniversite-mcmaster\/\">R\u00e8glement du COVID-19 de l&#8217;Universit\u00e9 McMaster<\/a><\/p>\n<p style=\"padding-left: 40px;\"><a href=\"https:\/\/cap.ca\/fr\/congres-de-lacp\/acp2022\/informations-importantes-si-vous-vous-rendez-a-hamilton\/transportation-a-mcmaster\/\">Transportation \u00e0 l&#8217;Universit\u00e9 McMaster<\/a><\/p>\n<p style=\"padding-left: 40px;\"><a href=\"https:\/\/cap.ca\/fr\/congres-de-lacp\/acp2022\/informations-importantes-si-vous-vous-rendez-a-hamilton\/visa-et-voyages-internationaux\/\">Visa et voyages internationaux<\/a><\/p>\n<p style=\"padding-left: 40px;\"><a href=\"https:\/\/cap.ca\/fr\/congres-de-lacp\/acp2022\/informations-importantes-si-vous-vous-rendez-a-hamilton\/hebergement-2022\/\">H\u00e9bergement<\/a><\/p>\n<p style=\"padding-left: 40px;\"><a href=\"https:\/\/cap.ca\/fr\/congres-de-lacp\/acp2022\/informations-importantes-si-vous-vous-rendez-a-hamilton\/quoi-faire\/\">Quoi faire \u00e0 Hamilton ?<\/a><\/p>\n<p style=\"padding-left: 40px;\"><a href=\"https:\/\/cap.ca\/fr\/congres-de-lacp\/acp2022\/informations-importantes-si-vous-vous-rendez-a-hamilton\/ou-manger\/\">O\u00f9 manger<\/a><\/p>\n","protected":false},"excerpt":{"rendered":"<p>Le Comit\u00e9 d&#8217;organisation local a cr\u00e9\u00e9 plusieurs pages d&#8217;informations susceptibles d&#8217;int\u00e9resser tout d\u00e9l\u00e9gu\u00e9 assistant au Congr\u00e8s en personne.\u00a0 Les questions, commentaires ou demandes d&#8217;informations suppl\u00e9mentaires doivent \u00eatre adress\u00e9s \u00e0 notre coordinatrice du COL, Andrea Rheinstadter. R\u00e8glement du COVID-19 de l&#8217;Universit\u00e9 McMaster Transportation \u00e0 l&#8217;Universit\u00e9 McMaster Visa et voyages internationaux H\u00e9bergement Quoi faire \u00e0 Hamilton ?&#8230;  <a class=\"excerpt-read-more\" href=\"https:\/\/cap.ca\/fr\/congres-de-lacp\/congres-anterieurs\/acp2022\/informations-importantes-si-vous-vous-rendez-a-hamilton\/\" title=\"LireInformations importantes si vous vous rendez \u00e0 Hamilton\">Lire la suite &raquo;<\/a><\/p>\n","protected":false},"author":7,"featured_media":0,"parent":18751,"menu_order":53,"comment_status":"closed","ping_status":"closed","template":"","meta":{"footnotes":""},"class_list":["post-20339","page","type-page","status-publish","hentry"],"_links":{"self":[{"href":"https:\/\/cap.ca\/fr\/wp-json\/wp\/v2\/pages\/20339","targetHints":{"allow":["GET"]}}],"collection":[{"href":"https:\/\/cap.ca\/fr\/wp-json\/wp\/v2\/pages"}],"about":[{"href":"https:\/\/cap.ca\/fr\/wp-json\/wp\/v2\/types\/page"}],"author":[{"embeddable":true,"href":"https:\/\/cap.ca\/fr\/wp-json\/wp\/v2\/users\/7"}],"replies":[{"embeddable":true,"href":"https:\/\/cap.ca\/fr\/wp-json\/wp\/v2\/comments?post=20339"}],"version-history":[{"count":6,"href":"https:\/\/cap.ca\/fr\/wp-json\/wp\/v2\/pages\/20339\/revisions"}],"predecessor-version":[{"id":20629,"href":"https:\/\/cap.ca\/fr\/wp-json\/wp\/v2\/pages\/20339\/revisions\/20629"}],"up":[{"embeddable":true,"href":"https:\/\/cap.ca\/fr\/wp-json\/wp\/v2\/pages\/18751"}],"wp:attachment":[{"href":"https:\/\/cap.ca\/fr\/wp-json\/wp\/v2\/media?parent=20339"}],"curies":[{"name":"wp","href":"https:\/\/api.w.org\/{rel}","templated":true}]}}