{"id":20331,"date":"2022-04-06T16:05:59","date_gmt":"2022-04-06T20:05:59","guid":{"rendered":"https:\/\/cap.ca\/?page_id=20331"},"modified":"2022-05-10T14:05:39","modified_gmt":"2022-05-10T18:05:39","slug":"hebergement-2022","status":"publish","type":"page","link":"https:\/\/cap.ca\/fr\/congres-de-lacp\/congres-anterieurs\/acp2022\/informations-importantes-si-vous-vous-rendez-a-hamilton\/hebergement-2022\/","title":{"rendered":"H\u00e9bergement 2022"},"content":{"rendered":"<div style=\"padding-left: 30px;\"><\/div>\n<h4><span style=\"font-size: 12pt;\">Veuillez visiter <a href=\"https:\/\/tourismhamilton.com\/\">Tourisme Hamilton <\/a>\u00a0pour obtenir une liste des lieux et des sites que vous pourriez d\u00e9couvrier \u00e0 Hamilton et dans les environs.<\/span><\/h4>\n<p>______________________________________________________________________________________________<\/p>\n<h4><\/h4>\n<h3><span style=\"font-size: 18pt;\"><strong>H\u00c9BERGEMENT SUR LE CAMPUS<\/strong><\/span><\/h3>\n<p>&nbsp;<\/p>\n<h4><span style=\"font-size: 18pt;\">Conf\u00e9rence et h\u00e9bergement de l&#8217;Universit\u00e9 McMaster<\/span><\/h4>\n<h5><\/h5>\n<h5><span style=\"color: #ff0000;\">\u21d2L&#8217;inscription on ligne pour l&#8217;heb\u00e9rgement \u00e0 <span style=\"font-size: 18pt;\">Les Prince Hall<\/span> sur le campus de McMaster (CAPOAPT2022) est en ligne.\u00a0<\/span><\/h5>\n<div>Pour faire une r\u00e9servation pour un logement \u00e0 Les Prince Hall, veuillez visiter<strong><a href=\"https:\/\/register.mcmaster.ca\/StarRezPortalXConference\/DC0493BA\/25\/28\/Home-Conference_Registrat?UrlToken=3684B054\"> register.mcmaster.ca<\/a><\/strong> et s\u00e9lectionner <strong>Guest Login<\/strong> pour cr\u00e9er un compte, puis rechercher le code de groupe<strong> CAPOAPT2022<\/strong> pour s\u00e9lectionner, r\u00e9server et effectuer le payment de l&#8217;h\u00e9bergement.<\/div>\n<div>Des permis de stationnement \u00e0 prix r\u00e9duit pour le campus McMaster peuvent \u00eatre achet\u00e9s lors de l&#8217;enregistrement au centre des service aux invit\u00e9s (12$ par v\u00e9hicule par jour).<\/div>\n<div><\/div>\n<div><strong>L&#8217;inscription en ligne pour des logements \u00e0 PGCLL sera bient\u00f4t disponible!<\/strong><\/div>\n<div><\/div>\n<div><\/div>\n<div>\n<h4><span style=\"font-size: 18pt;\"><strong> Les Prince Hall:<\/strong><\/span><\/h4>\n<img loading=\"lazy\" decoding=\"async\" class=\"alignright\" src=\"https:\/\/facilities.mcmaster.ca\/app\/uploads\/2018\/10\/Les-Prince-Hall-1400x600.jpg\" alt=\"Les Prince Hall - Facility Services\" width=\"326\" height=\"140\" \/>\n<p>Situ\u00e9s \u00e0 l&#8217;extr\u00e9mit\u00e9 est de la domaine r\u00e9sidentale du campus, les r\u00e9sidents b\u00e9n\u00e9ficient des vues et d&#8217;un acc\u00e8s \u00e0 la zone de conservation adjacente de Cootes Paradise et \u00e0 ses sentiers de randonn\u00e9e. Les Prince Hall offre des logements en chambres individuelles ou doubles.<\/p>\n<div>\n<p><span style=\"font-size: 14pt;\"><strong>Chambres Individuelles<br \/>\n<\/strong><\/span>Chaque chambre comprend 1 lit et une salle de bains priv\u00e9e.<br \/>\nTarif: $83.00 par personne\/ par nuit.<\/p>\n<p><img loading=\"lazy\" decoding=\"async\" class=\"alignright\" src=\"https:\/\/housing.mcmaster.ca\/app\/uploads\/2018\/06\/12-SingleRoomEnsuite-640x360.png\" alt=\"Single Room With Ensuite Washroom Floor Plan\" width=\"310\" height=\"174\" \/>Commodit\u00e9s inclus :<\/p>\n<ul class=\"content-list\">\n<li>d&#8217;acc\u00e8s internet sans fil<\/li>\n<li>une table de travail avec chaise<\/li>\n<li>un rideau<\/li>\n<li>un armoire<\/li>\n<\/ul>\n<\/div>\n<p>&nbsp;<\/p>\n<p><span style=\"font-size: 14pt;\"><strong>Chambres Doubles<br \/>\n<\/strong><\/span>Chaque chambre comprend 2 lits et une salle de bains priv\u00e9e.<br \/>\nTarif: $134.00 par chambre\/ par nuit.<br \/>\n<a href=\"https:\/\/cap.ca\/wp-content\/uploads\/2020\/01\/les-princes.png\"><img loading=\"lazy\" decoding=\"async\" class=\"alignright\" src=\"https:\/\/housing.mcmaster.ca\/app\/uploads\/2018\/06\/09-DoubleRoomEnsuiteWashroom-640x360.png\" alt=\"Double Room With Ensuite Washroom Floor Plan\" width=\"310\" height=\"175\" \/><\/a><\/p>\n<div class=\"col-lg-12 col-md-6\">\n<div class=\"card card-shadow\">\n<div class=\"card-body\">\n<p>Commodit\u00e9s inclus:<\/p>\n<div>\n<ul class=\"content-list\">\n<li>d&#8217;acc\u00e8s internet sans fil<\/li>\n<li>2 tables de travail avec 2 chaises<\/li>\n<li>un rideau<\/li>\n<li>2 armoires<\/li>\n<\/ul>\n<\/div>\n<\/div>\n<\/div>\n<\/div>\n<div class=\"col-lg-4 col-md-4\"><\/div>\n<\/div>\n<p>&nbsp;<\/p>\n<h4><span style=\"font-size: 18pt;\"><strong>Peter George Centre for Living and Learning (PGCLL):<br \/>\n<img loading=\"lazy\" decoding=\"async\" class=\"alignright\" src=\"https:\/\/ontarioconstructionnews.com\/wp-content\/uploads\/2019\/05\/mcmaster-rendering.png\" alt=\"McMaster's Peter George Centre for Living and Learning more than just a residence - Ontario Construction News\" width=\"325\" height=\"217\" \/><br \/>\n<\/strong><\/span><\/h4>\n<p>Le Peter George Centre for Living and Learning est un espace multifonctionel de 335,000 pieds carr\u00e9s a 14 \u00e9tages, qui a ouvert ses portes en automne 2019; c&#8217;est le b\u00e2timent le plus grands du campus., and is the largest building on campus. PGCLL offre des suites quadruples ou doubles.<\/p>\n<div>\n<p><strong><span style=\"font-size: 14pt;\">Suites Doubles :<\/span><\/strong><\/p>\n<div class=\"lead\">\n<div class=\"lead\">Ce type de suite se compose de 2 chambres priv\u00e9s avec 1 lit et d&#8217;une salle de bains commune.<\/div>\n<div>\n<p>Rate: $176.00 par suite\/ par nuit<\/p>\n<\/div>\n<\/div>\n<div><img loading=\"lazy\" decoding=\"async\" class=\"alignright\" src=\"https:\/\/housing.mcmaster.ca\/app\/uploads\/2019\/04\/SuperSinglewithSharedConnectedWashroom-640x360.png\" alt=\"Super Single with Shared Washroom Floorplan\" width=\"340\" height=\"192\" \/><\/div>\n<div class=\"row row-eq-height\">\n<div class=\"col-lg-12 col-md-6\">\n<div class=\"card card-shadow\">\n<div class=\"card-body\">\n<p>Commodit\u00e9s inclus:<\/p>\n<div>\n<ul class=\"content-list\">\n<li>d&#8217;acc\u00e8s internet sans fil<\/li>\n<li>2 tables de travail avec 2 chaises<\/li>\n<li>des rideaux<\/li>\n<li>2 armoires<\/li>\n<\/ul>\n<\/div>\n<\/div>\n<\/div>\n<\/div>\n<\/div>\n<\/div>\n<div>\n<p>&nbsp;<\/p>\n<p><span style=\"font-size: 14pt;\"><strong>Suites Quadruples :<\/strong><\/span><\/p>\n<\/div>\n<div class=\"lead\">\n<div class=\"lead\">Ce type de suite se compose de 2 chambres priv\u00e9s avec 2 lit par chambre et d&#8217;une salle de bains commune.<\/div>\n<div>\n<p>Rate: $272.00 par suite\/ par nuit<\/p>\n<\/div>\n<\/div>\n<div class=\"lead\"><img loading=\"lazy\" decoding=\"async\" class=\"alignright\" src=\"https:\/\/housing.mcmaster.ca\/app\/uploads\/2019\/11\/22-DoubleTwinSuiteWithSharedWashroom-640x360.png\" alt=\"twin room double with connected washroom floor plan\" width=\"340\" height=\"191\" \/><br \/>\nCommodit\u00e9s inclus (<span style=\"text-decoration: underline;\">par chambre<\/span>) :<\/div>\n<div class=\"row row-eq-height\">\n<div class=\"col-lg-12 col-md-6\">\n<div class=\"card card-shadow\">\n<div class=\"card-body\">\n<ul class=\"content-list\">\n<li>d&#8217;acc\u00e8s internet sans fil<\/li>\n<li>2 tables de travail avec 2 chaises<\/li>\n<li>un rideau<\/li>\n<li>2 armoires<\/li>\n<\/ul>\n<\/div>\n<\/div>\n<\/div>\n<div class=\"col-lg-4 col-md-4\">\n<div class=\"card card-shadow\"><\/div>\n<\/div>\n<\/div>\n<p>&nbsp;<\/p>\n<div>\n<p><em>Veuillez remarquer qu&#8217;un cl\u00e9 et une carte-repas seront inclus dans les h\u00e9bergements \u00e0 McMaster campus.\u00a0<\/em><\/p>\n<p><em>Ces articles doivent \u00eatre retourner au moment du\u00a0 d\u00e9part, sinon on va contracter une amende.<\/em><\/p>\n<p><em>Les Prince &amp; Hedden Hall: changement de serrure \u00e0 cause des cl\u00e9s non rendues\/ perdues: $160<\/em><br \/>\n<em>Remplacement de la carte d&#8217;acc\u00e8s au b\u00e2timent: $25<\/em><br \/>\n<em>Remplacement de la carte de repas: $10<\/em><\/p>\n<p>______________________________________________________________________________________________<\/p>\n<h3><\/h3>\n<h3><span style=\"font-size: 18pt;\"><strong>R\u00c9SERVATION DE GROUPE HORS CAMPUS<\/strong><\/span><\/h3>\n<div><\/div>\n<\/div>\n<h4><strong><span style=\"font-size: 18pt;\">Vistors Inn<\/span><br \/>\n<a href=\"https:\/\/cap.ca\/wp-content\/uploads\/2020\/03\/visitorsinn.jpg\"><img loading=\"lazy\" decoding=\"async\" class=\"wp-image-15141 size-medium alignright\" src=\"https:\/\/cap.ca\/wp-content\/uploads\/2020\/03\/visitorsinn-300x200.jpg\" alt=\"\" width=\"300\" height=\"200\" srcset=\"https:\/\/cap.ca\/wp-content\/uploads\/2020\/03\/visitorsinn-300x200.jpg 300w, https:\/\/cap.ca\/wp-content\/uploads\/2020\/03\/visitorsinn-768x512.jpg 768w, https:\/\/cap.ca\/wp-content\/uploads\/2020\/03\/visitorsinn-1024x682.jpg 1024w, https:\/\/cap.ca\/wp-content\/uploads\/2020\/03\/visitorsinn.jpg 1280w\" sizes=\"auto, (max-width: 300px) 100vw, 300px\" \/><\/a><\/strong><\/h4>\n<p style=\"margin: 0cm; margin-bottom: .0001pt;\"><span style=\"font-family: 'Helvetica',sans-serif; color: #444444; background: white;\">649 Main St W<\/span><span style=\"font-family: 'Helvetica',sans-serif; color: #444444;\"><br style=\"box-sizing: border-box; font-variant-ligatures: normal; font-variant-caps: normal; orphans: 2; text-align: start; widows: 2; -webkit-text-stroke-width: 0px; text-decoration-style: initial; text-decoration-color: initial; word-spacing: 0px;\" \/><span style=\"background: white;\"><span style=\"font-variant-ligatures: normal; font-variant-caps: normal; orphans: 2; text-align: start; widows: 2; -webkit-text-stroke-width: 0px; text-decoration-style: initial; text-decoration-color: initial; float: none; word-spacing: 0px;\">Hamilton, ON L8S 1A2<br \/>\n<a href=\"http:\/\/www.visitorsinn.com\/\">visitorsinn.com<\/a><\/span><\/span><br \/>\n<\/span><\/p>\n<p style=\"margin: 0cm; margin-bottom: .0001pt;\"><strong><em><br \/>\nPour des r\u00e9servations utilisant le tarif de group, appelez <\/em><\/strong><em><span style=\"font-family: 'Helvetica',sans-serif; color: #444444;\">905 (529)-6979 ou<\/span><\/em><em> 1-800-387-4620 jusqu&#8217;au<\/em> <strong><em>5 mai 2022. <\/em><\/strong><em>Code du tarif de groupe (t\u00e9l\u00e9phone)\u00a0CAP Conference.<\/em><strong><em><br \/>\n<\/em><\/strong><\/p>\n<p>&nbsp;<\/p>\n<p><strong>Temps de parcours pour arriver \u00e0 l&#8217;Universit\u00e9 McMaster :<\/strong><\/p>\n<p>Le Visitors Inn se trouve \u00e0 6 minutes en voiture, \u00e0 25 minutes \u00e0 pied ou \u00e0 12 minutes en bus de l&#8217;Universit\u00e9 McMaster.<\/p>\n<p>&nbsp;<\/p>\n<table>\n<tbody>\n<tr>\n<td width=\"331\"><strong>Prix des chambres*<\/strong><\/td>\n<td width=\"292\"><strong>Renseignements g\u00e9n\u00e9raux<\/strong><\/td>\n<\/tr>\n<tr>\n<td style=\"width: 331px; text-align: left; vertical-align: top;\" width=\"331\">Chambres deluxe King ou Queen: $119\u00a0 ($129 pour 2 personnes)<\/p>\n<p>&nbsp;<\/p>\n<p>*Avant toutes taxes applicables.<\/p>\n<p>R\u00e9servez au plus tard\u00a0<b>le 5 mai<\/b> pour b\u00e9n\u00e9ficier des tarifs sp\u00e9ciaux de l\u2019ACP. Une modification de la dur\u00e9e ou des dates de votre r\u00e9servation peut entra\u00eener un changement de tarif.\u00a0 Un tarif sp\u00e9cial est disponible pour les 2 jours avant et 1 jour apr\u00e8s les dates de la conf\u00e9rence (selon la disponibilit\u00e9 de l&#8217;h\u00f4tel).<\/p>\n<p>&nbsp;<\/p>\n<p>.<\/td>\n<td width=\"292\">Chaque chambre comprend l&#8217;internet sans fil gratuit, t\u00e9l\u00e9viseur smart, t\u00e9l\u00e9phone, cafeti\u00e8re, fer et planche \u00e0 repasser, iron and ironing board, r\u00e9frig\u00e9rateur, s\u00e8che-cheveux et un coffre fort personnel.<\/p>\n<p><strong>Commodit\u00e9s:<\/strong><\/p>\n<ul style=\"list-style-type: circle;\">\n<li>Restaurant<\/li>\n<li>Piscine int\u00e9rieure<\/li>\n<li>Jacuzzi<\/li>\n<li>Sauna<\/li>\n<li>Internet sans fil gratuit<\/li>\n<li>Entr\u00e9e avec chemin\u00e9e<\/li>\n<li>Business center 24\/7<\/li>\n<li>Journeaux gratuits<\/li>\n<li>Service de nettoyage \u00e0 sec et de blanchisserie<\/li>\n<li>Stationnement gratuit<\/li>\n<\/ul>\n<p><b>Mesures de s\u00e9curit\u00e9 COVID19:<\/b><br \/>\nVeuillez utiliser le lien pour voir les derni\u00e8re mesures de COVID 19 s&#8217;il vous plait.<\/td>\n<\/tr>\n<\/tbody>\n<\/table>\n<p>:<\/p>\n<hr \/>\n<p><strong><span style=\"color: #ff0000;\">\u21d2date limite prolong\u00e9e<\/span><\/strong><\/p>\n<h4><strong><span style=\"font-size: 18pt;\">Sheraton Hamilton Hotel<\/span><br \/>\n<a href=\"https:\/\/cap.ca\/wp-content\/uploads\/2020\/03\/yhmsi-deluxe-4228-hor-clsc.jpg\"><img loading=\"lazy\" decoding=\"async\" class=\"wp-image-15143 size-medium alignright\" src=\"https:\/\/cap.ca\/wp-content\/uploads\/2020\/03\/yhmsi-deluxe-4228-hor-clsc-300x200.jpg\" alt=\"\" width=\"300\" height=\"200\" srcset=\"https:\/\/cap.ca\/wp-content\/uploads\/2020\/03\/yhmsi-deluxe-4228-hor-clsc-300x200.jpg 300w, https:\/\/cap.ca\/wp-content\/uploads\/2020\/03\/yhmsi-deluxe-4228-hor-clsc-768x512.jpg 768w, https:\/\/cap.ca\/wp-content\/uploads\/2020\/03\/yhmsi-deluxe-4228-hor-clsc-1024x683.jpg 1024w, https:\/\/cap.ca\/wp-content\/uploads\/2020\/03\/yhmsi-deluxe-4228-hor-clsc.jpg 1440w\" sizes=\"auto, (max-width: 300px) 100vw, 300px\" \/><\/a><br \/>\n<\/strong><\/h4>\n<p>116 King Street West<br \/>\nHamilton, ON, L8P 4V3<br \/>\nT\u00e9l\u00e9phone:\u00a0 +1 888-627-8161<br \/>\n<a href=\"https:\/\/www.marriott.com\/hotels\/travel\/yhmsi-sheraton-hamilton-hotel\/\">https:\/\/www.marriott.com\/hotels\/travel\/yhmsi-sheraton-hamilton-hotel\/<\/a><\/p>\n<p><strong><span style=\"color: #ff0000; font-size: 14pt;\">Nouvelle date limite prolong\u00e9e!!<\/span><br \/>\nR\u00e9servez votre tarif de groupe pour la <a href=\"https:\/\/www.marriott.com\/event-reservations\/reservation-link.mi?id=1647025138059&amp;key=GRP&amp;app=resvlink\">conf\u00e9rence CAP 2022 ici<\/a> jusqu&#8217;au 5 mai 2022.<\/strong><\/p>\n<p><strong>Temps de parcours pour arriver \u00e0 l&#8217;Universit\u00e9 McMaster :<\/strong><\/p>\n<p>L&#8217;h\u00f4tel Sheraton se trouve \u00e0 11 minutes en voiture, \u00e0 50 minutes \u00e0 pied ou \u00e0 19 minutes en bus de l&#8217;Universit\u00e9 McMaster.<\/p>\n<p>&nbsp;<\/p>\n<table style=\"height: 266px;\" width=\"743\">\n<tbody>\n<tr style=\"height: 15px;\">\n<td style=\"width: 365px; height: 15px;\"><strong>Prix des chambres*<\/strong><\/td>\n<td style=\"width: 365px; height: 15px;\"><strong>Renseignements g\u00e9n\u00e9raux<\/strong><\/td>\n<\/tr>\n<tr style=\"height: 178px;\">\n<td style=\"height: 178px; width: 365px; text-align: left; vertical-align: top;\">Traditional Queen: $179<\/p>\n<p>Traditional King: $179<\/p>\n<p>Deluxe King Corner: $199<\/p>\n<p>&nbsp;<\/p>\n<p>*Avant toutes taxes applicables.<\/p>\n<p>R\u00e9servez au plus tard\u00a0<b>le 5 mai<\/b> pour b\u00e9n\u00e9ficier des tarifs sp\u00e9ciaux de l\u2019ACP. Une modification de la dur\u00e9e ou des dates de votre r\u00e9servation peut entra\u00eener un changement de tarif. Un tarif sp\u00e9cial est disponible pour les 2 jours avant et 1 jour apr\u00e8s les dates de la conf\u00e9rence (selon la disponibilit\u00e9 de l&#8217;h\u00f4tel).<\/p>\n<p>&nbsp;<\/td>\n<td style=\"height: 178px; width: 365px; text-align: left; vertical-align: top;\"><strong>Traditional King and Queen:<\/strong> Chaque chambre comprend un lit King ou deux lits Queen.<\/p>\n<p><strong>Deluxe King Corner:<\/strong> Chaque chambre comprend un lit King et un canap\u00e9-lit.<\/p>\n<p><strong>Commodit\u00e9s:<\/strong><\/p>\n<p>Cafeti\u00e8re\/ th\u00e9i\u00e8re, baignoire, s\u00e8che-cheveux, coffre fort, bureau, fer et planche \u00e0 repasser, t\u00e9l\u00e9viseur, t\u00e9l\u00e9phone, acc\u00e8s gratuit \u00e0 l\u2019internet sans fil<\/p>\n<ul class=\"content-list\">\n<li>Centre fitness 24\/7<\/li>\n<li>Piscine int\u00e9rieure chauff\u00e9e<\/li>\n<li>Jacuzzi<\/li>\n<li>Restaurant<\/li>\n<li>Laverie automatique<\/li>\n<li>Toit en terrasse<\/li>\n<li>Link @ Sheraton avec centre de travail professionnels<\/li>\n<li>Club Lounge avec un mobilier confortable et une vue panoramique sur le centre-ville.<\/li>\n<\/ul>\n<p><b>Mesures de s\u00e9curit\u00e9 COVID19:<\/b><br \/>\nVeuillez utiliser le lien pour voir les derni\u00e8re <a href=\"https:\/\/whattoexpect.marriott.com\/yhmsi\">mesures de COVID 19<\/a> s&#8217;il vous plait.<\/td>\n<\/tr>\n<\/tbody>\n<\/table>\n<p>&nbsp;<\/p>\n<div>\n<hr \/>\n<\/div>\n<div><\/div>\n<div>\n<h4><strong><span style=\"font-size: 18pt;\">Staybridge Suites Hamilton<\/span><a href=\"https:\/\/cap.ca\/wp-content\/uploads\/2020\/03\/staybridge-suites-hamilton-4486851425-2x1.jpg\"><img loading=\"lazy\" decoding=\"async\" class=\"wp-image-15145 alignright\" src=\"https:\/\/cap.ca\/wp-content\/uploads\/2020\/03\/staybridge-suites-hamilton-4486851425-2x1-300x150.jpg\" alt=\"\" width=\"302\" height=\"151\" srcset=\"https:\/\/cap.ca\/wp-content\/uploads\/2020\/03\/staybridge-suites-hamilton-4486851425-2x1-300x150.jpg 300w, https:\/\/cap.ca\/wp-content\/uploads\/2020\/03\/staybridge-suites-hamilton-4486851425-2x1-768x384.jpg 768w, https:\/\/cap.ca\/wp-content\/uploads\/2020\/03\/staybridge-suites-hamilton-4486851425-2x1.jpg 1024w\" sizes=\"auto, (max-width: 302px) 100vw, 302px\" \/><\/a><\/strong><\/h4>\n<p>20 Caroline St. South,<br \/>\nHamilton, ON, L8P 0B1<br \/>\nT\u00e9l\u00e9phone: (905)-527-1001<br \/>\n<a href=\"https:\/\/www.ihg.com\/staybridge\/hotels\/us\/en\/hamilton\/yhmha\/hoteldetail?cm_mmc=GoogleMaps-_-SB-_-CA-_-YHMHA\">https:\/\/staybridgehamilton.com<\/a><\/p>\n<p>&nbsp;<\/p>\n<\/div>\n<p style=\"margin: 0cm; margin-bottom: .0001pt;\"><strong><em>Pour des r\u00e9servations utilisant le tarif de group, <\/em><\/strong>suivez le <a href=\"https:\/\/www.marriott.com\/event-reservations\/reservation-link.mi?id=1647025138059&amp;key=GRP&amp;app=resvlink\"><strong>lien de r<em>\u00e9servation<\/em><\/strong><\/a> jusqu&#8217;au<strong> 5 mai 2022. <\/strong>Code du tarif de groupe: Canadian Association of Physicists).<\/p>\n<p>&nbsp;<\/p>\n<p><strong>Temps de parcours pour arriver \u00e0 l&#8217;Universit\u00e9 McMaster:<\/strong><\/p>\n<p>Staybridge Suites se trouve \u00e0 9 minutes en voiture, \u00e0 47 minutes \u00e0 pied ou \u00e0 19 minutes en bus de l&#8217;Universit\u00e9 McMaster.<\/p>\n<p>&nbsp;<\/p>\n<div>\n<table style=\"height: 266px;\" width=\"743\">\n<tbody>\n<tr style=\"height: 15px;\">\n<td style=\"width: 365px; height: 15px; text-align: left; vertical-align: top;\"><strong>Prix des chambres*<\/strong><\/td>\n<td style=\"width: 365px; height: 15px; text-align: left; vertical-align: top;\"><strong>Renseignements g\u00e9n\u00e9raux<\/strong><\/td>\n<\/tr>\n<tr style=\"height: 178px;\">\n<td style=\"height: 178px; width: 365px; text-align: left; vertical-align: top;\">Queen Studio Suite: $209<\/p>\n<p>&nbsp;<\/p>\n<p>*Avant toutes taxes applicables.<\/p>\n<p>R\u00e9servez au plus tard\u00a0<b>le 5 mai<\/b> pour b\u00e9n\u00e9ficier des tarifs sp\u00e9ciaux de l\u2019ACP. Une modification de la dur\u00e9e ou des dates de votre r\u00e9servation peut entra\u00eener un changement de tarif.<\/p>\n<p>&nbsp;<\/td>\n<td style=\"height: 178px; width: 365px; text-align: left; vertical-align: top;\">Chaque suite comprend un lit Queen et un canap\u00e9-lit, cuisine \u00e9quip\u00e9e avec grand r\u00e9frig\u00e9rateur with full-sized refrigerator, cuisini\u00e8re, four micro-ondes, lave-vaiselle, vailsselle et casseroles. Toutes les chambre d&#8217;h\u00f4tes comprennent l&#8217;acc\u00e8s gratuit \u00e0 l\u2019internet, un espace de travail, t\u00e9l\u00e9viseur \u00e0 \u00e9cran plat, t\u00e9l\u00e9phone et des meubles nouveaux et modernes.<\/p>\n<div class=\"global-wrapper our-suites-1 \">\n<div class=\"bs-details\">\n<div class=\"item\">\n<div class=\"sub-header\"><\/div>\n<\/div>\n<\/div>\n<\/div>\n<p><strong>Commodit\u00e9s :<\/strong><\/p>\n<ul class=\"content-list\">\n<li>Acc\u00e8s gratuit \u00e0 l\u2019internet<\/li>\n<li>Centre fitness 24\/7<\/li>\n<li>Piscine int\u00e9rieure chauff\u00e9e<\/li>\n<li>24\/7 Business Center<\/li>\n<\/ul>\n<div class=\"item\">\n<div class=\"item-desc\">\n<ul class=\"content-list\">\n<li>Service de nettoyage \u00e0 sec et de blanchisserie<\/li>\n<li>Entretien m\u00e9nager<\/li>\n<\/ul>\n<p><b>Mesures de s\u00e9curit\u00e9 et de nettoyage:<\/b><br \/>\nVeuillez utiliser le lien pour voir les derni\u00e8re <a href=\"https:\/\/www.ihg.com\/content\/us\/en\/customer-care\/clean-promise?cm_mmc=EXTERNAL-_-6C-_-GLO-_-EN-_-AWA-_-CleanPromise-_-VANITY\">mesures de s\u00e9curit\u00e9 et de nettoyage<\/a> s&#8217;il vous plait.<\/p>\n<\/div>\n<\/div>\n<\/td>\n<\/tr>\n<\/tbody>\n<\/table>\n<p>&nbsp;<\/p>\n<\/div>\n<div>\n<div>\n<h4><strong><span style=\"font-size: 18pt;\">Homewood Suites by Hilton, Hamilton<br \/>\n<img loading=\"lazy\" decoding=\"async\" class=\"alignright\" src=\"https:\/\/www.hilton.com\/im\/en\/YHMHWHW\/4037313\/ada-studio-king.jpg?impolicy=crop&amp;cw=4800&amp;ch=2530&amp;gravity=NorthWest&amp;xposition=0&amp;yposition=41&amp;rw=1100&amp;rh=580\" alt=\"King suite\" width=\"303\" height=\"160\" \/><br \/>\n<\/span><\/strong><\/h4>\n<p>40 Bay St. South,<br \/>\nHamilton, ON, L8P 0B3<br \/>\nT\u00e9l\u00e9phone: (905)-667-1200<br \/>\n<a href=\"https:\/\/www.hilton.com\/en\/hotels\/yhmhwhw-homewood-suites-hamilton-ontario-canada\/\">https:\/\/www.hilton.com\/en\/hotels\/yhmhwhw-homewood-suites-hamilton-ontario-canada\/<\/a><\/p>\n<\/div>\n<div>\n<p>&nbsp;<\/p>\n<p style=\"margin: 0cm; margin-bottom: .0001pt;\"><strong><em>Pour des r\u00e9servations utilisant le tarif de group<\/em><\/strong> &#8216;Canadian Association of Physicists&#8217;, appelez le 905 667 1200.<\/p>\n<\/div>\n<p>&nbsp;<\/p>\n<p><strong>Temps de parcours pour arriver \u00e0 l&#8217;Universit\u00e9 McMaster:<\/strong><\/p>\n<p>Staybridge Suites se trouve \u00e0 9 minutes en voiture, \u00e0 48 minutes \u00e0 pied ou \u00e0 17 minutes en bus de l&#8217;Universit\u00e9 McMaster.<\/p>\n<p>&nbsp;<\/p>\n<div>\n<table style=\"height: 266px;\" width=\"743\">\n<tbody>\n<tr style=\"height: 15px;\">\n<td style=\"width: 365px; height: 15px; text-align: left; vertical-align: top;\"><strong>Prix des chambres*<\/strong><\/td>\n<td style=\"width: 365px; height: 15px; text-align: left; vertical-align: top;\"><strong>Renseignements g\u00e9n\u00e9raux<\/strong><\/td>\n<\/tr>\n<tr style=\"height: 178px;\">\n<td style=\"height: 178px; width: 365px; text-align: left; vertical-align: top;\">Studio King Suite avec un canap\u00e9-lit: $144<\/p>\n<p>&nbsp;<\/p>\n<p>*Avant toutes taxes applicables.<\/p>\n<p>R\u00e9servez au plus tard\u00a0<b>le 6 mai<\/b> pour b\u00e9n\u00e9ficier des tarifs sp\u00e9ciaux de l\u2019ACP. Une modification de la dur\u00e9e ou des dates de votre r\u00e9servation peut entra\u00eener un changement de tarif.<\/p>\n<p>&nbsp;<\/p>\n<p>&nbsp;<\/td>\n<td style=\"height: 178px; width: 365px; text-align: left; vertical-align: top;\">Chaque suite comprend un lit King et un canap\u00e9-lit, cuisine \u00e9quip\u00e9e avec et cuisini\u00e8re, four micro-ondes et cafeti\u00e8re. Toutes les chambre d&#8217;h\u00f4tes comprennent un coin salon et une table \u00e0 manger ainsi qu&#8217;un espace de travail, une t\u00e9l\u00e9vision et sont equip\u00e9s avec un fer et une planche \u00e0 repasser, un s\u00e8che-cheveux et des articles de toilette gratuits.<\/p>\n<p><strong>Commodit\u00e9s :<\/strong><\/p>\n<ul class=\"content-list\">\n<li>Acc\u00e8s gratuit \u00e0 l\u2019internet<\/li>\n<li>Petit-d\u00e9jeuner chaud gratuit<\/li>\n<li>Centre fitness 24\/7<\/li>\n<li>Piscine int\u00e9rieure<\/li>\n<li>24\/7 Business Center<\/li>\n<\/ul>\n<div class=\"item\">\n<div class=\"item-desc\">\n<ul class=\"content-list\">\n<li>Chambres non-fumeurs<\/li>\n<li>Stationnement: $12.50\/ par jour<\/li>\n<\/ul>\n<p><b>Mesures de s\u00e9curit\u00e9 et de nettoyage:<\/b><br \/>\nVeuillez utiliser le lien pour voir la site <a href=\"https:\/\/www.hilton.com\/en\/corporate\/cleanstay\">Hilton CleanStay<\/a> program.<\/p>\n<\/div>\n<\/div>\n<\/td>\n<\/tr>\n<\/tbody>\n<\/table>\n<p>&nbsp;<\/p>\n<\/div>\n<\/div>\n","protected":false},"excerpt":{"rendered":"<p>Veuillez visiter Tourisme Hamilton \u00a0pour obtenir une liste des lieux et des sites que vous pourriez d\u00e9couvrier \u00e0 Hamilton et dans les environs. ______________________________________________________________________________________________ H\u00c9BERGEMENT SUR LE CAMPUS &nbsp; Conf\u00e9rence et h\u00e9bergement de l&#8217;Universit\u00e9 McMaster \u21d2L&#8217;inscription on ligne pour l&#8217;heb\u00e9rgement \u00e0 Les Prince Hall sur le campus de McMaster (CAPOAPT2022) est en ligne.\u00a0 Pour faire&#8230;  <a class=\"excerpt-read-more\" href=\"https:\/\/cap.ca\/fr\/congres-de-lacp\/congres-anterieurs\/acp2022\/informations-importantes-si-vous-vous-rendez-a-hamilton\/hebergement-2022\/\" title=\"LireH\u00e9bergement 2022\">Lire la suite &raquo;<\/a><\/p>\n","protected":false},"author":7,"featured_media":0,"parent":20339,"menu_order":58,"comment_status":"closed","ping_status":"closed","template":"","meta":{"footnotes":""},"class_list":["post-20331","page","type-page","status-publish","hentry"],"_links":{"self":[{"href":"https:\/\/cap.ca\/fr\/wp-json\/wp\/v2\/pages\/20331","targetHints":{"allow":["GET"]}}],"collection":[{"href":"https:\/\/cap.ca\/fr\/wp-json\/wp\/v2\/pages"}],"about":[{"href":"https:\/\/cap.ca\/fr\/wp-json\/wp\/v2\/types\/page"}],"author":[{"embeddable":true,"href":"https:\/\/cap.ca\/fr\/wp-json\/wp\/v2\/users\/7"}],"replies":[{"embeddable":true,"href":"https:\/\/cap.ca\/fr\/wp-json\/wp\/v2\/comments?post=20331"}],"version-history":[{"count":8,"href":"https:\/\/cap.ca\/fr\/wp-json\/wp\/v2\/pages\/20331\/revisions"}],"predecessor-version":[{"id":20710,"href":"https:\/\/cap.ca\/fr\/wp-json\/wp\/v2\/pages\/20331\/revisions\/20710"}],"up":[{"embeddable":true,"href":"https:\/\/cap.ca\/fr\/wp-json\/wp\/v2\/pages\/20339"}],"wp:attachment":[{"href":"https:\/\/cap.ca\/fr\/wp-json\/wp\/v2\/media?parent=20331"}],"curies":[{"name":"wp","href":"https:\/\/api.w.org\/{rel}","templated":true}]}}