{"id":20303,"date":"2022-04-05T21:02:52","date_gmt":"2022-04-06T01:02:52","guid":{"rendered":"https:\/\/cap.ca\/?page_id=20303"},"modified":"2022-04-20T11:56:38","modified_gmt":"2022-04-20T15:56:38","slug":"societes-reciproques","status":"publish","type":"page","link":"https:\/\/cap.ca\/fr\/adhesion\/societes-reciproques\/","title":{"rendered":"Liste des soci\u00e9t\u00e9s membres r\u00e9ciproques"},"content":{"rendered":"<p>Les soci\u00e9t\u00e9s r\u00e9ciproques sont des soci\u00e9t\u00e9s nationales de physique qui ont sign\u00e9 une entente avec l&#8217;Association canadienne des physiciens et physiciennes pour \u00e9changer certains privil\u00e8ges d&#8217;adh\u00e9sion. Cliquez sur les liens ci-dessous pour acc\u00e9der aux termes de chaque accord.<\/p>\n<p><a href=\"https:\/\/cap.ca\/fr\/adhesion\/societes-reciproques\/australian-inst-physics\/\">Australian Institute of Physics<\/a><br \/>\n(sign\u00e9 le 20 mai 2019)<\/p>\n<p><a href=\"https:\/\/cap.ca\/fr\/adhesion\/societes-reciproques\/aps\/\">American Physical Society <\/a>(APS)<\/p>\n<p><a href=\"https:\/\/cap.ca\/fr\/adhesion\/societes-reciproques\/jps\/\">Physical Society of Japan<\/a> (JPS)<br \/>\n(sign\u00e9 le 9 octobre 2018)<\/p>\n<p>&nbsp;<\/p>\n","protected":false},"excerpt":{"rendered":"<p>Les soci\u00e9t\u00e9s r\u00e9ciproques sont des soci\u00e9t\u00e9s nationales de physique qui ont sign\u00e9 une entente avec l&#8217;Association canadienne des physiciens et physiciennes pour \u00e9changer certains privil\u00e8ges d&#8217;adh\u00e9sion. Cliquez sur les liens ci-dessous pour acc\u00e9der aux termes de chaque accord. Australian Institute of Physics (sign\u00e9 le 20 mai 2019) American Physical Society (APS) Physical Society of Japan&#8230;  <a class=\"excerpt-read-more\" href=\"https:\/\/cap.ca\/fr\/adhesion\/societes-reciproques\/\" title=\"LireListe des soci\u00e9t\u00e9s membres r\u00e9ciproques\">Lire la suite &raquo;<\/a><\/p>\n","protected":false},"author":7,"featured_media":0,"parent":3178,"menu_order":147,"comment_status":"closed","ping_status":"closed","template":"","meta":{"footnotes":""},"class_list":["post-20303","page","type-page","status-publish","hentry"],"_links":{"self":[{"href":"https:\/\/cap.ca\/fr\/wp-json\/wp\/v2\/pages\/20303","targetHints":{"allow":["GET"]}}],"collection":[{"href":"https:\/\/cap.ca\/fr\/wp-json\/wp\/v2\/pages"}],"about":[{"href":"https:\/\/cap.ca\/fr\/wp-json\/wp\/v2\/types\/page"}],"author":[{"embeddable":true,"href":"https:\/\/cap.ca\/fr\/wp-json\/wp\/v2\/users\/7"}],"replies":[{"embeddable":true,"href":"https:\/\/cap.ca\/fr\/wp-json\/wp\/v2\/comments?post=20303"}],"version-history":[{"count":5,"href":"https:\/\/cap.ca\/fr\/wp-json\/wp\/v2\/pages\/20303\/revisions"}],"predecessor-version":[{"id":20471,"href":"https:\/\/cap.ca\/fr\/wp-json\/wp\/v2\/pages\/20303\/revisions\/20471"}],"up":[{"embeddable":true,"href":"https:\/\/cap.ca\/fr\/wp-json\/wp\/v2\/pages\/3178"}],"wp:attachment":[{"href":"https:\/\/cap.ca\/fr\/wp-json\/wp\/v2\/media?parent=20303"}],"curies":[{"name":"wp","href":"https:\/\/api.w.org\/{rel}","templated":true}]}}