{"id":20261,"date":"2022-04-03T18:29:59","date_gmt":"2022-04-03T22:29:59","guid":{"rendered":"https:\/\/cap.ca\/?page_id=20261"},"modified":"2022-04-03T18:30:18","modified_gmt":"2022-04-03T22:30:18","slug":"col-originale-de-2020","status":"publish","type":"page","link":"https:\/\/cap.ca\/fr\/congres-de-lacp\/congres-anterieurs\/acp2022\/col\/col-originale-de-2020\/","title":{"rendered":"Comit\u00e9 organisateur local originale de 2020"},"content":{"rendered":"<table style=\"height: 939px;\" width=\"831\">\n<tbody>\n<tr>\n<td style=\"width: 347px;\">Co-Chairs \/\u00a0Pr\u00e9sidents conjoints<br \/>\n<strong>Maikel Rheinstadter \/ David Venus<\/strong><\/td>\n<td style=\"width: 383px;\">External Housing (Hotels) \/\u00a0Coordonnateur de l\u2019h\u00e9bergement<br \/>\n<strong>Cliff Burgess<\/strong><\/td>\n<\/tr>\n<tr>\n<td style=\"width: 347px;\">Local Congress Coordinators \/ Coordinateurs local du congr\u00e8s<br \/>\n<strong>Maikel Rheinstadter \/ Mara Esposto<\/strong><\/td>\n<td style=\"width: 383px;\">Catering and Residence Coordinator\/ Coordonnateur pour traiteur et l\u2019h\u00e9bergement<br \/>\n<strong>Soo Hyun Byun<\/strong><\/td>\n<\/tr>\n<tr>\n<td style=\"width: 347px;\">Treasurers \/ Budget Coordinators \/ Coordonnateurs du tr\u00e9sorier et du budget<br \/>\n<strong>David Venus \/ Mara Esposto<\/strong><\/td>\n<td style=\"width: 383px;\">Lab Tour Coordinator \/ Coordonnateur des visites de laboratoires<br \/>\n<strong>Pat Clancy<\/strong><\/td>\n<\/tr>\n<tr>\n<td style=\"width: 347px;\">Departmental Chairs&#8217; Meeting Coordinator \/\u00a0Coordonnateur de r\u00e9union des pr\u00e9sidents des d\u00e9partements<br \/>\n<strong>Graeme Luke<\/strong><\/td>\n<td style=\"width: 383px;\">Communications Coordinator \/ Printed Program and Web Local Info. \/ Info. locale du programme et web<br \/>\n<strong>Paul Higgs<\/strong><\/td>\n<\/tr>\n<tr>\n<td style=\"width: 347px;\">Poster Session Coordinator \/ Coordonnateur de la session d\u2019affiches et d\u2019exposants<br \/>\n<strong>Erik Sorensen<\/strong><\/td>\n<td style=\"width: 383px;\">Local Sponsorship Coordinator \/ Coordonnateur des commandites locales<br \/>\n<strong>Bruce Gaulin<\/strong><\/td>\n<\/tr>\n<tr>\n<td style=\"width: 347px;\">Welcome BBQ Organizer \/ Coordonnateur de BBQ<br \/>\n<strong>An-Chang Shi<\/strong><\/td>\n<td style=\"width: 383px;\">Herzberg Lecture Coordinator \/ Coordonnateur de la conf\u00e9rence Herzberg<br \/>\n<strong>Alan Chen<\/strong><\/td>\n<\/tr>\n<tr>\n<td style=\"width: 347px;\">Room and AV\/IT Coordinator \/ Coordonnateur de salle de conf\u00e9rence et de l\u2019audiovisuel et de l\u2019informatique<br \/>\n<strong>Sung-Sik Lee<\/strong><\/td>\n<td style=\"width: 383px;\">Volunteer Coordinator, Graduate Student Volunteer Coordinator and Signage\/ Coordonnateur des b\u00e9n\u00e9voles et Affichage<br \/>\n<strong>Sebastian Himbert \/\u00a0JC Ono-Dit-Biot<\/strong><\/td>\n<\/tr>\n<tr>\n<td style=\"width: 347px;\">Banquet Coordinator \/ Coordonnatrice du Banquet<br \/>\n<strong>Cecile Fradin<\/strong><\/td>\n<td style=\"width: 383px;\">Industry Student Event Coordinator \/ Coordonateur d\u2019\u00e9v\u00e8nement en industrie pour \u00e9tudiants<br \/>\n<strong>Kari Dalnoki-Veress<\/strong><\/td>\n<\/tr>\n<tr>\n<td style=\"width: 347px;\">Exhibitors Coordinator \/\u00a0Coordonnatrice d\u2019exposants<br \/>\n<strong>Fiona McNeill<\/strong><\/td>\n<td style=\"width: 383px;\">Teaching Workshop Coordinators \/Coordonnateurs de l\u2019atelier des enseignants<br \/>\n<strong>Miranda Schmidt \/ Reza Nejat<\/strong><\/td>\n<\/tr>\n<tr>\n<td style=\"width: 347px;\">Safety Officer \/ Agent de s\u00e9curit\u00e9<br \/>\n<strong>Duncan O&#8217;Dell<\/strong><\/td>\n<td style=\"width: 383px;\"><\/td>\n<\/tr>\n<\/tbody>\n<\/table>\n","protected":false},"excerpt":{"rendered":"<p>Co-Chairs \/\u00a0Pr\u00e9sidents conjoints Maikel Rheinstadter \/ David Venus External Housing (Hotels) \/\u00a0Coordonnateur de l\u2019h\u00e9bergement Cliff Burgess Local Congress Coordinators \/ Coordinateurs local du congr\u00e8s Maikel Rheinstadter \/ Mara Esposto Catering and Residence Coordinator\/ Coordonnateur pour traiteur et l\u2019h\u00e9bergement Soo Hyun Byun Treasurers \/ Budget Coordinators \/ Coordonnateurs du tr\u00e9sorier et du budget David Venus \/&#8230;  <a class=\"excerpt-read-more\" href=\"https:\/\/cap.ca\/fr\/congres-de-lacp\/congres-anterieurs\/acp2022\/col\/col-originale-de-2020\/\" title=\"LireComit\u00e9 organisateur local originale de 2020\">Lire la suite &raquo;<\/a><\/p>\n","protected":false},"author":7,"featured_media":0,"parent":19976,"menu_order":7,"comment_status":"closed","ping_status":"closed","template":"","meta":{"footnotes":""},"class_list":["post-20261","page","type-page","status-publish","hentry"],"_links":{"self":[{"href":"https:\/\/cap.ca\/fr\/wp-json\/wp\/v2\/pages\/20261","targetHints":{"allow":["GET"]}}],"collection":[{"href":"https:\/\/cap.ca\/fr\/wp-json\/wp\/v2\/pages"}],"about":[{"href":"https:\/\/cap.ca\/fr\/wp-json\/wp\/v2\/types\/page"}],"author":[{"embeddable":true,"href":"https:\/\/cap.ca\/fr\/wp-json\/wp\/v2\/users\/7"}],"replies":[{"embeddable":true,"href":"https:\/\/cap.ca\/fr\/wp-json\/wp\/v2\/comments?post=20261"}],"version-history":[{"count":3,"href":"https:\/\/cap.ca\/fr\/wp-json\/wp\/v2\/pages\/20261\/revisions"}],"predecessor-version":[{"id":20265,"href":"https:\/\/cap.ca\/fr\/wp-json\/wp\/v2\/pages\/20261\/revisions\/20265"}],"up":[{"embeddable":true,"href":"https:\/\/cap.ca\/fr\/wp-json\/wp\/v2\/pages\/19976"}],"wp:attachment":[{"href":"https:\/\/cap.ca\/fr\/wp-json\/wp\/v2\/media?parent=20261"}],"curies":[{"name":"wp","href":"https:\/\/api.w.org\/{rel}","templated":true}]}}