{"id":20250,"date":"2022-04-03T16:59:46","date_gmt":"2022-04-03T20:59:46","guid":{"rendered":"https:\/\/cap.ca\/?page_id=20250"},"modified":"2022-04-03T16:59:46","modified_gmt":"2022-04-03T20:59:46","slug":"visa-et-voyages-internationaux","status":"publish","type":"page","link":"https:\/\/cap.ca\/fr\/congres-de-lacp\/congres-anterieurs\/acp2022\/informations-importantes-si-vous-vous-rendez-a-hamilton\/visa-et-voyages-internationaux\/","title":{"rendered":"Visa et voyages internationaux"},"content":{"rendered":"<h2><\/h2>\n<h2><b>Autorisation de s\u00e9jour et visa<\/b><\/h2>\n<p><span style=\"font-weight: 400;\">La plupart des voyageurs internationaux auront besoin d&#8217;un visa de visiteur<\/span><b>ou<\/b><span style=\"font-weight: 400;\">d&#8217;une autorisation de voyage \u00e9lectronique (AVE) pour entrer au Canada, selon<\/span>.<\/p>\n<p><a href=\"http:\/\/www.cic.gc.ca\/english\/visit\/visas.asp\"><span style=\"font-weight: 400;\">Retrouvez <\/span><\/a><span style=\"font-weight: 400;\">tout<\/span><a href=\"http:\/\/www.cic.gc.ca\/english\/visit\/visas.asp\"><span style=\"font-weight: 400;\">ici <\/span><\/a><span style=\"font-weight: 400;\">si vous avez besoin d&#8217;un visa de visiteur ou d&#8217;une AVE<\/span><span style=\"font-weight: 400;\">.<\/span><\/p>\n<p><span style=\"font-weight: 400;\">Vous trouverez plus d&#8217;informations sur un <\/span><b>visa de visiteur<\/b><a href=\"http:\/\/www.cic.gc.ca\/english\/visit\/visas.asp\"><span style=\"font-weight: 400;\">ici<\/span><\/a><span style=\"font-weight: 400;\">. Pour plus d&#8217;informations sur une ETA, veuillez consulter le <\/span><a href=\"https:\/\/www.canada.ca\/en\/immigration-refugees-citizenship\/services\/visit-canada\/eta\/apply.html\"><span style=\"font-weight: 400;\">site web de l&#8217;ETA<\/span><\/a><span style=\"font-weight: 400;\">.<\/span>.<\/p>\n<p>&nbsp;<\/p>\n<h2><b>COVID19 Restrictions de voyage:<\/b><\/h2>\n<p><span style=\"font-weight: 400;\">\u00c0 l&#8217;heure actuelle, pour limiter la propagation du COVID19, des restrictions de voyage sont en place \u00e0 tous les postes frontaliers. Les voyageurs ne peuvent entrer au Canada<\/span> <span style=\"font-weight: 400;\">que s&#8217;ils sont autoris\u00e9s \u00e0 voyager, m\u00eame s&#8217;ils ont d\u00e9j\u00e0 un visa de visiteur valide ou une AVE. Tous les voyageurs doivent utiliser <\/span><a href=\"https:\/\/www.canada.ca\/en\/public-health\/services\/diseases\/coronavirus-disease-covid-19\/arrivecan.html\"><span style=\"font-weight: 400;\">ArriveCAN<\/span><\/a><span style=\"font-weight: 400;\"> pour fournir les renseignements de voyage obligatoires pour leur entr\u00e9e au Canada.<\/span><\/p>\n<p><span style=\"font-weight: 400;\">D\u00e9couvrez <\/span><a href=\"https:\/\/travel.gc.ca\/travel-covid\/travel-restrictions\/wizard-start\"><span style=\"font-weight: 400;\">ici<\/span><\/a><span style=\"font-weight: 400;\"> si<\/span><span style=\"font-weight: 400;\"> vous pouvez entrer au Canada.<\/span><\/p>\n<p><b>Voyageurs enti\u00e8rement vaccin\u00e9s entrant au Canada pendant le COVID19 : <\/b><span style=\"font-weight: 400;\">Retrouvez plus d&#8217;informations concernant les exigences de voyage pour les voyageurs enti\u00e8rement vaccin\u00e9s entrant au Canada <\/span><a href=\"https:\/\/www.canada.ca\/en\/public-health\/services\/publications\/diseases-conditions\/fully-vaccinated-travellers-entering-canada-covid-19.html\"><span style=\"font-weight: 400;\">ici<\/span><\/a><span style=\"font-weight: 400;\">.<\/span><\/p>\n<p><b>Voyageurs non enti\u00e8rement vaccin\u00e9s entrant au Canada pendant le COVID19 : <\/b><span style=\"font-weight: 400;\">Pour conna\u00eetre les exigences et les restrictions applicables aux voyageurs non vaccin\u00e9s entrant au Canada, veuillez consulter cette <\/span><a href=\"https:\/\/www.canada.ca\/en\/public-health\/services\/publications\/diseases-conditions\/unvaccinated-travellers-entering-canada-covid-19.html\"><span style=\"font-weight: 400;\">information sur les voyages<\/span><\/a><span style=\"font-weight: 400;\"> du gouvernement canadien.<\/span><\/p>\n<p><span style=\"font-weight: 400;\">Pour plus d&#8217;informations sur la r\u00e9glementation relative aux voyages en COVID19, veuillez consulter le <\/span><a href=\"https:\/\/travel.gc.ca\/travel-covid\/travel-restrictions\/exemptions\"><span style=\"font-weight: 400;\">site Web sur les voyages en COVID19<\/span><\/a><span style=\"font-weight: 400;\"> du gouvernement canadien.<\/span><\/p>\n<p>&nbsp;<\/p>\n","protected":false},"excerpt":{"rendered":"<p>Autorisation de s\u00e9jour et visa La plupart des voyageurs internationaux auront besoin d&#8217;un visa de visiteuroud&#8217;une autorisation de voyage \u00e9lectronique (AVE) pour entrer au Canada, selon. Retrouvez toutici si vous avez besoin d&#8217;un visa de visiteur ou d&#8217;une AVE. Vous trouverez plus d&#8217;informations sur un visa de visiteurici. Pour plus d&#8217;informations sur une ETA, veuillez&#8230;  <a class=\"excerpt-read-more\" href=\"https:\/\/cap.ca\/fr\/congres-de-lacp\/congres-anterieurs\/acp2022\/informations-importantes-si-vous-vous-rendez-a-hamilton\/visa-et-voyages-internationaux\/\" title=\"LireVisa et voyages internationaux\">Lire la suite &raquo;<\/a><\/p>\n","protected":false},"author":7,"featured_media":0,"parent":20339,"menu_order":70,"comment_status":"closed","ping_status":"closed","template":"","meta":{"footnotes":""},"class_list":["post-20250","page","type-page","status-publish","hentry"],"_links":{"self":[{"href":"https:\/\/cap.ca\/fr\/wp-json\/wp\/v2\/pages\/20250","targetHints":{"allow":["GET"]}}],"collection":[{"href":"https:\/\/cap.ca\/fr\/wp-json\/wp\/v2\/pages"}],"about":[{"href":"https:\/\/cap.ca\/fr\/wp-json\/wp\/v2\/types\/page"}],"author":[{"embeddable":true,"href":"https:\/\/cap.ca\/fr\/wp-json\/wp\/v2\/users\/7"}],"replies":[{"embeddable":true,"href":"https:\/\/cap.ca\/fr\/wp-json\/wp\/v2\/comments?post=20250"}],"version-history":[{"count":2,"href":"https:\/\/cap.ca\/fr\/wp-json\/wp\/v2\/pages\/20250\/revisions"}],"predecessor-version":[{"id":20252,"href":"https:\/\/cap.ca\/fr\/wp-json\/wp\/v2\/pages\/20250\/revisions\/20252"}],"up":[{"embeddable":true,"href":"https:\/\/cap.ca\/fr\/wp-json\/wp\/v2\/pages\/20339"}],"wp:attachment":[{"href":"https:\/\/cap.ca\/fr\/wp-json\/wp\/v2\/media?parent=20250"}],"curies":[{"name":"wp","href":"https:\/\/api.w.org\/{rel}","templated":true}]}}