{"id":20245,"date":"2022-04-03T15:54:45","date_gmt":"2022-04-03T19:54:45","guid":{"rendered":"https:\/\/cap.ca\/?page_id=20245"},"modified":"2022-05-31T08:13:30","modified_gmt":"2022-05-31T12:13:30","slug":"exigences-covid-19-de-luniversite-mcmaster","status":"publish","type":"page","link":"https:\/\/cap.ca\/fr\/congres-de-lacp\/congres-anterieurs\/acp2022\/exigences-covid-19-de-luniversite-mcmaster\/","title":{"rendered":"COVID-19: Mesures et exigences de l&#8217;Universit\u00e9 McMaster"},"content":{"rendered":"<h4><span style=\"color: #000000;\">L&#8217;approche de McMaster face \u00e0 la pand\u00e9mie de COVID \u00e9volue continuellement selon des restrictions sanitaires de la province d&#8217;Ontario. Par cons\u00e9quance, <\/span>l&#8217;Universit\u00e9 McMaster a mis en place certaines mesures et directives. Pour une liste compl\u00e8te des mesures, veuillez visiter le site Web <a href=\"https:\/\/covid19.mcmaster.ca\/campus-health-safety\/\">McMaster Health &amp; Science.<\/a><\/h4>\n<h3><\/h3>\n<h3>A compter du 1er mai 2022, l&#8217;Universit\u00e9 suspendra l&#8217;obligation de vaccination, mais le mandat du masquage a \u00e9t\u00e9 prolong\u00e9 jusqu&#8217;\u00e0 la fin de mois mai 2022.<\/h3>\n<h3><span style=\"color: #000000;\">Pour toutes les mis \u00e0 jour actuelles sur la r\u00e9sponse de COVID 19 de McMaster, veuillez suivre le <a style=\"color: #000000;\" href=\"https:\/\/covid19.mcmaster.ca\/updates\/\">lien<\/a>!<\/span><\/h3>\n<h4><\/h4>\n<h4><strong>Mandat de vaccination \u00e0 McMaster :<\/strong><\/h4>\n<p><strong>Tous les \u00e9tudiants, professeurs et membres du personnel<\/strong> doivent avoir t\u00e9l\u00e9charg\u00e9 la preuve de vaccination compl\u00e8te contre le COVID-19 au MacCheck ou doivent avoir une exemption approuv\u00e9e. <strong>Tous les visteurs<\/strong> doivent \u00eatre enti\u00e8rement vaccin\u00e9s pour \u00eatre dans un lieu de l&#8217;Universit\u00e9 McMaster. L&#8217;application <strong><a href=\"https:\/\/security.mcmaster.ca\/safety-app\/\">McMaster Safety<\/a><\/strong> peut \u00eatre utiliser \u00e0 t\u00e9l\u00e9charg\u00e9 la preuve de vaccination des visiteurs. Pour plus d&#8217;informations sur la<strong><a href=\"https:\/\/covid19.mcmaster.ca\/mcmaster-vaccination-policies-now-available\/\"> politique de vaccination de McMaster<\/a><\/strong>, veuillez visiter le site web.<\/p>\n<p>&nbsp;<\/p>\n<h4><strong>Port du masque:<\/strong><\/h4>\n<p>L&#8217;Universit\u00e9 continue de suivre les exigences actuelles du gouvernement provincial en mati\u00e8re de masquage. Les directives provinciales sur les masquage restent inchang\u00e9es par rapport du trimestre d&#8217;automne. Pour plus d&#8217;informations, veuillez visiter <a href=\"https:\/\/covid19.mcmaster.ca\/campus-health-safety\/#tab-content-masking\">https:\/\/covid19.mcmaster.ca\/campus-health-safety\/#tab-content-masking<\/a>.<\/p>\n<p>&nbsp;<\/p>\n<h4><strong>Distanciation:<\/strong><\/h4>\n<ul class=\"content-list\">\n<li>Les exigence de distanciation physique ne sont plus requise pour les espace d&#8217;enseignement int\u00e9rieurs (par example, salles de classe, laboratoires, biblioth\u00e8ques etc.).<\/li>\n<li>La distanciation physique continue d&#8217;\u00eatre requise dans tous les autres espace int\u00e9rieurs non p\u00e9dagogiques du campus, y compris les bureaux, les salles de sport, les caf\u00e9t\u00e9rias, les couloirs et d&#8217;autre zone.<\/li>\n<\/ul>\n<p>&nbsp;<\/p>\n<p>&nbsp;<\/p>\n","protected":false},"excerpt":{"rendered":"<p>L&#8217;approche de McMaster face \u00e0 la pand\u00e9mie de COVID \u00e9volue continuellement selon des restrictions sanitaires de la province d&#8217;Ontario. Par cons\u00e9quance, l&#8217;Universit\u00e9 McMaster a mis en place certaines mesures et directives. Pour une liste compl\u00e8te des mesures, veuillez visiter le site Web McMaster Health &amp; Science. A compter du 1er mai 2022, l&#8217;Universit\u00e9 suspendra l&#8217;obligation&#8230;  <a class=\"excerpt-read-more\" href=\"https:\/\/cap.ca\/fr\/congres-de-lacp\/congres-anterieurs\/acp2022\/exigences-covid-19-de-luniversite-mcmaster\/\" title=\"LireCOVID-19: Mesures et exigences de l&#8217;Universit\u00e9 McMaster\">Lire la suite &raquo;<\/a><\/p>\n","protected":false},"author":7,"featured_media":0,"parent":18751,"menu_order":54,"comment_status":"closed","ping_status":"closed","template":"","meta":{"footnotes":""},"class_list":["post-20245","page","type-page","status-publish","hentry"],"_links":{"self":[{"href":"https:\/\/cap.ca\/fr\/wp-json\/wp\/v2\/pages\/20245","targetHints":{"allow":["GET"]}}],"collection":[{"href":"https:\/\/cap.ca\/fr\/wp-json\/wp\/v2\/pages"}],"about":[{"href":"https:\/\/cap.ca\/fr\/wp-json\/wp\/v2\/types\/page"}],"author":[{"embeddable":true,"href":"https:\/\/cap.ca\/fr\/wp-json\/wp\/v2\/users\/7"}],"replies":[{"embeddable":true,"href":"https:\/\/cap.ca\/fr\/wp-json\/wp\/v2\/comments?post=20245"}],"version-history":[{"count":6,"href":"https:\/\/cap.ca\/fr\/wp-json\/wp\/v2\/pages\/20245\/revisions"}],"predecessor-version":[{"id":20406,"href":"https:\/\/cap.ca\/fr\/wp-json\/wp\/v2\/pages\/20245\/revisions\/20406"}],"up":[{"embeddable":true,"href":"https:\/\/cap.ca\/fr\/wp-json\/wp\/v2\/pages\/18751"}],"wp:attachment":[{"href":"https:\/\/cap.ca\/fr\/wp-json\/wp\/v2\/media?parent=20245"}],"curies":[{"name":"wp","href":"https:\/\/api.w.org\/{rel}","templated":true}]}}