{"id":20061,"date":"2022-03-16T08:40:12","date_gmt":"2022-03-16T12:40:12","guid":{"rendered":"https:\/\/cap.ca\/?page_id=20061"},"modified":"2022-05-31T10:20:34","modified_gmt":"2022-05-31T14:20:34","slug":"directives-pour-la-publication-des-resumes-gagnants-dans-pac","status":"publish","type":"page","link":"https:\/\/cap.ca\/fr\/congres-de-lacp\/congres-anterieurs\/congres-2023\/meilleure-presentation-detudiant-2023\/directives-pour-la-publication-des-resumes-gagnants-dans-pac\/","title":{"rendered":"Directives pour la publication des r\u00e9sum\u00e9s gagnants dans PaC"},"content":{"rendered":"<p>Il doit s&#8217;agir d&#8217;un article original (pas d&#8217;une r\u00e9impression) et vous devez en \u00eatre le premier auteur. Il convient de noter que l&#8217;objectif n&#8217;est pas un article savant \u00e9crit dans un style appropri\u00e9 pour une revue sp\u00e9cialis\u00e9e, mais plut\u00f4t un article de style magazine adress\u00e9 \u00e0 un large public de physiciens. Il devrait \u00eatre \u00e9crit au niveau d&#8217;un \u00e9tudiant de premier cycle ou d&#8217;un \u00e9tudiant dipl\u00f4m\u00e9 d\u00e9butant en physique, et pourrait \u00eatre un peu plus informel ou &#8220;conversationnel&#8221; qu&#8217;un article de recherche typique. Notez \u00e9galement que, comme pour tout article, vos co-auteurs doivent \u00eatre mis au courant de l&#8217;article. Ainsi, lorsque vous soumettez l&#8217;article, veuillez mettre en copie tous vos co-auteurs afin que nous sachions qu&#8217;ils sont effectivement au courant.<\/p>\n<p>Votre r\u00e9sum\u00e9 d\u00e9taill\u00e9 doit \u00eatre pr\u00e9par\u00e9 selon les directives suivantes :<\/p>\n<ul class=\"content-list\">\n<li>Le manuscrit ne doit pas d\u00e9passer 3 pages de journal. En r\u00e8gle g\u00e9n\u00e9rale, l&#8217;article ne doit pas d\u00e9passer 2300 mots (y compris les r\u00e9f\u00e9rences), moins 300 mots par chiffre inclus dans l&#8217;article.<\/li>\n<li>Le manuscrit doit \u00eatre format\u00e9 pour du papier 8 1\/2\u00d711 (lettre), et doit \u00eatre \u00e0 double interligne.<\/li>\n<li>L&#8217;article doit commencer par le titre (centr\u00e9), les auteurs (y compris l&#8217;affiliation et l&#8217;adresse \u00e9lectronique, \u00e9galement centr\u00e9s) et un &#8220;r\u00e9sum\u00e9&#8221; (r\u00e9sum\u00e9 du contenu) de 25 mots ou moins.<\/li>\n<li>Utilisez le format suivant pour les titres des sections : <strong>SECTION<\/strong> \/ <strong>Sous-section<\/strong> \/ <span style=\"text-decoration: underline;\">SOUS-SUBSECTION<\/span>.<\/li>\n<li>Chaque figure doit \u00eatre plac\u00e9e \u00e0 un endroit appropri\u00e9 et \u00eatre r\u00e9f\u00e9renc\u00e9e dans le texte. Elle doit \u00e9galement comporter une l\u00e9gende d\u00e9crivant clairement son contenu.<\/li>\n<li>Les r\u00e9f\u00e9rences apparaissent sous forme de nombres entre crochets dans le corps du document (par exemple, [1]), et sont ensuite \u00e9num\u00e9r\u00e9es \u00e0 la fin du document par ordre num\u00e9rique (N&#8217;UTILISEZ PAS la fonction de note de fin de document de votre logiciel de traitement de texte), selon les formats suivants :<\/li>\n<\/ul>\n<p><span style=\"text-decoration: underline;\">Articles<\/span> :<\/p>\n<p>A. Einstein, B. Podolsky, et N. Rosen, <em>&#8220;Can quantum-mechanical description of physical reality be considered complete ?<\/em>&#8220;, Phys. Rev. <strong>47<\/strong>, 777-780 (1935).<\/p>\n<p><span style=\"text-decoration: underline;\">Livres<\/span> :<\/p>\n<p>P.A.M. Dirac, &#8220;<em>The principles of quantum mechanics, 4th edition&#8221;<\/em>, Oxford Science Publications, 1982.<\/p>\n<p>Si une r\u00e9f\u00e9rence a plus de trois auteurs, utilisez uniquement le premier auteur, comme dans : A. Einstein, et al., &#8220;Can&#8230;&#8221;.<\/p>\n<h4><\/h4>\n<p><strong>FORMAT DU DOSSIER<\/strong><\/p>\n<p>Deux versions du document doivent \u00eatre soumises par voie \u00e9lectronique : une version word et une version pdf (polices de caract\u00e8res int\u00e9gr\u00e9es). Le format word sera utilis\u00e9 pour la composition ; le pdf permettra de s&#8217;assurer que les symboles math\u00e9matiques sont correctement compos\u00e9s. Les deux versions, ainsi que les fichiers graphiques individuels \u00e0 haute r\u00e9solution (300 dpi) (.jpg, .tif, ou .pdf (polices de caract\u00e8res int\u00e9gr\u00e9es)) pour chaque figure et une photo \u00e0 haute r\u00e9solution (2\u00d72) ou \u00e0 basse r\u00e9solution (3\u00d75 ou plus) de l&#8217;auteur doivent parvenir au bureau de la PAC (<a href=\"mailto:programs@cap.ca\">programs@cap.ca<\/a>) avant le 15 ao\u00fbt.<\/p>\n","protected":false},"excerpt":{"rendered":"<p>Il doit s&#8217;agir d&#8217;un article original (pas d&#8217;une r\u00e9impression) et vous devez en \u00eatre le premier auteur. Il convient de noter que l&#8217;objectif n&#8217;est pas un article savant \u00e9crit dans un style appropri\u00e9 pour une revue sp\u00e9cialis\u00e9e, mais plut\u00f4t un article de style magazine adress\u00e9 \u00e0 un large public de physiciens. Il devrait \u00eatre \u00e9crit&#8230;  <a class=\"excerpt-read-more\" href=\"https:\/\/cap.ca\/fr\/congres-de-lacp\/congres-anterieurs\/congres-2023\/meilleure-presentation-detudiant-2023\/directives-pour-la-publication-des-resumes-gagnants-dans-pac\/\" title=\"LireDirectives pour la publication des r\u00e9sum\u00e9s gagnants dans PaC\">Lire la suite &raquo;<\/a><\/p>\n","protected":false},"author":7,"featured_media":0,"parent":22520,"menu_order":7,"comment_status":"closed","ping_status":"closed","template":"","meta":{"footnotes":""},"class_list":["post-20061","page","type-page","status-publish","hentry"],"_links":{"self":[{"href":"https:\/\/cap.ca\/fr\/wp-json\/wp\/v2\/pages\/20061","targetHints":{"allow":["GET"]}}],"collection":[{"href":"https:\/\/cap.ca\/fr\/wp-json\/wp\/v2\/pages"}],"about":[{"href":"https:\/\/cap.ca\/fr\/wp-json\/wp\/v2\/types\/page"}],"author":[{"embeddable":true,"href":"https:\/\/cap.ca\/fr\/wp-json\/wp\/v2\/users\/7"}],"replies":[{"embeddable":true,"href":"https:\/\/cap.ca\/fr\/wp-json\/wp\/v2\/comments?post=20061"}],"version-history":[{"count":6,"href":"https:\/\/cap.ca\/fr\/wp-json\/wp\/v2\/pages\/20061\/revisions"}],"predecessor-version":[{"id":20931,"href":"https:\/\/cap.ca\/fr\/wp-json\/wp\/v2\/pages\/20061\/revisions\/20931"}],"up":[{"embeddable":true,"href":"https:\/\/cap.ca\/fr\/wp-json\/wp\/v2\/pages\/22520"}],"wp:attachment":[{"href":"https:\/\/cap.ca\/fr\/wp-json\/wp\/v2\/media?parent=20061"}],"curies":[{"name":"wp","href":"https:\/\/api.w.org\/{rel}","templated":true}]}}