{"id":19976,"date":"2022-04-03T18:23:26","date_gmt":"2022-04-03T22:23:26","guid":{"rendered":"https:\/\/cap.ca\/?page_id=19976"},"modified":"2022-04-03T18:31:03","modified_gmt":"2022-04-03T22:31:03","slug":"col","status":"publish","type":"page","link":"https:\/\/cap.ca\/fr\/congres-de-lacp\/congres-anterieurs\/acp2022\/col\/","title":{"rendered":"Comit\u00e9 organisateur local 2022"},"content":{"rendered":"<p>La planification locale 2022 est coordonn\u00e9e par :<\/p>\n<p><strong>Pr\u00e9sident du COL<\/strong> :\u00a0 \u00a0 Maikel Rheinstadter<\/p>\n<p><strong>Soutien administratif<\/strong> :\u00a0 Andrea Rheinstadter<\/p>\n<p>en s&#8217;appuyant sur la planification approfondie qui avait d\u00e9j\u00e0 \u00e9t\u00e9 mise en place par le <strong><a href=\"https:\/\/cap.ca\/fr\/congres-de-lacp\/acp2022\/col\/col-originale-de-2020\/\" target=\"_blank\" rel=\"noopener noreferrer\">comit\u00e9 d&#8217;organisation local de McMaster 2020<\/a><\/strong>, qui planifiait le congr\u00e8s de l&#8217;ACP de cette ann\u00e9e-l\u00e0 avant son annulation en raison du COVID.<\/p>\n<p>D&#8217;autres b\u00e9n\u00e9voles de McMaster seront recrut\u00e9s au besoin pour la planification finale \u00e0 l&#8217;approche du congr\u00e8s.<\/p>\n","protected":false},"excerpt":{"rendered":"<p>La planification locale 2022 est coordonn\u00e9e par : Pr\u00e9sident du COL :\u00a0 \u00a0 Maikel Rheinstadter Soutien administratif :\u00a0 Andrea Rheinstadter en s&#8217;appuyant sur la planification approfondie qui avait d\u00e9j\u00e0 \u00e9t\u00e9 mise en place par le comit\u00e9 d&#8217;organisation local de McMaster 2020, qui planifiait le congr\u00e8s de l&#8217;ACP de cette ann\u00e9e-l\u00e0 avant son annulation en raison&#8230;  <a class=\"excerpt-read-more\" href=\"https:\/\/cap.ca\/fr\/congres-de-lacp\/congres-anterieurs\/acp2022\/col\/\" title=\"LireComit\u00e9 organisateur local 2022\">Lire la suite &raquo;<\/a><\/p>\n","protected":false},"author":7,"featured_media":0,"parent":18751,"menu_order":93,"comment_status":"closed","ping_status":"closed","template":"","meta":{"footnotes":""},"class_list":["post-19976","page","type-page","status-publish","hentry"],"_links":{"self":[{"href":"https:\/\/cap.ca\/fr\/wp-json\/wp\/v2\/pages\/19976","targetHints":{"allow":["GET"]}}],"collection":[{"href":"https:\/\/cap.ca\/fr\/wp-json\/wp\/v2\/pages"}],"about":[{"href":"https:\/\/cap.ca\/fr\/wp-json\/wp\/v2\/types\/page"}],"author":[{"embeddable":true,"href":"https:\/\/cap.ca\/fr\/wp-json\/wp\/v2\/users\/7"}],"replies":[{"embeddable":true,"href":"https:\/\/cap.ca\/fr\/wp-json\/wp\/v2\/comments?post=19976"}],"version-history":[{"count":7,"href":"https:\/\/cap.ca\/fr\/wp-json\/wp\/v2\/pages\/19976\/revisions"}],"predecessor-version":[{"id":20271,"href":"https:\/\/cap.ca\/fr\/wp-json\/wp\/v2\/pages\/19976\/revisions\/20271"}],"up":[{"embeddable":true,"href":"https:\/\/cap.ca\/fr\/wp-json\/wp\/v2\/pages\/18751"}],"wp:attachment":[{"href":"https:\/\/cap.ca\/fr\/wp-json\/wp\/v2\/media?parent=19976"}],"curies":[{"name":"wp","href":"https:\/\/api.w.org\/{rel}","templated":true}]}}