{"id":19902,"date":"2022-03-10T23:12:32","date_gmt":"2022-03-11T04:12:32","guid":{"rendered":"https:\/\/cap.ca\/?page_id=19902"},"modified":"2022-05-31T08:18:00","modified_gmt":"2022-05-31T12:18:00","slug":"commandites-kiosques-2022","status":"publish","type":"page","link":"https:\/\/cap.ca\/fr\/congres-de-lacp\/congres-anterieurs\/acp2022\/commandites-kiosques-2022\/","title":{"rendered":"Opportunit\u00e9s de commandites \/ kiosques 2022"},"content":{"rendered":"<div class=\"wpb-content-wrapper\"><p>[vc_row][vc_column][vc_column_text]L\u2019Association canadienne des physiciens et physiciennes et l&#8217;Universit\u00e9 McMaster vous invite \u00e0 \u00eatre un commanditaire\u00a0 ou \u00e0 y \u00eatre un exposant de son congr\u00e8s annuel 2022. Il y a une gamme d&#8217;opportunit\u00e9s, de niveaux de commandite, d&#8217;activit\u00e9s et d&#8217;avantages disponible qui vous permettre de pr\u00e9senter votre organisation lors de l&#8217;\u00e9v\u00e9nement.<\/p>\n<p>Le Congr\u00e8s de l\u2019ACP attire de 500 \u00e0 1000 physiciens, \u00e9tudiants et professeurs de physique de tout le Canada. Voil\u00e0 une excellente occasion de vous aboucher avec les leaders de la profession et de conna\u00eetre les nouveaut\u00e9s sur les plans de recherche et de pratiques. Les kiosques d&#8217;exposition seront disponibles de 8h00 le mardi 7 juin \u00e0 16h00 le mercredi 8 juin.<\/p>\n<p>Tous les commanditaires et exposants seront reconnus sur le site Web du Congr\u00e8s de l\u2019ACP (avec des liens vers leur site Web et\/ou un ensemble de marques) et par une publicit\u00e9 appropri\u00e9e au Congr\u00e8s. Ils seront \u00e9galement reconnus lors de la lecture publique Herzberg pr\u00e9vue le lundi 6 juin de 19h30 \u00e0 20h30 EDT.<\/p>\n<p><a href=\"https:\/\/cap.ca\/wp-content\/uploads\/2022\/03\/2022-Congress-Exhibitor-Layout.jpg\" target=\"_blank\" rel=\"https:\/\/cap.ca\/wp-content\/uploads\/2022\/03\/2022-Congress-Exhibitor-Layout.jpg noopener noreferrer\"><img loading=\"lazy\" decoding=\"async\" class=\"alignleft wp-image-20122 size-thumbnail\" src=\"https:\/\/cap.ca\/wp-content\/uploads\/2022\/03\/2022-Congress-Exhibitor-Layout-150x150.jpg\" alt=\"\" width=\"150\" height=\"150\" srcset=\"https:\/\/cap.ca\/wp-content\/uploads\/2022\/03\/2022-Congress-Exhibitor-Layout-150x150.jpg 150w, https:\/\/cap.ca\/wp-content\/uploads\/2022\/03\/2022-Congress-Exhibitor-Layout-125x125.jpg 125w\" sizes=\"auto, (max-width: 150px) 100vw, 150px\" \/><\/a>Les commanditaires et les exposants doivent r\u00e9server au plus tard le 29 avril pour garantir la disponibilit\u00e9 de l&#8217;ensemble du mat\u00e9riel\/des activit\u00e9s promotionnels.<\/p>\n<p><a href=\"https:\/\/cap.ca\/wp-content\/uploads\/2022\/03\/2022-CAP-Congress-Sponsorship-Exhibit-Package_Ready-for-Distribution_FRENCH.pdf\" target=\"_blank\" rel=\"noopener noreferrer\"><strong><em>Voyez les possibilit\u00e9s exaltantes de commandites et d&#8217;exposition et veuillez remplir le formulaire d&#8217;inscription ci-dessous.\u00a0 &#8211; <\/em><\/strong><\/a>(s&#8217;ouvre dans une fen\u00eatre s\u00e9par\u00e9e, en anglais seulement &#8211; le fran\u00e7ais sera affich\u00e9 sous peu)<\/p>\n<p>[\/vc_column_text][\/vc_column][\/vc_row]<\/p>\n<\/div>","protected":false},"excerpt":{"rendered":"<p>[vc_row][vc_column][vc_column_text]L\u2019Association canadienne des physiciens et physiciennes et l&#8217;Universit\u00e9 McMaster vous invite \u00e0 \u00eatre un commanditaire\u00a0 ou \u00e0 y \u00eatre un exposant de son congr\u00e8s annuel 2022. Il y a une gamme d&#8217;opportunit\u00e9s, de niveaux de commandite, d&#8217;activit\u00e9s et d&#8217;avantages disponible qui vous permettre de pr\u00e9senter votre organisation lors de l&#8217;\u00e9v\u00e9nement. Le Congr\u00e8s de l\u2019ACP attire&#8230;  <a class=\"excerpt-read-more\" href=\"https:\/\/cap.ca\/fr\/congres-de-lacp\/congres-anterieurs\/acp2022\/commandites-kiosques-2022\/\" title=\"LireOpportunit\u00e9s de commandites \/ kiosques 2022\">Lire la suite &raquo;<\/a><\/p>\n","protected":false},"author":5,"featured_media":0,"parent":18751,"menu_order":90,"comment_status":"closed","ping_status":"closed","template":"","meta":{"footnotes":""},"class_list":["post-19902","page","type-page","status-publish","hentry"],"_links":{"self":[{"href":"https:\/\/cap.ca\/fr\/wp-json\/wp\/v2\/pages\/19902","targetHints":{"allow":["GET"]}}],"collection":[{"href":"https:\/\/cap.ca\/fr\/wp-json\/wp\/v2\/pages"}],"about":[{"href":"https:\/\/cap.ca\/fr\/wp-json\/wp\/v2\/types\/page"}],"author":[{"embeddable":true,"href":"https:\/\/cap.ca\/fr\/wp-json\/wp\/v2\/users\/5"}],"replies":[{"embeddable":true,"href":"https:\/\/cap.ca\/fr\/wp-json\/wp\/v2\/comments?post=19902"}],"version-history":[{"count":14,"href":"https:\/\/cap.ca\/fr\/wp-json\/wp\/v2\/pages\/19902\/revisions"}],"predecessor-version":[{"id":20136,"href":"https:\/\/cap.ca\/fr\/wp-json\/wp\/v2\/pages\/19902\/revisions\/20136"}],"up":[{"embeddable":true,"href":"https:\/\/cap.ca\/fr\/wp-json\/wp\/v2\/pages\/18751"}],"wp:attachment":[{"href":"https:\/\/cap.ca\/fr\/wp-json\/wp\/v2\/media?parent=19902"}],"curies":[{"name":"wp","href":"https:\/\/api.w.org\/{rel}","templated":true}]}}