{"id":19897,"date":"2022-03-31T12:51:00","date_gmt":"2022-03-31T16:51:00","guid":{"rendered":"https:\/\/cap.ca\/?page_id=19897"},"modified":"2022-04-06T16:35:30","modified_gmt":"2022-04-06T20:35:30","slug":"quoi-faire","status":"publish","type":"page","link":"https:\/\/cap.ca\/fr\/congres-de-lacp\/congres-anterieurs\/acp2022\/informations-importantes-si-vous-vous-rendez-a-hamilton\/quoi-faire\/","title":{"rendered":"Quoi faire \u00e0 Hamilton"},"content":{"rendered":"<h1><span style=\"font-size: 14pt;\">Ch\u00e2teau de Dundurn &#8211; 610 York Boulevard, Hamilton<\/span><\/h1>\n<p>Un site historique national. Faites l&#8217;exp\u00e9rience d&#8217;une visite guid\u00e9e de cette villa de 40 pi\u00e8ces de style italien construite dans les ann\u00e9es 1830 sur Burlington Heights ; l&#8217;ancien site d&#8217;un campement militaire fortifi\u00e9 \u00e9tabli par les Britanniques en 1813.<br \/>\n<a href=\"https:\/\/www.hamilton.ca\/attractions\/hamilton-civic-museums\/dundurn-national-historic-site\"><strong><span style=\"font-size: 10pt;\">Visiter le site web<\/span><\/strong><\/a>.<\/p>\n<h1><span style=\"font-size: 14pt;\">Jardins botaniques royaux &#8211; 680 Plains Road W, Burlington<\/span><span style=\"font-size: 14pt;\">.<br \/>\n<\/span><\/h1>\n<p>Explorez de magnifiques jardins et sentiers dans le plus grand jardin botanique du Canada. Les Jardins botaniques royaux pr\u00e9sentent cinq zones de jardins aux visiteurs : le parc Hendrie, le Centre RBG (qui comprend le jardin m\u00e9diterran\u00e9en, le seul conservatoire des JBR), l&#8217;Arboretum, le jardin Laking et le <a title=\"David Braley\" href=\"https:\/\/en.wikipedia.org\/wiki\/David_Braley\">David Braley<\/a> et Nancy Gordon Rock Garden. Les principales zones naturelles comprennent des sentiers dans la vall\u00e9e du ruisseau Grindstone inf\u00e9rieur, Rock Chapel, les rives nord et sud de Cootes Paradise et Princess Point. Ces derni\u00e8res sont accessibles directement depuis McMaster.<\/p>\n<p>NOTE : C&#8217;est l&#8217;endroit o\u00f9 se tiendra le banquet du Congr\u00e8s du mercredi soir.<br \/>\n<a href=\"https:\/\/www.rbg.ca\/\"><strong><span style=\"font-size: 10pt;\">Visiter le site web<\/span><\/strong><\/a>.<\/p>\n<h1><span style=\"font-size: 14pt;\">Galerie d&#8217;art de Hamilton &#8211; 123 King Street W, Hamilton<\/span><\/h1>\n<p>La galerie d&#8217;art de Hamilton est la plus ancienne et la plus grande galerie publique de la r\u00e9gion. Cherchez le b\u00e2timent embl\u00e9matique recouvert d&#8217;or, avec son enseigne AGH, qui s&#8217;avance sur King Street West, au c\u0153ur du centre-ville, \u00e0 quelques pas des h\u00f4tels. Avec plus de 10 000 pi\u00e8ces, l&#8217;AGH poss\u00e8de \u00e9galement l&#8217;une des collections permanentes les plus impressionnantes du Canada, comprenant de nombreuses pi\u00e8ces contemporaines, canadiennes et internationales de renom.<br \/>\n<strong><span style=\"font-size: 10pt;\"><a href=\"https:\/\/www.artgalleryofhamilton.com\/\">Visiter le site Web<\/a><\/span><\/strong><\/p>\n<h1><span style=\"font-size: 14pt;\">Mus\u00e9e d&#8217;art McMaster, 1280 Main Street W, Hamilton<\/span><\/h1>\n<p><span style=\"font-size: 14pt;\"><span style=\"font-size: 12pt;\"><img loading=\"lazy\" decoding=\"async\" class=\"alignright\" src=\"https:\/\/museum.mcmaster.ca\/wp-content\/uploads\/2012\/08\/15-scaled.jpg\" alt=\"McMaster's Collection in Reviews - McMaster Museum of Art\" width=\"239\" height=\"159\" \/><span style=\"font-size: 12pt;\">Le McMaster Museum of Art, de renomm\u00e9e internationale, abrite la collection permanente d&#8217;art de l&#8217;universit\u00e9, de la fin du XVe au XXIe si\u00e8cle, ainsi que des pi\u00e8ces de monnaie et des antiquit\u00e9s provenant des cultures m\u00e9diterran\u00e9ennes et de Chine. Profitez du mus\u00e9e de mani\u00e8re ind\u00e9pendante ou via une visite guid\u00e9e gratuite pour tous les \u00e2ges, avec des activit\u00e9s \u00e9ducatives pratiques personnalis\u00e9es en fonction de vos int\u00e9r\u00eats.<br \/>\n<\/span><span style=\"font-size: 10pt;\"><strong><a href=\"https:\/\/museum.mcmaster.ca\/\">Visiter le site web<\/a><\/strong><\/span><\/span><\/span><\/p>\n<h1><span style=\"font-size: 14pt;\">Cootes Paradise<br \/>\n<\/span><\/h1>\n<div class=\"wpb_text_column wpb_content_element\">\n<div class=\"wpb_wrapper\">\n<p>Cr\u00e9\u00e9 en 1927 pour son importance en tant que halte pour les oiseaux migrateurs, Cootes Paradise est le sanctuaire le plus grand et le plus diversifi\u00e9 de RBG avec plus de 600 hectares. Les sentiers naturels de RBG menant \u00e0 Cootes Paradise commencent directement \u00e0 McMaster (acc\u00e8s aux sentiers&#8217; sur les c\u00f4t\u00e9s nord de Brandon Hall et Les Prince Hall).<br \/>\n<a href=\"https:\/\/www.rbg.ca\/gardens-trails\/by-attraction\/trails\/trail-maps\/cootes-paradise-trails\/\"><strong><span style=\"font-size: 10pt;\">Visiter le site Web<\/span><\/strong><\/a>.<\/p>\n<\/div>\n<\/div>\n<h1 class=\"page-header\"><span style=\"font-size: 14pt;\">Lieu historique national du NCSM Haida &#8211; Quai 9, 658 Catharine St N, Hamilton<\/span><\/h1>\n<p>La fi\u00e8re histoire du service naval canadien en temps de guerre est pr\u00e9sent\u00e9e de fa\u00e7on vivante \u00e0 bord du l\u00e9gendaire NCSM Haida, un destroyer de classe Tribal qui a servi pendant la Seconde Guerre mondiale, le conflit cor\u00e9en et la guerre froide. S&#8217;\u00e9tant distingu\u00e9 dans plusieurs batailles historiques, le navire le plus c\u00e9l\u00e8bre de la Marine royale canadienne repose maintenant fi\u00e8rement \u00e0 Hamilton. Explorez ses ponts historiques et imaginez-vous dans la peau d&#8217;un membre d&#8217;\u00e9quipage du destroyer surnomm\u00e9 &#8220;le navire le plus combattant du Canada&#8221;.<br \/>\n<a href=\"https:\/\/www.pc.gc.ca\/en\/lhn-nhs\/on\/haida\"><strong><span style=\"font-size: 10pt;\">Visiter le site web<\/span><\/strong><\/a>.<\/p>\n<h1><span style=\"font-size: 14pt;\">Bayfront Park &#8211; 200 Harbour Front Drive, Hamilton<\/span><\/h1>\n<p>Le parc Bayfront est situ\u00e9 au pied de Harbourfront Drive, pr\u00e8s du centre-ville de Hamilton. Profitez de son sentier asphalt\u00e9 pour faire du patin \u00e0 roues align\u00e9es, du v\u00e9lo, de la marche et\/ou du jogging, ou admirez la zone portuaire environnante.<br \/>\n<a href=\"https:\/\/tourismhamilton.com\/partner\/bayfront-park\"><strong><span style=\"font-size: 10pt;\">Visiter le site Web<\/span><\/strong><\/a>.<\/p>\n<p>&nbsp;<\/p>\n","protected":false},"excerpt":{"rendered":"<p>Ch\u00e2teau de Dundurn &#8211; 610 York Boulevard, Hamilton Un site historique national. Faites l&#8217;exp\u00e9rience d&#8217;une visite guid\u00e9e de cette villa de 40 pi\u00e8ces de style italien construite dans les ann\u00e9es 1830 sur Burlington Heights ; l&#8217;ancien site d&#8217;un campement militaire fortifi\u00e9 \u00e9tabli par les Britanniques en 1813. Visiter le site web. Jardins botaniques royaux &#8211;&#8230;  <a class=\"excerpt-read-more\" href=\"https:\/\/cap.ca\/fr\/congres-de-lacp\/congres-anterieurs\/acp2022\/informations-importantes-si-vous-vous-rendez-a-hamilton\/quoi-faire\/\" title=\"LireQuoi faire \u00e0 Hamilton\">Lire la suite &raquo;<\/a><\/p>\n","protected":false},"author":7,"featured_media":0,"parent":20339,"menu_order":70,"comment_status":"closed","ping_status":"closed","template":"","meta":{"footnotes":""},"class_list":["post-19897","page","type-page","status-publish","hentry"],"_links":{"self":[{"href":"https:\/\/cap.ca\/fr\/wp-json\/wp\/v2\/pages\/19897","targetHints":{"allow":["GET"]}}],"collection":[{"href":"https:\/\/cap.ca\/fr\/wp-json\/wp\/v2\/pages"}],"about":[{"href":"https:\/\/cap.ca\/fr\/wp-json\/wp\/v2\/types\/page"}],"author":[{"embeddable":true,"href":"https:\/\/cap.ca\/fr\/wp-json\/wp\/v2\/users\/7"}],"replies":[{"embeddable":true,"href":"https:\/\/cap.ca\/fr\/wp-json\/wp\/v2\/comments?post=19897"}],"version-history":[{"count":3,"href":"https:\/\/cap.ca\/fr\/wp-json\/wp\/v2\/pages\/19897\/revisions"}],"predecessor-version":[{"id":20256,"href":"https:\/\/cap.ca\/fr\/wp-json\/wp\/v2\/pages\/19897\/revisions\/20256"}],"up":[{"embeddable":true,"href":"https:\/\/cap.ca\/fr\/wp-json\/wp\/v2\/pages\/20339"}],"wp:attachment":[{"href":"https:\/\/cap.ca\/fr\/wp-json\/wp\/v2\/media?parent=19897"}],"curies":[{"name":"wp","href":"https:\/\/api.w.org\/{rel}","templated":true}]}}