{"id":19881,"date":"2022-04-03T17:32:14","date_gmt":"2022-04-03T21:32:14","guid":{"rendered":"https:\/\/cap.ca\/?page_id=19881"},"modified":"2022-04-29T14:26:03","modified_gmt":"2022-04-29T18:26:03","slug":"ou-manger","status":"publish","type":"page","link":"https:\/\/cap.ca\/fr\/congres-de-lacp\/congres-anterieurs\/acp2022\/informations-importantes-si-vous-vous-rendez-a-hamilton\/ou-manger\/","title":{"rendered":"O\u00f9 manger au campus de McMaster et des alentours"},"content":{"rendered":"<header>\n<h1 class=\"page-title\">O\u00f9 manger au campus de McMaster et des alentours<\/h1>\n<\/header>\n<section class=\"entry-content cf\">\n<h2>D\u00e9couvrez ces lieux sur le campus qui seront ouverts et pr\u00eats \u00e0 vous servir pendant les mois d\u2019\u00e9t\u00e9:<\/h2>\n<p><strong>Tim Hortons<\/strong>\u00a0au Centre d\u2019\u00e9tudiants \u2013 ouvert Lundi \u2013 Vendredi, 7.30 am \u2013 4 pm<\/p>\n<p><strong>La Piazza<\/strong>\u00a0\u2013 au Centre d\u2019\u00e9tudiants \u2013 ouvert Lundi \u2013 Vendredi, 8.30 \u2013 5 pm<\/p>\n<p><strong>The Phoenix<\/strong>\u00a0\u2013 ouvert Lundi \u2013 Vendredi, 11.30 am \u2013 10\/11 pm<\/p>\n<p><strong>IAHS Caf\u00e9<\/strong>\u00a0\u00e0 l\u2019Institute des Sciences Apliqu\u00e9es \u2013 ouvert Lundi \u2013 Vendredi, 8 am \u2013 3 pm<\/p>\n<p>&nbsp;<\/p>\n<p>En plus des services de restauration \u00e0 McMaster, il existe des nombreuses options pour manger hors campus.<\/p>\n<h2>Les plus proche (5 \u2013 15 min \u00e0 pied)<\/h2>\n<p>Il y a des nombreuses options \u00e0 Main Street en face du campus et du m\u00eame c\u00f4t\u00e9 en direction ouest du campus.<\/p>\n<ul class=\"content-list\">\n<li>Starbucks \u2013 1341 Main St W \u2013 Caf\u00e9 \u2013 $$<\/li>\n<li>Quik Chik \u2013 1331 Main St W \u2013 Poulet Frit \u2013 $<\/li>\n<li>Pinks \u2013 1335 Main St W \u2013 Hamburgers \u2013 $<\/li>\n<li>Williams Fresh Caf\u00e9 \u2013 1309 Main St W \u2013 Caf\u00e9 \u2013 $$<\/li>\n<li>Starbucks \u2013 1341 Main St W \u2013 Coffee shop \u2013 $$<\/li>\n<li>Maple Leaf Pancake House \u2013 1520 Main St W \u2013 Recommend\u00e9 pour le petit-d\u00e9jeuner pendant toute la journ\u00e9e\u00a0 \u2013 $<\/li>\n<li>Tally Ho Restaurant \u2013 1536 Main St W \u2013 Sandwichs au rosbif \u2013 $<\/li>\n<li>Beijing Hut \u2013 1467 Main St W \u2013 Cuisine Chinoise \u2013 $<\/li>\n<li>Dough Box \u2013 1457 Main St W \u2013 Pizza et P\u00e2te \u2013 $<\/li>\n<li>Maccheroni Cucina Alfresco \u2013 1560 Main St W \u2013 Cuisine Italienne \u2013 $$<\/li>\n<li>Tahini\u2019s \u2013 1554 Main St W \u2013 Cuisine M\u00e9diterran\u00e9e \u2013 $$<\/li>\n<\/ul>\n<h2><\/h2>\n<h2>Westdale Village (10-15 min \u00e0 pied)<\/h2>\n<p><a href=\"https:\/\/westdalevillage.ca\/\">Westdale Village<\/a>\u00a0 avec ses boutiques uniques et ses restaurants stellaires, ses caf\u00e9s et ses restaurants \u00e0 emporter est le centre du quartier historique de Westdale, juste \u00e0 l\u2019est du campus.<\/p>\n<ul class=\"content-list\">\n<li>Pita Pit \u2013 1056 King St W \u2013 Pitas \u2013 $<\/li>\n<li>The Express \u2013 1034 King St W \u2013 Restaurant Italien \u2013 $$<\/li>\n<li>Saigon \u2013 1024 King St W \u2013 Restaurant Asiatique \u2013 $<\/li>\n<li>Paisley\u00a0 \u2013 1020 king St W \u2013 Caf\u00e9 et Restaurant \u2013 $$<\/li>\n<li>The Burnt Tongue \u2013 1019 King St W \u2013 Soupe, Salades, Sandwichs \u2013 $<\/li>\n<li>The Bean Bar \u2013 1012 King St W \u2013 Bar and Restaurant \u2013 $$<\/li>\n<li>Nannaa \u2013 1010 King St W \u2013 Restaurant Persan \u2013 $$<\/li>\n<li>Mikael Coffee \u2013 1008 King St W \u2013 Caf\u00e9 \u2013 $<\/li>\n<li>Dragon Court Restaurant \u2013 988 King St W \u2013 Restaurant Chinois \u2013 $$<\/li>\n<li>Snooty Fox \u2013 1011 King St W \u2013 Cuisine de Pub \u2013 $$<\/li>\n<li>Valentino\u2019s Restaurant \u2013 824 King St W \u2013 Restaurant Italien- $$<\/li>\n<\/ul>\n<h2><\/h2>\n<h2>Plus loin, mais \u00e7a vaut la peine :<\/h2>\n<h3>Downtown Hamilton<\/h3>\n<p>Si \u00e7a vous ne d\u00e9rangerait pas d\u2019aller un peut plus loin pour le d\u00eener, on a plusieurs proposition pour vous. Veuillez remarquer que les autobus pour aller au centre-ville s\u2019arr\u00eatent au Main Street en face de l\u2019entr\u00e9e principal du campus ou directment au campus \u00e0 c\u00f4t\u00e9 du b\u00e2timent Life Sciences.<\/p>\n<ul class=\"content-list\">\n<li>Brux House Craft Beer &amp; Kitchen \u2013 137 Locke St S \u2013 Pub gastronomique avec cuisine inspir\u00e9e de l\u2019Europe \u2013 $$<\/li>\n<li>Earth to Table: Bread Bar \u2013 258 Locke St S \u2013 $$<\/li>\n<li>La Luna \u2013 306 King St W \u2013 Cuisine Libanaise \u2013 $$<\/li>\n<li>Shehnai Restaurant \u2013 447 Main St W \u2013 Cuisine Indienne \u2013 $$<\/li>\n<li>Berkeley North \u2013 31 King William St \u2013 Restaurant Cosmopolite \u2013 $$<\/li>\n<li>The Diplomat \u2013 43 King William St \u2013 Cuisine Mondial \u2013 $$$<\/li>\n<li>The Squire \u2013 875 Main St W \u2013 Pub \u2013 $$<\/li>\n<li>Aberdeen Tavern \u2013 432 Aberdeen Ave \u2013 Restaurant haut de gamme \u2013 $$$<\/li>\n<li>The French \u2013 37 King William St \u2013 Bistro Fran\u00e7ais \u2013 $$$<\/li>\n<\/ul>\n<h3>Dundas<\/h3>\n<p>Dundas est \u00e0 une courte distance en voiture ou en bus.<\/p>\n<ul class=\"content-list\">\n<li>Thirsty Cactus \u2013 2 King St E \u2013\u00a0 Cuisine Mexicaine \u2013 $$<\/li>\n<li>Bangkok Spoon \u2013 57 King St W \u2013 Cuisine Thailandaise \u2013 $$<\/li>\n<li>India Village \u2013 100 King St W \u2013 Cuisine Indienne \u2013 $$<\/li>\n<li>Quatrefoil \u2013 16 Sydenham St \u2013 Cuisine Fran\u00e7aise haute de gamme \u2013 $$$$<\/li>\n<\/ul>\n<\/section>\n","protected":false},"excerpt":{"rendered":"<p>O\u00f9 manger au campus de McMaster et des alentours D\u00e9couvrez ces lieux sur le campus qui seront ouverts et pr\u00eats \u00e0 vous servir pendant les mois d\u2019\u00e9t\u00e9: Tim Hortons\u00a0au Centre d\u2019\u00e9tudiants \u2013 ouvert Lundi \u2013 Vendredi, 7.30 am \u2013 4 pm La Piazza\u00a0\u2013 au Centre d\u2019\u00e9tudiants \u2013 ouvert Lundi \u2013 Vendredi, 8.30 \u2013 5 pm&#8230;  <a class=\"excerpt-read-more\" href=\"https:\/\/cap.ca\/fr\/congres-de-lacp\/congres-anterieurs\/acp2022\/informations-importantes-si-vous-vous-rendez-a-hamilton\/ou-manger\/\" title=\"LireO\u00f9 manger au campus de McMaster et des alentours\">Lire la suite &raquo;<\/a><\/p>\n","protected":false},"author":7,"featured_media":0,"parent":20339,"menu_order":68,"comment_status":"closed","ping_status":"closed","template":"","meta":{"footnotes":""},"class_list":["post-19881","page","type-page","status-publish","hentry"],"_links":{"self":[{"href":"https:\/\/cap.ca\/fr\/wp-json\/wp\/v2\/pages\/19881","targetHints":{"allow":["GET"]}}],"collection":[{"href":"https:\/\/cap.ca\/fr\/wp-json\/wp\/v2\/pages"}],"about":[{"href":"https:\/\/cap.ca\/fr\/wp-json\/wp\/v2\/types\/page"}],"author":[{"embeddable":true,"href":"https:\/\/cap.ca\/fr\/wp-json\/wp\/v2\/users\/7"}],"replies":[{"embeddable":true,"href":"https:\/\/cap.ca\/fr\/wp-json\/wp\/v2\/comments?post=19881"}],"version-history":[{"count":8,"href":"https:\/\/cap.ca\/fr\/wp-json\/wp\/v2\/pages\/19881\/revisions"}],"predecessor-version":[{"id":20605,"href":"https:\/\/cap.ca\/fr\/wp-json\/wp\/v2\/pages\/19881\/revisions\/20605"}],"up":[{"embeddable":true,"href":"https:\/\/cap.ca\/fr\/wp-json\/wp\/v2\/pages\/20339"}],"wp:attachment":[{"href":"https:\/\/cap.ca\/fr\/wp-json\/wp\/v2\/media?parent=19881"}],"curies":[{"name":"wp","href":"https:\/\/api.w.org\/{rel}","templated":true}]}}